{"id":8938,"date":"2021-08-30T13:24:29","date_gmt":"2021-08-30T11:24:29","guid":{"rendered":"https:\/\/www.raffinessen.ch\/webseite\/?post_type=product&#038;p=8938"},"modified":"2024-07-08T14:57:44","modified_gmt":"2024-07-08T12:57:44","slug":"baerner-pfaeffer-nachfuellbeutel","status":"publish","type":"product","link":"https:\/\/www.raffinessen.ch\/fr\/produit\/baerner-pfaeffer-nachfuellbeutel\/","title":{"rendered":"Sachet de recharge B\u00e4rner Pf\u00e4ffer"},"content":{"rendered":"<p><strong>Laisse fondre Berne sur ta langue.<\/strong><br \/>\nDie Region Malabar an der indischen Westk\u00fcste gilt als Ursprungsort der Pfefferpflanze. Die Fr\u00fcchte sind sehr aromatisch und \u00fcberzeugen mit einer tiefen Sch\u00e4rfe. F\u00fcr die B\u00e4rner Mischung vereinen wir den schwarzen Pfeffer mit rosa Pfeffer und Ringelblumen \u2013 frisch gemahlen ist die raffinierte Komposition universell verwendbar und malt die Berner Wappenfarben auf Deinen Teller.<\/p>\n<p><strong>Les pf\u00e4ffers d'ours<\/strong><br \/>\nZutaten: Schwarzer Malabar Pfeffer, rosa Pfeffer, Ringelblumen<\/p>\n<p><strong>Contenu<\/strong><\/p>\n<ul>\n<li>1x sachet de recharge B\u00e4rner Pf\u00e4ffer (350 g)<\/li>\n<\/ul>","protected":false},"excerpt":{"rendered":"<p>Lass Dir Bern auf der Zunge zergehen. Die Region Malabar an der indischen Westk\u00fcste gilt als Ursprungsort der Pfefferpflanze. Die Fr\u00fcchte sind sehr aromatisch und \u00fcberzeugen mit einer tiefen Sch\u00e4rfe. F\u00fcr die B\u00e4rner Mischung vereinen wir den schwarzen Pfeffer mit rosa Pfeffer und Ringelblumen \u2013 frisch gemahlen ist die raffinierte Komposition universell verwendbar und malt [&hellip;]<\/p>\n","protected":false},"featured_media":8933,"template":"","meta":[],"product_brand":[],"product_cat":[1156],"product_tag":[],"class_list":{"0":"post-8938","1":"product","2":"type-product","3":"status-publish","4":"has-post-thumbnail","6":"product_cat-grosse-nachfuellbeutel","7":"tm-no-options","9":"first","10":"instock","11":"taxable","12":"shipping-taxable","13":"purchasable","14":"product-type-simple"},"yoast_head":"<!-- This site is optimized with the Yoast SEO plugin v27.5 - https:\/\/yoast.com\/product\/yoast-seo-wordpress\/ -->\n<title>B\u00e4rner Pf\u00e4ffer Nachf\u00fcllbeutel - Raffinessen<\/title>\n<meta name=\"robots\" content=\"index, follow, max-snippet:-1, max-image-preview:large, max-video-preview:-1\" \/>\n<link rel=\"canonical\" href=\"https:\/\/www.raffinessen.ch\/fr\/produit\/baerner-pfaeffer-nachfuellbeutel\/\" \/>\n<meta property=\"og:locale\" content=\"fr_FR\" \/>\n<meta property=\"og:type\" content=\"article\" \/>\n<meta property=\"og:title\" content=\"B\u00e4rner Pf\u00e4ffer Nachf\u00fcllbeutel - Raffinessen\" \/>\n<meta property=\"og:description\" content=\"Lass Dir Bern auf der Zunge zergehen. Die Region Malabar an der indischen Westk\u00fcste gilt als Ursprungsort der Pfefferpflanze. Die Fr\u00fcchte sind sehr aromatisch und \u00fcberzeugen mit einer tiefen Sch\u00e4rfe. F\u00fcr die B\u00e4rner Mischung vereinen wir den schwarzen Pfeffer mit rosa Pfeffer und Ringelblumen \u2013 frisch gemahlen ist die raffinierte Komposition universell verwendbar und malt [&hellip;]\" \/>\n<meta property=\"og:url\" content=\"https:\/\/www.raffinessen.ch\/fr\/produit\/baerner-pfaeffer-nachfuellbeutel\/\" \/>\n<meta property=\"og:site_name\" content=\"Raffinessen\" \/>\n<meta property=\"article:modified_time\" content=\"2024-07-08T12:57:44+00:00\" \/>\n<meta property=\"og:image\" content=\"https:\/\/www.raffinessen.ch\/webseite\/wp-content\/uploads\/2021\/08\/raffinessen-baerner-pfaeffer.jpg\" \/>\n\t<meta property=\"og:image:width\" content=\"2000\" \/>\n\t<meta property=\"og:image:height\" content=\"2000\" \/>\n\t<meta property=\"og:image:type\" content=\"image\/jpeg\" \/>\n<meta name=\"twitter:card\" content=\"summary_large_image\" \/>\n<meta name=\"twitter:label1\" content=\"Dur\u00e9e de lecture estim\u00e9e\" \/>\n\t<meta name=\"twitter:data1\" content=\"2 minutes\" \/>\n<script type=\"application\/ld+json\" class=\"yoast-schema-graph\">{\"@context\":\"https:\\\/\\\/schema.org\",\"@graph\":[{\"@type\":\"WebPage\",\"@id\":\"https:\\\/\\\/www.raffinessen.ch\\\/produkt\\\/baerner-pfaeffer-nachfuellbeutel\\\/\",\"url\":\"https:\\\/\\\/www.raffinessen.ch\\\/produkt\\\/baerner-pfaeffer-nachfuellbeutel\\\/\",\"name\":\"B\u00e4rner Pf\u00e4ffer Nachf\u00fcllbeutel - Raffinessen\",\"isPartOf\":{\"@id\":\"https:\\\/\\\/www.raffinessen.ch\\\/#website\"},\"primaryImageOfPage\":{\"@id\":\"https:\\\/\\\/www.raffinessen.ch\\\/produkt\\\/baerner-pfaeffer-nachfuellbeutel\\\/#primaryimage\"},\"image\":{\"@id\":\"https:\\\/\\\/www.raffinessen.ch\\\/produkt\\\/baerner-pfaeffer-nachfuellbeutel\\\/#primaryimage\"},\"thumbnailUrl\":\"https:\\\/\\\/www.raffinessen.ch\\\/webseite\\\/wp-content\\\/uploads\\\/2021\\\/08\\\/raffinessen-baerner-pfaeffer.jpg\",\"datePublished\":\"2021-08-30T11:24:29+00:00\",\"dateModified\":\"2024-07-08T12:57:44+00:00\",\"breadcrumb\":{\"@id\":\"https:\\\/\\\/www.raffinessen.ch\\\/produkt\\\/baerner-pfaeffer-nachfuellbeutel\\\/#breadcrumb\"},\"inLanguage\":\"fr-FR\",\"potentialAction\":[{\"@type\":\"ReadAction\",\"target\":[\"https:\\\/\\\/www.raffinessen.ch\\\/produkt\\\/baerner-pfaeffer-nachfuellbeutel\\\/\"]}]},{\"@type\":\"ImageObject\",\"inLanguage\":\"fr-FR\",\"@id\":\"https:\\\/\\\/www.raffinessen.ch\\\/produkt\\\/baerner-pfaeffer-nachfuellbeutel\\\/#primaryimage\",\"url\":\"https:\\\/\\\/www.raffinessen.ch\\\/webseite\\\/wp-content\\\/uploads\\\/2021\\\/08\\\/raffinessen-baerner-pfaeffer.jpg\",\"contentUrl\":\"https:\\\/\\\/www.raffinessen.ch\\\/webseite\\\/wp-content\\\/uploads\\\/2021\\\/08\\\/raffinessen-baerner-pfaeffer.jpg\",\"width\":2000,\"height\":2000},{\"@type\":\"BreadcrumbList\",\"@id\":\"https:\\\/\\\/www.raffinessen.ch\\\/produkt\\\/baerner-pfaeffer-nachfuellbeutel\\\/#breadcrumb\",\"itemListElement\":[{\"@type\":\"ListItem\",\"position\":1,\"name\":\"Home\",\"item\":\"https:\\\/\\\/www.raffinessen.ch\\\/\"},{\"@type\":\"ListItem\",\"position\":2,\"name\":\"Shop\",\"item\":\"https:\\\/\\\/www.raffinessen.ch\\\/shop\\\/\"},{\"@type\":\"ListItem\",\"position\":3,\"name\":\"B\u00e4rner Pf\u00e4ffer Nachf\u00fcllbeutel\"}]},{\"@type\":\"WebSite\",\"@id\":\"https:\\\/\\\/www.raffinessen.ch\\\/#website\",\"url\":\"https:\\\/\\\/www.raffinessen.ch\\\/\",\"name\":\"Raffinessen\",\"description\":\"roter und schwarzer Kampot Pfeffer - Gew\u00fcrze\",\"potentialAction\":[{\"@type\":\"SearchAction\",\"target\":{\"@type\":\"EntryPoint\",\"urlTemplate\":\"https:\\\/\\\/www.raffinessen.ch\\\/?s={search_term_string}\"},\"query-input\":{\"@type\":\"PropertyValueSpecification\",\"valueRequired\":true,\"valueName\":\"search_term_string\"}}],\"inLanguage\":\"fr-FR\"}]}<\/script>\n<!-- \/ Yoast SEO plugin. -->","yoast_head_json":{"title":"B\u00e4rner Pf\u00e4ffer Nachf\u00fcllbeutel - Raffinessen","robots":{"index":"index","follow":"follow","max-snippet":"max-snippet:-1","max-image-preview":"max-image-preview:large","max-video-preview":"max-video-preview:-1"},"canonical":"https:\/\/www.raffinessen.ch\/fr\/produit\/baerner-pfaeffer-nachfuellbeutel\/","og_locale":"fr_FR","og_type":"article","og_title":"B\u00e4rner Pf\u00e4ffer Nachf\u00fcllbeutel - Raffinessen","og_description":"Lass Dir Bern auf der Zunge zergehen. Die Region Malabar an der indischen Westk\u00fcste gilt als Ursprungsort der Pfefferpflanze. Die Fr\u00fcchte sind sehr aromatisch und \u00fcberzeugen mit einer tiefen Sch\u00e4rfe. F\u00fcr die B\u00e4rner Mischung vereinen wir den schwarzen Pfeffer mit rosa Pfeffer und Ringelblumen \u2013 frisch gemahlen ist die raffinierte Komposition universell verwendbar und malt [&hellip;]","og_url":"https:\/\/www.raffinessen.ch\/fr\/produit\/baerner-pfaeffer-nachfuellbeutel\/","og_site_name":"Raffinessen","article_modified_time":"2024-07-08T12:57:44+00:00","og_image":[{"width":2000,"height":2000,"url":"https:\/\/www.raffinessen.ch\/webseite\/wp-content\/uploads\/2021\/08\/raffinessen-baerner-pfaeffer.jpg","type":"image\/jpeg"}],"twitter_card":"summary_large_image","twitter_misc":{"Dur\u00e9e de lecture estim\u00e9e":"2 minutes"},"schema":{"@context":"https:\/\/schema.org","@graph":[{"@type":"WebPage","@id":"https:\/\/www.raffinessen.ch\/produkt\/baerner-pfaeffer-nachfuellbeutel\/","url":"https:\/\/www.raffinessen.ch\/produkt\/baerner-pfaeffer-nachfuellbeutel\/","name":"B\u00e4rner Pf\u00e4ffer Nachf\u00fcllbeutel - Raffinessen","isPartOf":{"@id":"https:\/\/www.raffinessen.ch\/#website"},"primaryImageOfPage":{"@id":"https:\/\/www.raffinessen.ch\/produkt\/baerner-pfaeffer-nachfuellbeutel\/#primaryimage"},"image":{"@id":"https:\/\/www.raffinessen.ch\/produkt\/baerner-pfaeffer-nachfuellbeutel\/#primaryimage"},"thumbnailUrl":"https:\/\/www.raffinessen.ch\/webseite\/wp-content\/uploads\/2021\/08\/raffinessen-baerner-pfaeffer.jpg","datePublished":"2021-08-30T11:24:29+00:00","dateModified":"2024-07-08T12:57:44+00:00","breadcrumb":{"@id":"https:\/\/www.raffinessen.ch\/produkt\/baerner-pfaeffer-nachfuellbeutel\/#breadcrumb"},"inLanguage":"fr-FR","potentialAction":[{"@type":"ReadAction","target":["https:\/\/www.raffinessen.ch\/produkt\/baerner-pfaeffer-nachfuellbeutel\/"]}]},{"@type":"ImageObject","inLanguage":"fr-FR","@id":"https:\/\/www.raffinessen.ch\/produkt\/baerner-pfaeffer-nachfuellbeutel\/#primaryimage","url":"https:\/\/www.raffinessen.ch\/webseite\/wp-content\/uploads\/2021\/08\/raffinessen-baerner-pfaeffer.jpg","contentUrl":"https:\/\/www.raffinessen.ch\/webseite\/wp-content\/uploads\/2021\/08\/raffinessen-baerner-pfaeffer.jpg","width":2000,"height":2000},{"@type":"BreadcrumbList","@id":"https:\/\/www.raffinessen.ch\/produkt\/baerner-pfaeffer-nachfuellbeutel\/#breadcrumb","itemListElement":[{"@type":"ListItem","position":1,"name":"Home","item":"https:\/\/www.raffinessen.ch\/"},{"@type":"ListItem","position":2,"name":"Shop","item":"https:\/\/www.raffinessen.ch\/shop\/"},{"@type":"ListItem","position":3,"name":"B\u00e4rner Pf\u00e4ffer Nachf\u00fcllbeutel"}]},{"@type":"WebSite","@id":"https:\/\/www.raffinessen.ch\/#website","url":"https:\/\/www.raffinessen.ch\/","name":"Raffinements","description":"poivre de Kampot rouge et noir - \u00e9pices","potentialAction":[{"@type":"SearchAction","target":{"@type":"EntryPoint","urlTemplate":"https:\/\/www.raffinessen.ch\/?s={search_term_string}"},"query-input":{"@type":"PropertyValueSpecification","valueRequired":true,"valueName":"search_term_string"}}],"inLanguage":"fr-FR"}]}},"_links":{"self":[{"href":"https:\/\/www.raffinessen.ch\/fr\/wp-json\/wp\/v2\/product\/8938","targetHints":{"allow":["GET"]}}],"collection":[{"href":"https:\/\/www.raffinessen.ch\/fr\/wp-json\/wp\/v2\/product"}],"about":[{"href":"https:\/\/www.raffinessen.ch\/fr\/wp-json\/wp\/v2\/types\/product"}],"wp:featuredmedia":[{"embeddable":true,"href":"https:\/\/www.raffinessen.ch\/fr\/wp-json\/wp\/v2\/media\/8933"}],"wp:attachment":[{"href":"https:\/\/www.raffinessen.ch\/fr\/wp-json\/wp\/v2\/media?parent=8938"}],"wp:term":[{"taxonomy":"product_brand","embeddable":true,"href":"https:\/\/www.raffinessen.ch\/fr\/wp-json\/wp\/v2\/product_brand?post=8938"},{"taxonomy":"product_cat","embeddable":true,"href":"https:\/\/www.raffinessen.ch\/fr\/wp-json\/wp\/v2\/product_cat?post=8938"},{"taxonomy":"product_tag","embeddable":true,"href":"https:\/\/www.raffinessen.ch\/fr\/wp-json\/wp\/v2\/product_tag?post=8938"}],"curies":[{"name":"wp","href":"https:\/\/api.w.org\/{rel}","templated":true}]}}