{"id":8931,"date":"2021-08-30T13:10:49","date_gmt":"2021-08-30T11:10:49","guid":{"rendered":"https:\/\/www.raffinessen.ch\/webseite\/?post_type=product&#038;p=8931"},"modified":"2022-10-20T21:13:15","modified_gmt":"2022-10-20T19:13:15","slug":"baerner-sauz-nachfuellbeutel","status":"publish","type":"product","link":"https:\/\/www.raffinessen.ch\/fr\/produit\/baerner-sauz-nachfuellbeutel\/","title":{"rendered":"Sachet de recharge B\u00e4rner Sauz"},"content":{"rendered":"<p><strong>Laisse fondre Berne sur ta langue.<br \/>\n<\/strong>Des flocons de sel marin noirs en forme de pyramide combin\u00e9s \u00e0 des fleurs jaunes de calendula, des baies roses et un piment doux peignent les couleurs des armoiries bernoises sur l'assiette.<\/p>\n<p>Le sel d\u00e9coratif pour les doigts attire le regard. Il peut \u00eatre utilis\u00e9 de mani\u00e8re universelle et s\u00e9duit par son agr\u00e9able piquant ainsi que par ses notes florales et fruit\u00e9es.<\/p>\n<p><strong>Sauce d'ours<\/strong><br \/>\nIngr\u00e9dients : sel noir de pyramide, piment, poivre rose, calendula<\/p>\n<p><strong>Contenu<\/strong><\/p>\n<ul>\n<li>1x Sachet de recharge B\u00e4rner Sauz (300 g)<\/li>\n<\/ul>","protected":false},"excerpt":{"rendered":"<p>Lass Dir Bern auf der Zunge zergehen. Schwarzen, pyramidenf\u00f6rmigen Meersalzflocken kombiniert mit den gelben Bl\u00fcten der Ringelblume, rosa Beeren und einem milden Chili malen die Berner Wappenfarben auf den Teller. Das dekorative Fingersalz ist ein Blickfang. Es ist universell verwendbar und \u00fcberzeugt mit angenehmer Sch\u00e4rfe sowie blumig, fruchtigen Noten. B\u00e4rner Sauz Zutaten: Schwarzes Pyramidensalz, Chili, [&hellip;]<\/p>\n","protected":false},"featured_media":8935,"template":"","meta":[],"product_brand":[],"product_cat":[1156],"product_tag":[],"class_list":{"0":"post-8931","1":"product","2":"type-product","3":"status-publish","4":"has-post-thumbnail","6":"product_cat-grosse-nachfuellbeutel","7":"tm-no-options","9":"first","10":"instock","11":"taxable","12":"shipping-taxable","13":"purchasable","14":"product-type-simple"},"yoast_head":"<!-- This site is optimized with the Yoast SEO plugin v27.5 - https:\/\/yoast.com\/product\/yoast-seo-wordpress\/ -->\n<title>B\u00e4rner Sauz Nachf\u00fcllbeutel - Raffinessen<\/title>\n<meta name=\"robots\" content=\"index, follow, max-snippet:-1, max-image-preview:large, max-video-preview:-1\" \/>\n<link rel=\"canonical\" href=\"https:\/\/www.raffinessen.ch\/fr\/produit\/baerner-sauz-nachfuellbeutel\/\" \/>\n<meta property=\"og:locale\" content=\"fr_FR\" \/>\n<meta property=\"og:type\" content=\"article\" \/>\n<meta property=\"og:title\" content=\"B\u00e4rner Sauz Nachf\u00fcllbeutel - Raffinessen\" \/>\n<meta property=\"og:description\" content=\"Lass Dir Bern auf der Zunge zergehen. Schwarzen, pyramidenf\u00f6rmigen Meersalzflocken kombiniert mit den gelben Bl\u00fcten der Ringelblume, rosa Beeren und einem milden Chili malen die Berner Wappenfarben auf den Teller. Das dekorative Fingersalz ist ein Blickfang. Es ist universell verwendbar und \u00fcberzeugt mit angenehmer Sch\u00e4rfe sowie blumig, fruchtigen Noten. B\u00e4rner Sauz Zutaten: Schwarzes Pyramidensalz, Chili, [&hellip;]\" \/>\n<meta property=\"og:url\" content=\"https:\/\/www.raffinessen.ch\/fr\/produit\/baerner-sauz-nachfuellbeutel\/\" \/>\n<meta property=\"og:site_name\" content=\"Raffinessen\" \/>\n<meta property=\"article:modified_time\" content=\"2022-10-20T19:13:15+00:00\" \/>\n<meta property=\"og:image\" content=\"https:\/\/www.raffinessen.ch\/webseite\/wp-content\/uploads\/2021\/08\/raffinessen-baerner-sauz.jpg\" \/>\n\t<meta property=\"og:image:width\" content=\"2000\" \/>\n\t<meta property=\"og:image:height\" content=\"2000\" \/>\n\t<meta property=\"og:image:type\" content=\"image\/jpeg\" \/>\n<meta name=\"twitter:card\" content=\"summary_large_image\" \/>\n<meta name=\"twitter:label1\" content=\"Dur\u00e9e de lecture estim\u00e9e\" \/>\n\t<meta name=\"twitter:data1\" content=\"1 minute\" \/>\n<script type=\"application\/ld+json\" class=\"yoast-schema-graph\">{\"@context\":\"https:\\\/\\\/schema.org\",\"@graph\":[{\"@type\":\"WebPage\",\"@id\":\"https:\\\/\\\/www.raffinessen.ch\\\/produkt\\\/baerner-sauz-nachfuellbeutel\\\/\",\"url\":\"https:\\\/\\\/www.raffinessen.ch\\\/produkt\\\/baerner-sauz-nachfuellbeutel\\\/\",\"name\":\"B\u00e4rner Sauz Nachf\u00fcllbeutel - Raffinessen\",\"isPartOf\":{\"@id\":\"https:\\\/\\\/www.raffinessen.ch\\\/#website\"},\"primaryImageOfPage\":{\"@id\":\"https:\\\/\\\/www.raffinessen.ch\\\/produkt\\\/baerner-sauz-nachfuellbeutel\\\/#primaryimage\"},\"image\":{\"@id\":\"https:\\\/\\\/www.raffinessen.ch\\\/produkt\\\/baerner-sauz-nachfuellbeutel\\\/#primaryimage\"},\"thumbnailUrl\":\"https:\\\/\\\/www.raffinessen.ch\\\/webseite\\\/wp-content\\\/uploads\\\/2021\\\/08\\\/raffinessen-baerner-sauz.jpg\",\"datePublished\":\"2021-08-30T11:10:49+00:00\",\"dateModified\":\"2022-10-20T19:13:15+00:00\",\"breadcrumb\":{\"@id\":\"https:\\\/\\\/www.raffinessen.ch\\\/produkt\\\/baerner-sauz-nachfuellbeutel\\\/#breadcrumb\"},\"inLanguage\":\"fr-FR\",\"potentialAction\":[{\"@type\":\"ReadAction\",\"target\":[\"https:\\\/\\\/www.raffinessen.ch\\\/produkt\\\/baerner-sauz-nachfuellbeutel\\\/\"]}]},{\"@type\":\"ImageObject\",\"inLanguage\":\"fr-FR\",\"@id\":\"https:\\\/\\\/www.raffinessen.ch\\\/produkt\\\/baerner-sauz-nachfuellbeutel\\\/#primaryimage\",\"url\":\"https:\\\/\\\/www.raffinessen.ch\\\/webseite\\\/wp-content\\\/uploads\\\/2021\\\/08\\\/raffinessen-baerner-sauz.jpg\",\"contentUrl\":\"https:\\\/\\\/www.raffinessen.ch\\\/webseite\\\/wp-content\\\/uploads\\\/2021\\\/08\\\/raffinessen-baerner-sauz.jpg\",\"width\":2000,\"height\":2000},{\"@type\":\"BreadcrumbList\",\"@id\":\"https:\\\/\\\/www.raffinessen.ch\\\/produkt\\\/baerner-sauz-nachfuellbeutel\\\/#breadcrumb\",\"itemListElement\":[{\"@type\":\"ListItem\",\"position\":1,\"name\":\"Home\",\"item\":\"https:\\\/\\\/www.raffinessen.ch\\\/\"},{\"@type\":\"ListItem\",\"position\":2,\"name\":\"Shop\",\"item\":\"https:\\\/\\\/www.raffinessen.ch\\\/shop\\\/\"},{\"@type\":\"ListItem\",\"position\":3,\"name\":\"B\u00e4rner Sauz Nachf\u00fcllbeutel\"}]},{\"@type\":\"WebSite\",\"@id\":\"https:\\\/\\\/www.raffinessen.ch\\\/#website\",\"url\":\"https:\\\/\\\/www.raffinessen.ch\\\/\",\"name\":\"Raffinessen\",\"description\":\"roter und schwarzer Kampot Pfeffer - Gew\u00fcrze\",\"potentialAction\":[{\"@type\":\"SearchAction\",\"target\":{\"@type\":\"EntryPoint\",\"urlTemplate\":\"https:\\\/\\\/www.raffinessen.ch\\\/?s={search_term_string}\"},\"query-input\":{\"@type\":\"PropertyValueSpecification\",\"valueRequired\":true,\"valueName\":\"search_term_string\"}}],\"inLanguage\":\"fr-FR\"}]}<\/script>\n<!-- \/ Yoast SEO plugin. -->","yoast_head_json":{"title":"B\u00e4rner Sauz Nachf\u00fcllbeutel - Raffinessen","robots":{"index":"index","follow":"follow","max-snippet":"max-snippet:-1","max-image-preview":"max-image-preview:large","max-video-preview":"max-video-preview:-1"},"canonical":"https:\/\/www.raffinessen.ch\/fr\/produit\/baerner-sauz-nachfuellbeutel\/","og_locale":"fr_FR","og_type":"article","og_title":"B\u00e4rner Sauz Nachf\u00fcllbeutel - Raffinessen","og_description":"Lass Dir Bern auf der Zunge zergehen. Schwarzen, pyramidenf\u00f6rmigen Meersalzflocken kombiniert mit den gelben Bl\u00fcten der Ringelblume, rosa Beeren und einem milden Chili malen die Berner Wappenfarben auf den Teller. Das dekorative Fingersalz ist ein Blickfang. Es ist universell verwendbar und \u00fcberzeugt mit angenehmer Sch\u00e4rfe sowie blumig, fruchtigen Noten. B\u00e4rner Sauz Zutaten: Schwarzes Pyramidensalz, Chili, [&hellip;]","og_url":"https:\/\/www.raffinessen.ch\/fr\/produit\/baerner-sauz-nachfuellbeutel\/","og_site_name":"Raffinessen","article_modified_time":"2022-10-20T19:13:15+00:00","og_image":[{"width":2000,"height":2000,"url":"https:\/\/www.raffinessen.ch\/webseite\/wp-content\/uploads\/2021\/08\/raffinessen-baerner-sauz.jpg","type":"image\/jpeg"}],"twitter_card":"summary_large_image","twitter_misc":{"Dur\u00e9e de lecture estim\u00e9e":"1 minute"},"schema":{"@context":"https:\/\/schema.org","@graph":[{"@type":"WebPage","@id":"https:\/\/www.raffinessen.ch\/produkt\/baerner-sauz-nachfuellbeutel\/","url":"https:\/\/www.raffinessen.ch\/produkt\/baerner-sauz-nachfuellbeutel\/","name":"B\u00e4rner Sauz Nachf\u00fcllbeutel - Raffinessen","isPartOf":{"@id":"https:\/\/www.raffinessen.ch\/#website"},"primaryImageOfPage":{"@id":"https:\/\/www.raffinessen.ch\/produkt\/baerner-sauz-nachfuellbeutel\/#primaryimage"},"image":{"@id":"https:\/\/www.raffinessen.ch\/produkt\/baerner-sauz-nachfuellbeutel\/#primaryimage"},"thumbnailUrl":"https:\/\/www.raffinessen.ch\/webseite\/wp-content\/uploads\/2021\/08\/raffinessen-baerner-sauz.jpg","datePublished":"2021-08-30T11:10:49+00:00","dateModified":"2022-10-20T19:13:15+00:00","breadcrumb":{"@id":"https:\/\/www.raffinessen.ch\/produkt\/baerner-sauz-nachfuellbeutel\/#breadcrumb"},"inLanguage":"fr-FR","potentialAction":[{"@type":"ReadAction","target":["https:\/\/www.raffinessen.ch\/produkt\/baerner-sauz-nachfuellbeutel\/"]}]},{"@type":"ImageObject","inLanguage":"fr-FR","@id":"https:\/\/www.raffinessen.ch\/produkt\/baerner-sauz-nachfuellbeutel\/#primaryimage","url":"https:\/\/www.raffinessen.ch\/webseite\/wp-content\/uploads\/2021\/08\/raffinessen-baerner-sauz.jpg","contentUrl":"https:\/\/www.raffinessen.ch\/webseite\/wp-content\/uploads\/2021\/08\/raffinessen-baerner-sauz.jpg","width":2000,"height":2000},{"@type":"BreadcrumbList","@id":"https:\/\/www.raffinessen.ch\/produkt\/baerner-sauz-nachfuellbeutel\/#breadcrumb","itemListElement":[{"@type":"ListItem","position":1,"name":"Home","item":"https:\/\/www.raffinessen.ch\/"},{"@type":"ListItem","position":2,"name":"Shop","item":"https:\/\/www.raffinessen.ch\/shop\/"},{"@type":"ListItem","position":3,"name":"B\u00e4rner Sauz Nachf\u00fcllbeutel"}]},{"@type":"WebSite","@id":"https:\/\/www.raffinessen.ch\/#website","url":"https:\/\/www.raffinessen.ch\/","name":"Raffinements","description":"poivre de Kampot rouge et noir - \u00e9pices","potentialAction":[{"@type":"SearchAction","target":{"@type":"EntryPoint","urlTemplate":"https:\/\/www.raffinessen.ch\/?s={search_term_string}"},"query-input":{"@type":"PropertyValueSpecification","valueRequired":true,"valueName":"search_term_string"}}],"inLanguage":"fr-FR"}]}},"_links":{"self":[{"href":"https:\/\/www.raffinessen.ch\/fr\/wp-json\/wp\/v2\/product\/8931","targetHints":{"allow":["GET"]}}],"collection":[{"href":"https:\/\/www.raffinessen.ch\/fr\/wp-json\/wp\/v2\/product"}],"about":[{"href":"https:\/\/www.raffinessen.ch\/fr\/wp-json\/wp\/v2\/types\/product"}],"wp:featuredmedia":[{"embeddable":true,"href":"https:\/\/www.raffinessen.ch\/fr\/wp-json\/wp\/v2\/media\/8935"}],"wp:attachment":[{"href":"https:\/\/www.raffinessen.ch\/fr\/wp-json\/wp\/v2\/media?parent=8931"}],"wp:term":[{"taxonomy":"product_brand","embeddable":true,"href":"https:\/\/www.raffinessen.ch\/fr\/wp-json\/wp\/v2\/product_brand?post=8931"},{"taxonomy":"product_cat","embeddable":true,"href":"https:\/\/www.raffinessen.ch\/fr\/wp-json\/wp\/v2\/product_cat?post=8931"},{"taxonomy":"product_tag","embeddable":true,"href":"https:\/\/www.raffinessen.ch\/fr\/wp-json\/wp\/v2\/product_tag?post=8931"}],"curies":[{"name":"wp","href":"https:\/\/api.w.org\/{rel}","templated":true}]}}