{"id":8559,"date":"2021-06-04T12:51:11","date_gmt":"2021-06-04T10:51:11","guid":{"rendered":"https:\/\/www.raffinessen.ch\/webseite\/?post_type=product&#038;p=8559"},"modified":"2026-01-08T17:48:12","modified_gmt":"2026-01-08T16:48:12","slug":"set-kraeuterbutter-dip-und-salatsauce","status":"publish","type":"product","link":"https:\/\/www.raffinessen.ch\/fr\/produit\/set-kraeuterbutter-dip-und-salatsauce\/","title":{"rendered":"SET - Beurre aux herbes, dip et sauce \u00e0 salade"},"content":{"rendered":"<p><strong>Contenu<\/strong><\/p>\n<ul>\n<li>Sachet protecteur d'ar\u00f4mes papier kraft avec <a href=\"https:\/\/www.raffinessen.ch\/fr\/webseite\/produit\/villarosa\/\">VILLAROSA<\/a> (70 g)<\/li>\n<li>Sachet protecteur d'ar\u00f4mes papier kraft avec <a href=\"https:\/\/www.raffinessen.ch\/fr\/webseite\/produit\/asakusa\/\">ASAKUSA<\/a> (60 g)<\/li>\n<li>Moulin r\u00e9utilisable KYO avec broyeur c\u00e9ramique avec <a href=\"https:\/\/www.raffinessen.ch\/fr\/webseite\/produit\/catania\/\">CATANIA<\/a>\u00a0(37 g)<\/li>\n<li>Moulin r\u00e9utilisable KYO avec broyeur c\u00e9ramique avec <a href=\"https:\/\/www.raffinessen.ch\/fr\/webseite\/webshop\/#gewuerzbeutel\">POIVRE NOIR DE KAMPOT<\/a> (Ernte 2025) (47 g)<\/li>\n<li>Recettes de beurre aux herbes, pain \u00e0 l'ail, baked potato avec sauce aux herbes, sauce \u00e0 salade japonaise<\/li>\n<\/ul>\n<p><strong>Moulin \u00e0 \u00e9pices KYO avec broyeur en c\u00e9ramique<\/strong><br \/>\nFormat : \u00f8 45 mm, hauteur 140 mm, contenu 100 ml<\/p>\n<p>Gr\u00e2ce \u00e0 la c\u00e9ramique de haute qualit\u00e9, le moulin peut \u00eatre utilis\u00e9 de mani\u00e8re durable. Il moud non seulement le sel et le poivre, mais aussi le piment et de nombreuses autres \u00e9pices et herbes aromatiques.<\/p>","protected":false},"excerpt":{"rendered":"<p>Inhalt Aromaschutzbeutel Kraftpapier mit VILLAROSA (70 g) Aromaschutzbeutel Kraftpapier mit ASAKUSA (60 g) Mehrwegm\u00fchle KYO mit Keramikmahlwerk mit CATANIA\u00a0(37 g) Mehrwegm\u00fchle KYO mit Keramikmahlwerk mit SCHWARZEM KAMPOT PFEFFER (Ernte 2025) (47 g) Rezepte f\u00fcr Kr\u00e4uterbutter, Knoblauchbrot, Baked Potato mit Kr\u00e4utersauce, japanische Salatsauce Gew\u00fcrzm\u00fchle KYO mit Keramikmahlwerk Format: \u00f8 45 mm, H\u00f6he 140 mm, Inhalt 100 [&hellip;]<\/p>\n","protected":false},"featured_media":8560,"template":"","meta":[],"product_brand":[],"product_cat":[1182,42],"product_tag":[],"class_list":{"0":"post-8559","1":"product","2":"type-product","3":"status-publish","4":"has-post-thumbnail","6":"product_cat-bis-chf-30","7":"product_cat-geschenksets","8":"tm-no-options","10":"first","11":"instock","12":"taxable","13":"shipping-taxable","14":"purchasable","15":"product-type-simple"},"yoast_head":"<!-- This site is optimized with the Yoast SEO plugin v27.5 - https:\/\/yoast.com\/product\/yoast-seo-wordpress\/ -->\n<title>SET - Kr\u00e4uterbutter, Dip und Salatsauce - Raffinessen<\/title>\n<meta name=\"robots\" content=\"index, follow, max-snippet:-1, max-image-preview:large, max-video-preview:-1\" \/>\n<link rel=\"canonical\" href=\"https:\/\/www.raffinessen.ch\/fr\/produit\/set-kraeuterbutter-dip-und-salatsauce\/\" \/>\n<meta property=\"og:locale\" content=\"fr_FR\" \/>\n<meta property=\"og:type\" content=\"article\" \/>\n<meta property=\"og:title\" content=\"SET - Kr\u00e4uterbutter, Dip und Salatsauce - Raffinessen\" \/>\n<meta property=\"og:description\" content=\"Inhalt Aromaschutzbeutel Kraftpapier mit VILLAROSA (70 g) Aromaschutzbeutel Kraftpapier mit ASAKUSA (60 g) Mehrwegm\u00fchle KYO mit Keramikmahlwerk mit CATANIA\u00a0(37 g) Mehrwegm\u00fchle KYO mit Keramikmahlwerk mit SCHWARZEM KAMPOT PFEFFER (Ernte 2025) (47 g) Rezepte f\u00fcr Kr\u00e4uterbutter, Knoblauchbrot, Baked Potato mit Kr\u00e4utersauce, japanische Salatsauce Gew\u00fcrzm\u00fchle KYO mit Keramikmahlwerk Format: \u00f8 45 mm, H\u00f6he 140 mm, Inhalt 100 [&hellip;]\" \/>\n<meta property=\"og:url\" content=\"https:\/\/www.raffinessen.ch\/fr\/produit\/set-kraeuterbutter-dip-und-salatsauce\/\" \/>\n<meta property=\"og:site_name\" content=\"Raffinessen\" \/>\n<meta property=\"article:modified_time\" content=\"2026-01-08T16:48:12+00:00\" \/>\n<meta property=\"og:image\" content=\"https:\/\/www.raffinessen.ch\/webseite\/wp-content\/uploads\/2021\/06\/SET-Kraeuterbutter-Dip-und-Salatsauce.jpg\" \/>\n\t<meta property=\"og:image:width\" content=\"1500\" \/>\n\t<meta property=\"og:image:height\" content=\"1500\" \/>\n\t<meta property=\"og:image:type\" content=\"image\/jpeg\" \/>\n<meta name=\"twitter:card\" content=\"summary_large_image\" \/>\n<meta name=\"twitter:label1\" content=\"Dur\u00e9e de lecture estim\u00e9e\" \/>\n\t<meta name=\"twitter:data1\" content=\"2 minutes\" \/>\n<script type=\"application\/ld+json\" class=\"yoast-schema-graph\">{\"@context\":\"https:\\\/\\\/schema.org\",\"@graph\":[{\"@type\":\"WebPage\",\"@id\":\"https:\\\/\\\/www.raffinessen.ch\\\/produkt\\\/set-kraeuterbutter-dip-und-salatsauce\\\/\",\"url\":\"https:\\\/\\\/www.raffinessen.ch\\\/produkt\\\/set-kraeuterbutter-dip-und-salatsauce\\\/\",\"name\":\"SET - Kr\u00e4uterbutter, Dip und Salatsauce - Raffinessen\",\"isPartOf\":{\"@id\":\"https:\\\/\\\/www.raffinessen.ch\\\/#website\"},\"primaryImageOfPage\":{\"@id\":\"https:\\\/\\\/www.raffinessen.ch\\\/produkt\\\/set-kraeuterbutter-dip-und-salatsauce\\\/#primaryimage\"},\"image\":{\"@id\":\"https:\\\/\\\/www.raffinessen.ch\\\/produkt\\\/set-kraeuterbutter-dip-und-salatsauce\\\/#primaryimage\"},\"thumbnailUrl\":\"https:\\\/\\\/www.raffinessen.ch\\\/webseite\\\/wp-content\\\/uploads\\\/2021\\\/06\\\/SET-Kraeuterbutter-Dip-und-Salatsauce.jpg\",\"datePublished\":\"2021-06-04T10:51:11+00:00\",\"dateModified\":\"2026-01-08T16:48:12+00:00\",\"breadcrumb\":{\"@id\":\"https:\\\/\\\/www.raffinessen.ch\\\/produkt\\\/set-kraeuterbutter-dip-und-salatsauce\\\/#breadcrumb\"},\"inLanguage\":\"fr-FR\",\"potentialAction\":[{\"@type\":\"ReadAction\",\"target\":[\"https:\\\/\\\/www.raffinessen.ch\\\/produkt\\\/set-kraeuterbutter-dip-und-salatsauce\\\/\"]}]},{\"@type\":\"ImageObject\",\"inLanguage\":\"fr-FR\",\"@id\":\"https:\\\/\\\/www.raffinessen.ch\\\/produkt\\\/set-kraeuterbutter-dip-und-salatsauce\\\/#primaryimage\",\"url\":\"https:\\\/\\\/www.raffinessen.ch\\\/webseite\\\/wp-content\\\/uploads\\\/2021\\\/06\\\/SET-Kraeuterbutter-Dip-und-Salatsauce.jpg\",\"contentUrl\":\"https:\\\/\\\/www.raffinessen.ch\\\/webseite\\\/wp-content\\\/uploads\\\/2021\\\/06\\\/SET-Kraeuterbutter-Dip-und-Salatsauce.jpg\",\"width\":1500,\"height\":1500},{\"@type\":\"BreadcrumbList\",\"@id\":\"https:\\\/\\\/www.raffinessen.ch\\\/produkt\\\/set-kraeuterbutter-dip-und-salatsauce\\\/#breadcrumb\",\"itemListElement\":[{\"@type\":\"ListItem\",\"position\":1,\"name\":\"Home\",\"item\":\"https:\\\/\\\/www.raffinessen.ch\\\/\"},{\"@type\":\"ListItem\",\"position\":2,\"name\":\"Shop\",\"item\":\"https:\\\/\\\/www.raffinessen.ch\\\/shop\\\/\"},{\"@type\":\"ListItem\",\"position\":3,\"name\":\"SET &#8211; Kr\u00e4uterbutter, Dip und Salatsauce\"}]},{\"@type\":\"WebSite\",\"@id\":\"https:\\\/\\\/www.raffinessen.ch\\\/#website\",\"url\":\"https:\\\/\\\/www.raffinessen.ch\\\/\",\"name\":\"Raffinessen\",\"description\":\"roter und schwarzer Kampot Pfeffer - Gew\u00fcrze\",\"potentialAction\":[{\"@type\":\"SearchAction\",\"target\":{\"@type\":\"EntryPoint\",\"urlTemplate\":\"https:\\\/\\\/www.raffinessen.ch\\\/?s={search_term_string}\"},\"query-input\":{\"@type\":\"PropertyValueSpecification\",\"valueRequired\":true,\"valueName\":\"search_term_string\"}}],\"inLanguage\":\"fr-FR\"}]}<\/script>\n<!-- \/ Yoast SEO plugin. -->","yoast_head_json":{"title":"SET - Kr\u00e4uterbutter, Dip und Salatsauce - Raffinessen","robots":{"index":"index","follow":"follow","max-snippet":"max-snippet:-1","max-image-preview":"max-image-preview:large","max-video-preview":"max-video-preview:-1"},"canonical":"https:\/\/www.raffinessen.ch\/fr\/produit\/set-kraeuterbutter-dip-und-salatsauce\/","og_locale":"fr_FR","og_type":"article","og_title":"SET - Kr\u00e4uterbutter, Dip und Salatsauce - Raffinessen","og_description":"Inhalt Aromaschutzbeutel Kraftpapier mit VILLAROSA (70 g) Aromaschutzbeutel Kraftpapier mit ASAKUSA (60 g) Mehrwegm\u00fchle KYO mit Keramikmahlwerk mit CATANIA\u00a0(37 g) Mehrwegm\u00fchle KYO mit Keramikmahlwerk mit SCHWARZEM KAMPOT PFEFFER (Ernte 2025) (47 g) Rezepte f\u00fcr Kr\u00e4uterbutter, Knoblauchbrot, Baked Potato mit Kr\u00e4utersauce, japanische Salatsauce Gew\u00fcrzm\u00fchle KYO mit Keramikmahlwerk Format: \u00f8 45 mm, H\u00f6he 140 mm, Inhalt 100 [&hellip;]","og_url":"https:\/\/www.raffinessen.ch\/fr\/produit\/set-kraeuterbutter-dip-und-salatsauce\/","og_site_name":"Raffinessen","article_modified_time":"2026-01-08T16:48:12+00:00","og_image":[{"width":1500,"height":1500,"url":"https:\/\/www.raffinessen.ch\/webseite\/wp-content\/uploads\/2021\/06\/SET-Kraeuterbutter-Dip-und-Salatsauce.jpg","type":"image\/jpeg"}],"twitter_card":"summary_large_image","twitter_misc":{"Dur\u00e9e de lecture estim\u00e9e":"2 minutes"},"schema":{"@context":"https:\/\/schema.org","@graph":[{"@type":"WebPage","@id":"https:\/\/www.raffinessen.ch\/produkt\/set-kraeuterbutter-dip-und-salatsauce\/","url":"https:\/\/www.raffinessen.ch\/produkt\/set-kraeuterbutter-dip-und-salatsauce\/","name":"SET - Kr\u00e4uterbutter, Dip und Salatsauce - Raffinessen","isPartOf":{"@id":"https:\/\/www.raffinessen.ch\/#website"},"primaryImageOfPage":{"@id":"https:\/\/www.raffinessen.ch\/produkt\/set-kraeuterbutter-dip-und-salatsauce\/#primaryimage"},"image":{"@id":"https:\/\/www.raffinessen.ch\/produkt\/set-kraeuterbutter-dip-und-salatsauce\/#primaryimage"},"thumbnailUrl":"https:\/\/www.raffinessen.ch\/webseite\/wp-content\/uploads\/2021\/06\/SET-Kraeuterbutter-Dip-und-Salatsauce.jpg","datePublished":"2021-06-04T10:51:11+00:00","dateModified":"2026-01-08T16:48:12+00:00","breadcrumb":{"@id":"https:\/\/www.raffinessen.ch\/produkt\/set-kraeuterbutter-dip-und-salatsauce\/#breadcrumb"},"inLanguage":"fr-FR","potentialAction":[{"@type":"ReadAction","target":["https:\/\/www.raffinessen.ch\/produkt\/set-kraeuterbutter-dip-und-salatsauce\/"]}]},{"@type":"ImageObject","inLanguage":"fr-FR","@id":"https:\/\/www.raffinessen.ch\/produkt\/set-kraeuterbutter-dip-und-salatsauce\/#primaryimage","url":"https:\/\/www.raffinessen.ch\/webseite\/wp-content\/uploads\/2021\/06\/SET-Kraeuterbutter-Dip-und-Salatsauce.jpg","contentUrl":"https:\/\/www.raffinessen.ch\/webseite\/wp-content\/uploads\/2021\/06\/SET-Kraeuterbutter-Dip-und-Salatsauce.jpg","width":1500,"height":1500},{"@type":"BreadcrumbList","@id":"https:\/\/www.raffinessen.ch\/produkt\/set-kraeuterbutter-dip-und-salatsauce\/#breadcrumb","itemListElement":[{"@type":"ListItem","position":1,"name":"Home","item":"https:\/\/www.raffinessen.ch\/"},{"@type":"ListItem","position":2,"name":"Shop","item":"https:\/\/www.raffinessen.ch\/shop\/"},{"@type":"ListItem","position":3,"name":"SET &#8211; Kr\u00e4uterbutter, Dip und Salatsauce"}]},{"@type":"WebSite","@id":"https:\/\/www.raffinessen.ch\/#website","url":"https:\/\/www.raffinessen.ch\/","name":"Raffinements","description":"poivre de Kampot rouge et noir - \u00e9pices","potentialAction":[{"@type":"SearchAction","target":{"@type":"EntryPoint","urlTemplate":"https:\/\/www.raffinessen.ch\/?s={search_term_string}"},"query-input":{"@type":"PropertyValueSpecification","valueRequired":true,"valueName":"search_term_string"}}],"inLanguage":"fr-FR"}]}},"_links":{"self":[{"href":"https:\/\/www.raffinessen.ch\/fr\/wp-json\/wp\/v2\/product\/8559","targetHints":{"allow":["GET"]}}],"collection":[{"href":"https:\/\/www.raffinessen.ch\/fr\/wp-json\/wp\/v2\/product"}],"about":[{"href":"https:\/\/www.raffinessen.ch\/fr\/wp-json\/wp\/v2\/types\/product"}],"wp:featuredmedia":[{"embeddable":true,"href":"https:\/\/www.raffinessen.ch\/fr\/wp-json\/wp\/v2\/media\/8560"}],"wp:attachment":[{"href":"https:\/\/www.raffinessen.ch\/fr\/wp-json\/wp\/v2\/media?parent=8559"}],"wp:term":[{"taxonomy":"product_brand","embeddable":true,"href":"https:\/\/www.raffinessen.ch\/fr\/wp-json\/wp\/v2\/product_brand?post=8559"},{"taxonomy":"product_cat","embeddable":true,"href":"https:\/\/www.raffinessen.ch\/fr\/wp-json\/wp\/v2\/product_cat?post=8559"},{"taxonomy":"product_tag","embeddable":true,"href":"https:\/\/www.raffinessen.ch\/fr\/wp-json\/wp\/v2\/product_tag?post=8559"}],"curies":[{"name":"wp","href":"https:\/\/api.w.org\/{rel}","templated":true}]}}