{"id":7403,"date":"2020-12-06T14:37:15","date_gmt":"2020-12-06T13:37:15","guid":{"rendered":"https:\/\/raffinessen.ch\/webseite\/?post_type=product&#038;p=7403"},"modified":"2023-06-09T23:35:27","modified_gmt":"2023-06-09T21:35:27","slug":"gluehwein-punsch","status":"publish","type":"product","link":"https:\/\/www.raffinessen.ch\/fr\/produit\/gluehwein-punsch\/","title":{"rendered":"Vin chaud &amp; punch"},"content":{"rendered":"<p style=\"color: #000000;\"><strong>Composition<\/strong><br \/>\nsucre brut, cannelle, hibiscus, vanille, anis \u00e9toil\u00e9, \u00e9corces d'orange, laurier, poivre \u00e9corces de citron, cardamome, clous de girofle, \u00e9pices<\/p>\n<p style=\"color: #000000;\"><strong>Information<\/strong><\/p>\n<p>Le vin chaud r\u00e9chauffe de l'int\u00e9rieur et transforme les soir\u00e9es froides en moments de convivialit\u00e9. Le c\u0153ur et l'\u00e2me de cette boisson chaude tr\u00e8s appr\u00e9ci\u00e9e est son m\u00e9lange \u00e9pic\u00e9. Nous avons pour cela affin\u00e9 les ingr\u00e9dients classiques que sont la cannelle, les clous de girofle et l'anis \u00e9toil\u00e9 avec des feuilles de laurier, de la vanille et des fleurs d'hibiscus.<\/p>\n<p>La composition d'\u00e9pices permet de pr\u00e9parer soi-m\u00eame un vin chaud rouge ou blanc en un tour de main. Si vous pr\u00e9f\u00e9rez une variante sans alcool, vous pouvez \u00e9galement m\u00e9langer le m\u00e9lange avec du jus de pomme ou d'autres jus de fruits pour obtenir un d\u00e9licieux punch.<\/p>\n<p>Si vous souhaitez donner un peu de piquant \u00e0 votre vin chaud, ajoutez une ou deux gorg\u00e9es d'un d\u00e9licieux gin.<\/p>\n<p style=\"color: #000000;\"><strong>Inspiration<\/strong><br \/>\nClassique : vin chaud rouge et blanc, punch avec jus de pomme et autres jus de fruits<br \/>\nNos d\u00e9couvertes : Poires au vin rouge, biscuits de No\u00ebl<\/p>","protected":false},"excerpt":{"rendered":"<p><strong>75 g<\/strong><\/p>","protected":false},"featured_media":7395,"template":"","meta":[],"product_brand":[],"product_cat":[1177,1176],"product_tag":[1167,1168],"class_list":{"0":"post-7403","1":"product","2":"type-product","3":"status-publish","4":"has-post-thumbnail","6":"product_cat-gemahlen","7":"product_cat-gewuerz-mischungen","8":"product_tag-gluehwein","9":"product_tag-punsch","10":"tm-no-options","12":"first","13":"instock","14":"taxable","15":"shipping-taxable","16":"purchasable","17":"product-type-simple"},"yoast_head":"<!-- This site is optimized with the Yoast SEO plugin v27.5 - https:\/\/yoast.com\/product\/yoast-seo-wordpress\/ -->\n<title>Gl\u00fchwein &amp; Punsch - Raffinessen<\/title>\n<meta name=\"robots\" content=\"index, follow, max-snippet:-1, max-image-preview:large, max-video-preview:-1\" \/>\n<link rel=\"canonical\" href=\"https:\/\/www.raffinessen.ch\/fr\/produit\/gluehwein-punsch\/\" \/>\n<meta property=\"og:locale\" content=\"fr_FR\" \/>\n<meta property=\"og:type\" content=\"article\" \/>\n<meta property=\"og:title\" content=\"Gl\u00fchwein &amp; Punsch - Raffinessen\" \/>\n<meta property=\"og:description\" content=\"75 g\" \/>\n<meta property=\"og:url\" content=\"https:\/\/www.raffinessen.ch\/fr\/produit\/gluehwein-punsch\/\" \/>\n<meta property=\"og:site_name\" content=\"Raffinessen\" \/>\n<meta property=\"article:modified_time\" content=\"2023-06-09T21:35:27+00:00\" \/>\n<meta property=\"og:image\" content=\"https:\/\/www.raffinessen.ch\/webseite\/wp-content\/uploads\/2020\/12\/Gluehwein_3000x3000-1030x1030.jpg\" \/>\n\t<meta property=\"og:image:width\" content=\"1030\" \/>\n\t<meta property=\"og:image:height\" content=\"1030\" \/>\n\t<meta property=\"og:image:type\" content=\"image\/jpeg\" \/>\n<meta name=\"twitter:card\" content=\"summary_large_image\" \/>\n<meta name=\"twitter:label1\" content=\"Dur\u00e9e de lecture estim\u00e9e\" \/>\n\t<meta name=\"twitter:data1\" content=\"1 minute\" \/>\n<script type=\"application\/ld+json\" class=\"yoast-schema-graph\">{\"@context\":\"https:\\\/\\\/schema.org\",\"@graph\":[{\"@type\":\"WebPage\",\"@id\":\"https:\\\/\\\/www.raffinessen.ch\\\/produkt\\\/gluehwein-punsch\\\/\",\"url\":\"https:\\\/\\\/www.raffinessen.ch\\\/produkt\\\/gluehwein-punsch\\\/\",\"name\":\"Gl\u00fchwein & Punsch - Raffinessen\",\"isPartOf\":{\"@id\":\"https:\\\/\\\/www.raffinessen.ch\\\/#website\"},\"primaryImageOfPage\":{\"@id\":\"https:\\\/\\\/www.raffinessen.ch\\\/produkt\\\/gluehwein-punsch\\\/#primaryimage\"},\"image\":{\"@id\":\"https:\\\/\\\/www.raffinessen.ch\\\/produkt\\\/gluehwein-punsch\\\/#primaryimage\"},\"thumbnailUrl\":\"https:\\\/\\\/www.raffinessen.ch\\\/webseite\\\/wp-content\\\/uploads\\\/2020\\\/12\\\/Gluehwein_3000x3000-scaled.jpg\",\"datePublished\":\"2020-12-06T13:37:15+00:00\",\"dateModified\":\"2023-06-09T21:35:27+00:00\",\"breadcrumb\":{\"@id\":\"https:\\\/\\\/www.raffinessen.ch\\\/produkt\\\/gluehwein-punsch\\\/#breadcrumb\"},\"inLanguage\":\"fr-FR\",\"potentialAction\":[{\"@type\":\"ReadAction\",\"target\":[\"https:\\\/\\\/www.raffinessen.ch\\\/produkt\\\/gluehwein-punsch\\\/\"]}]},{\"@type\":\"ImageObject\",\"inLanguage\":\"fr-FR\",\"@id\":\"https:\\\/\\\/www.raffinessen.ch\\\/produkt\\\/gluehwein-punsch\\\/#primaryimage\",\"url\":\"https:\\\/\\\/www.raffinessen.ch\\\/webseite\\\/wp-content\\\/uploads\\\/2020\\\/12\\\/Gluehwein_3000x3000-scaled.jpg\",\"contentUrl\":\"https:\\\/\\\/www.raffinessen.ch\\\/webseite\\\/wp-content\\\/uploads\\\/2020\\\/12\\\/Gluehwein_3000x3000-scaled.jpg\",\"width\":2560,\"height\":2560},{\"@type\":\"BreadcrumbList\",\"@id\":\"https:\\\/\\\/www.raffinessen.ch\\\/produkt\\\/gluehwein-punsch\\\/#breadcrumb\",\"itemListElement\":[{\"@type\":\"ListItem\",\"position\":1,\"name\":\"Home\",\"item\":\"https:\\\/\\\/www.raffinessen.ch\\\/\"},{\"@type\":\"ListItem\",\"position\":2,\"name\":\"Shop\",\"item\":\"https:\\\/\\\/www.raffinessen.ch\\\/shop\\\/\"},{\"@type\":\"ListItem\",\"position\":3,\"name\":\"Gl\u00fchwein &#038; Punsch\"}]},{\"@type\":\"WebSite\",\"@id\":\"https:\\\/\\\/www.raffinessen.ch\\\/#website\",\"url\":\"https:\\\/\\\/www.raffinessen.ch\\\/\",\"name\":\"Raffinessen\",\"description\":\"roter und schwarzer Kampot Pfeffer - Gew\u00fcrze\",\"potentialAction\":[{\"@type\":\"SearchAction\",\"target\":{\"@type\":\"EntryPoint\",\"urlTemplate\":\"https:\\\/\\\/www.raffinessen.ch\\\/?s={search_term_string}\"},\"query-input\":{\"@type\":\"PropertyValueSpecification\",\"valueRequired\":true,\"valueName\":\"search_term_string\"}}],\"inLanguage\":\"fr-FR\"}]}<\/script>\n<!-- \/ Yoast SEO plugin. -->","yoast_head_json":{"title":"Gl\u00fchwein & Punsch - Raffinessen","robots":{"index":"index","follow":"follow","max-snippet":"max-snippet:-1","max-image-preview":"max-image-preview:large","max-video-preview":"max-video-preview:-1"},"canonical":"https:\/\/www.raffinessen.ch\/fr\/produit\/gluehwein-punsch\/","og_locale":"fr_FR","og_type":"article","og_title":"Gl\u00fchwein & Punsch - Raffinessen","og_description":"75 g","og_url":"https:\/\/www.raffinessen.ch\/fr\/produit\/gluehwein-punsch\/","og_site_name":"Raffinessen","article_modified_time":"2023-06-09T21:35:27+00:00","og_image":[{"width":1030,"height":1030,"url":"https:\/\/www.raffinessen.ch\/webseite\/wp-content\/uploads\/2020\/12\/Gluehwein_3000x3000-1030x1030.jpg","type":"image\/jpeg"}],"twitter_card":"summary_large_image","twitter_misc":{"Dur\u00e9e de lecture estim\u00e9e":"1 minute"},"schema":{"@context":"https:\/\/schema.org","@graph":[{"@type":"WebPage","@id":"https:\/\/www.raffinessen.ch\/produkt\/gluehwein-punsch\/","url":"https:\/\/www.raffinessen.ch\/produkt\/gluehwein-punsch\/","name":"Gl\u00fchwein & Punsch - Raffinessen","isPartOf":{"@id":"https:\/\/www.raffinessen.ch\/#website"},"primaryImageOfPage":{"@id":"https:\/\/www.raffinessen.ch\/produkt\/gluehwein-punsch\/#primaryimage"},"image":{"@id":"https:\/\/www.raffinessen.ch\/produkt\/gluehwein-punsch\/#primaryimage"},"thumbnailUrl":"https:\/\/www.raffinessen.ch\/webseite\/wp-content\/uploads\/2020\/12\/Gluehwein_3000x3000-scaled.jpg","datePublished":"2020-12-06T13:37:15+00:00","dateModified":"2023-06-09T21:35:27+00:00","breadcrumb":{"@id":"https:\/\/www.raffinessen.ch\/produkt\/gluehwein-punsch\/#breadcrumb"},"inLanguage":"fr-FR","potentialAction":[{"@type":"ReadAction","target":["https:\/\/www.raffinessen.ch\/produkt\/gluehwein-punsch\/"]}]},{"@type":"ImageObject","inLanguage":"fr-FR","@id":"https:\/\/www.raffinessen.ch\/produkt\/gluehwein-punsch\/#primaryimage","url":"https:\/\/www.raffinessen.ch\/webseite\/wp-content\/uploads\/2020\/12\/Gluehwein_3000x3000-scaled.jpg","contentUrl":"https:\/\/www.raffinessen.ch\/webseite\/wp-content\/uploads\/2020\/12\/Gluehwein_3000x3000-scaled.jpg","width":2560,"height":2560},{"@type":"BreadcrumbList","@id":"https:\/\/www.raffinessen.ch\/produkt\/gluehwein-punsch\/#breadcrumb","itemListElement":[{"@type":"ListItem","position":1,"name":"Home","item":"https:\/\/www.raffinessen.ch\/"},{"@type":"ListItem","position":2,"name":"Shop","item":"https:\/\/www.raffinessen.ch\/shop\/"},{"@type":"ListItem","position":3,"name":"Gl\u00fchwein &#038; Punsch"}]},{"@type":"WebSite","@id":"https:\/\/www.raffinessen.ch\/#website","url":"https:\/\/www.raffinessen.ch\/","name":"Raffinements","description":"poivre de Kampot rouge et noir - \u00e9pices","potentialAction":[{"@type":"SearchAction","target":{"@type":"EntryPoint","urlTemplate":"https:\/\/www.raffinessen.ch\/?s={search_term_string}"},"query-input":{"@type":"PropertyValueSpecification","valueRequired":true,"valueName":"search_term_string"}}],"inLanguage":"fr-FR"}]}},"_links":{"self":[{"href":"https:\/\/www.raffinessen.ch\/fr\/wp-json\/wp\/v2\/product\/7403","targetHints":{"allow":["GET"]}}],"collection":[{"href":"https:\/\/www.raffinessen.ch\/fr\/wp-json\/wp\/v2\/product"}],"about":[{"href":"https:\/\/www.raffinessen.ch\/fr\/wp-json\/wp\/v2\/types\/product"}],"wp:featuredmedia":[{"embeddable":true,"href":"https:\/\/www.raffinessen.ch\/fr\/wp-json\/wp\/v2\/media\/7395"}],"wp:attachment":[{"href":"https:\/\/www.raffinessen.ch\/fr\/wp-json\/wp\/v2\/media?parent=7403"}],"wp:term":[{"taxonomy":"product_brand","embeddable":true,"href":"https:\/\/www.raffinessen.ch\/fr\/wp-json\/wp\/v2\/product_brand?post=7403"},{"taxonomy":"product_cat","embeddable":true,"href":"https:\/\/www.raffinessen.ch\/fr\/wp-json\/wp\/v2\/product_cat?post=7403"},{"taxonomy":"product_tag","embeddable":true,"href":"https:\/\/www.raffinessen.ch\/fr\/wp-json\/wp\/v2\/product_tag?post=7403"}],"curies":[{"name":"wp","href":"https:\/\/api.w.org\/{rel}","templated":true}]}}