{"id":6624,"date":"2020-07-16T15:11:51","date_gmt":"2020-07-16T13:11:51","guid":{"rendered":"https:\/\/raffinessen.ch\/webseite\/?post_type=product&#038;p=6624"},"modified":"2024-12-05T10:46:09","modified_gmt":"2024-12-05T09:46:09","slug":"saint-luc","status":"publish","type":"product","link":"https:\/\/www.raffinessen.ch\/fr\/produit\/saint-luc\/","title":{"rendered":"Saint Luc"},"content":{"rendered":"<p><strong>Composition<\/strong><br \/>\nPoivre (noir, blanc, vert), ail, paprika, coriandre, baies roses, macis, \u00e9corces d'orange<\/p>\n<p><strong>Information<\/strong><br \/>\nPour ce m\u00e9lange, nous avons combin\u00e9 diff\u00e9rents poivres avec de l'ail, du paprika doux et une s\u00e9lection raffin\u00e9e d'\u00e9pices de choix. Ce m\u00e9lange conf\u00e8re \u00e0 tes plats un agr\u00e9able piquant, des ar\u00f4mes doux et terreux et renforce leur propre go\u00fbt.<\/p>\n<p><strong>Inspiration<\/strong><br \/>\nClassique : raclette et fondue<br \/>\nNos d\u00e9couvertes : Pur\u00e9e de pommes de terre, fromage \u00e0 rebibes et viande s\u00e9ch\u00e9e, sauces \u00e0 salade et soupes.<\/p>","protected":false},"excerpt":{"rendered":"<p><strong>50 g<\/strong><\/p>","protected":false},"featured_media":5139,"template":"","meta":[],"product_brand":[],"product_cat":[1178],"product_tag":[],"class_list":{"0":"post-6624","1":"product","2":"type-product","3":"status-publish","4":"has-post-thumbnail","6":"product_cat-grob","7":"tm-no-options","9":"first","10":"instock","11":"taxable","12":"shipping-taxable","13":"purchasable","14":"product-type-simple"},"yoast_head":"<!-- This site is optimized with the Yoast SEO plugin v27.5 - https:\/\/yoast.com\/product\/yoast-seo-wordpress\/ -->\n<title>Saint Luc - Raffinessen<\/title>\n<meta name=\"robots\" content=\"index, follow, max-snippet:-1, max-image-preview:large, max-video-preview:-1\" \/>\n<link rel=\"canonical\" href=\"https:\/\/www.raffinessen.ch\/fr\/produit\/saint-luc\/\" \/>\n<meta property=\"og:locale\" content=\"fr_FR\" \/>\n<meta property=\"og:type\" content=\"article\" \/>\n<meta property=\"og:title\" content=\"Saint Luc - Raffinessen\" \/>\n<meta property=\"og:description\" content=\"50 g\" \/>\n<meta property=\"og:url\" content=\"https:\/\/www.raffinessen.ch\/fr\/produit\/saint-luc\/\" \/>\n<meta property=\"og:site_name\" content=\"Raffinessen\" \/>\n<meta property=\"article:modified_time\" content=\"2024-12-05T09:46:09+00:00\" \/>\n<meta property=\"og:image\" content=\"https:\/\/www.raffinessen.ch\/webseite\/wp-content\/uploads\/2020\/03\/saint-luc-gewuerz-kreis-raffinessen.jpg\" \/>\n\t<meta property=\"og:image:width\" content=\"2500\" \/>\n\t<meta property=\"og:image:height\" content=\"2500\" \/>\n\t<meta property=\"og:image:type\" content=\"image\/jpeg\" \/>\n<meta name=\"twitter:card\" content=\"summary_large_image\" \/>\n<meta name=\"twitter:label1\" content=\"Dur\u00e9e de lecture estim\u00e9e\" \/>\n\t<meta name=\"twitter:data1\" content=\"1 minute\" \/>\n<script type=\"application\/ld+json\" class=\"yoast-schema-graph\">{\"@context\":\"https:\\\/\\\/schema.org\",\"@graph\":[{\"@type\":\"WebPage\",\"@id\":\"https:\\\/\\\/www.raffinessen.ch\\\/produkt\\\/saint-luc\\\/\",\"url\":\"https:\\\/\\\/www.raffinessen.ch\\\/produkt\\\/saint-luc\\\/\",\"name\":\"Saint Luc - Raffinessen\",\"isPartOf\":{\"@id\":\"https:\\\/\\\/www.raffinessen.ch\\\/#website\"},\"primaryImageOfPage\":{\"@id\":\"https:\\\/\\\/www.raffinessen.ch\\\/produkt\\\/saint-luc\\\/#primaryimage\"},\"image\":{\"@id\":\"https:\\\/\\\/www.raffinessen.ch\\\/produkt\\\/saint-luc\\\/#primaryimage\"},\"thumbnailUrl\":\"https:\\\/\\\/www.raffinessen.ch\\\/webseite\\\/wp-content\\\/uploads\\\/2020\\\/03\\\/saint-luc-gewuerz-kreis-raffinessen.jpg\",\"datePublished\":\"2020-07-16T13:11:51+00:00\",\"dateModified\":\"2024-12-05T09:46:09+00:00\",\"breadcrumb\":{\"@id\":\"https:\\\/\\\/www.raffinessen.ch\\\/produkt\\\/saint-luc\\\/#breadcrumb\"},\"inLanguage\":\"fr-FR\",\"potentialAction\":[{\"@type\":\"ReadAction\",\"target\":[\"https:\\\/\\\/www.raffinessen.ch\\\/produkt\\\/saint-luc\\\/\"]}]},{\"@type\":\"ImageObject\",\"inLanguage\":\"fr-FR\",\"@id\":\"https:\\\/\\\/www.raffinessen.ch\\\/produkt\\\/saint-luc\\\/#primaryimage\",\"url\":\"https:\\\/\\\/www.raffinessen.ch\\\/webseite\\\/wp-content\\\/uploads\\\/2020\\\/03\\\/saint-luc-gewuerz-kreis-raffinessen.jpg\",\"contentUrl\":\"https:\\\/\\\/www.raffinessen.ch\\\/webseite\\\/wp-content\\\/uploads\\\/2020\\\/03\\\/saint-luc-gewuerz-kreis-raffinessen.jpg\",\"width\":2500,\"height\":2500},{\"@type\":\"BreadcrumbList\",\"@id\":\"https:\\\/\\\/www.raffinessen.ch\\\/produkt\\\/saint-luc\\\/#breadcrumb\",\"itemListElement\":[{\"@type\":\"ListItem\",\"position\":1,\"name\":\"Home\",\"item\":\"https:\\\/\\\/www.raffinessen.ch\\\/\"},{\"@type\":\"ListItem\",\"position\":2,\"name\":\"Shop\",\"item\":\"https:\\\/\\\/www.raffinessen.ch\\\/shop\\\/\"},{\"@type\":\"ListItem\",\"position\":3,\"name\":\"Saint Luc\"}]},{\"@type\":\"WebSite\",\"@id\":\"https:\\\/\\\/www.raffinessen.ch\\\/#website\",\"url\":\"https:\\\/\\\/www.raffinessen.ch\\\/\",\"name\":\"Raffinessen\",\"description\":\"roter und schwarzer Kampot Pfeffer - Gew\u00fcrze\",\"potentialAction\":[{\"@type\":\"SearchAction\",\"target\":{\"@type\":\"EntryPoint\",\"urlTemplate\":\"https:\\\/\\\/www.raffinessen.ch\\\/?s={search_term_string}\"},\"query-input\":{\"@type\":\"PropertyValueSpecification\",\"valueRequired\":true,\"valueName\":\"search_term_string\"}}],\"inLanguage\":\"fr-FR\"}]}<\/script>\n<!-- \/ Yoast SEO plugin. -->","yoast_head_json":{"title":"Saint Luc - Raffinessen","robots":{"index":"index","follow":"follow","max-snippet":"max-snippet:-1","max-image-preview":"max-image-preview:large","max-video-preview":"max-video-preview:-1"},"canonical":"https:\/\/www.raffinessen.ch\/fr\/produit\/saint-luc\/","og_locale":"fr_FR","og_type":"article","og_title":"Saint Luc - Raffinessen","og_description":"50 g","og_url":"https:\/\/www.raffinessen.ch\/fr\/produit\/saint-luc\/","og_site_name":"Raffinessen","article_modified_time":"2024-12-05T09:46:09+00:00","og_image":[{"width":2500,"height":2500,"url":"https:\/\/www.raffinessen.ch\/webseite\/wp-content\/uploads\/2020\/03\/saint-luc-gewuerz-kreis-raffinessen.jpg","type":"image\/jpeg"}],"twitter_card":"summary_large_image","twitter_misc":{"Dur\u00e9e de lecture estim\u00e9e":"1 minute"},"schema":{"@context":"https:\/\/schema.org","@graph":[{"@type":"WebPage","@id":"https:\/\/www.raffinessen.ch\/produkt\/saint-luc\/","url":"https:\/\/www.raffinessen.ch\/produkt\/saint-luc\/","name":"Saint Luc - Raffinessen","isPartOf":{"@id":"https:\/\/www.raffinessen.ch\/#website"},"primaryImageOfPage":{"@id":"https:\/\/www.raffinessen.ch\/produkt\/saint-luc\/#primaryimage"},"image":{"@id":"https:\/\/www.raffinessen.ch\/produkt\/saint-luc\/#primaryimage"},"thumbnailUrl":"https:\/\/www.raffinessen.ch\/webseite\/wp-content\/uploads\/2020\/03\/saint-luc-gewuerz-kreis-raffinessen.jpg","datePublished":"2020-07-16T13:11:51+00:00","dateModified":"2024-12-05T09:46:09+00:00","breadcrumb":{"@id":"https:\/\/www.raffinessen.ch\/produkt\/saint-luc\/#breadcrumb"},"inLanguage":"fr-FR","potentialAction":[{"@type":"ReadAction","target":["https:\/\/www.raffinessen.ch\/produkt\/saint-luc\/"]}]},{"@type":"ImageObject","inLanguage":"fr-FR","@id":"https:\/\/www.raffinessen.ch\/produkt\/saint-luc\/#primaryimage","url":"https:\/\/www.raffinessen.ch\/webseite\/wp-content\/uploads\/2020\/03\/saint-luc-gewuerz-kreis-raffinessen.jpg","contentUrl":"https:\/\/www.raffinessen.ch\/webseite\/wp-content\/uploads\/2020\/03\/saint-luc-gewuerz-kreis-raffinessen.jpg","width":2500,"height":2500},{"@type":"BreadcrumbList","@id":"https:\/\/www.raffinessen.ch\/produkt\/saint-luc\/#breadcrumb","itemListElement":[{"@type":"ListItem","position":1,"name":"Home","item":"https:\/\/www.raffinessen.ch\/"},{"@type":"ListItem","position":2,"name":"Shop","item":"https:\/\/www.raffinessen.ch\/shop\/"},{"@type":"ListItem","position":3,"name":"Saint Luc"}]},{"@type":"WebSite","@id":"https:\/\/www.raffinessen.ch\/#website","url":"https:\/\/www.raffinessen.ch\/","name":"Raffinements","description":"poivre de Kampot rouge et noir - \u00e9pices","potentialAction":[{"@type":"SearchAction","target":{"@type":"EntryPoint","urlTemplate":"https:\/\/www.raffinessen.ch\/?s={search_term_string}"},"query-input":{"@type":"PropertyValueSpecification","valueRequired":true,"valueName":"search_term_string"}}],"inLanguage":"fr-FR"}]}},"_links":{"self":[{"href":"https:\/\/www.raffinessen.ch\/fr\/wp-json\/wp\/v2\/product\/6624","targetHints":{"allow":["GET"]}}],"collection":[{"href":"https:\/\/www.raffinessen.ch\/fr\/wp-json\/wp\/v2\/product"}],"about":[{"href":"https:\/\/www.raffinessen.ch\/fr\/wp-json\/wp\/v2\/types\/product"}],"wp:featuredmedia":[{"embeddable":true,"href":"https:\/\/www.raffinessen.ch\/fr\/wp-json\/wp\/v2\/media\/5139"}],"wp:attachment":[{"href":"https:\/\/www.raffinessen.ch\/fr\/wp-json\/wp\/v2\/media?parent=6624"}],"wp:term":[{"taxonomy":"product_brand","embeddable":true,"href":"https:\/\/www.raffinessen.ch\/fr\/wp-json\/wp\/v2\/product_brand?post=6624"},{"taxonomy":"product_cat","embeddable":true,"href":"https:\/\/www.raffinessen.ch\/fr\/wp-json\/wp\/v2\/product_cat?post=6624"},{"taxonomy":"product_tag","embeddable":true,"href":"https:\/\/www.raffinessen.ch\/fr\/wp-json\/wp\/v2\/product_tag?post=6624"}],"curies":[{"name":"wp","href":"https:\/\/api.w.org\/{rel}","templated":true}]}}