{"id":6597,"date":"2020-07-16T00:52:21","date_gmt":"2020-07-15T22:52:21","guid":{"rendered":"https:\/\/raffinessen.ch\/webseite\/?post_type=product&#038;p=6597"},"modified":"2022-10-20T23:03:09","modified_gmt":"2022-10-20T21:03:09","slug":"set-5-dosen-mit-schraubdeckel","status":"publish","type":"product","link":"https:\/\/www.raffinessen.ch\/fr\/produit\/set-5-dosen-mit-schraubdeckel\/","title":{"rendered":"SET - 5 bo\u00eetes vides avec couvercle \u00e0 visser"},"content":{"rendered":"<p><strong>Contenu<br \/>\n<\/strong>Bo\u00eete avec couvercle \u00e0 visser : 5 pi\u00e8ces<br \/>\nFormat de la bo\u00eete : \u00f8 45 mm, hauteur : 85 mm<br \/>\nVolume : 100 ml<br \/>\nMat\u00e9riaux : PET, aluminium<\/p>\n<p><strong><span style=\"color: red;\">Vous pouvez volontiers nous indiquer dans le processus de commande, dans le champ \"Remarques\", pour quelle \u00e9pice vous souhaitez des \u00e9tiquettes autocollantes afin de marquer les bo\u00eetes. Nous vous les enverrons gratuitement avec votre commande.<\/span><\/strong><\/p>","protected":false},"excerpt":{"rendered":"<p>Inhalt Dose mit Schraubdeckel: 5 St\u00fcck Format Dose: \u00f8 45 mm, H\u00f6he: 85 mm Volumen: 100 ml Material: PET, Aluminium Gerne k\u00f6nnen Sie uns im Bestellvorgang im Feld \u201eBemerkungen\u201c mitteilen f\u00fcr welches Gew\u00fcrz Sie Klebeetiketten w\u00fcnschen, um die Dosen zu kennzeichnen. Wir senden diese kostenlos mit Ihrer Bestellung mit.<\/p>","protected":false},"featured_media":6598,"template":"","meta":[],"product_brand":[],"product_cat":[1155],"product_tag":[],"class_list":{"0":"post-6597","1":"product","2":"type-product","3":"status-publish","4":"has-post-thumbnail","6":"product_cat-behaelter","7":"tm-no-options","9":"first","10":"instock","11":"taxable","12":"shipping-taxable","13":"purchasable","14":"product-type-simple"},"yoast_head":"<!-- This site is optimized with the Yoast SEO plugin v27.5 - https:\/\/yoast.com\/product\/yoast-seo-wordpress\/ -->\n<title>SET - 5 leere Dosen mit Schraubdeckel - Raffinessen<\/title>\n<meta name=\"robots\" content=\"index, follow, max-snippet:-1, max-image-preview:large, max-video-preview:-1\" \/>\n<link rel=\"canonical\" href=\"https:\/\/www.raffinessen.ch\/fr\/produit\/set-5-dosen-mit-schraubdeckel\/\" \/>\n<meta property=\"og:locale\" content=\"fr_FR\" \/>\n<meta property=\"og:type\" content=\"article\" \/>\n<meta property=\"og:title\" content=\"SET - 5 leere Dosen mit Schraubdeckel - Raffinessen\" \/>\n<meta property=\"og:description\" content=\"Inhalt Dose mit Schraubdeckel: 5 St\u00fcck Format Dose: \u00f8 45 mm, H\u00f6he: 85 mm Volumen: 100 ml Material: PET, Aluminium Gerne k\u00f6nnen Sie uns im Bestellvorgang im Feld \u201eBemerkungen\u201c mitteilen f\u00fcr welches Gew\u00fcrz Sie Klebeetiketten w\u00fcnschen, um die Dosen zu kennzeichnen. Wir senden diese kostenlos mit Ihrer Bestellung mit.\" \/>\n<meta property=\"og:url\" content=\"https:\/\/www.raffinessen.ch\/fr\/produit\/set-5-dosen-mit-schraubdeckel\/\" \/>\n<meta property=\"og:site_name\" content=\"Raffinessen\" \/>\n<meta property=\"article:modified_time\" content=\"2022-10-20T21:03:09+00:00\" \/>\n<meta property=\"og:image\" content=\"https:\/\/www.raffinessen.ch\/webseite\/wp-content\/uploads\/2020\/07\/5x-DK-scaled.jpg\" \/>\n\t<meta property=\"og:image:width\" content=\"2560\" \/>\n\t<meta property=\"og:image:height\" content=\"2560\" \/>\n\t<meta property=\"og:image:type\" content=\"image\/jpeg\" \/>\n<meta name=\"twitter:card\" content=\"summary_large_image\" \/>\n<meta name=\"twitter:label1\" content=\"Dur\u00e9e de lecture estim\u00e9e\" \/>\n\t<meta name=\"twitter:data1\" content=\"1 minute\" \/>\n<script type=\"application\/ld+json\" class=\"yoast-schema-graph\">{\"@context\":\"https:\\\/\\\/schema.org\",\"@graph\":[{\"@type\":\"WebPage\",\"@id\":\"https:\\\/\\\/www.raffinessen.ch\\\/produkt\\\/set-5-dosen-mit-schraubdeckel\\\/\",\"url\":\"https:\\\/\\\/www.raffinessen.ch\\\/produkt\\\/set-5-dosen-mit-schraubdeckel\\\/\",\"name\":\"SET - 5 leere Dosen mit Schraubdeckel - Raffinessen\",\"isPartOf\":{\"@id\":\"https:\\\/\\\/www.raffinessen.ch\\\/#website\"},\"primaryImageOfPage\":{\"@id\":\"https:\\\/\\\/www.raffinessen.ch\\\/produkt\\\/set-5-dosen-mit-schraubdeckel\\\/#primaryimage\"},\"image\":{\"@id\":\"https:\\\/\\\/www.raffinessen.ch\\\/produkt\\\/set-5-dosen-mit-schraubdeckel\\\/#primaryimage\"},\"thumbnailUrl\":\"https:\\\/\\\/www.raffinessen.ch\\\/webseite\\\/wp-content\\\/uploads\\\/2020\\\/07\\\/5x-DK-scaled.jpg\",\"datePublished\":\"2020-07-15T22:52:21+00:00\",\"dateModified\":\"2022-10-20T21:03:09+00:00\",\"breadcrumb\":{\"@id\":\"https:\\\/\\\/www.raffinessen.ch\\\/produkt\\\/set-5-dosen-mit-schraubdeckel\\\/#breadcrumb\"},\"inLanguage\":\"fr-FR\",\"potentialAction\":[{\"@type\":\"ReadAction\",\"target\":[\"https:\\\/\\\/www.raffinessen.ch\\\/produkt\\\/set-5-dosen-mit-schraubdeckel\\\/\"]}]},{\"@type\":\"ImageObject\",\"inLanguage\":\"fr-FR\",\"@id\":\"https:\\\/\\\/www.raffinessen.ch\\\/produkt\\\/set-5-dosen-mit-schraubdeckel\\\/#primaryimage\",\"url\":\"https:\\\/\\\/www.raffinessen.ch\\\/webseite\\\/wp-content\\\/uploads\\\/2020\\\/07\\\/5x-DK-scaled.jpg\",\"contentUrl\":\"https:\\\/\\\/www.raffinessen.ch\\\/webseite\\\/wp-content\\\/uploads\\\/2020\\\/07\\\/5x-DK-scaled.jpg\",\"width\":2560,\"height\":2560},{\"@type\":\"BreadcrumbList\",\"@id\":\"https:\\\/\\\/www.raffinessen.ch\\\/produkt\\\/set-5-dosen-mit-schraubdeckel\\\/#breadcrumb\",\"itemListElement\":[{\"@type\":\"ListItem\",\"position\":1,\"name\":\"Home\",\"item\":\"https:\\\/\\\/www.raffinessen.ch\\\/\"},{\"@type\":\"ListItem\",\"position\":2,\"name\":\"Shop\",\"item\":\"https:\\\/\\\/www.raffinessen.ch\\\/shop\\\/\"},{\"@type\":\"ListItem\",\"position\":3,\"name\":\"SET &#8211; 5 leere Dosen mit Schraubdeckel\"}]},{\"@type\":\"WebSite\",\"@id\":\"https:\\\/\\\/www.raffinessen.ch\\\/#website\",\"url\":\"https:\\\/\\\/www.raffinessen.ch\\\/\",\"name\":\"Raffinessen\",\"description\":\"roter und schwarzer Kampot Pfeffer - Gew\u00fcrze\",\"potentialAction\":[{\"@type\":\"SearchAction\",\"target\":{\"@type\":\"EntryPoint\",\"urlTemplate\":\"https:\\\/\\\/www.raffinessen.ch\\\/?s={search_term_string}\"},\"query-input\":{\"@type\":\"PropertyValueSpecification\",\"valueRequired\":true,\"valueName\":\"search_term_string\"}}],\"inLanguage\":\"fr-FR\"}]}<\/script>\n<!-- \/ Yoast SEO plugin. -->","yoast_head_json":{"title":"SET - 5 leere Dosen mit Schraubdeckel - Raffinessen","robots":{"index":"index","follow":"follow","max-snippet":"max-snippet:-1","max-image-preview":"max-image-preview:large","max-video-preview":"max-video-preview:-1"},"canonical":"https:\/\/www.raffinessen.ch\/fr\/produit\/set-5-dosen-mit-schraubdeckel\/","og_locale":"fr_FR","og_type":"article","og_title":"SET - 5 leere Dosen mit Schraubdeckel - Raffinessen","og_description":"Inhalt Dose mit Schraubdeckel: 5 St\u00fcck Format Dose: \u00f8 45 mm, H\u00f6he: 85 mm Volumen: 100 ml Material: PET, Aluminium Gerne k\u00f6nnen Sie uns im Bestellvorgang im Feld \u201eBemerkungen\u201c mitteilen f\u00fcr welches Gew\u00fcrz Sie Klebeetiketten w\u00fcnschen, um die Dosen zu kennzeichnen. Wir senden diese kostenlos mit Ihrer Bestellung mit.","og_url":"https:\/\/www.raffinessen.ch\/fr\/produit\/set-5-dosen-mit-schraubdeckel\/","og_site_name":"Raffinessen","article_modified_time":"2022-10-20T21:03:09+00:00","og_image":[{"width":2560,"height":2560,"url":"https:\/\/www.raffinessen.ch\/webseite\/wp-content\/uploads\/2020\/07\/5x-DK-scaled.jpg","type":"image\/jpeg"}],"twitter_card":"summary_large_image","twitter_misc":{"Dur\u00e9e de lecture estim\u00e9e":"1 minute"},"schema":{"@context":"https:\/\/schema.org","@graph":[{"@type":"WebPage","@id":"https:\/\/www.raffinessen.ch\/produkt\/set-5-dosen-mit-schraubdeckel\/","url":"https:\/\/www.raffinessen.ch\/produkt\/set-5-dosen-mit-schraubdeckel\/","name":"SET - 5 leere Dosen mit Schraubdeckel - Raffinessen","isPartOf":{"@id":"https:\/\/www.raffinessen.ch\/#website"},"primaryImageOfPage":{"@id":"https:\/\/www.raffinessen.ch\/produkt\/set-5-dosen-mit-schraubdeckel\/#primaryimage"},"image":{"@id":"https:\/\/www.raffinessen.ch\/produkt\/set-5-dosen-mit-schraubdeckel\/#primaryimage"},"thumbnailUrl":"https:\/\/www.raffinessen.ch\/webseite\/wp-content\/uploads\/2020\/07\/5x-DK-scaled.jpg","datePublished":"2020-07-15T22:52:21+00:00","dateModified":"2022-10-20T21:03:09+00:00","breadcrumb":{"@id":"https:\/\/www.raffinessen.ch\/produkt\/set-5-dosen-mit-schraubdeckel\/#breadcrumb"},"inLanguage":"fr-FR","potentialAction":[{"@type":"ReadAction","target":["https:\/\/www.raffinessen.ch\/produkt\/set-5-dosen-mit-schraubdeckel\/"]}]},{"@type":"ImageObject","inLanguage":"fr-FR","@id":"https:\/\/www.raffinessen.ch\/produkt\/set-5-dosen-mit-schraubdeckel\/#primaryimage","url":"https:\/\/www.raffinessen.ch\/webseite\/wp-content\/uploads\/2020\/07\/5x-DK-scaled.jpg","contentUrl":"https:\/\/www.raffinessen.ch\/webseite\/wp-content\/uploads\/2020\/07\/5x-DK-scaled.jpg","width":2560,"height":2560},{"@type":"BreadcrumbList","@id":"https:\/\/www.raffinessen.ch\/produkt\/set-5-dosen-mit-schraubdeckel\/#breadcrumb","itemListElement":[{"@type":"ListItem","position":1,"name":"Home","item":"https:\/\/www.raffinessen.ch\/"},{"@type":"ListItem","position":2,"name":"Shop","item":"https:\/\/www.raffinessen.ch\/shop\/"},{"@type":"ListItem","position":3,"name":"SET &#8211; 5 leere Dosen mit Schraubdeckel"}]},{"@type":"WebSite","@id":"https:\/\/www.raffinessen.ch\/#website","url":"https:\/\/www.raffinessen.ch\/","name":"Raffinements","description":"poivre de Kampot rouge et noir - \u00e9pices","potentialAction":[{"@type":"SearchAction","target":{"@type":"EntryPoint","urlTemplate":"https:\/\/www.raffinessen.ch\/?s={search_term_string}"},"query-input":{"@type":"PropertyValueSpecification","valueRequired":true,"valueName":"search_term_string"}}],"inLanguage":"fr-FR"}]}},"_links":{"self":[{"href":"https:\/\/www.raffinessen.ch\/fr\/wp-json\/wp\/v2\/product\/6597","targetHints":{"allow":["GET"]}}],"collection":[{"href":"https:\/\/www.raffinessen.ch\/fr\/wp-json\/wp\/v2\/product"}],"about":[{"href":"https:\/\/www.raffinessen.ch\/fr\/wp-json\/wp\/v2\/types\/product"}],"wp:featuredmedia":[{"embeddable":true,"href":"https:\/\/www.raffinessen.ch\/fr\/wp-json\/wp\/v2\/media\/6598"}],"wp:attachment":[{"href":"https:\/\/www.raffinessen.ch\/fr\/wp-json\/wp\/v2\/media?parent=6597"}],"wp:term":[{"taxonomy":"product_brand","embeddable":true,"href":"https:\/\/www.raffinessen.ch\/fr\/wp-json\/wp\/v2\/product_brand?post=6597"},{"taxonomy":"product_cat","embeddable":true,"href":"https:\/\/www.raffinessen.ch\/fr\/wp-json\/wp\/v2\/product_cat?post=6597"},{"taxonomy":"product_tag","embeddable":true,"href":"https:\/\/www.raffinessen.ch\/fr\/wp-json\/wp\/v2\/product_tag?post=6597"}],"curies":[{"name":"wp","href":"https:\/\/api.w.org\/{rel}","templated":true}]}}