{"id":6564,"date":"2020-07-09T15:16:12","date_gmt":"2020-07-09T13:16:12","guid":{"rendered":"https:\/\/raffinessen.ch\/webseite\/?post_type=product&#038;p=6564"},"modified":"2022-12-30T17:25:26","modified_gmt":"2022-12-30T16:25:26","slug":"srinagar","status":"publish","type":"product","link":"https:\/\/www.raffinessen.ch\/fr\/produit\/srinagar\/","title":{"rendered":"Srinagar (curry)"},"content":{"rendered":"<p style=\"color: #000000;\"><strong>Composition<\/strong><br \/>\nCoriandre, curcuma 21%, fenugrec, cumin, fenouil, graines de pavot, cardamome, poivre, muscade, flocons de paprika, asant, \u00e9pices<\/p>\n<p style=\"color: #000000;\"><strong>Information<br \/>\n<\/strong>Ce m\u00e9lange de curry envo\u00fbte le nez avec un bouquet fleuri et frais aux notes de terre et de grill\u00e9. Le go\u00fbt se r\u00e9v\u00e8le \u00e9pic\u00e9 et fruit\u00e9 avec des composants poivr\u00e9s et de noix. L'ar\u00f4me nuanc\u00e9 est totalement d\u00e9pourvu de piquant, afin que les enfants puissent \u00e9galement appr\u00e9cier le curry. Le degr\u00e9 de piquant peut \u00eatre adapt\u00e9 au go\u00fbt personnel avec des piments frais ou s\u00e9ch\u00e9s.<\/p>\n<p>L'asant est un ingr\u00e9dient sp\u00e9cial de cette composition. En raison de son odeur \u00e2cre et sulfureuse, elle est \u00e9galement appel\u00e9e \"crotte de diable\" ou \"asant puant\". Lorsqu'il est chauff\u00e9, son ar\u00f4me se transforme et rappelle celui de l'oignon et de l'ail frits et est per\u00e7u comme \"renfor\u00e7ant le go\u00fbt\".<\/p>\n<p style=\"color: #000000;\"><strong>Inspiration<\/strong><br \/>\nClassique : poisson, agneau, l\u00e9gumineuses et l\u00e9gumes<br \/>\nNos d\u00e9couvertes : Une fondue au fromage diff\u00e9rente, des chutneys aux fruits exotiques comme l'ananas et la mangue, des plats de champignons, une sauce \u00e0 salade au yaourt, des pommes de terre saut\u00e9es<\/p>","protected":false},"excerpt":{"rendered":"<p><strong>45 g<\/strong><\/p>","protected":false},"featured_media":6858,"template":"","meta":[],"product_brand":[],"product_cat":[1177,1176],"product_tag":[],"class_list":{"0":"post-6564","1":"product","2":"type-product","3":"status-publish","4":"has-post-thumbnail","6":"product_cat-gemahlen","7":"product_cat-gewuerz-mischungen","8":"tm-no-options","10":"first","11":"instock","12":"taxable","13":"shipping-taxable","14":"purchasable","15":"product-type-simple"},"yoast_head":"<!-- This site is optimized with the Yoast SEO plugin v27.3 - https:\/\/yoast.com\/product\/yoast-seo-wordpress\/ -->\n<title>Srinagar (Curry) - Raffinessen<\/title>\n<meta name=\"robots\" content=\"index, follow, max-snippet:-1, max-image-preview:large, max-video-preview:-1\" \/>\n<link rel=\"canonical\" href=\"https:\/\/www.raffinessen.ch\/fr\/produit\/srinagar\/\" \/>\n<meta property=\"og:locale\" content=\"fr_FR\" \/>\n<meta property=\"og:type\" content=\"article\" \/>\n<meta property=\"og:title\" content=\"Srinagar (Curry) - Raffinessen\" \/>\n<meta property=\"og:description\" content=\"45 g\" \/>\n<meta property=\"og:url\" content=\"https:\/\/www.raffinessen.ch\/fr\/produit\/srinagar\/\" \/>\n<meta property=\"og:site_name\" content=\"Raffinessen\" \/>\n<meta property=\"article:modified_time\" content=\"2022-12-30T16:25:26+00:00\" \/>\n<meta property=\"og:image\" content=\"https:\/\/www.raffinessen.ch\/webseite\/wp-content\/uploads\/2020\/07\/Srinagar_2500x2500-1030x1030.jpg\" \/>\n\t<meta property=\"og:image:width\" content=\"1030\" \/>\n\t<meta property=\"og:image:height\" content=\"1030\" \/>\n\t<meta property=\"og:image:type\" content=\"image\/jpeg\" \/>\n<meta name=\"twitter:card\" content=\"summary_large_image\" \/>\n<meta name=\"twitter:label1\" content=\"Dur\u00e9e de lecture estim\u00e9e\" \/>\n\t<meta name=\"twitter:data1\" content=\"1 minute\" \/>\n<script type=\"application\/ld+json\" class=\"yoast-schema-graph\">{\"@context\":\"https:\\\/\\\/schema.org\",\"@graph\":[{\"@type\":\"WebPage\",\"@id\":\"https:\\\/\\\/www.raffinessen.ch\\\/produkt\\\/srinagar\\\/\",\"url\":\"https:\\\/\\\/www.raffinessen.ch\\\/produkt\\\/srinagar\\\/\",\"name\":\"Srinagar (Curry) - Raffinessen\",\"isPartOf\":{\"@id\":\"https:\\\/\\\/www.raffinessen.ch\\\/#website\"},\"primaryImageOfPage\":{\"@id\":\"https:\\\/\\\/www.raffinessen.ch\\\/produkt\\\/srinagar\\\/#primaryimage\"},\"image\":{\"@id\":\"https:\\\/\\\/www.raffinessen.ch\\\/produkt\\\/srinagar\\\/#primaryimage\"},\"thumbnailUrl\":\"https:\\\/\\\/www.raffinessen.ch\\\/webseite\\\/wp-content\\\/uploads\\\/2020\\\/07\\\/Srinagar_2500x2500.jpg\",\"datePublished\":\"2020-07-09T13:16:12+00:00\",\"dateModified\":\"2022-12-30T16:25:26+00:00\",\"breadcrumb\":{\"@id\":\"https:\\\/\\\/www.raffinessen.ch\\\/produkt\\\/srinagar\\\/#breadcrumb\"},\"inLanguage\":\"fr-FR\",\"potentialAction\":[{\"@type\":\"ReadAction\",\"target\":[\"https:\\\/\\\/www.raffinessen.ch\\\/produkt\\\/srinagar\\\/\"]}]},{\"@type\":\"ImageObject\",\"inLanguage\":\"fr-FR\",\"@id\":\"https:\\\/\\\/www.raffinessen.ch\\\/produkt\\\/srinagar\\\/#primaryimage\",\"url\":\"https:\\\/\\\/www.raffinessen.ch\\\/webseite\\\/wp-content\\\/uploads\\\/2020\\\/07\\\/Srinagar_2500x2500.jpg\",\"contentUrl\":\"https:\\\/\\\/www.raffinessen.ch\\\/webseite\\\/wp-content\\\/uploads\\\/2020\\\/07\\\/Srinagar_2500x2500.jpg\",\"width\":2500,\"height\":2500},{\"@type\":\"BreadcrumbList\",\"@id\":\"https:\\\/\\\/www.raffinessen.ch\\\/produkt\\\/srinagar\\\/#breadcrumb\",\"itemListElement\":[{\"@type\":\"ListItem\",\"position\":1,\"name\":\"Home\",\"item\":\"https:\\\/\\\/www.raffinessen.ch\\\/\"},{\"@type\":\"ListItem\",\"position\":2,\"name\":\"Shop\",\"item\":\"https:\\\/\\\/www.raffinessen.ch\\\/shop\\\/\"},{\"@type\":\"ListItem\",\"position\":3,\"name\":\"Srinagar (Curry)\"}]},{\"@type\":\"WebSite\",\"@id\":\"https:\\\/\\\/www.raffinessen.ch\\\/#website\",\"url\":\"https:\\\/\\\/www.raffinessen.ch\\\/\",\"name\":\"Raffinessen\",\"description\":\"roter und schwarzer Kampot Pfeffer - Gew\u00fcrze\",\"potentialAction\":[{\"@type\":\"SearchAction\",\"target\":{\"@type\":\"EntryPoint\",\"urlTemplate\":\"https:\\\/\\\/www.raffinessen.ch\\\/?s={search_term_string}\"},\"query-input\":{\"@type\":\"PropertyValueSpecification\",\"valueRequired\":true,\"valueName\":\"search_term_string\"}}],\"inLanguage\":\"fr-FR\"}]}<\/script>\n<!-- \/ Yoast SEO plugin. -->","yoast_head_json":{"title":"Srinagar (Curry) - Raffinessen","robots":{"index":"index","follow":"follow","max-snippet":"max-snippet:-1","max-image-preview":"max-image-preview:large","max-video-preview":"max-video-preview:-1"},"canonical":"https:\/\/www.raffinessen.ch\/fr\/produit\/srinagar\/","og_locale":"fr_FR","og_type":"article","og_title":"Srinagar (Curry) - Raffinessen","og_description":"45 g","og_url":"https:\/\/www.raffinessen.ch\/fr\/produit\/srinagar\/","og_site_name":"Raffinessen","article_modified_time":"2022-12-30T16:25:26+00:00","og_image":[{"width":1030,"height":1030,"url":"https:\/\/www.raffinessen.ch\/webseite\/wp-content\/uploads\/2020\/07\/Srinagar_2500x2500-1030x1030.jpg","type":"image\/jpeg"}],"twitter_card":"summary_large_image","twitter_misc":{"Dur\u00e9e de lecture estim\u00e9e":"1 minute"},"schema":{"@context":"https:\/\/schema.org","@graph":[{"@type":"WebPage","@id":"https:\/\/www.raffinessen.ch\/produkt\/srinagar\/","url":"https:\/\/www.raffinessen.ch\/produkt\/srinagar\/","name":"Srinagar (Curry) - Raffinessen","isPartOf":{"@id":"https:\/\/www.raffinessen.ch\/#website"},"primaryImageOfPage":{"@id":"https:\/\/www.raffinessen.ch\/produkt\/srinagar\/#primaryimage"},"image":{"@id":"https:\/\/www.raffinessen.ch\/produkt\/srinagar\/#primaryimage"},"thumbnailUrl":"https:\/\/www.raffinessen.ch\/webseite\/wp-content\/uploads\/2020\/07\/Srinagar_2500x2500.jpg","datePublished":"2020-07-09T13:16:12+00:00","dateModified":"2022-12-30T16:25:26+00:00","breadcrumb":{"@id":"https:\/\/www.raffinessen.ch\/produkt\/srinagar\/#breadcrumb"},"inLanguage":"fr-FR","potentialAction":[{"@type":"ReadAction","target":["https:\/\/www.raffinessen.ch\/produkt\/srinagar\/"]}]},{"@type":"ImageObject","inLanguage":"fr-FR","@id":"https:\/\/www.raffinessen.ch\/produkt\/srinagar\/#primaryimage","url":"https:\/\/www.raffinessen.ch\/webseite\/wp-content\/uploads\/2020\/07\/Srinagar_2500x2500.jpg","contentUrl":"https:\/\/www.raffinessen.ch\/webseite\/wp-content\/uploads\/2020\/07\/Srinagar_2500x2500.jpg","width":2500,"height":2500},{"@type":"BreadcrumbList","@id":"https:\/\/www.raffinessen.ch\/produkt\/srinagar\/#breadcrumb","itemListElement":[{"@type":"ListItem","position":1,"name":"Home","item":"https:\/\/www.raffinessen.ch\/"},{"@type":"ListItem","position":2,"name":"Shop","item":"https:\/\/www.raffinessen.ch\/shop\/"},{"@type":"ListItem","position":3,"name":"Srinagar (Curry)"}]},{"@type":"WebSite","@id":"https:\/\/www.raffinessen.ch\/#website","url":"https:\/\/www.raffinessen.ch\/","name":"Raffinements","description":"poivre de Kampot rouge et noir - \u00e9pices","potentialAction":[{"@type":"SearchAction","target":{"@type":"EntryPoint","urlTemplate":"https:\/\/www.raffinessen.ch\/?s={search_term_string}"},"query-input":{"@type":"PropertyValueSpecification","valueRequired":true,"valueName":"search_term_string"}}],"inLanguage":"fr-FR"}]}},"_links":{"self":[{"href":"https:\/\/www.raffinessen.ch\/fr\/wp-json\/wp\/v2\/product\/6564","targetHints":{"allow":["GET"]}}],"collection":[{"href":"https:\/\/www.raffinessen.ch\/fr\/wp-json\/wp\/v2\/product"}],"about":[{"href":"https:\/\/www.raffinessen.ch\/fr\/wp-json\/wp\/v2\/types\/product"}],"wp:featuredmedia":[{"embeddable":true,"href":"https:\/\/www.raffinessen.ch\/fr\/wp-json\/wp\/v2\/media\/6858"}],"wp:attachment":[{"href":"https:\/\/www.raffinessen.ch\/fr\/wp-json\/wp\/v2\/media?parent=6564"}],"wp:term":[{"taxonomy":"product_brand","embeddable":true,"href":"https:\/\/www.raffinessen.ch\/fr\/wp-json\/wp\/v2\/product_brand?post=6564"},{"taxonomy":"product_cat","embeddable":true,"href":"https:\/\/www.raffinessen.ch\/fr\/wp-json\/wp\/v2\/product_cat?post=6564"},{"taxonomy":"product_tag","embeddable":true,"href":"https:\/\/www.raffinessen.ch\/fr\/wp-json\/wp\/v2\/product_tag?post=6564"}],"curies":[{"name":"wp","href":"https:\/\/api.w.org\/{rel}","templated":true}]}}