{"id":6559,"date":"2020-07-09T14:32:57","date_gmt":"2020-07-09T12:32:57","guid":{"rendered":"https:\/\/raffinessen.ch\/webseite\/?post_type=product&#038;p=6559"},"modified":"2022-12-30T17:17:45","modified_gmt":"2022-12-30T16:17:45","slug":"mareeba","status":"publish","type":"product","link":"https:\/\/www.raffinessen.ch\/fr\/produit\/mareeba\/","title":{"rendered":"Mareeba (jusqu'\u00e0 pr\u00e9sent poivre au citron)"},"content":{"rendered":"<p><strong>Composition<\/strong><br \/>\nsel de cuisine avec iode 64%, myrte citronn\u00e9e, tomates, poivre 6%, sucre brut, persil, paprika<\/p>\n<p><strong>Information<\/strong><br \/>\nAu lieu du zeste de citron classique, ce sont les feuilles s\u00e9ch\u00e9es de la myrte citronn\u00e9e australienne qui constituent l'\u00e9l\u00e9ment marquant de cette composition rafra\u00eechissante. Parfaitement harmonis\u00e9 avec les autres ingr\u00e9dients, ce m\u00e9lange peut \u00eatre utilis\u00e9 de mani\u00e8re tr\u00e8s large. L'exp\u00e9rience gustative est compl\u00e9t\u00e9e par le piquant chaud du poivre noir.<\/p>\n<p>Nous recommandons d'ajouter le m\u00e9lange vers la fin de la cuisson, sinon les merveilleuses notes d'agrumes du myrte citronn\u00e9 s'\u00e9vaporent. Les huiles essentielles contenues ne sont pas solubles dans l'eau, il est donc important que les recettes appliqu\u00e9es avec le poivre citronn\u00e9 contiennent des mati\u00e8res grasses.<\/p>\n<p><strong>Inspiration<\/strong><br \/>\nClassique : poissons et fruits de mer<br \/>\nNos d\u00e9couvertes : Viandes et volailles de toutes sortes, plats \u00e0 base de patates douces et de courge, pain \u00e0 l'ail et si vous faites vous-m\u00eame s\u00e9cher du b\u0153uf, vous pouvez remplacer le sel et les \u00e9pices par ce m\u00e9lange.<\/p>\n<p><em>M\u00eame contenu, nouveau nom : Mareeba remplace l'appellation \"poivre au citron\".<\/em><\/p>","protected":false},"excerpt":{"rendered":"<p><strong>65 g<\/strong><\/p>","protected":false},"featured_media":5147,"template":"","meta":[],"product_brand":[],"product_cat":[1177,1176],"product_tag":[],"class_list":{"0":"post-6559","1":"product","2":"type-product","3":"status-publish","4":"has-post-thumbnail","6":"product_cat-gemahlen","7":"product_cat-gewuerz-mischungen","8":"tm-no-options","10":"first","11":"instock","12":"taxable","13":"shipping-taxable","14":"purchasable","15":"product-type-simple"},"yoast_head":"<!-- This site is optimized with the Yoast SEO plugin v27.5 - https:\/\/yoast.com\/product\/yoast-seo-wordpress\/ -->\n<title>Mareeba (bisher Zitronen Pfeffer) - Raffinessen<\/title>\n<meta name=\"robots\" content=\"index, follow, max-snippet:-1, max-image-preview:large, max-video-preview:-1\" \/>\n<link rel=\"canonical\" href=\"https:\/\/www.raffinessen.ch\/fr\/produit\/mareeba\/\" \/>\n<meta property=\"og:locale\" content=\"fr_FR\" \/>\n<meta property=\"og:type\" content=\"article\" \/>\n<meta property=\"og:title\" content=\"Mareeba (bisher Zitronen Pfeffer) - Raffinessen\" \/>\n<meta property=\"og:description\" content=\"65 g\" \/>\n<meta property=\"og:url\" content=\"https:\/\/www.raffinessen.ch\/fr\/produit\/mareeba\/\" \/>\n<meta property=\"og:site_name\" content=\"Raffinessen\" \/>\n<meta property=\"article:modified_time\" content=\"2022-12-30T16:17:45+00:00\" \/>\n<meta property=\"og:image\" content=\"https:\/\/www.raffinessen.ch\/webseite\/wp-content\/uploads\/2020\/03\/zitronen-pfeffer-gewuerz-kreis-raffinessen.jpg\" \/>\n\t<meta property=\"og:image:width\" content=\"2500\" \/>\n\t<meta property=\"og:image:height\" content=\"2500\" \/>\n\t<meta property=\"og:image:type\" content=\"image\/jpeg\" \/>\n<meta name=\"twitter:card\" content=\"summary_large_image\" \/>\n<meta name=\"twitter:label1\" content=\"Dur\u00e9e de lecture estim\u00e9e\" \/>\n\t<meta name=\"twitter:data1\" content=\"1 minute\" \/>\n<script type=\"application\/ld+json\" class=\"yoast-schema-graph\">{\"@context\":\"https:\\\/\\\/schema.org\",\"@graph\":[{\"@type\":\"WebPage\",\"@id\":\"https:\\\/\\\/www.raffinessen.ch\\\/produkt\\\/mareeba\\\/\",\"url\":\"https:\\\/\\\/www.raffinessen.ch\\\/produkt\\\/mareeba\\\/\",\"name\":\"Mareeba (bisher Zitronen Pfeffer) - Raffinessen\",\"isPartOf\":{\"@id\":\"https:\\\/\\\/www.raffinessen.ch\\\/#website\"},\"primaryImageOfPage\":{\"@id\":\"https:\\\/\\\/www.raffinessen.ch\\\/produkt\\\/mareeba\\\/#primaryimage\"},\"image\":{\"@id\":\"https:\\\/\\\/www.raffinessen.ch\\\/produkt\\\/mareeba\\\/#primaryimage\"},\"thumbnailUrl\":\"https:\\\/\\\/www.raffinessen.ch\\\/webseite\\\/wp-content\\\/uploads\\\/2020\\\/03\\\/zitronen-pfeffer-gewuerz-kreis-raffinessen.jpg\",\"datePublished\":\"2020-07-09T12:32:57+00:00\",\"dateModified\":\"2022-12-30T16:17:45+00:00\",\"breadcrumb\":{\"@id\":\"https:\\\/\\\/www.raffinessen.ch\\\/produkt\\\/mareeba\\\/#breadcrumb\"},\"inLanguage\":\"fr-FR\",\"potentialAction\":[{\"@type\":\"ReadAction\",\"target\":[\"https:\\\/\\\/www.raffinessen.ch\\\/produkt\\\/mareeba\\\/\"]}]},{\"@type\":\"ImageObject\",\"inLanguage\":\"fr-FR\",\"@id\":\"https:\\\/\\\/www.raffinessen.ch\\\/produkt\\\/mareeba\\\/#primaryimage\",\"url\":\"https:\\\/\\\/www.raffinessen.ch\\\/webseite\\\/wp-content\\\/uploads\\\/2020\\\/03\\\/zitronen-pfeffer-gewuerz-kreis-raffinessen.jpg\",\"contentUrl\":\"https:\\\/\\\/www.raffinessen.ch\\\/webseite\\\/wp-content\\\/uploads\\\/2020\\\/03\\\/zitronen-pfeffer-gewuerz-kreis-raffinessen.jpg\",\"width\":2500,\"height\":2500},{\"@type\":\"BreadcrumbList\",\"@id\":\"https:\\\/\\\/www.raffinessen.ch\\\/produkt\\\/mareeba\\\/#breadcrumb\",\"itemListElement\":[{\"@type\":\"ListItem\",\"position\":1,\"name\":\"Home\",\"item\":\"https:\\\/\\\/www.raffinessen.ch\\\/\"},{\"@type\":\"ListItem\",\"position\":2,\"name\":\"Shop\",\"item\":\"https:\\\/\\\/www.raffinessen.ch\\\/shop\\\/\"},{\"@type\":\"ListItem\",\"position\":3,\"name\":\"Mareeba (bisher Zitronen Pfeffer)\"}]},{\"@type\":\"WebSite\",\"@id\":\"https:\\\/\\\/www.raffinessen.ch\\\/#website\",\"url\":\"https:\\\/\\\/www.raffinessen.ch\\\/\",\"name\":\"Raffinessen\",\"description\":\"roter und schwarzer Kampot Pfeffer - Gew\u00fcrze\",\"potentialAction\":[{\"@type\":\"SearchAction\",\"target\":{\"@type\":\"EntryPoint\",\"urlTemplate\":\"https:\\\/\\\/www.raffinessen.ch\\\/?s={search_term_string}\"},\"query-input\":{\"@type\":\"PropertyValueSpecification\",\"valueRequired\":true,\"valueName\":\"search_term_string\"}}],\"inLanguage\":\"fr-FR\"}]}<\/script>\n<!-- \/ Yoast SEO plugin. -->","yoast_head_json":{"title":"Mareeba (bisher Zitronen Pfeffer) - Raffinessen","robots":{"index":"index","follow":"follow","max-snippet":"max-snippet:-1","max-image-preview":"max-image-preview:large","max-video-preview":"max-video-preview:-1"},"canonical":"https:\/\/www.raffinessen.ch\/fr\/produit\/mareeba\/","og_locale":"fr_FR","og_type":"article","og_title":"Mareeba (bisher Zitronen Pfeffer) - Raffinessen","og_description":"65 g","og_url":"https:\/\/www.raffinessen.ch\/fr\/produit\/mareeba\/","og_site_name":"Raffinessen","article_modified_time":"2022-12-30T16:17:45+00:00","og_image":[{"width":2500,"height":2500,"url":"https:\/\/www.raffinessen.ch\/webseite\/wp-content\/uploads\/2020\/03\/zitronen-pfeffer-gewuerz-kreis-raffinessen.jpg","type":"image\/jpeg"}],"twitter_card":"summary_large_image","twitter_misc":{"Dur\u00e9e de lecture estim\u00e9e":"1 minute"},"schema":{"@context":"https:\/\/schema.org","@graph":[{"@type":"WebPage","@id":"https:\/\/www.raffinessen.ch\/produkt\/mareeba\/","url":"https:\/\/www.raffinessen.ch\/produkt\/mareeba\/","name":"Mareeba (bisher Zitronen Pfeffer) - Raffinessen","isPartOf":{"@id":"https:\/\/www.raffinessen.ch\/#website"},"primaryImageOfPage":{"@id":"https:\/\/www.raffinessen.ch\/produkt\/mareeba\/#primaryimage"},"image":{"@id":"https:\/\/www.raffinessen.ch\/produkt\/mareeba\/#primaryimage"},"thumbnailUrl":"https:\/\/www.raffinessen.ch\/webseite\/wp-content\/uploads\/2020\/03\/zitronen-pfeffer-gewuerz-kreis-raffinessen.jpg","datePublished":"2020-07-09T12:32:57+00:00","dateModified":"2022-12-30T16:17:45+00:00","breadcrumb":{"@id":"https:\/\/www.raffinessen.ch\/produkt\/mareeba\/#breadcrumb"},"inLanguage":"fr-FR","potentialAction":[{"@type":"ReadAction","target":["https:\/\/www.raffinessen.ch\/produkt\/mareeba\/"]}]},{"@type":"ImageObject","inLanguage":"fr-FR","@id":"https:\/\/www.raffinessen.ch\/produkt\/mareeba\/#primaryimage","url":"https:\/\/www.raffinessen.ch\/webseite\/wp-content\/uploads\/2020\/03\/zitronen-pfeffer-gewuerz-kreis-raffinessen.jpg","contentUrl":"https:\/\/www.raffinessen.ch\/webseite\/wp-content\/uploads\/2020\/03\/zitronen-pfeffer-gewuerz-kreis-raffinessen.jpg","width":2500,"height":2500},{"@type":"BreadcrumbList","@id":"https:\/\/www.raffinessen.ch\/produkt\/mareeba\/#breadcrumb","itemListElement":[{"@type":"ListItem","position":1,"name":"Home","item":"https:\/\/www.raffinessen.ch\/"},{"@type":"ListItem","position":2,"name":"Shop","item":"https:\/\/www.raffinessen.ch\/shop\/"},{"@type":"ListItem","position":3,"name":"Mareeba (bisher Zitronen Pfeffer)"}]},{"@type":"WebSite","@id":"https:\/\/www.raffinessen.ch\/#website","url":"https:\/\/www.raffinessen.ch\/","name":"Raffinements","description":"poivre de Kampot rouge et noir - \u00e9pices","potentialAction":[{"@type":"SearchAction","target":{"@type":"EntryPoint","urlTemplate":"https:\/\/www.raffinessen.ch\/?s={search_term_string}"},"query-input":{"@type":"PropertyValueSpecification","valueRequired":true,"valueName":"search_term_string"}}],"inLanguage":"fr-FR"}]}},"_links":{"self":[{"href":"https:\/\/www.raffinessen.ch\/fr\/wp-json\/wp\/v2\/product\/6559","targetHints":{"allow":["GET"]}}],"collection":[{"href":"https:\/\/www.raffinessen.ch\/fr\/wp-json\/wp\/v2\/product"}],"about":[{"href":"https:\/\/www.raffinessen.ch\/fr\/wp-json\/wp\/v2\/types\/product"}],"wp:featuredmedia":[{"embeddable":true,"href":"https:\/\/www.raffinessen.ch\/fr\/wp-json\/wp\/v2\/media\/5147"}],"wp:attachment":[{"href":"https:\/\/www.raffinessen.ch\/fr\/wp-json\/wp\/v2\/media?parent=6559"}],"wp:term":[{"taxonomy":"product_brand","embeddable":true,"href":"https:\/\/www.raffinessen.ch\/fr\/wp-json\/wp\/v2\/product_brand?post=6559"},{"taxonomy":"product_cat","embeddable":true,"href":"https:\/\/www.raffinessen.ch\/fr\/wp-json\/wp\/v2\/product_cat?post=6559"},{"taxonomy":"product_tag","embeddable":true,"href":"https:\/\/www.raffinessen.ch\/fr\/wp-json\/wp\/v2\/product_tag?post=6559"}],"curies":[{"name":"wp","href":"https:\/\/api.w.org\/{rel}","templated":true}]}}