{"id":6555,"date":"2020-07-09T14:22:04","date_gmt":"2020-07-09T12:22:04","guid":{"rendered":"https:\/\/raffinessen.ch\/webseite\/?post_type=product&#038;p=6555"},"modified":"2022-12-30T17:31:19","modified_gmt":"2022-12-30T16:31:19","slug":"fukuoka","status":"publish","type":"product","link":"https:\/\/www.raffinessen.ch\/fr\/produit\/fukuoka\/","title":{"rendered":"Fukuoka (pr\u00e9c\u00e9demment Yakitori)"},"content":{"rendered":"<p><strong>Composition<\/strong><br \/>\nS\u00e9same (noir, blanc), sel de cuisine avec iode 35%, sucre brut, piment, paprika, oignon, ail<\/p>\n<p><strong>Information<\/strong><br \/>\nCe m\u00e9lange s'inspire du \"Yakitori\", les brochettes japonaises au barbecue avec de la viande de poulet. Nous y avons associ\u00e9 des ar\u00f4mes de noix et de s\u00e9same, des notes sucr\u00e9es et un piquant doux. Une sauce \u00e0 base de mirin et de sauce soja avec un soup\u00e7on de citron s'y associe parfaitement.<\/p>\n<p><strong>Inspiration<\/strong><br \/>\nClassique : volaille et poisson<br \/>\nNos d\u00e9couvertes : Gratin de pommes de terre, m\u00e9langer avec de l'huile de colza et \u00e9taler sur un pain pita ou une p\u00e2te \u00e0 pizza avant la cuisson, falafels, riz, sauces pour salades et dips<\/p>\n<p><em>M\u00eame contenu, nouveau nom : Fukuoka remplace l'appellation \"Yakitori\".<\/em><\/p>","protected":false},"excerpt":{"rendered":"<p><strong>60 g<\/strong><\/p>","protected":false},"featured_media":5145,"template":"","meta":[],"product_brand":[],"product_cat":[1177,1176],"product_tag":[],"class_list":{"0":"post-6555","1":"product","2":"type-product","3":"status-publish","4":"has-post-thumbnail","6":"product_cat-gemahlen","7":"product_cat-gewuerz-mischungen","8":"tm-no-options","10":"first","11":"instock","12":"taxable","13":"shipping-taxable","14":"purchasable","15":"product-type-simple"},"yoast_head":"<!-- This site is optimized with the Yoast SEO plugin v27.5 - https:\/\/yoast.com\/product\/yoast-seo-wordpress\/ -->\n<title>Fukuoka (bisher Yakitori) - Raffinessen<\/title>\n<meta name=\"robots\" content=\"index, follow, max-snippet:-1, max-image-preview:large, max-video-preview:-1\" \/>\n<link rel=\"canonical\" href=\"https:\/\/www.raffinessen.ch\/fr\/produit\/fukuoka\/\" \/>\n<meta property=\"og:locale\" content=\"fr_FR\" \/>\n<meta property=\"og:type\" content=\"article\" \/>\n<meta property=\"og:title\" content=\"Fukuoka (bisher Yakitori) - Raffinessen\" \/>\n<meta property=\"og:description\" content=\"60 g\" \/>\n<meta property=\"og:url\" content=\"https:\/\/www.raffinessen.ch\/fr\/produit\/fukuoka\/\" \/>\n<meta property=\"og:site_name\" content=\"Raffinessen\" \/>\n<meta property=\"article:modified_time\" content=\"2022-12-30T16:31:19+00:00\" \/>\n<meta property=\"og:image\" content=\"https:\/\/www.raffinessen.ch\/webseite\/wp-content\/uploads\/2020\/03\/yakitori-gewuerz-kreis-raffinessen.jpg\" \/>\n\t<meta property=\"og:image:width\" content=\"2500\" \/>\n\t<meta property=\"og:image:height\" content=\"2500\" \/>\n\t<meta property=\"og:image:type\" content=\"image\/jpeg\" \/>\n<meta name=\"twitter:card\" content=\"summary_large_image\" \/>\n<meta name=\"twitter:label1\" content=\"Dur\u00e9e de lecture estim\u00e9e\" \/>\n\t<meta name=\"twitter:data1\" content=\"1 minute\" \/>\n<script type=\"application\/ld+json\" class=\"yoast-schema-graph\">{\"@context\":\"https:\\\/\\\/schema.org\",\"@graph\":[{\"@type\":\"WebPage\",\"@id\":\"https:\\\/\\\/www.raffinessen.ch\\\/produkt\\\/fukuoka\\\/\",\"url\":\"https:\\\/\\\/www.raffinessen.ch\\\/produkt\\\/fukuoka\\\/\",\"name\":\"Fukuoka (bisher Yakitori) - Raffinessen\",\"isPartOf\":{\"@id\":\"https:\\\/\\\/www.raffinessen.ch\\\/#website\"},\"primaryImageOfPage\":{\"@id\":\"https:\\\/\\\/www.raffinessen.ch\\\/produkt\\\/fukuoka\\\/#primaryimage\"},\"image\":{\"@id\":\"https:\\\/\\\/www.raffinessen.ch\\\/produkt\\\/fukuoka\\\/#primaryimage\"},\"thumbnailUrl\":\"https:\\\/\\\/www.raffinessen.ch\\\/webseite\\\/wp-content\\\/uploads\\\/2020\\\/03\\\/yakitori-gewuerz-kreis-raffinessen.jpg\",\"datePublished\":\"2020-07-09T12:22:04+00:00\",\"dateModified\":\"2022-12-30T16:31:19+00:00\",\"breadcrumb\":{\"@id\":\"https:\\\/\\\/www.raffinessen.ch\\\/produkt\\\/fukuoka\\\/#breadcrumb\"},\"inLanguage\":\"fr-FR\",\"potentialAction\":[{\"@type\":\"ReadAction\",\"target\":[\"https:\\\/\\\/www.raffinessen.ch\\\/produkt\\\/fukuoka\\\/\"]}]},{\"@type\":\"ImageObject\",\"inLanguage\":\"fr-FR\",\"@id\":\"https:\\\/\\\/www.raffinessen.ch\\\/produkt\\\/fukuoka\\\/#primaryimage\",\"url\":\"https:\\\/\\\/www.raffinessen.ch\\\/webseite\\\/wp-content\\\/uploads\\\/2020\\\/03\\\/yakitori-gewuerz-kreis-raffinessen.jpg\",\"contentUrl\":\"https:\\\/\\\/www.raffinessen.ch\\\/webseite\\\/wp-content\\\/uploads\\\/2020\\\/03\\\/yakitori-gewuerz-kreis-raffinessen.jpg\",\"width\":2500,\"height\":2500},{\"@type\":\"BreadcrumbList\",\"@id\":\"https:\\\/\\\/www.raffinessen.ch\\\/produkt\\\/fukuoka\\\/#breadcrumb\",\"itemListElement\":[{\"@type\":\"ListItem\",\"position\":1,\"name\":\"Home\",\"item\":\"https:\\\/\\\/www.raffinessen.ch\\\/\"},{\"@type\":\"ListItem\",\"position\":2,\"name\":\"Shop\",\"item\":\"https:\\\/\\\/www.raffinessen.ch\\\/shop\\\/\"},{\"@type\":\"ListItem\",\"position\":3,\"name\":\"Fukuoka (bisher Yakitori)\"}]},{\"@type\":\"WebSite\",\"@id\":\"https:\\\/\\\/www.raffinessen.ch\\\/#website\",\"url\":\"https:\\\/\\\/www.raffinessen.ch\\\/\",\"name\":\"Raffinessen\",\"description\":\"roter und schwarzer Kampot Pfeffer - Gew\u00fcrze\",\"potentialAction\":[{\"@type\":\"SearchAction\",\"target\":{\"@type\":\"EntryPoint\",\"urlTemplate\":\"https:\\\/\\\/www.raffinessen.ch\\\/?s={search_term_string}\"},\"query-input\":{\"@type\":\"PropertyValueSpecification\",\"valueRequired\":true,\"valueName\":\"search_term_string\"}}],\"inLanguage\":\"fr-FR\"}]}<\/script>\n<!-- \/ Yoast SEO plugin. -->","yoast_head_json":{"title":"Fukuoka (bisher Yakitori) - Raffinessen","robots":{"index":"index","follow":"follow","max-snippet":"max-snippet:-1","max-image-preview":"max-image-preview:large","max-video-preview":"max-video-preview:-1"},"canonical":"https:\/\/www.raffinessen.ch\/fr\/produit\/fukuoka\/","og_locale":"fr_FR","og_type":"article","og_title":"Fukuoka (bisher Yakitori) - Raffinessen","og_description":"60 g","og_url":"https:\/\/www.raffinessen.ch\/fr\/produit\/fukuoka\/","og_site_name":"Raffinessen","article_modified_time":"2022-12-30T16:31:19+00:00","og_image":[{"width":2500,"height":2500,"url":"https:\/\/www.raffinessen.ch\/webseite\/wp-content\/uploads\/2020\/03\/yakitori-gewuerz-kreis-raffinessen.jpg","type":"image\/jpeg"}],"twitter_card":"summary_large_image","twitter_misc":{"Dur\u00e9e de lecture estim\u00e9e":"1 minute"},"schema":{"@context":"https:\/\/schema.org","@graph":[{"@type":"WebPage","@id":"https:\/\/www.raffinessen.ch\/produkt\/fukuoka\/","url":"https:\/\/www.raffinessen.ch\/produkt\/fukuoka\/","name":"Fukuoka (bisher Yakitori) - Raffinessen","isPartOf":{"@id":"https:\/\/www.raffinessen.ch\/#website"},"primaryImageOfPage":{"@id":"https:\/\/www.raffinessen.ch\/produkt\/fukuoka\/#primaryimage"},"image":{"@id":"https:\/\/www.raffinessen.ch\/produkt\/fukuoka\/#primaryimage"},"thumbnailUrl":"https:\/\/www.raffinessen.ch\/webseite\/wp-content\/uploads\/2020\/03\/yakitori-gewuerz-kreis-raffinessen.jpg","datePublished":"2020-07-09T12:22:04+00:00","dateModified":"2022-12-30T16:31:19+00:00","breadcrumb":{"@id":"https:\/\/www.raffinessen.ch\/produkt\/fukuoka\/#breadcrumb"},"inLanguage":"fr-FR","potentialAction":[{"@type":"ReadAction","target":["https:\/\/www.raffinessen.ch\/produkt\/fukuoka\/"]}]},{"@type":"ImageObject","inLanguage":"fr-FR","@id":"https:\/\/www.raffinessen.ch\/produkt\/fukuoka\/#primaryimage","url":"https:\/\/www.raffinessen.ch\/webseite\/wp-content\/uploads\/2020\/03\/yakitori-gewuerz-kreis-raffinessen.jpg","contentUrl":"https:\/\/www.raffinessen.ch\/webseite\/wp-content\/uploads\/2020\/03\/yakitori-gewuerz-kreis-raffinessen.jpg","width":2500,"height":2500},{"@type":"BreadcrumbList","@id":"https:\/\/www.raffinessen.ch\/produkt\/fukuoka\/#breadcrumb","itemListElement":[{"@type":"ListItem","position":1,"name":"Home","item":"https:\/\/www.raffinessen.ch\/"},{"@type":"ListItem","position":2,"name":"Shop","item":"https:\/\/www.raffinessen.ch\/shop\/"},{"@type":"ListItem","position":3,"name":"Fukuoka (bisher Yakitori)"}]},{"@type":"WebSite","@id":"https:\/\/www.raffinessen.ch\/#website","url":"https:\/\/www.raffinessen.ch\/","name":"Raffinements","description":"poivre de Kampot rouge et noir - \u00e9pices","potentialAction":[{"@type":"SearchAction","target":{"@type":"EntryPoint","urlTemplate":"https:\/\/www.raffinessen.ch\/?s={search_term_string}"},"query-input":{"@type":"PropertyValueSpecification","valueRequired":true,"valueName":"search_term_string"}}],"inLanguage":"fr-FR"}]}},"_links":{"self":[{"href":"https:\/\/www.raffinessen.ch\/fr\/wp-json\/wp\/v2\/product\/6555","targetHints":{"allow":["GET"]}}],"collection":[{"href":"https:\/\/www.raffinessen.ch\/fr\/wp-json\/wp\/v2\/product"}],"about":[{"href":"https:\/\/www.raffinessen.ch\/fr\/wp-json\/wp\/v2\/types\/product"}],"wp:featuredmedia":[{"embeddable":true,"href":"https:\/\/www.raffinessen.ch\/fr\/wp-json\/wp\/v2\/media\/5145"}],"wp:attachment":[{"href":"https:\/\/www.raffinessen.ch\/fr\/wp-json\/wp\/v2\/media?parent=6555"}],"wp:term":[{"taxonomy":"product_brand","embeddable":true,"href":"https:\/\/www.raffinessen.ch\/fr\/wp-json\/wp\/v2\/product_brand?post=6555"},{"taxonomy":"product_cat","embeddable":true,"href":"https:\/\/www.raffinessen.ch\/fr\/wp-json\/wp\/v2\/product_cat?post=6555"},{"taxonomy":"product_tag","embeddable":true,"href":"https:\/\/www.raffinessen.ch\/fr\/wp-json\/wp\/v2\/product_tag?post=6555"}],"curies":[{"name":"wp","href":"https:\/\/api.w.org\/{rel}","templated":true}]}}