{"id":6549,"date":"2020-07-09T13:34:57","date_gmt":"2020-07-09T11:34:57","guid":{"rendered":"https:\/\/raffinessen.ch\/webseite\/?post_type=product&#038;p=6549"},"modified":"2022-12-30T17:15:51","modified_gmt":"2022-12-30T16:15:51","slug":"asakusa","status":"publish","type":"product","link":"https:\/\/www.raffinessen.ch\/fr\/produit\/asakusa\/","title":{"rendered":"Asakusa (pr\u00e9c\u00e9demment Shichimi)"},"content":{"rendered":"<p><strong>Composition<\/strong><br \/>\nSel de cuisine avec iode 46%, paprika, s\u00e9same (noir, blanc), algues, sucre brut, raifort, poivre de Sichuan, myrte citronn\u00e9e, \u00e9corces d'orange<\/p>\n<p><strong>Information<\/strong><br \/>\nCe m\u00e9lange d'inspiration japonaise associe le paprika noble et doux et l'ar\u00f4me de noisette du s\u00e9same grill\u00e9 \u00e0 une pinc\u00e9e de mer (algues). \u00c0 n'utiliser que pour l'assaisonnement, une chaleur trop forte d\u00e9truit les ar\u00f4mes.<\/p>\n<p>Si la chaleur est trop forte, des ar\u00f4mes amers se d\u00e9veloppent et d'autres s'\u00e9vaporent. C'est pourquoi nous recommandons, pour la cuisine chaude, d'ajouter le m\u00e9lange vers la fin du processus de cuisson.<\/p>\n<p><strong>Inspiration<\/strong><br \/>\nClassique : plats de soupe, de riz et de p\u00e2tes<br \/>\nNos d\u00e9couvertes : Noix de macadamia, beurre \u00e9pic\u00e9 aux zestes d'orange, houmous, cocktail de crevettes, \u0153uf poch\u00e9<\/p>\n<p><em>M\u00eame contenu, nouveau nom : Asakusa remplace \"Shichimi\".<\/em><\/p>","protected":false},"excerpt":{"rendered":"<p><strong>60 g<\/strong><\/p>","protected":false},"featured_media":5143,"template":"","meta":[],"product_brand":[],"product_cat":[1177,1176],"product_tag":[],"class_list":{"0":"post-6549","1":"product","2":"type-product","3":"status-publish","4":"has-post-thumbnail","6":"product_cat-gemahlen","7":"product_cat-gewuerz-mischungen","8":"tm-no-options","10":"first","11":"instock","12":"taxable","13":"shipping-taxable","14":"purchasable","15":"product-type-simple"},"yoast_head":"<!-- This site is optimized with the Yoast SEO plugin v27.5 - https:\/\/yoast.com\/product\/yoast-seo-wordpress\/ -->\n<title>Asakusa (bisher Shichimi) - Raffinessen<\/title>\n<meta name=\"robots\" content=\"index, follow, max-snippet:-1, max-image-preview:large, max-video-preview:-1\" \/>\n<link rel=\"canonical\" href=\"https:\/\/www.raffinessen.ch\/fr\/produit\/asakusa\/\" \/>\n<meta property=\"og:locale\" content=\"fr_FR\" \/>\n<meta property=\"og:type\" content=\"article\" \/>\n<meta property=\"og:title\" content=\"Asakusa (bisher Shichimi) - Raffinessen\" \/>\n<meta property=\"og:description\" content=\"60 g\" \/>\n<meta property=\"og:url\" content=\"https:\/\/www.raffinessen.ch\/fr\/produit\/asakusa\/\" \/>\n<meta property=\"og:site_name\" content=\"Raffinessen\" \/>\n<meta property=\"article:modified_time\" content=\"2022-12-30T16:15:51+00:00\" \/>\n<meta property=\"og:image\" content=\"https:\/\/www.raffinessen.ch\/webseite\/wp-content\/uploads\/2020\/03\/shichimi-gewuerz-kreis-raffinessen.jpg\" \/>\n\t<meta property=\"og:image:width\" content=\"2500\" \/>\n\t<meta property=\"og:image:height\" content=\"2500\" \/>\n\t<meta property=\"og:image:type\" content=\"image\/jpeg\" \/>\n<meta name=\"twitter:card\" content=\"summary_large_image\" \/>\n<meta name=\"twitter:label1\" content=\"Dur\u00e9e de lecture estim\u00e9e\" \/>\n\t<meta name=\"twitter:data1\" content=\"1 minute\" \/>\n<script type=\"application\/ld+json\" class=\"yoast-schema-graph\">{\"@context\":\"https:\\\/\\\/schema.org\",\"@graph\":[{\"@type\":\"WebPage\",\"@id\":\"https:\\\/\\\/www.raffinessen.ch\\\/produkt\\\/asakusa\\\/\",\"url\":\"https:\\\/\\\/www.raffinessen.ch\\\/produkt\\\/asakusa\\\/\",\"name\":\"Asakusa (bisher Shichimi) - Raffinessen\",\"isPartOf\":{\"@id\":\"https:\\\/\\\/www.raffinessen.ch\\\/#website\"},\"primaryImageOfPage\":{\"@id\":\"https:\\\/\\\/www.raffinessen.ch\\\/produkt\\\/asakusa\\\/#primaryimage\"},\"image\":{\"@id\":\"https:\\\/\\\/www.raffinessen.ch\\\/produkt\\\/asakusa\\\/#primaryimage\"},\"thumbnailUrl\":\"https:\\\/\\\/www.raffinessen.ch\\\/webseite\\\/wp-content\\\/uploads\\\/2020\\\/03\\\/shichimi-gewuerz-kreis-raffinessen.jpg\",\"datePublished\":\"2020-07-09T11:34:57+00:00\",\"dateModified\":\"2022-12-30T16:15:51+00:00\",\"breadcrumb\":{\"@id\":\"https:\\\/\\\/www.raffinessen.ch\\\/produkt\\\/asakusa\\\/#breadcrumb\"},\"inLanguage\":\"fr-FR\",\"potentialAction\":[{\"@type\":\"ReadAction\",\"target\":[\"https:\\\/\\\/www.raffinessen.ch\\\/produkt\\\/asakusa\\\/\"]}]},{\"@type\":\"ImageObject\",\"inLanguage\":\"fr-FR\",\"@id\":\"https:\\\/\\\/www.raffinessen.ch\\\/produkt\\\/asakusa\\\/#primaryimage\",\"url\":\"https:\\\/\\\/www.raffinessen.ch\\\/webseite\\\/wp-content\\\/uploads\\\/2020\\\/03\\\/shichimi-gewuerz-kreis-raffinessen.jpg\",\"contentUrl\":\"https:\\\/\\\/www.raffinessen.ch\\\/webseite\\\/wp-content\\\/uploads\\\/2020\\\/03\\\/shichimi-gewuerz-kreis-raffinessen.jpg\",\"width\":2500,\"height\":2500},{\"@type\":\"BreadcrumbList\",\"@id\":\"https:\\\/\\\/www.raffinessen.ch\\\/produkt\\\/asakusa\\\/#breadcrumb\",\"itemListElement\":[{\"@type\":\"ListItem\",\"position\":1,\"name\":\"Home\",\"item\":\"https:\\\/\\\/www.raffinessen.ch\\\/\"},{\"@type\":\"ListItem\",\"position\":2,\"name\":\"Shop\",\"item\":\"https:\\\/\\\/www.raffinessen.ch\\\/shop\\\/\"},{\"@type\":\"ListItem\",\"position\":3,\"name\":\"Asakusa (bisher Shichimi)\"}]},{\"@type\":\"WebSite\",\"@id\":\"https:\\\/\\\/www.raffinessen.ch\\\/#website\",\"url\":\"https:\\\/\\\/www.raffinessen.ch\\\/\",\"name\":\"Raffinessen\",\"description\":\"roter und schwarzer Kampot Pfeffer - Gew\u00fcrze\",\"potentialAction\":[{\"@type\":\"SearchAction\",\"target\":{\"@type\":\"EntryPoint\",\"urlTemplate\":\"https:\\\/\\\/www.raffinessen.ch\\\/?s={search_term_string}\"},\"query-input\":{\"@type\":\"PropertyValueSpecification\",\"valueRequired\":true,\"valueName\":\"search_term_string\"}}],\"inLanguage\":\"fr-FR\"}]}<\/script>\n<!-- \/ Yoast SEO plugin. -->","yoast_head_json":{"title":"Asakusa (bisher Shichimi) - Raffinessen","robots":{"index":"index","follow":"follow","max-snippet":"max-snippet:-1","max-image-preview":"max-image-preview:large","max-video-preview":"max-video-preview:-1"},"canonical":"https:\/\/www.raffinessen.ch\/fr\/produit\/asakusa\/","og_locale":"fr_FR","og_type":"article","og_title":"Asakusa (bisher Shichimi) - Raffinessen","og_description":"60 g","og_url":"https:\/\/www.raffinessen.ch\/fr\/produit\/asakusa\/","og_site_name":"Raffinessen","article_modified_time":"2022-12-30T16:15:51+00:00","og_image":[{"width":2500,"height":2500,"url":"https:\/\/www.raffinessen.ch\/webseite\/wp-content\/uploads\/2020\/03\/shichimi-gewuerz-kreis-raffinessen.jpg","type":"image\/jpeg"}],"twitter_card":"summary_large_image","twitter_misc":{"Dur\u00e9e de lecture estim\u00e9e":"1 minute"},"schema":{"@context":"https:\/\/schema.org","@graph":[{"@type":"WebPage","@id":"https:\/\/www.raffinessen.ch\/produkt\/asakusa\/","url":"https:\/\/www.raffinessen.ch\/produkt\/asakusa\/","name":"Asakusa (bisher Shichimi) - Raffinessen","isPartOf":{"@id":"https:\/\/www.raffinessen.ch\/#website"},"primaryImageOfPage":{"@id":"https:\/\/www.raffinessen.ch\/produkt\/asakusa\/#primaryimage"},"image":{"@id":"https:\/\/www.raffinessen.ch\/produkt\/asakusa\/#primaryimage"},"thumbnailUrl":"https:\/\/www.raffinessen.ch\/webseite\/wp-content\/uploads\/2020\/03\/shichimi-gewuerz-kreis-raffinessen.jpg","datePublished":"2020-07-09T11:34:57+00:00","dateModified":"2022-12-30T16:15:51+00:00","breadcrumb":{"@id":"https:\/\/www.raffinessen.ch\/produkt\/asakusa\/#breadcrumb"},"inLanguage":"fr-FR","potentialAction":[{"@type":"ReadAction","target":["https:\/\/www.raffinessen.ch\/produkt\/asakusa\/"]}]},{"@type":"ImageObject","inLanguage":"fr-FR","@id":"https:\/\/www.raffinessen.ch\/produkt\/asakusa\/#primaryimage","url":"https:\/\/www.raffinessen.ch\/webseite\/wp-content\/uploads\/2020\/03\/shichimi-gewuerz-kreis-raffinessen.jpg","contentUrl":"https:\/\/www.raffinessen.ch\/webseite\/wp-content\/uploads\/2020\/03\/shichimi-gewuerz-kreis-raffinessen.jpg","width":2500,"height":2500},{"@type":"BreadcrumbList","@id":"https:\/\/www.raffinessen.ch\/produkt\/asakusa\/#breadcrumb","itemListElement":[{"@type":"ListItem","position":1,"name":"Home","item":"https:\/\/www.raffinessen.ch\/"},{"@type":"ListItem","position":2,"name":"Shop","item":"https:\/\/www.raffinessen.ch\/shop\/"},{"@type":"ListItem","position":3,"name":"Asakusa (bisher Shichimi)"}]},{"@type":"WebSite","@id":"https:\/\/www.raffinessen.ch\/#website","url":"https:\/\/www.raffinessen.ch\/","name":"Raffinements","description":"poivre de Kampot rouge et noir - \u00e9pices","potentialAction":[{"@type":"SearchAction","target":{"@type":"EntryPoint","urlTemplate":"https:\/\/www.raffinessen.ch\/?s={search_term_string}"},"query-input":{"@type":"PropertyValueSpecification","valueRequired":true,"valueName":"search_term_string"}}],"inLanguage":"fr-FR"}]}},"_links":{"self":[{"href":"https:\/\/www.raffinessen.ch\/fr\/wp-json\/wp\/v2\/product\/6549","targetHints":{"allow":["GET"]}}],"collection":[{"href":"https:\/\/www.raffinessen.ch\/fr\/wp-json\/wp\/v2\/product"}],"about":[{"href":"https:\/\/www.raffinessen.ch\/fr\/wp-json\/wp\/v2\/types\/product"}],"wp:featuredmedia":[{"embeddable":true,"href":"https:\/\/www.raffinessen.ch\/fr\/wp-json\/wp\/v2\/media\/5143"}],"wp:attachment":[{"href":"https:\/\/www.raffinessen.ch\/fr\/wp-json\/wp\/v2\/media?parent=6549"}],"wp:term":[{"taxonomy":"product_brand","embeddable":true,"href":"https:\/\/www.raffinessen.ch\/fr\/wp-json\/wp\/v2\/product_brand?post=6549"},{"taxonomy":"product_cat","embeddable":true,"href":"https:\/\/www.raffinessen.ch\/fr\/wp-json\/wp\/v2\/product_cat?post=6549"},{"taxonomy":"product_tag","embeddable":true,"href":"https:\/\/www.raffinessen.ch\/fr\/wp-json\/wp\/v2\/product_tag?post=6549"}],"curies":[{"name":"wp","href":"https:\/\/api.w.org\/{rel}","templated":true}]}}