{"id":6521,"date":"2020-07-08T17:03:03","date_gmt":"2020-07-08T15:03:03","guid":{"rendered":"https:\/\/raffinessen.ch\/webseite\/?post_type=product&#038;p=6521"},"modified":"2024-03-04T16:28:51","modified_gmt":"2024-03-04T15:28:51","slug":"alexandria","status":"publish","type":"product","link":"https:\/\/www.raffinessen.ch\/fr\/produit\/alexandria\/","title":{"rendered":"Alexandrie (anciennement Baharat)"},"content":{"rendered":"<p><strong>Composition<\/strong><br \/>\nSel avec iode 37%, paprika, coriandre, cumin, moutarde (sans gluten), poivre, cannelle, cardamome, curcuma, muscade, clous de girofle, cayenne<\/p>\n<p><strong>Information<\/strong><br \/>\nLe baharat est un m\u00e9lange tr\u00e8s puissant. Il peut \u00eatre utilis\u00e9 comme assaisonnement, mais les \u00e9pices ne peuvent d\u00e9velopper leur plein ar\u00f4me que si tu leur laisses un peu de temps. Fais mariner ta viande pendant au moins deux heures ou assaisonne un rago\u00fbt et ce m\u00e9lange t'offrira une exp\u00e9rience gustative orientale et piquante.<\/p>\n<p><strong>Inspiration<\/strong><br \/>\nClassique : toutes les sortes de viande, des gros morceaux au rago\u00fbt en passant par la viande hach\u00e9e, le couscous et le boulgour<br \/>\nNos d\u00e9couvertes : Sauce tomate, guacamole, riz, shakshuka<\/p>\n<p><em>M\u00eame contenu, nouveau nom : Alexandria remplace l'appellation \"Baharat\".<\/em><\/p>","protected":false},"excerpt":{"rendered":"<p><strong>70 g<\/strong><\/p>","protected":false},"featured_media":17205,"template":"","meta":[],"product_brand":[],"product_cat":[1177,1176],"product_tag":[],"class_list":{"0":"post-6521","1":"product","2":"type-product","3":"status-publish","4":"has-post-thumbnail","6":"product_cat-gemahlen","7":"product_cat-gewuerz-mischungen","8":"tm-no-options","10":"first","11":"instock","12":"taxable","13":"shipping-taxable","14":"purchasable","15":"product-type-simple"},"yoast_head":"<!-- This site is optimized with the Yoast SEO plugin v27.5 - https:\/\/yoast.com\/product\/yoast-seo-wordpress\/ -->\n<title>Alexandria (bisher Baharat) - Raffinessen<\/title>\n<meta name=\"robots\" content=\"index, follow, max-snippet:-1, max-image-preview:large, max-video-preview:-1\" \/>\n<link rel=\"canonical\" href=\"https:\/\/www.raffinessen.ch\/fr\/produit\/alexandria\/\" \/>\n<meta property=\"og:locale\" content=\"fr_FR\" \/>\n<meta property=\"og:type\" content=\"article\" \/>\n<meta property=\"og:title\" content=\"Alexandria (bisher Baharat) - Raffinessen\" \/>\n<meta property=\"og:description\" content=\"70 g\" \/>\n<meta property=\"og:url\" content=\"https:\/\/www.raffinessen.ch\/fr\/produit\/alexandria\/\" \/>\n<meta property=\"og:site_name\" content=\"Raffinessen\" \/>\n<meta property=\"article:modified_time\" content=\"2024-03-04T15:28:51+00:00\" \/>\n<meta property=\"og:image\" content=\"https:\/\/www.raffinessen.ch\/webseite\/wp-content\/uploads\/2020\/07\/Baharat_1500x1500.jpg\" \/>\n\t<meta property=\"og:image:width\" content=\"1500\" \/>\n\t<meta property=\"og:image:height\" content=\"1500\" \/>\n\t<meta property=\"og:image:type\" content=\"image\/jpeg\" \/>\n<meta name=\"twitter:card\" content=\"summary_large_image\" \/>\n<meta name=\"twitter:label1\" content=\"Dur\u00e9e de lecture estim\u00e9e\" \/>\n\t<meta name=\"twitter:data1\" content=\"1 minute\" \/>\n<script type=\"application\/ld+json\" class=\"yoast-schema-graph\">{\"@context\":\"https:\\\/\\\/schema.org\",\"@graph\":[{\"@type\":\"WebPage\",\"@id\":\"https:\\\/\\\/www.raffinessen.ch\\\/produkt\\\/alexandria\\\/\",\"url\":\"https:\\\/\\\/www.raffinessen.ch\\\/produkt\\\/alexandria\\\/\",\"name\":\"Alexandria (bisher Baharat) - Raffinessen\",\"isPartOf\":{\"@id\":\"https:\\\/\\\/www.raffinessen.ch\\\/#website\"},\"primaryImageOfPage\":{\"@id\":\"https:\\\/\\\/www.raffinessen.ch\\\/produkt\\\/alexandria\\\/#primaryimage\"},\"image\":{\"@id\":\"https:\\\/\\\/www.raffinessen.ch\\\/produkt\\\/alexandria\\\/#primaryimage\"},\"thumbnailUrl\":\"https:\\\/\\\/www.raffinessen.ch\\\/webseite\\\/wp-content\\\/uploads\\\/2020\\\/07\\\/Baharat_1500x1500.jpg\",\"datePublished\":\"2020-07-08T15:03:03+00:00\",\"dateModified\":\"2024-03-04T15:28:51+00:00\",\"breadcrumb\":{\"@id\":\"https:\\\/\\\/www.raffinessen.ch\\\/produkt\\\/alexandria\\\/#breadcrumb\"},\"inLanguage\":\"fr-FR\",\"potentialAction\":[{\"@type\":\"ReadAction\",\"target\":[\"https:\\\/\\\/www.raffinessen.ch\\\/produkt\\\/alexandria\\\/\"]}]},{\"@type\":\"ImageObject\",\"inLanguage\":\"fr-FR\",\"@id\":\"https:\\\/\\\/www.raffinessen.ch\\\/produkt\\\/alexandria\\\/#primaryimage\",\"url\":\"https:\\\/\\\/www.raffinessen.ch\\\/webseite\\\/wp-content\\\/uploads\\\/2020\\\/07\\\/Baharat_1500x1500.jpg\",\"contentUrl\":\"https:\\\/\\\/www.raffinessen.ch\\\/webseite\\\/wp-content\\\/uploads\\\/2020\\\/07\\\/Baharat_1500x1500.jpg\",\"width\":1500,\"height\":1500},{\"@type\":\"BreadcrumbList\",\"@id\":\"https:\\\/\\\/www.raffinessen.ch\\\/produkt\\\/alexandria\\\/#breadcrumb\",\"itemListElement\":[{\"@type\":\"ListItem\",\"position\":1,\"name\":\"Home\",\"item\":\"https:\\\/\\\/www.raffinessen.ch\\\/\"},{\"@type\":\"ListItem\",\"position\":2,\"name\":\"Shop\",\"item\":\"https:\\\/\\\/www.raffinessen.ch\\\/shop\\\/\"},{\"@type\":\"ListItem\",\"position\":3,\"name\":\"Alexandria (bisher Baharat)\"}]},{\"@type\":\"WebSite\",\"@id\":\"https:\\\/\\\/www.raffinessen.ch\\\/#website\",\"url\":\"https:\\\/\\\/www.raffinessen.ch\\\/\",\"name\":\"Raffinessen\",\"description\":\"roter und schwarzer Kampot Pfeffer - Gew\u00fcrze\",\"potentialAction\":[{\"@type\":\"SearchAction\",\"target\":{\"@type\":\"EntryPoint\",\"urlTemplate\":\"https:\\\/\\\/www.raffinessen.ch\\\/?s={search_term_string}\"},\"query-input\":{\"@type\":\"PropertyValueSpecification\",\"valueRequired\":true,\"valueName\":\"search_term_string\"}}],\"inLanguage\":\"fr-FR\"}]}<\/script>\n<!-- \/ Yoast SEO plugin. -->","yoast_head_json":{"title":"Alexandria (bisher Baharat) - Raffinessen","robots":{"index":"index","follow":"follow","max-snippet":"max-snippet:-1","max-image-preview":"max-image-preview:large","max-video-preview":"max-video-preview:-1"},"canonical":"https:\/\/www.raffinessen.ch\/fr\/produit\/alexandria\/","og_locale":"fr_FR","og_type":"article","og_title":"Alexandria (bisher Baharat) - Raffinessen","og_description":"70 g","og_url":"https:\/\/www.raffinessen.ch\/fr\/produit\/alexandria\/","og_site_name":"Raffinessen","article_modified_time":"2024-03-04T15:28:51+00:00","og_image":[{"width":1500,"height":1500,"url":"https:\/\/www.raffinessen.ch\/webseite\/wp-content\/uploads\/2020\/07\/Baharat_1500x1500.jpg","type":"image\/jpeg"}],"twitter_card":"summary_large_image","twitter_misc":{"Dur\u00e9e de lecture estim\u00e9e":"1 minute"},"schema":{"@context":"https:\/\/schema.org","@graph":[{"@type":"WebPage","@id":"https:\/\/www.raffinessen.ch\/produkt\/alexandria\/","url":"https:\/\/www.raffinessen.ch\/produkt\/alexandria\/","name":"Alexandria (bisher Baharat) - Raffinessen","isPartOf":{"@id":"https:\/\/www.raffinessen.ch\/#website"},"primaryImageOfPage":{"@id":"https:\/\/www.raffinessen.ch\/produkt\/alexandria\/#primaryimage"},"image":{"@id":"https:\/\/www.raffinessen.ch\/produkt\/alexandria\/#primaryimage"},"thumbnailUrl":"https:\/\/www.raffinessen.ch\/webseite\/wp-content\/uploads\/2020\/07\/Baharat_1500x1500.jpg","datePublished":"2020-07-08T15:03:03+00:00","dateModified":"2024-03-04T15:28:51+00:00","breadcrumb":{"@id":"https:\/\/www.raffinessen.ch\/produkt\/alexandria\/#breadcrumb"},"inLanguage":"fr-FR","potentialAction":[{"@type":"ReadAction","target":["https:\/\/www.raffinessen.ch\/produkt\/alexandria\/"]}]},{"@type":"ImageObject","inLanguage":"fr-FR","@id":"https:\/\/www.raffinessen.ch\/produkt\/alexandria\/#primaryimage","url":"https:\/\/www.raffinessen.ch\/webseite\/wp-content\/uploads\/2020\/07\/Baharat_1500x1500.jpg","contentUrl":"https:\/\/www.raffinessen.ch\/webseite\/wp-content\/uploads\/2020\/07\/Baharat_1500x1500.jpg","width":1500,"height":1500},{"@type":"BreadcrumbList","@id":"https:\/\/www.raffinessen.ch\/produkt\/alexandria\/#breadcrumb","itemListElement":[{"@type":"ListItem","position":1,"name":"Home","item":"https:\/\/www.raffinessen.ch\/"},{"@type":"ListItem","position":2,"name":"Shop","item":"https:\/\/www.raffinessen.ch\/shop\/"},{"@type":"ListItem","position":3,"name":"Alexandria (bisher Baharat)"}]},{"@type":"WebSite","@id":"https:\/\/www.raffinessen.ch\/#website","url":"https:\/\/www.raffinessen.ch\/","name":"Raffinements","description":"poivre de Kampot rouge et noir - \u00e9pices","potentialAction":[{"@type":"SearchAction","target":{"@type":"EntryPoint","urlTemplate":"https:\/\/www.raffinessen.ch\/?s={search_term_string}"},"query-input":{"@type":"PropertyValueSpecification","valueRequired":true,"valueName":"search_term_string"}}],"inLanguage":"fr-FR"}]}},"_links":{"self":[{"href":"https:\/\/www.raffinessen.ch\/fr\/wp-json\/wp\/v2\/product\/6521","targetHints":{"allow":["GET"]}}],"collection":[{"href":"https:\/\/www.raffinessen.ch\/fr\/wp-json\/wp\/v2\/product"}],"about":[{"href":"https:\/\/www.raffinessen.ch\/fr\/wp-json\/wp\/v2\/types\/product"}],"wp:featuredmedia":[{"embeddable":true,"href":"https:\/\/www.raffinessen.ch\/fr\/wp-json\/wp\/v2\/media\/17205"}],"wp:attachment":[{"href":"https:\/\/www.raffinessen.ch\/fr\/wp-json\/wp\/v2\/media?parent=6521"}],"wp:term":[{"taxonomy":"product_brand","embeddable":true,"href":"https:\/\/www.raffinessen.ch\/fr\/wp-json\/wp\/v2\/product_brand?post=6521"},{"taxonomy":"product_cat","embeddable":true,"href":"https:\/\/www.raffinessen.ch\/fr\/wp-json\/wp\/v2\/product_cat?post=6521"},{"taxonomy":"product_tag","embeddable":true,"href":"https:\/\/www.raffinessen.ch\/fr\/wp-json\/wp\/v2\/product_tag?post=6521"}],"curies":[{"name":"wp","href":"https:\/\/api.w.org\/{rel}","templated":true}]}}