{"id":5897,"date":"2020-05-01T09:07:09","date_gmt":"2020-05-01T07:07:09","guid":{"rendered":"https:\/\/raffinessen.ch\/webseite\/?post_type=product&#038;p=5897"},"modified":"2023-06-02T17:14:51","modified_gmt":"2023-06-02T15:14:51","slug":"set-mami-ich-habe-dich-lieb","status":"publish","type":"product","link":"https:\/\/www.raffinessen.ch\/fr\/produit\/set-mami-ich-habe-dich-lieb\/","title":{"rendered":"SET - Maman je t'aime"},"content":{"rendered":"<p><strong>Contenu<\/strong><\/p>\n<ul>\n<li>Moulin \u00e0 \u00e9pices KYO au poivre de Kampot rouge (46 g)<\/li>\n<li>Moulin \u00e0 \u00e9pices KYO avec sel cristallis\u00e9 de l'Himalaya (97 g)<\/li>\n<li>Emballage cadeau, noir, 105x52x141 mm<\/li>\n<li>Carte postale \"I Love You\", format A5, 4 pages<\/li>\n<\/ul>\n<p><strong>\u00c9cris ton message dans le champ de texte \"Remarques\" pendant le processus de commande.<\/strong><\/p>\n<p><strong>Poivre de Kampot rouge<\/strong><br \/>\nL'ar\u00f4me caract\u00e9ristique du poivre rouge de Kampot est puissant mais finement nuanc\u00e9 et s\u00e9duit par des notes l\u00e9g\u00e8rement sucr\u00e9es et fruit\u00e9es avec un soup\u00e7on d'agrumes. En bouche, un piquant puissant et persistant se d\u00e9veloppe lentement, laissant une merveilleuse sensation de chaleur en bouche.<\/p>\n<p><strong>Sel cristallis\u00e9 de l'Himalaya<\/strong><br \/>\nLe sel cristallis\u00e9 de l'Himalaya est extrait d'une montagne de sel vieille de 500 millions d'ann\u00e9es. Les gros morceaux de sel sont lav\u00e9s \u00e0 l'eau de source pure et s\u00e9ch\u00e9s au soleil. Le sel est ensuite concass\u00e9, tamis\u00e9, moulu et emball\u00e9 \u00e0 la main. Le sel doux et naturel rehausse les ar\u00f4mes des plats. Stock\u00e9 au sec, le sel se conserve ind\u00e9finiment.<\/p>\n<p><strong>Moulin \u00e0 \u00e9pices avec broyeur en c\u00e9ramique<\/strong><br \/>\nR\u00e9cipient en verre avec broyeur en c\u00e9ramique (MaximumGrinder, noir)<br \/>\nFormat : \u00f8 45 mm, hauteur 140 mm, contenu 100 ml<\/p>\n<p>Gr\u00e2ce \u00e0 la c\u00e9ramique de haute qualit\u00e9, le moulin peut \u00eatre utilis\u00e9 de mani\u00e8re durable. Il moud non seulement le sel et le poivre, mais aussi le piment et de nombreuses autres \u00e9pices et herbes aromatiques.<\/p>","protected":false},"excerpt":{"rendered":"<p><strong>Livraison gratuite \u00e0 partir de CHF 50.00<\/strong><\/p>","protected":false},"featured_media":5902,"template":"","meta":[],"product_brand":[],"product_cat":[1182,42],"product_tag":[],"class_list":{"0":"post-5897","1":"product","2":"type-product","3":"status-publish","4":"has-post-thumbnail","6":"product_cat-bis-chf-30","7":"product_cat-geschenksets","8":"tm-no-options","10":"first","11":"instock","12":"taxable","13":"shipping-taxable","14":"purchasable","15":"product-type-simple"},"yoast_head":"<!-- This site is optimized with the Yoast SEO plugin v27.5 - https:\/\/yoast.com\/product\/yoast-seo-wordpress\/ -->\n<title>SET - Mami ich habe Dich lieb - Raffinessen<\/title>\n<meta name=\"robots\" content=\"index, follow, max-snippet:-1, max-image-preview:large, max-video-preview:-1\" \/>\n<link rel=\"canonical\" href=\"https:\/\/www.raffinessen.ch\/fr\/produit\/set-mami-ich-habe-dich-lieb\/\" \/>\n<meta property=\"og:locale\" content=\"fr_FR\" \/>\n<meta property=\"og:type\" content=\"article\" \/>\n<meta property=\"og:title\" content=\"SET - Mami ich habe Dich lieb - Raffinessen\" \/>\n<meta property=\"og:description\" content=\"Versandkostenfrei ab CHF 50.00\" \/>\n<meta property=\"og:url\" content=\"https:\/\/www.raffinessen.ch\/fr\/produit\/set-mami-ich-habe-dich-lieb\/\" \/>\n<meta property=\"og:site_name\" content=\"Raffinessen\" \/>\n<meta property=\"article:modified_time\" content=\"2023-06-02T15:14:51+00:00\" \/>\n<meta property=\"og:image\" content=\"https:\/\/www.raffinessen.ch\/webseite\/wp-content\/uploads\/2020\/05\/mami-zu-mit-herz.jpg\" \/>\n\t<meta property=\"og:image:width\" content=\"2500\" \/>\n\t<meta property=\"og:image:height\" content=\"2500\" \/>\n\t<meta property=\"og:image:type\" content=\"image\/jpeg\" \/>\n<meta name=\"twitter:card\" content=\"summary_large_image\" \/>\n<meta name=\"twitter:label1\" content=\"Dur\u00e9e de lecture estim\u00e9e\" \/>\n\t<meta name=\"twitter:data1\" content=\"1 minute\" \/>\n<script type=\"application\/ld+json\" class=\"yoast-schema-graph\">{\"@context\":\"https:\\\/\\\/schema.org\",\"@graph\":[{\"@type\":\"WebPage\",\"@id\":\"https:\\\/\\\/www.raffinessen.ch\\\/produkt\\\/set-mami-ich-habe-dich-lieb\\\/\",\"url\":\"https:\\\/\\\/www.raffinessen.ch\\\/produkt\\\/set-mami-ich-habe-dich-lieb\\\/\",\"name\":\"SET - Mami ich habe Dich lieb - Raffinessen\",\"isPartOf\":{\"@id\":\"https:\\\/\\\/www.raffinessen.ch\\\/#website\"},\"primaryImageOfPage\":{\"@id\":\"https:\\\/\\\/www.raffinessen.ch\\\/produkt\\\/set-mami-ich-habe-dich-lieb\\\/#primaryimage\"},\"image\":{\"@id\":\"https:\\\/\\\/www.raffinessen.ch\\\/produkt\\\/set-mami-ich-habe-dich-lieb\\\/#primaryimage\"},\"thumbnailUrl\":\"https:\\\/\\\/www.raffinessen.ch\\\/webseite\\\/wp-content\\\/uploads\\\/2020\\\/05\\\/mami-zu-mit-herz.jpg\",\"datePublished\":\"2020-05-01T07:07:09+00:00\",\"dateModified\":\"2023-06-02T15:14:51+00:00\",\"breadcrumb\":{\"@id\":\"https:\\\/\\\/www.raffinessen.ch\\\/produkt\\\/set-mami-ich-habe-dich-lieb\\\/#breadcrumb\"},\"inLanguage\":\"fr-FR\",\"potentialAction\":[{\"@type\":\"ReadAction\",\"target\":[\"https:\\\/\\\/www.raffinessen.ch\\\/produkt\\\/set-mami-ich-habe-dich-lieb\\\/\"]}]},{\"@type\":\"ImageObject\",\"inLanguage\":\"fr-FR\",\"@id\":\"https:\\\/\\\/www.raffinessen.ch\\\/produkt\\\/set-mami-ich-habe-dich-lieb\\\/#primaryimage\",\"url\":\"https:\\\/\\\/www.raffinessen.ch\\\/webseite\\\/wp-content\\\/uploads\\\/2020\\\/05\\\/mami-zu-mit-herz.jpg\",\"contentUrl\":\"https:\\\/\\\/www.raffinessen.ch\\\/webseite\\\/wp-content\\\/uploads\\\/2020\\\/05\\\/mami-zu-mit-herz.jpg\",\"width\":2500,\"height\":2500},{\"@type\":\"BreadcrumbList\",\"@id\":\"https:\\\/\\\/www.raffinessen.ch\\\/produkt\\\/set-mami-ich-habe-dich-lieb\\\/#breadcrumb\",\"itemListElement\":[{\"@type\":\"ListItem\",\"position\":1,\"name\":\"Home\",\"item\":\"https:\\\/\\\/www.raffinessen.ch\\\/\"},{\"@type\":\"ListItem\",\"position\":2,\"name\":\"Shop\",\"item\":\"https:\\\/\\\/www.raffinessen.ch\\\/shop\\\/\"},{\"@type\":\"ListItem\",\"position\":3,\"name\":\"SET &#8211; Mami ich habe Dich lieb\"}]},{\"@type\":\"WebSite\",\"@id\":\"https:\\\/\\\/www.raffinessen.ch\\\/#website\",\"url\":\"https:\\\/\\\/www.raffinessen.ch\\\/\",\"name\":\"Raffinessen\",\"description\":\"roter und schwarzer Kampot Pfeffer - Gew\u00fcrze\",\"potentialAction\":[{\"@type\":\"SearchAction\",\"target\":{\"@type\":\"EntryPoint\",\"urlTemplate\":\"https:\\\/\\\/www.raffinessen.ch\\\/?s={search_term_string}\"},\"query-input\":{\"@type\":\"PropertyValueSpecification\",\"valueRequired\":true,\"valueName\":\"search_term_string\"}}],\"inLanguage\":\"fr-FR\"}]}<\/script>\n<!-- \/ Yoast SEO plugin. -->","yoast_head_json":{"title":"SET - Mami ich habe Dich lieb - Raffinessen","robots":{"index":"index","follow":"follow","max-snippet":"max-snippet:-1","max-image-preview":"max-image-preview:large","max-video-preview":"max-video-preview:-1"},"canonical":"https:\/\/www.raffinessen.ch\/fr\/produit\/set-mami-ich-habe-dich-lieb\/","og_locale":"fr_FR","og_type":"article","og_title":"SET - Mami ich habe Dich lieb - Raffinessen","og_description":"Versandkostenfrei ab CHF 50.00","og_url":"https:\/\/www.raffinessen.ch\/fr\/produit\/set-mami-ich-habe-dich-lieb\/","og_site_name":"Raffinessen","article_modified_time":"2023-06-02T15:14:51+00:00","og_image":[{"width":2500,"height":2500,"url":"https:\/\/www.raffinessen.ch\/webseite\/wp-content\/uploads\/2020\/05\/mami-zu-mit-herz.jpg","type":"image\/jpeg"}],"twitter_card":"summary_large_image","twitter_misc":{"Dur\u00e9e de lecture estim\u00e9e":"1 minute"},"schema":{"@context":"https:\/\/schema.org","@graph":[{"@type":"WebPage","@id":"https:\/\/www.raffinessen.ch\/produkt\/set-mami-ich-habe-dich-lieb\/","url":"https:\/\/www.raffinessen.ch\/produkt\/set-mami-ich-habe-dich-lieb\/","name":"SET - Mami ich habe Dich lieb - Raffinessen","isPartOf":{"@id":"https:\/\/www.raffinessen.ch\/#website"},"primaryImageOfPage":{"@id":"https:\/\/www.raffinessen.ch\/produkt\/set-mami-ich-habe-dich-lieb\/#primaryimage"},"image":{"@id":"https:\/\/www.raffinessen.ch\/produkt\/set-mami-ich-habe-dich-lieb\/#primaryimage"},"thumbnailUrl":"https:\/\/www.raffinessen.ch\/webseite\/wp-content\/uploads\/2020\/05\/mami-zu-mit-herz.jpg","datePublished":"2020-05-01T07:07:09+00:00","dateModified":"2023-06-02T15:14:51+00:00","breadcrumb":{"@id":"https:\/\/www.raffinessen.ch\/produkt\/set-mami-ich-habe-dich-lieb\/#breadcrumb"},"inLanguage":"fr-FR","potentialAction":[{"@type":"ReadAction","target":["https:\/\/www.raffinessen.ch\/produkt\/set-mami-ich-habe-dich-lieb\/"]}]},{"@type":"ImageObject","inLanguage":"fr-FR","@id":"https:\/\/www.raffinessen.ch\/produkt\/set-mami-ich-habe-dich-lieb\/#primaryimage","url":"https:\/\/www.raffinessen.ch\/webseite\/wp-content\/uploads\/2020\/05\/mami-zu-mit-herz.jpg","contentUrl":"https:\/\/www.raffinessen.ch\/webseite\/wp-content\/uploads\/2020\/05\/mami-zu-mit-herz.jpg","width":2500,"height":2500},{"@type":"BreadcrumbList","@id":"https:\/\/www.raffinessen.ch\/produkt\/set-mami-ich-habe-dich-lieb\/#breadcrumb","itemListElement":[{"@type":"ListItem","position":1,"name":"Home","item":"https:\/\/www.raffinessen.ch\/"},{"@type":"ListItem","position":2,"name":"Shop","item":"https:\/\/www.raffinessen.ch\/shop\/"},{"@type":"ListItem","position":3,"name":"SET &#8211; Mami ich habe Dich lieb"}]},{"@type":"WebSite","@id":"https:\/\/www.raffinessen.ch\/#website","url":"https:\/\/www.raffinessen.ch\/","name":"Raffinements","description":"poivre de Kampot rouge et noir - \u00e9pices","potentialAction":[{"@type":"SearchAction","target":{"@type":"EntryPoint","urlTemplate":"https:\/\/www.raffinessen.ch\/?s={search_term_string}"},"query-input":{"@type":"PropertyValueSpecification","valueRequired":true,"valueName":"search_term_string"}}],"inLanguage":"fr-FR"}]}},"_links":{"self":[{"href":"https:\/\/www.raffinessen.ch\/fr\/wp-json\/wp\/v2\/product\/5897","targetHints":{"allow":["GET"]}}],"collection":[{"href":"https:\/\/www.raffinessen.ch\/fr\/wp-json\/wp\/v2\/product"}],"about":[{"href":"https:\/\/www.raffinessen.ch\/fr\/wp-json\/wp\/v2\/types\/product"}],"wp:featuredmedia":[{"embeddable":true,"href":"https:\/\/www.raffinessen.ch\/fr\/wp-json\/wp\/v2\/media\/5902"}],"wp:attachment":[{"href":"https:\/\/www.raffinessen.ch\/fr\/wp-json\/wp\/v2\/media?parent=5897"}],"wp:term":[{"taxonomy":"product_brand","embeddable":true,"href":"https:\/\/www.raffinessen.ch\/fr\/wp-json\/wp\/v2\/product_brand?post=5897"},{"taxonomy":"product_cat","embeddable":true,"href":"https:\/\/www.raffinessen.ch\/fr\/wp-json\/wp\/v2\/product_cat?post=5897"},{"taxonomy":"product_tag","embeddable":true,"href":"https:\/\/www.raffinessen.ch\/fr\/wp-json\/wp\/v2\/product_tag?post=5897"}],"curies":[{"name":"wp","href":"https:\/\/api.w.org\/{rel}","templated":true}]}}