{"id":5722,"date":"2020-04-17T15:34:48","date_gmt":"2020-04-17T13:34:48","guid":{"rendered":"https:\/\/raffinessen.ch\/webseite\/?post_type=product&#038;p=5722"},"modified":"2022-10-20T23:10:51","modified_gmt":"2022-10-20T21:10:51","slug":"set-reisemuehlen-mit-keramikmahlwerk","status":"publish","type":"product","link":"https:\/\/www.raffinessen.ch\/fr\/produit\/set-reisemuehlen-mit-keramikmahlwerk\/","title":{"rendered":"SET - 2 moulins de voyage avec broyeur en c\u00e9ramique"},"content":{"rendered":"<p>Les petits moulins \u00e0 \u00e9pices en plastique de haute qualit\u00e9 sont <span class=\"Apple-converted-space\">pratique pour le camping, les pique-niques ou les randonn\u00e9es.<\/span><\/p>\n<p>Le c\u0153ur du moulin \u00e0 \u00e9pices est le broyeur c\u00e9ramique high-tech de CrushGrind\u00ae. Le degr\u00e9 de mouture est r\u00e9gl\u00e9 de mani\u00e8re fixe pour obtenir une granulation agr\u00e9able. La c\u00e9ramique utilis\u00e9e est plus dure que l'acier, ne rouille pas et est neutre au niveau du go\u00fbt. Outre le poivre, le sel et le piment, il permet \u00e9galement de moudre de nombreuses autres \u00e9pices et herbes aromatiques.<\/p>\n<p>1x moulin \u00e0 \u00e9pices CAMPER noir, 1x moulin \u00e0 \u00e9pices CAMPER blanc<br \/>\nFormat : \u00f8 40 mm, 132 mm de haut<br \/>\nMat\u00e9riau : plastique, c\u00e9ramique high-tech<\/p>","protected":false},"excerpt":{"rendered":"<p>Die kleinen Gew\u00fcrzm\u00fchlen aus hochwertigem Kunststoff sind praktisch beim Campen, f\u00fcrs Picknick oder den Wanderausflug. Das Herzst\u00fcck der Gew\u00fcrzm\u00fchle ist das High-Tech Keramikmahlwerk von CrushGrind\u00ae. Der Mahlgrad ist fix auf eine angenehme Granulierung eingestellt. Die verwendete Keramik ist h\u00e4rter als Stahl, rostet nicht und ist geschmacksneutral. Neben Pfeffer, Salz und Chili k\u00f6nnen damit auch viele [&hellip;]<\/p>\n","protected":false},"featured_media":5755,"template":"","meta":[],"product_brand":[],"product_cat":[1158,1180],"product_tag":[],"class_list":{"0":"post-5722","1":"product","2":"type-product","3":"status-publish","4":"has-post-thumbnail","6":"product_cat-muehlen","7":"product_cat-muehlen-und-behaelter","8":"tm-no-options","10":"first","11":"instock","12":"taxable","13":"shipping-taxable","14":"purchasable","15":"product-type-simple"},"yoast_head":"<!-- This site is optimized with the Yoast SEO plugin v27.6 - https:\/\/yoast.com\/product\/yoast-seo-wordpress\/ -->\n<title>SET - 2 Reisem\u00fchlen mit Keramikmahlwerk - Raffinessen<\/title>\n<meta name=\"robots\" content=\"index, follow, max-snippet:-1, max-image-preview:large, max-video-preview:-1\" \/>\n<link rel=\"canonical\" href=\"https:\/\/www.raffinessen.ch\/fr\/produit\/set-reisemuehlen-mit-keramikmahlwerk\/\" \/>\n<meta property=\"og:locale\" content=\"fr_FR\" \/>\n<meta property=\"og:type\" content=\"article\" \/>\n<meta property=\"og:title\" content=\"SET - 2 Reisem\u00fchlen mit Keramikmahlwerk - Raffinessen\" \/>\n<meta property=\"og:description\" content=\"Die kleinen Gew\u00fcrzm\u00fchlen aus hochwertigem Kunststoff sind praktisch beim Campen, f\u00fcrs Picknick oder den Wanderausflug. Das Herzst\u00fcck der Gew\u00fcrzm\u00fchle ist das High-Tech Keramikmahlwerk von CrushGrind\u00ae. Der Mahlgrad ist fix auf eine angenehme Granulierung eingestellt. Die verwendete Keramik ist h\u00e4rter als Stahl, rostet nicht und ist geschmacksneutral. Neben Pfeffer, Salz und Chili k\u00f6nnen damit auch viele [&hellip;]\" \/>\n<meta property=\"og:url\" content=\"https:\/\/www.raffinessen.ch\/fr\/produit\/set-reisemuehlen-mit-keramikmahlwerk\/\" \/>\n<meta property=\"og:site_name\" content=\"Raffinessen\" \/>\n<meta property=\"article:modified_time\" content=\"2022-10-20T21:10:51+00:00\" \/>\n<meta property=\"og:image\" content=\"https:\/\/www.raffinessen.ch\/webseite\/wp-content\/uploads\/2020\/04\/NY-Mini_schwarz-weiss-1.jpg\" \/>\n\t<meta property=\"og:image:width\" content=\"2000\" \/>\n\t<meta property=\"og:image:height\" content=\"2000\" \/>\n\t<meta property=\"og:image:type\" content=\"image\/jpeg\" \/>\n<meta name=\"twitter:card\" content=\"summary_large_image\" \/>\n<meta name=\"twitter:label1\" content=\"Dur\u00e9e de lecture estim\u00e9e\" \/>\n\t<meta name=\"twitter:data1\" content=\"1 minute\" \/>\n<script type=\"application\/ld+json\" class=\"yoast-schema-graph\">{\"@context\":\"https:\\\/\\\/schema.org\",\"@graph\":[{\"@type\":\"WebPage\",\"@id\":\"https:\\\/\\\/www.raffinessen.ch\\\/produkt\\\/set-reisemuehlen-mit-keramikmahlwerk\\\/\",\"url\":\"https:\\\/\\\/www.raffinessen.ch\\\/produkt\\\/set-reisemuehlen-mit-keramikmahlwerk\\\/\",\"name\":\"SET - 2 Reisem\u00fchlen mit Keramikmahlwerk - Raffinessen\",\"isPartOf\":{\"@id\":\"https:\\\/\\\/www.raffinessen.ch\\\/#website\"},\"primaryImageOfPage\":{\"@id\":\"https:\\\/\\\/www.raffinessen.ch\\\/produkt\\\/set-reisemuehlen-mit-keramikmahlwerk\\\/#primaryimage\"},\"image\":{\"@id\":\"https:\\\/\\\/www.raffinessen.ch\\\/produkt\\\/set-reisemuehlen-mit-keramikmahlwerk\\\/#primaryimage\"},\"thumbnailUrl\":\"https:\\\/\\\/www.raffinessen.ch\\\/webseite\\\/wp-content\\\/uploads\\\/2020\\\/04\\\/NY-Mini_schwarz-weiss-1.jpg\",\"datePublished\":\"2020-04-17T13:34:48+00:00\",\"dateModified\":\"2022-10-20T21:10:51+00:00\",\"breadcrumb\":{\"@id\":\"https:\\\/\\\/www.raffinessen.ch\\\/produkt\\\/set-reisemuehlen-mit-keramikmahlwerk\\\/#breadcrumb\"},\"inLanguage\":\"fr-FR\",\"potentialAction\":[{\"@type\":\"ReadAction\",\"target\":[\"https:\\\/\\\/www.raffinessen.ch\\\/produkt\\\/set-reisemuehlen-mit-keramikmahlwerk\\\/\"]}]},{\"@type\":\"ImageObject\",\"inLanguage\":\"fr-FR\",\"@id\":\"https:\\\/\\\/www.raffinessen.ch\\\/produkt\\\/set-reisemuehlen-mit-keramikmahlwerk\\\/#primaryimage\",\"url\":\"https:\\\/\\\/www.raffinessen.ch\\\/webseite\\\/wp-content\\\/uploads\\\/2020\\\/04\\\/NY-Mini_schwarz-weiss-1.jpg\",\"contentUrl\":\"https:\\\/\\\/www.raffinessen.ch\\\/webseite\\\/wp-content\\\/uploads\\\/2020\\\/04\\\/NY-Mini_schwarz-weiss-1.jpg\",\"width\":2000,\"height\":2000},{\"@type\":\"BreadcrumbList\",\"@id\":\"https:\\\/\\\/www.raffinessen.ch\\\/produkt\\\/set-reisemuehlen-mit-keramikmahlwerk\\\/#breadcrumb\",\"itemListElement\":[{\"@type\":\"ListItem\",\"position\":1,\"name\":\"Home\",\"item\":\"https:\\\/\\\/www.raffinessen.ch\\\/\"},{\"@type\":\"ListItem\",\"position\":2,\"name\":\"Shop\",\"item\":\"https:\\\/\\\/www.raffinessen.ch\\\/shop\\\/\"},{\"@type\":\"ListItem\",\"position\":3,\"name\":\"SET &#8211; 2 Reisem\u00fchlen mit Keramikmahlwerk\"}]},{\"@type\":\"WebSite\",\"@id\":\"https:\\\/\\\/www.raffinessen.ch\\\/#website\",\"url\":\"https:\\\/\\\/www.raffinessen.ch\\\/\",\"name\":\"Raffinessen\",\"description\":\"roter und schwarzer Kampot Pfeffer - Gew\u00fcrze\",\"potentialAction\":[{\"@type\":\"SearchAction\",\"target\":{\"@type\":\"EntryPoint\",\"urlTemplate\":\"https:\\\/\\\/www.raffinessen.ch\\\/?s={search_term_string}\"},\"query-input\":{\"@type\":\"PropertyValueSpecification\",\"valueRequired\":true,\"valueName\":\"search_term_string\"}}],\"inLanguage\":\"fr-FR\"}]}<\/script>\n<!-- \/ Yoast SEO plugin. -->","yoast_head_json":{"title":"SET - 2 Reisem\u00fchlen mit Keramikmahlwerk - Raffinessen","robots":{"index":"index","follow":"follow","max-snippet":"max-snippet:-1","max-image-preview":"max-image-preview:large","max-video-preview":"max-video-preview:-1"},"canonical":"https:\/\/www.raffinessen.ch\/fr\/produit\/set-reisemuehlen-mit-keramikmahlwerk\/","og_locale":"fr_FR","og_type":"article","og_title":"SET - 2 Reisem\u00fchlen mit Keramikmahlwerk - Raffinessen","og_description":"Die kleinen Gew\u00fcrzm\u00fchlen aus hochwertigem Kunststoff sind praktisch beim Campen, f\u00fcrs Picknick oder den Wanderausflug. Das Herzst\u00fcck der Gew\u00fcrzm\u00fchle ist das High-Tech Keramikmahlwerk von CrushGrind\u00ae. Der Mahlgrad ist fix auf eine angenehme Granulierung eingestellt. Die verwendete Keramik ist h\u00e4rter als Stahl, rostet nicht und ist geschmacksneutral. Neben Pfeffer, Salz und Chili k\u00f6nnen damit auch viele [&hellip;]","og_url":"https:\/\/www.raffinessen.ch\/fr\/produit\/set-reisemuehlen-mit-keramikmahlwerk\/","og_site_name":"Raffinessen","article_modified_time":"2022-10-20T21:10:51+00:00","og_image":[{"width":2000,"height":2000,"url":"https:\/\/www.raffinessen.ch\/webseite\/wp-content\/uploads\/2020\/04\/NY-Mini_schwarz-weiss-1.jpg","type":"image\/jpeg"}],"twitter_card":"summary_large_image","twitter_misc":{"Dur\u00e9e de lecture estim\u00e9e":"1 minute"},"schema":{"@context":"https:\/\/schema.org","@graph":[{"@type":"WebPage","@id":"https:\/\/www.raffinessen.ch\/produkt\/set-reisemuehlen-mit-keramikmahlwerk\/","url":"https:\/\/www.raffinessen.ch\/produkt\/set-reisemuehlen-mit-keramikmahlwerk\/","name":"SET - 2 Reisem\u00fchlen mit Keramikmahlwerk - Raffinessen","isPartOf":{"@id":"https:\/\/www.raffinessen.ch\/#website"},"primaryImageOfPage":{"@id":"https:\/\/www.raffinessen.ch\/produkt\/set-reisemuehlen-mit-keramikmahlwerk\/#primaryimage"},"image":{"@id":"https:\/\/www.raffinessen.ch\/produkt\/set-reisemuehlen-mit-keramikmahlwerk\/#primaryimage"},"thumbnailUrl":"https:\/\/www.raffinessen.ch\/webseite\/wp-content\/uploads\/2020\/04\/NY-Mini_schwarz-weiss-1.jpg","datePublished":"2020-04-17T13:34:48+00:00","dateModified":"2022-10-20T21:10:51+00:00","breadcrumb":{"@id":"https:\/\/www.raffinessen.ch\/produkt\/set-reisemuehlen-mit-keramikmahlwerk\/#breadcrumb"},"inLanguage":"fr-FR","potentialAction":[{"@type":"ReadAction","target":["https:\/\/www.raffinessen.ch\/produkt\/set-reisemuehlen-mit-keramikmahlwerk\/"]}]},{"@type":"ImageObject","inLanguage":"fr-FR","@id":"https:\/\/www.raffinessen.ch\/produkt\/set-reisemuehlen-mit-keramikmahlwerk\/#primaryimage","url":"https:\/\/www.raffinessen.ch\/webseite\/wp-content\/uploads\/2020\/04\/NY-Mini_schwarz-weiss-1.jpg","contentUrl":"https:\/\/www.raffinessen.ch\/webseite\/wp-content\/uploads\/2020\/04\/NY-Mini_schwarz-weiss-1.jpg","width":2000,"height":2000},{"@type":"BreadcrumbList","@id":"https:\/\/www.raffinessen.ch\/produkt\/set-reisemuehlen-mit-keramikmahlwerk\/#breadcrumb","itemListElement":[{"@type":"ListItem","position":1,"name":"Home","item":"https:\/\/www.raffinessen.ch\/"},{"@type":"ListItem","position":2,"name":"Shop","item":"https:\/\/www.raffinessen.ch\/shop\/"},{"@type":"ListItem","position":3,"name":"SET &#8211; 2 Reisem\u00fchlen mit Keramikmahlwerk"}]},{"@type":"WebSite","@id":"https:\/\/www.raffinessen.ch\/#website","url":"https:\/\/www.raffinessen.ch\/","name":"Raffinements","description":"poivre de Kampot rouge et noir - \u00e9pices","potentialAction":[{"@type":"SearchAction","target":{"@type":"EntryPoint","urlTemplate":"https:\/\/www.raffinessen.ch\/?s={search_term_string}"},"query-input":{"@type":"PropertyValueSpecification","valueRequired":true,"valueName":"search_term_string"}}],"inLanguage":"fr-FR"}]}},"_links":{"self":[{"href":"https:\/\/www.raffinessen.ch\/fr\/wp-json\/wp\/v2\/product\/5722","targetHints":{"allow":["GET"]}}],"collection":[{"href":"https:\/\/www.raffinessen.ch\/fr\/wp-json\/wp\/v2\/product"}],"about":[{"href":"https:\/\/www.raffinessen.ch\/fr\/wp-json\/wp\/v2\/types\/product"}],"wp:featuredmedia":[{"embeddable":true,"href":"https:\/\/www.raffinessen.ch\/fr\/wp-json\/wp\/v2\/media\/5755"}],"wp:attachment":[{"href":"https:\/\/www.raffinessen.ch\/fr\/wp-json\/wp\/v2\/media?parent=5722"}],"wp:term":[{"taxonomy":"product_brand","embeddable":true,"href":"https:\/\/www.raffinessen.ch\/fr\/wp-json\/wp\/v2\/product_brand?post=5722"},{"taxonomy":"product_cat","embeddable":true,"href":"https:\/\/www.raffinessen.ch\/fr\/wp-json\/wp\/v2\/product_cat?post=5722"},{"taxonomy":"product_tag","embeddable":true,"href":"https:\/\/www.raffinessen.ch\/fr\/wp-json\/wp\/v2\/product_tag?post=5722"}],"curies":[{"name":"wp","href":"https:\/\/api.w.org\/{rel}","templated":true}]}}