{"id":4853,"date":"2019-12-13T14:07:08","date_gmt":"2019-12-13T13:07:08","guid":{"rendered":"https:\/\/raffinessen.ch\/webseite\/?post_type=product&#038;p=4853"},"modified":"2025-10-21T15:19:16","modified_gmt":"2025-10-21T13:19:16","slug":"antik-muehle-birnbaum","status":"publish","type":"product","link":"https:\/\/www.raffinessen.ch\/fr\/produit\/antik-muehle-birnbaum\/","title":{"rendered":"Moulin \u00e0 poivre ANTIK Poirier <br \/>(Swiss Made)"},"content":{"rendered":"<p>Le moulin \u00e0 poivre \"swiss made\" combine un moulin \u00e0 l'aspect ancien dans un bo\u00eetier en cuivre avec un morceau de bois de poirier suisse. Gr\u00e2ce \u00e0 la structure unique du bois, chaque moulin est une pi\u00e8ce unique. La poign\u00e9e en bois esth\u00e9tique a une forme ergonomique pour que le moulin tienne merveilleusement bien dans la main. Le moulin est actionn\u00e9 par une manivelle, le degr\u00e9 de mouture est r\u00e9glable en continu.<\/p>\n<p>Essence de bois : poirier<br \/>\nMoulin : antique avec manivelle (look cuivre), m\u00e9tal (ne convient pas pour le sel)<br \/>\nFormat : \u00f8 55 mm, hauteur : env. 210 mm<br \/>\nFinition : Huile dure \u00e0 base d'huile de lin<\/p>","protected":false},"excerpt":{"rendered":"<p>Die \u00abswiss made\u00bb Pfefferm\u00fchle kombiniert ein antik anmutendes Mahlwerk im Kupfergeh\u00e4use mit einem St\u00fcck Schweizer Birnbaumholz. Dank der einzigartigen Holzstruktur ist jede M\u00fchle ein Unikat. Der \u00e4sthetische Holzgriff ist ergonomisch geformt, damit die M\u00fchle wunderbar in der Hand liegt. Das Mahlwerk wird mit einer Kurbel angetrieben, der Mahlgrad ist stufenlos verstellbar. Holzart: Birnbaum Mahlwerk: Antik [&hellip;]<\/p>\n","protected":false},"featured_media":4850,"template":"","meta":[],"product_brand":[],"product_cat":[1180,35],"product_tag":[],"class_list":{"0":"post-4853","1":"product","2":"type-product","3":"status-publish","4":"has-post-thumbnail","6":"product_cat-muehlen-und-behaelter","7":"product_cat-swiss-made","8":"tm-no-options","10":"first","11":"outofstock","12":"taxable","13":"shipping-taxable","14":"purchasable","15":"product-type-simple"},"yoast_head":"<!-- This site is optimized with the Yoast SEO plugin v27.6 - https:\/\/yoast.com\/product\/yoast-seo-wordpress\/ -->\n<title>Pfefferm\u00fchle ANTIK Birnbaum (Swiss Made) - Raffinessen<\/title>\n<meta name=\"robots\" content=\"index, follow, max-snippet:-1, max-image-preview:large, max-video-preview:-1\" \/>\n<link rel=\"canonical\" href=\"https:\/\/www.raffinessen.ch\/fr\/produit\/antik-muehle-birnbaum\/\" \/>\n<meta property=\"og:locale\" content=\"fr_FR\" \/>\n<meta property=\"og:type\" content=\"article\" \/>\n<meta property=\"og:title\" content=\"Pfefferm\u00fchle ANTIK Birnbaum (Swiss Made) - Raffinessen\" \/>\n<meta property=\"og:description\" content=\"Die \u00abswiss made\u00bb Pfefferm\u00fchle kombiniert ein antik anmutendes Mahlwerk im Kupfergeh\u00e4use mit einem St\u00fcck Schweizer Birnbaumholz. Dank der einzigartigen Holzstruktur ist jede M\u00fchle ein Unikat. Der \u00e4sthetische Holzgriff ist ergonomisch geformt, damit die M\u00fchle wunderbar in der Hand liegt. Das Mahlwerk wird mit einer Kurbel angetrieben, der Mahlgrad ist stufenlos verstellbar. Holzart: Birnbaum Mahlwerk: Antik [&hellip;]\" \/>\n<meta property=\"og:url\" content=\"https:\/\/www.raffinessen.ch\/fr\/produit\/antik-muehle-birnbaum\/\" \/>\n<meta property=\"og:site_name\" content=\"Raffinessen\" \/>\n<meta property=\"article:modified_time\" content=\"2025-10-21T13:19:16+00:00\" \/>\n<meta property=\"og:image\" content=\"https:\/\/www.raffinessen.ch\/webseite\/wp-content\/uploads\/2019\/12\/muehle-antik-birnbaum.jpg\" \/>\n\t<meta property=\"og:image:width\" content=\"2000\" \/>\n\t<meta property=\"og:image:height\" content=\"2000\" \/>\n\t<meta property=\"og:image:type\" content=\"image\/jpeg\" \/>\n<meta name=\"twitter:card\" content=\"summary_large_image\" \/>\n<meta name=\"twitter:label1\" content=\"Dur\u00e9e de lecture estim\u00e9e\" \/>\n\t<meta name=\"twitter:data1\" content=\"1 minute\" \/>\n<script type=\"application\/ld+json\" class=\"yoast-schema-graph\">{\"@context\":\"https:\\\/\\\/schema.org\",\"@graph\":[{\"@type\":\"WebPage\",\"@id\":\"https:\\\/\\\/www.raffinessen.ch\\\/produkt\\\/antik-muehle-birnbaum\\\/\",\"url\":\"https:\\\/\\\/www.raffinessen.ch\\\/produkt\\\/antik-muehle-birnbaum\\\/\",\"name\":\"Pfefferm\u00fchle ANTIK Birnbaum (Swiss Made) - Raffinessen\",\"isPartOf\":{\"@id\":\"https:\\\/\\\/www.raffinessen.ch\\\/#website\"},\"primaryImageOfPage\":{\"@id\":\"https:\\\/\\\/www.raffinessen.ch\\\/produkt\\\/antik-muehle-birnbaum\\\/#primaryimage\"},\"image\":{\"@id\":\"https:\\\/\\\/www.raffinessen.ch\\\/produkt\\\/antik-muehle-birnbaum\\\/#primaryimage\"},\"thumbnailUrl\":\"https:\\\/\\\/www.raffinessen.ch\\\/webseite\\\/wp-content\\\/uploads\\\/2019\\\/12\\\/muehle-antik-birnbaum.jpg\",\"datePublished\":\"2019-12-13T13:07:08+00:00\",\"dateModified\":\"2025-10-21T13:19:16+00:00\",\"breadcrumb\":{\"@id\":\"https:\\\/\\\/www.raffinessen.ch\\\/produkt\\\/antik-muehle-birnbaum\\\/#breadcrumb\"},\"inLanguage\":\"fr-FR\",\"potentialAction\":[{\"@type\":\"ReadAction\",\"target\":[\"https:\\\/\\\/www.raffinessen.ch\\\/produkt\\\/antik-muehle-birnbaum\\\/\"]}]},{\"@type\":\"ImageObject\",\"inLanguage\":\"fr-FR\",\"@id\":\"https:\\\/\\\/www.raffinessen.ch\\\/produkt\\\/antik-muehle-birnbaum\\\/#primaryimage\",\"url\":\"https:\\\/\\\/www.raffinessen.ch\\\/webseite\\\/wp-content\\\/uploads\\\/2019\\\/12\\\/muehle-antik-birnbaum.jpg\",\"contentUrl\":\"https:\\\/\\\/www.raffinessen.ch\\\/webseite\\\/wp-content\\\/uploads\\\/2019\\\/12\\\/muehle-antik-birnbaum.jpg\",\"width\":2000,\"height\":2000},{\"@type\":\"BreadcrumbList\",\"@id\":\"https:\\\/\\\/www.raffinessen.ch\\\/produkt\\\/antik-muehle-birnbaum\\\/#breadcrumb\",\"itemListElement\":[{\"@type\":\"ListItem\",\"position\":1,\"name\":\"Home\",\"item\":\"https:\\\/\\\/www.raffinessen.ch\\\/\"},{\"@type\":\"ListItem\",\"position\":2,\"name\":\"Shop\",\"item\":\"https:\\\/\\\/www.raffinessen.ch\\\/shop\\\/\"},{\"@type\":\"ListItem\",\"position\":3,\"name\":\"Pfefferm\u00fchle ANTIK Birnbaum (Swiss Made)\"}]},{\"@type\":\"WebSite\",\"@id\":\"https:\\\/\\\/www.raffinessen.ch\\\/#website\",\"url\":\"https:\\\/\\\/www.raffinessen.ch\\\/\",\"name\":\"Raffinessen\",\"description\":\"roter und schwarzer Kampot Pfeffer - Gew\u00fcrze\",\"potentialAction\":[{\"@type\":\"SearchAction\",\"target\":{\"@type\":\"EntryPoint\",\"urlTemplate\":\"https:\\\/\\\/www.raffinessen.ch\\\/?s={search_term_string}\"},\"query-input\":{\"@type\":\"PropertyValueSpecification\",\"valueRequired\":true,\"valueName\":\"search_term_string\"}}],\"inLanguage\":\"fr-FR\"}]}<\/script>\n<!-- \/ Yoast SEO plugin. -->","yoast_head_json":{"title":"Pfefferm\u00fchle ANTIK Birnbaum (Swiss Made) - Raffinessen","robots":{"index":"index","follow":"follow","max-snippet":"max-snippet:-1","max-image-preview":"max-image-preview:large","max-video-preview":"max-video-preview:-1"},"canonical":"https:\/\/www.raffinessen.ch\/fr\/produit\/antik-muehle-birnbaum\/","og_locale":"fr_FR","og_type":"article","og_title":"Pfefferm\u00fchle ANTIK Birnbaum (Swiss Made) - Raffinessen","og_description":"Die \u00abswiss made\u00bb Pfefferm\u00fchle kombiniert ein antik anmutendes Mahlwerk im Kupfergeh\u00e4use mit einem St\u00fcck Schweizer Birnbaumholz. Dank der einzigartigen Holzstruktur ist jede M\u00fchle ein Unikat. Der \u00e4sthetische Holzgriff ist ergonomisch geformt, damit die M\u00fchle wunderbar in der Hand liegt. Das Mahlwerk wird mit einer Kurbel angetrieben, der Mahlgrad ist stufenlos verstellbar. Holzart: Birnbaum Mahlwerk: Antik [&hellip;]","og_url":"https:\/\/www.raffinessen.ch\/fr\/produit\/antik-muehle-birnbaum\/","og_site_name":"Raffinessen","article_modified_time":"2025-10-21T13:19:16+00:00","og_image":[{"width":2000,"height":2000,"url":"https:\/\/www.raffinessen.ch\/webseite\/wp-content\/uploads\/2019\/12\/muehle-antik-birnbaum.jpg","type":"image\/jpeg"}],"twitter_card":"summary_large_image","twitter_misc":{"Dur\u00e9e de lecture estim\u00e9e":"1 minute"},"schema":{"@context":"https:\/\/schema.org","@graph":[{"@type":"WebPage","@id":"https:\/\/www.raffinessen.ch\/produkt\/antik-muehle-birnbaum\/","url":"https:\/\/www.raffinessen.ch\/produkt\/antik-muehle-birnbaum\/","name":"Pfefferm\u00fchle ANTIK Birnbaum (Swiss Made) - Raffinessen","isPartOf":{"@id":"https:\/\/www.raffinessen.ch\/#website"},"primaryImageOfPage":{"@id":"https:\/\/www.raffinessen.ch\/produkt\/antik-muehle-birnbaum\/#primaryimage"},"image":{"@id":"https:\/\/www.raffinessen.ch\/produkt\/antik-muehle-birnbaum\/#primaryimage"},"thumbnailUrl":"https:\/\/www.raffinessen.ch\/webseite\/wp-content\/uploads\/2019\/12\/muehle-antik-birnbaum.jpg","datePublished":"2019-12-13T13:07:08+00:00","dateModified":"2025-10-21T13:19:16+00:00","breadcrumb":{"@id":"https:\/\/www.raffinessen.ch\/produkt\/antik-muehle-birnbaum\/#breadcrumb"},"inLanguage":"fr-FR","potentialAction":[{"@type":"ReadAction","target":["https:\/\/www.raffinessen.ch\/produkt\/antik-muehle-birnbaum\/"]}]},{"@type":"ImageObject","inLanguage":"fr-FR","@id":"https:\/\/www.raffinessen.ch\/produkt\/antik-muehle-birnbaum\/#primaryimage","url":"https:\/\/www.raffinessen.ch\/webseite\/wp-content\/uploads\/2019\/12\/muehle-antik-birnbaum.jpg","contentUrl":"https:\/\/www.raffinessen.ch\/webseite\/wp-content\/uploads\/2019\/12\/muehle-antik-birnbaum.jpg","width":2000,"height":2000},{"@type":"BreadcrumbList","@id":"https:\/\/www.raffinessen.ch\/produkt\/antik-muehle-birnbaum\/#breadcrumb","itemListElement":[{"@type":"ListItem","position":1,"name":"Home","item":"https:\/\/www.raffinessen.ch\/"},{"@type":"ListItem","position":2,"name":"Shop","item":"https:\/\/www.raffinessen.ch\/shop\/"},{"@type":"ListItem","position":3,"name":"Pfefferm\u00fchle ANTIK Birnbaum (Swiss Made)"}]},{"@type":"WebSite","@id":"https:\/\/www.raffinessen.ch\/#website","url":"https:\/\/www.raffinessen.ch\/","name":"Raffinements","description":"poivre de Kampot rouge et noir - \u00e9pices","potentialAction":[{"@type":"SearchAction","target":{"@type":"EntryPoint","urlTemplate":"https:\/\/www.raffinessen.ch\/?s={search_term_string}"},"query-input":{"@type":"PropertyValueSpecification","valueRequired":true,"valueName":"search_term_string"}}],"inLanguage":"fr-FR"}]}},"_links":{"self":[{"href":"https:\/\/www.raffinessen.ch\/fr\/wp-json\/wp\/v2\/product\/4853","targetHints":{"allow":["GET"]}}],"collection":[{"href":"https:\/\/www.raffinessen.ch\/fr\/wp-json\/wp\/v2\/product"}],"about":[{"href":"https:\/\/www.raffinessen.ch\/fr\/wp-json\/wp\/v2\/types\/product"}],"wp:featuredmedia":[{"embeddable":true,"href":"https:\/\/www.raffinessen.ch\/fr\/wp-json\/wp\/v2\/media\/4850"}],"wp:attachment":[{"href":"https:\/\/www.raffinessen.ch\/fr\/wp-json\/wp\/v2\/media?parent=4853"}],"wp:term":[{"taxonomy":"product_brand","embeddable":true,"href":"https:\/\/www.raffinessen.ch\/fr\/wp-json\/wp\/v2\/product_brand?post=4853"},{"taxonomy":"product_cat","embeddable":true,"href":"https:\/\/www.raffinessen.ch\/fr\/wp-json\/wp\/v2\/product_cat?post=4853"},{"taxonomy":"product_tag","embeddable":true,"href":"https:\/\/www.raffinessen.ch\/fr\/wp-json\/wp\/v2\/product_tag?post=4853"}],"curies":[{"name":"wp","href":"https:\/\/api.w.org\/{rel}","templated":true}]}}