{"id":4845,"date":"2019-12-13T12:32:23","date_gmt":"2019-12-13T11:32:23","guid":{"rendered":"https:\/\/raffinessen.ch\/webseite\/?post_type=product&#038;p=4845"},"modified":"2022-12-29T22:13:27","modified_gmt":"2022-12-29T21:13:27","slug":"langer-kampot-pfeffer","status":"publish","type":"product","link":"https:\/\/www.raffinessen.ch\/fr\/produit\/langer-kampot-pfeffer\/","title":{"rendered":"Poivre de Kampot long"},"content":{"rendered":"<p><strong>Contenu<\/strong><\/p>\n<ul>\n<li>25 g de poivre de Kampot long<\/li>\n<\/ul>\n<p>Le poivre de Kampot long est un vrai poivre, mais son parfum se distingue nettement du poivre noir classique. Fra\u00eechement broy\u00e9, des ar\u00f4mes doux et \u00e9pic\u00e9s montent au nez, accompagn\u00e9s de fines notes bois\u00e9es. Son go\u00fbt est puissant, persistant et r\u00e9chauffant. En raison de sa teneur nettement plus \u00e9lev\u00e9e en pip\u00e9rine, il est plus fort que le poivre noir.<\/p>\n<p>Le poivre de Kampot long est souvent cuit en entier et pendant longtemps dans les plats mijot\u00e9s jusqu'\u00e0 ce que les petites \"perles\" se d\u00e9tachent de la tige. S'il ne se dissout pas de lui-m\u00eame, on peut l'\u00e9craser tr\u00e8s facilement entre les doigts. Il arrondit les sauces savoureuses et s'harmonise \u00e0 merveille avec le vin rouge et le porto.<\/p>\n<p>Il est tr\u00e8s appr\u00e9ci\u00e9 pour la raclette et la fondue. Pour cela, casser le poivre \u00e0 la main en morceaux et le mettre dans nos moulins \u00e0 \u00e9pices. <a href=\"https:\/\/www.raffinessen.ch\/fr\/webseite\/produit\/gewuerzmuehle-miya-schwarz\/\">MIYA<\/a> ou <a href=\"https:\/\/www.raffinessen.ch\/fr\/webseite\/produit\/gewuerzmuehle-yann\/\">YANN<\/a> pour le moudre fra\u00eechement sur le fromage fondu.<\/p>","protected":false},"excerpt":{"rendered":"<p><strong>25 g<\/strong><\/p>","protected":false},"featured_media":4848,"template":"","meta":[],"product_brand":[],"product_cat":[1174,1165,444],"product_tag":[],"class_list":{"0":"post-4845","1":"product","2":"type-product","3":"status-publish","4":"has-post-thumbnail","6":"product_cat-einzel-gewuerze","7":"product_cat-gewuerze-einzeln","8":"product_cat-unkategorisiert","9":"tm-no-options","11":"first","12":"instock","13":"taxable","14":"shipping-taxable","15":"purchasable","16":"product-type-simple"},"yoast_head":"<!-- This site is optimized with the Yoast SEO plugin v27.4 - https:\/\/yoast.com\/product\/yoast-seo-wordpress\/ -->\n<title>Probier-Set Kampot Pfeffer<\/title>\n<meta name=\"description\" content=\"Sie erhalten erntefrischen roten und schwarzen Kampot Pfeffer von unserer Plantage versandkostenfrei direkt zu Ihnen nach Hause geliefert.\" \/>\n<meta name=\"robots\" content=\"index, follow, max-snippet:-1, max-image-preview:large, max-video-preview:-1\" \/>\n<link rel=\"canonical\" href=\"https:\/\/www.raffinessen.ch\/fr\/produit\/langer-kampot-pfeffer\/\" \/>\n<meta property=\"og:locale\" content=\"fr_FR\" \/>\n<meta property=\"og:type\" content=\"article\" \/>\n<meta property=\"og:title\" content=\"Probier-Set Kampot Pfeffer\" \/>\n<meta property=\"og:description\" content=\"Sie erhalten erntefrischen roten und schwarzen Kampot Pfeffer von unserer Plantage versandkostenfrei direkt zu Ihnen nach Hause geliefert.\" \/>\n<meta property=\"og:url\" content=\"https:\/\/www.raffinessen.ch\/fr\/produit\/langer-kampot-pfeffer\/\" \/>\n<meta property=\"og:site_name\" content=\"Raffinessen\" \/>\n<meta property=\"article:modified_time\" content=\"2022-12-29T21:13:27+00:00\" \/>\n<meta property=\"og:image\" content=\"https:\/\/www.raffinessen.ch\/webseite\/wp-content\/uploads\/2019\/12\/kampot-pfeffer-lang.jpg\" \/>\n\t<meta property=\"og:image:width\" content=\"2000\" \/>\n\t<meta property=\"og:image:height\" content=\"2000\" \/>\n\t<meta property=\"og:image:type\" content=\"image\/jpeg\" \/>\n<meta name=\"twitter:card\" content=\"summary_large_image\" \/>\n<meta name=\"twitter:label1\" content=\"Dur\u00e9e de lecture estim\u00e9e\" \/>\n\t<meta name=\"twitter:data1\" content=\"1 minute\" \/>\n<script type=\"application\/ld+json\" class=\"yoast-schema-graph\">{\"@context\":\"https:\\\/\\\/schema.org\",\"@graph\":[{\"@type\":\"WebPage\",\"@id\":\"https:\\\/\\\/www.raffinessen.ch\\\/produkt\\\/langer-kampot-pfeffer\\\/\",\"url\":\"https:\\\/\\\/www.raffinessen.ch\\\/produkt\\\/langer-kampot-pfeffer\\\/\",\"name\":\"Probier-Set Kampot Pfeffer\",\"isPartOf\":{\"@id\":\"https:\\\/\\\/www.raffinessen.ch\\\/#website\"},\"primaryImageOfPage\":{\"@id\":\"https:\\\/\\\/www.raffinessen.ch\\\/produkt\\\/langer-kampot-pfeffer\\\/#primaryimage\"},\"image\":{\"@id\":\"https:\\\/\\\/www.raffinessen.ch\\\/produkt\\\/langer-kampot-pfeffer\\\/#primaryimage\"},\"thumbnailUrl\":\"https:\\\/\\\/www.raffinessen.ch\\\/webseite\\\/wp-content\\\/uploads\\\/2019\\\/12\\\/kampot-pfeffer-lang.jpg\",\"datePublished\":\"2019-12-13T11:32:23+00:00\",\"dateModified\":\"2022-12-29T21:13:27+00:00\",\"description\":\"Sie erhalten erntefrischen roten und schwarzen Kampot Pfeffer von unserer Plantage versandkostenfrei direkt zu Ihnen nach Hause geliefert.\",\"breadcrumb\":{\"@id\":\"https:\\\/\\\/www.raffinessen.ch\\\/produkt\\\/langer-kampot-pfeffer\\\/#breadcrumb\"},\"inLanguage\":\"fr-FR\",\"potentialAction\":[{\"@type\":\"ReadAction\",\"target\":[\"https:\\\/\\\/www.raffinessen.ch\\\/produkt\\\/langer-kampot-pfeffer\\\/\"]}]},{\"@type\":\"ImageObject\",\"inLanguage\":\"fr-FR\",\"@id\":\"https:\\\/\\\/www.raffinessen.ch\\\/produkt\\\/langer-kampot-pfeffer\\\/#primaryimage\",\"url\":\"https:\\\/\\\/www.raffinessen.ch\\\/webseite\\\/wp-content\\\/uploads\\\/2019\\\/12\\\/kampot-pfeffer-lang.jpg\",\"contentUrl\":\"https:\\\/\\\/www.raffinessen.ch\\\/webseite\\\/wp-content\\\/uploads\\\/2019\\\/12\\\/kampot-pfeffer-lang.jpg\",\"width\":2000,\"height\":2000},{\"@type\":\"BreadcrumbList\",\"@id\":\"https:\\\/\\\/www.raffinessen.ch\\\/produkt\\\/langer-kampot-pfeffer\\\/#breadcrumb\",\"itemListElement\":[{\"@type\":\"ListItem\",\"position\":1,\"name\":\"Home\",\"item\":\"https:\\\/\\\/www.raffinessen.ch\\\/\"},{\"@type\":\"ListItem\",\"position\":2,\"name\":\"Shop\",\"item\":\"https:\\\/\\\/www.raffinessen.ch\\\/shop\\\/\"},{\"@type\":\"ListItem\",\"position\":3,\"name\":\"Langer Kampot Pfeffer\"}]},{\"@type\":\"WebSite\",\"@id\":\"https:\\\/\\\/www.raffinessen.ch\\\/#website\",\"url\":\"https:\\\/\\\/www.raffinessen.ch\\\/\",\"name\":\"Raffinessen\",\"description\":\"roter und schwarzer Kampot Pfeffer - Gew\u00fcrze\",\"potentialAction\":[{\"@type\":\"SearchAction\",\"target\":{\"@type\":\"EntryPoint\",\"urlTemplate\":\"https:\\\/\\\/www.raffinessen.ch\\\/?s={search_term_string}\"},\"query-input\":{\"@type\":\"PropertyValueSpecification\",\"valueRequired\":true,\"valueName\":\"search_term_string\"}}],\"inLanguage\":\"fr-FR\"}]}<\/script>\n<!-- \/ Yoast SEO plugin. -->","yoast_head_json":{"title":"Coffret de d\u00e9gustation de poivre de Kampot","description":"Sie erhalten erntefrischen roten und schwarzen Kampot Pfeffer von unserer Plantage versandkostenfrei direkt zu Ihnen nach Hause geliefert.","robots":{"index":"index","follow":"follow","max-snippet":"max-snippet:-1","max-image-preview":"max-image-preview:large","max-video-preview":"max-video-preview:-1"},"canonical":"https:\/\/www.raffinessen.ch\/fr\/produit\/langer-kampot-pfeffer\/","og_locale":"fr_FR","og_type":"article","og_title":"Probier-Set Kampot Pfeffer","og_description":"Sie erhalten erntefrischen roten und schwarzen Kampot Pfeffer von unserer Plantage versandkostenfrei direkt zu Ihnen nach Hause geliefert.","og_url":"https:\/\/www.raffinessen.ch\/fr\/produit\/langer-kampot-pfeffer\/","og_site_name":"Raffinessen","article_modified_time":"2022-12-29T21:13:27+00:00","og_image":[{"width":2000,"height":2000,"url":"https:\/\/www.raffinessen.ch\/webseite\/wp-content\/uploads\/2019\/12\/kampot-pfeffer-lang.jpg","type":"image\/jpeg"}],"twitter_card":"summary_large_image","twitter_misc":{"Dur\u00e9e de lecture estim\u00e9e":"1 minute"},"schema":{"@context":"https:\/\/schema.org","@graph":[{"@type":"WebPage","@id":"https:\/\/www.raffinessen.ch\/produkt\/langer-kampot-pfeffer\/","url":"https:\/\/www.raffinessen.ch\/produkt\/langer-kampot-pfeffer\/","name":"Coffret de d\u00e9gustation de poivre de Kampot","isPartOf":{"@id":"https:\/\/www.raffinessen.ch\/#website"},"primaryImageOfPage":{"@id":"https:\/\/www.raffinessen.ch\/produkt\/langer-kampot-pfeffer\/#primaryimage"},"image":{"@id":"https:\/\/www.raffinessen.ch\/produkt\/langer-kampot-pfeffer\/#primaryimage"},"thumbnailUrl":"https:\/\/www.raffinessen.ch\/webseite\/wp-content\/uploads\/2019\/12\/kampot-pfeffer-lang.jpg","datePublished":"2019-12-13T11:32:23+00:00","dateModified":"2022-12-29T21:13:27+00:00","description":"Sie erhalten erntefrischen roten und schwarzen Kampot Pfeffer von unserer Plantage versandkostenfrei direkt zu Ihnen nach Hause geliefert.","breadcrumb":{"@id":"https:\/\/www.raffinessen.ch\/produkt\/langer-kampot-pfeffer\/#breadcrumb"},"inLanguage":"fr-FR","potentialAction":[{"@type":"ReadAction","target":["https:\/\/www.raffinessen.ch\/produkt\/langer-kampot-pfeffer\/"]}]},{"@type":"ImageObject","inLanguage":"fr-FR","@id":"https:\/\/www.raffinessen.ch\/produkt\/langer-kampot-pfeffer\/#primaryimage","url":"https:\/\/www.raffinessen.ch\/webseite\/wp-content\/uploads\/2019\/12\/kampot-pfeffer-lang.jpg","contentUrl":"https:\/\/www.raffinessen.ch\/webseite\/wp-content\/uploads\/2019\/12\/kampot-pfeffer-lang.jpg","width":2000,"height":2000},{"@type":"BreadcrumbList","@id":"https:\/\/www.raffinessen.ch\/produkt\/langer-kampot-pfeffer\/#breadcrumb","itemListElement":[{"@type":"ListItem","position":1,"name":"Home","item":"https:\/\/www.raffinessen.ch\/"},{"@type":"ListItem","position":2,"name":"Shop","item":"https:\/\/www.raffinessen.ch\/shop\/"},{"@type":"ListItem","position":3,"name":"Langer Kampot Pfeffer"}]},{"@type":"WebSite","@id":"https:\/\/www.raffinessen.ch\/#website","url":"https:\/\/www.raffinessen.ch\/","name":"Raffinements","description":"poivre de Kampot rouge et noir - \u00e9pices","potentialAction":[{"@type":"SearchAction","target":{"@type":"EntryPoint","urlTemplate":"https:\/\/www.raffinessen.ch\/?s={search_term_string}"},"query-input":{"@type":"PropertyValueSpecification","valueRequired":true,"valueName":"search_term_string"}}],"inLanguage":"fr-FR"}]}},"_links":{"self":[{"href":"https:\/\/www.raffinessen.ch\/fr\/wp-json\/wp\/v2\/product\/4845","targetHints":{"allow":["GET"]}}],"collection":[{"href":"https:\/\/www.raffinessen.ch\/fr\/wp-json\/wp\/v2\/product"}],"about":[{"href":"https:\/\/www.raffinessen.ch\/fr\/wp-json\/wp\/v2\/types\/product"}],"wp:featuredmedia":[{"embeddable":true,"href":"https:\/\/www.raffinessen.ch\/fr\/wp-json\/wp\/v2\/media\/4848"}],"wp:attachment":[{"href":"https:\/\/www.raffinessen.ch\/fr\/wp-json\/wp\/v2\/media?parent=4845"}],"wp:term":[{"taxonomy":"product_brand","embeddable":true,"href":"https:\/\/www.raffinessen.ch\/fr\/wp-json\/wp\/v2\/product_brand?post=4845"},{"taxonomy":"product_cat","embeddable":true,"href":"https:\/\/www.raffinessen.ch\/fr\/wp-json\/wp\/v2\/product_cat?post=4845"},{"taxonomy":"product_tag","embeddable":true,"href":"https:\/\/www.raffinessen.ch\/fr\/wp-json\/wp\/v2\/product_tag?post=4845"}],"curies":[{"name":"wp","href":"https:\/\/api.w.org\/{rel}","templated":true}]}}