{"id":4778,"date":"2019-12-10T10:05:38","date_gmt":"2019-12-10T09:05:38","guid":{"rendered":"https:\/\/raffinessen.ch\/webseite\/?post_type=product&#038;p=4778"},"modified":"2022-10-20T21:15:38","modified_gmt":"2022-10-20T19:15:38","slug":"gewuerzmuehle-miya-schwarz-und-edelstahl","status":"publish","type":"product","link":"https:\/\/www.raffinessen.ch\/fr\/produit\/gewuerzmuehle-miya-schwarz-und-edelstahl\/","title":{"rendered":"SET - 1x moulin \u00e0 \u00e9pices MIYA noir et 1x MIYA inox"},"content":{"rendered":"<p>Le c\u0153ur du moulin \u00e0 \u00e9pices est le broyeur c\u00e9ramique high-tech CrushGrind\u00ae, garanti 25 ans. Le degr\u00e9 de mouture est r\u00e9glable en continu. La c\u00e9ramique utilis\u00e9e est plus dure que l'acier, ne rouille pas et est neutre en termes de go\u00fbt. Outre le poivre, le sel et le piment, il permet \u00e9galement de moudre de nombreuses autres \u00e9pices et herbes aromatiques.<\/p>\n<p>Format : \u00f8 68 mm, 126 mm de haut<br \/>\nMat\u00e9riaux : verre, plastique, acier inoxydable, c\u00e9ramique high-tech<\/p>","protected":false},"excerpt":{"rendered":"<p>Das Herzst\u00fcck der Gew\u00fcrzm\u00fchle ist das High-Tech Keramikmahlwerk CrushGrind\u00ae mit 25 Jahren Garantie. Der Mahlgrad ist stufenlos verstellbar. Die verwendete Keramik ist h\u00e4rter als Stahl, rostet nicht und ist geschmacksneutral. Neben Pfeffer, Salz und Chili k\u00f6nnen damit auch viele andere Gew\u00fcrze und Kr\u00e4uter gemahlen werden. Format: \u00f8 68 mm, 126 mm hoch Material: Glas, Kunststoff, [&hellip;]<\/p>\n","protected":false},"featured_media":4779,"template":"","meta":[],"product_brand":[],"product_cat":[1158],"product_tag":[],"class_list":{"0":"post-4778","1":"product","2":"type-product","3":"status-publish","4":"has-post-thumbnail","6":"product_cat-muehlen","7":"tm-no-options","9":"first","10":"instock","11":"taxable","12":"shipping-taxable","13":"purchasable","14":"product-type-simple"},"yoast_head":"<!-- This site is optimized with the Yoast SEO plugin v27.3 - https:\/\/yoast.com\/product\/yoast-seo-wordpress\/ -->\n<title>SET - 1x Gew\u00fcrzm\u00fchle MIYA schwarz und 1x MIYA Edelstahl - Raffinessen<\/title>\n<meta name=\"robots\" content=\"index, follow, max-snippet:-1, max-image-preview:large, max-video-preview:-1\" \/>\n<link rel=\"canonical\" href=\"https:\/\/www.raffinessen.ch\/fr\/produit\/gewuerzmuehle-miya-schwarz-und-edelstahl\/\" \/>\n<meta property=\"og:locale\" content=\"fr_FR\" \/>\n<meta property=\"og:type\" content=\"article\" \/>\n<meta property=\"og:title\" content=\"SET - 1x Gew\u00fcrzm\u00fchle MIYA schwarz und 1x MIYA Edelstahl - Raffinessen\" \/>\n<meta property=\"og:description\" content=\"Das Herzst\u00fcck der Gew\u00fcrzm\u00fchle ist das High-Tech Keramikmahlwerk CrushGrind\u00ae mit 25 Jahren Garantie. Der Mahlgrad ist stufenlos verstellbar. Die verwendete Keramik ist h\u00e4rter als Stahl, rostet nicht und ist geschmacksneutral. Neben Pfeffer, Salz und Chili k\u00f6nnen damit auch viele andere Gew\u00fcrze und Kr\u00e4uter gemahlen werden. Format: \u00f8 68 mm, 126 mm hoch Material: Glas, Kunststoff, [&hellip;]\" \/>\n<meta property=\"og:url\" content=\"https:\/\/www.raffinessen.ch\/fr\/produit\/gewuerzmuehle-miya-schwarz-und-edelstahl\/\" \/>\n<meta property=\"og:site_name\" content=\"Raffinessen\" \/>\n<meta property=\"article:modified_time\" content=\"2022-10-20T19:15:38+00:00\" \/>\n<meta property=\"og:image\" content=\"https:\/\/www.raffinessen.ch\/webseite\/wp-content\/uploads\/2019\/12\/miya-black-steel-muehle-scaled.jpg\" \/>\n\t<meta property=\"og:image:width\" content=\"2560\" \/>\n\t<meta property=\"og:image:height\" content=\"2560\" \/>\n\t<meta property=\"og:image:type\" content=\"image\/jpeg\" \/>\n<meta name=\"twitter:card\" content=\"summary_large_image\" \/>\n<meta name=\"twitter:label1\" content=\"Dur\u00e9e de lecture estim\u00e9e\" \/>\n\t<meta name=\"twitter:data1\" content=\"1 minute\" \/>\n<script type=\"application\/ld+json\" class=\"yoast-schema-graph\">{\"@context\":\"https:\\\/\\\/schema.org\",\"@graph\":[{\"@type\":\"WebPage\",\"@id\":\"https:\\\/\\\/www.raffinessen.ch\\\/produkt\\\/gewuerzmuehle-miya-schwarz-und-edelstahl\\\/\",\"url\":\"https:\\\/\\\/www.raffinessen.ch\\\/produkt\\\/gewuerzmuehle-miya-schwarz-und-edelstahl\\\/\",\"name\":\"SET - 1x Gew\u00fcrzm\u00fchle MIYA schwarz und 1x MIYA Edelstahl - Raffinessen\",\"isPartOf\":{\"@id\":\"https:\\\/\\\/www.raffinessen.ch\\\/#website\"},\"primaryImageOfPage\":{\"@id\":\"https:\\\/\\\/www.raffinessen.ch\\\/produkt\\\/gewuerzmuehle-miya-schwarz-und-edelstahl\\\/#primaryimage\"},\"image\":{\"@id\":\"https:\\\/\\\/www.raffinessen.ch\\\/produkt\\\/gewuerzmuehle-miya-schwarz-und-edelstahl\\\/#primaryimage\"},\"thumbnailUrl\":\"https:\\\/\\\/www.raffinessen.ch\\\/webseite\\\/wp-content\\\/uploads\\\/2019\\\/12\\\/miya-black-steel-muehle-scaled.jpg\",\"datePublished\":\"2019-12-10T09:05:38+00:00\",\"dateModified\":\"2022-10-20T19:15:38+00:00\",\"breadcrumb\":{\"@id\":\"https:\\\/\\\/www.raffinessen.ch\\\/produkt\\\/gewuerzmuehle-miya-schwarz-und-edelstahl\\\/#breadcrumb\"},\"inLanguage\":\"fr-FR\",\"potentialAction\":[{\"@type\":\"ReadAction\",\"target\":[\"https:\\\/\\\/www.raffinessen.ch\\\/produkt\\\/gewuerzmuehle-miya-schwarz-und-edelstahl\\\/\"]}]},{\"@type\":\"ImageObject\",\"inLanguage\":\"fr-FR\",\"@id\":\"https:\\\/\\\/www.raffinessen.ch\\\/produkt\\\/gewuerzmuehle-miya-schwarz-und-edelstahl\\\/#primaryimage\",\"url\":\"https:\\\/\\\/www.raffinessen.ch\\\/webseite\\\/wp-content\\\/uploads\\\/2019\\\/12\\\/miya-black-steel-muehle-scaled.jpg\",\"contentUrl\":\"https:\\\/\\\/www.raffinessen.ch\\\/webseite\\\/wp-content\\\/uploads\\\/2019\\\/12\\\/miya-black-steel-muehle-scaled.jpg\",\"width\":2560,\"height\":2560},{\"@type\":\"BreadcrumbList\",\"@id\":\"https:\\\/\\\/www.raffinessen.ch\\\/produkt\\\/gewuerzmuehle-miya-schwarz-und-edelstahl\\\/#breadcrumb\",\"itemListElement\":[{\"@type\":\"ListItem\",\"position\":1,\"name\":\"Home\",\"item\":\"https:\\\/\\\/www.raffinessen.ch\\\/\"},{\"@type\":\"ListItem\",\"position\":2,\"name\":\"Shop\",\"item\":\"https:\\\/\\\/www.raffinessen.ch\\\/shop\\\/\"},{\"@type\":\"ListItem\",\"position\":3,\"name\":\"SET &#8211; 1x Gew\u00fcrzm\u00fchle MIYA schwarz und 1x MIYA Edelstahl\"}]},{\"@type\":\"WebSite\",\"@id\":\"https:\\\/\\\/www.raffinessen.ch\\\/#website\",\"url\":\"https:\\\/\\\/www.raffinessen.ch\\\/\",\"name\":\"Raffinessen\",\"description\":\"roter und schwarzer Kampot Pfeffer - Gew\u00fcrze\",\"potentialAction\":[{\"@type\":\"SearchAction\",\"target\":{\"@type\":\"EntryPoint\",\"urlTemplate\":\"https:\\\/\\\/www.raffinessen.ch\\\/?s={search_term_string}\"},\"query-input\":{\"@type\":\"PropertyValueSpecification\",\"valueRequired\":true,\"valueName\":\"search_term_string\"}}],\"inLanguage\":\"fr-FR\"}]}<\/script>\n<!-- \/ Yoast SEO plugin. -->","yoast_head_json":{"title":"SET - 1x Gew\u00fcrzm\u00fchle MIYA schwarz und 1x MIYA Edelstahl - Raffinessen","robots":{"index":"index","follow":"follow","max-snippet":"max-snippet:-1","max-image-preview":"max-image-preview:large","max-video-preview":"max-video-preview:-1"},"canonical":"https:\/\/www.raffinessen.ch\/fr\/produit\/gewuerzmuehle-miya-schwarz-und-edelstahl\/","og_locale":"fr_FR","og_type":"article","og_title":"SET - 1x Gew\u00fcrzm\u00fchle MIYA schwarz und 1x MIYA Edelstahl - Raffinessen","og_description":"Das Herzst\u00fcck der Gew\u00fcrzm\u00fchle ist das High-Tech Keramikmahlwerk CrushGrind\u00ae mit 25 Jahren Garantie. Der Mahlgrad ist stufenlos verstellbar. Die verwendete Keramik ist h\u00e4rter als Stahl, rostet nicht und ist geschmacksneutral. Neben Pfeffer, Salz und Chili k\u00f6nnen damit auch viele andere Gew\u00fcrze und Kr\u00e4uter gemahlen werden. Format: \u00f8 68 mm, 126 mm hoch Material: Glas, Kunststoff, [&hellip;]","og_url":"https:\/\/www.raffinessen.ch\/fr\/produit\/gewuerzmuehle-miya-schwarz-und-edelstahl\/","og_site_name":"Raffinessen","article_modified_time":"2022-10-20T19:15:38+00:00","og_image":[{"width":2560,"height":2560,"url":"https:\/\/www.raffinessen.ch\/webseite\/wp-content\/uploads\/2019\/12\/miya-black-steel-muehle-scaled.jpg","type":"image\/jpeg"}],"twitter_card":"summary_large_image","twitter_misc":{"Dur\u00e9e de lecture estim\u00e9e":"1 minute"},"schema":{"@context":"https:\/\/schema.org","@graph":[{"@type":"WebPage","@id":"https:\/\/www.raffinessen.ch\/produkt\/gewuerzmuehle-miya-schwarz-und-edelstahl\/","url":"https:\/\/www.raffinessen.ch\/produkt\/gewuerzmuehle-miya-schwarz-und-edelstahl\/","name":"SET - 1x Gew\u00fcrzm\u00fchle MIYA schwarz und 1x MIYA Edelstahl - Raffinessen","isPartOf":{"@id":"https:\/\/www.raffinessen.ch\/#website"},"primaryImageOfPage":{"@id":"https:\/\/www.raffinessen.ch\/produkt\/gewuerzmuehle-miya-schwarz-und-edelstahl\/#primaryimage"},"image":{"@id":"https:\/\/www.raffinessen.ch\/produkt\/gewuerzmuehle-miya-schwarz-und-edelstahl\/#primaryimage"},"thumbnailUrl":"https:\/\/www.raffinessen.ch\/webseite\/wp-content\/uploads\/2019\/12\/miya-black-steel-muehle-scaled.jpg","datePublished":"2019-12-10T09:05:38+00:00","dateModified":"2022-10-20T19:15:38+00:00","breadcrumb":{"@id":"https:\/\/www.raffinessen.ch\/produkt\/gewuerzmuehle-miya-schwarz-und-edelstahl\/#breadcrumb"},"inLanguage":"fr-FR","potentialAction":[{"@type":"ReadAction","target":["https:\/\/www.raffinessen.ch\/produkt\/gewuerzmuehle-miya-schwarz-und-edelstahl\/"]}]},{"@type":"ImageObject","inLanguage":"fr-FR","@id":"https:\/\/www.raffinessen.ch\/produkt\/gewuerzmuehle-miya-schwarz-und-edelstahl\/#primaryimage","url":"https:\/\/www.raffinessen.ch\/webseite\/wp-content\/uploads\/2019\/12\/miya-black-steel-muehle-scaled.jpg","contentUrl":"https:\/\/www.raffinessen.ch\/webseite\/wp-content\/uploads\/2019\/12\/miya-black-steel-muehle-scaled.jpg","width":2560,"height":2560},{"@type":"BreadcrumbList","@id":"https:\/\/www.raffinessen.ch\/produkt\/gewuerzmuehle-miya-schwarz-und-edelstahl\/#breadcrumb","itemListElement":[{"@type":"ListItem","position":1,"name":"Home","item":"https:\/\/www.raffinessen.ch\/"},{"@type":"ListItem","position":2,"name":"Shop","item":"https:\/\/www.raffinessen.ch\/shop\/"},{"@type":"ListItem","position":3,"name":"SET &#8211; 1x Gew\u00fcrzm\u00fchle MIYA schwarz und 1x MIYA Edelstahl"}]},{"@type":"WebSite","@id":"https:\/\/www.raffinessen.ch\/#website","url":"https:\/\/www.raffinessen.ch\/","name":"Raffinements","description":"poivre de Kampot rouge et noir - \u00e9pices","potentialAction":[{"@type":"SearchAction","target":{"@type":"EntryPoint","urlTemplate":"https:\/\/www.raffinessen.ch\/?s={search_term_string}"},"query-input":{"@type":"PropertyValueSpecification","valueRequired":true,"valueName":"search_term_string"}}],"inLanguage":"fr-FR"}]}},"_links":{"self":[{"href":"https:\/\/www.raffinessen.ch\/fr\/wp-json\/wp\/v2\/product\/4778","targetHints":{"allow":["GET"]}}],"collection":[{"href":"https:\/\/www.raffinessen.ch\/fr\/wp-json\/wp\/v2\/product"}],"about":[{"href":"https:\/\/www.raffinessen.ch\/fr\/wp-json\/wp\/v2\/types\/product"}],"wp:featuredmedia":[{"embeddable":true,"href":"https:\/\/www.raffinessen.ch\/fr\/wp-json\/wp\/v2\/media\/4779"}],"wp:attachment":[{"href":"https:\/\/www.raffinessen.ch\/fr\/wp-json\/wp\/v2\/media?parent=4778"}],"wp:term":[{"taxonomy":"product_brand","embeddable":true,"href":"https:\/\/www.raffinessen.ch\/fr\/wp-json\/wp\/v2\/product_brand?post=4778"},{"taxonomy":"product_cat","embeddable":true,"href":"https:\/\/www.raffinessen.ch\/fr\/wp-json\/wp\/v2\/product_cat?post=4778"},{"taxonomy":"product_tag","embeddable":true,"href":"https:\/\/www.raffinessen.ch\/fr\/wp-json\/wp\/v2\/product_tag?post=4778"}],"curies":[{"name":"wp","href":"https:\/\/api.w.org\/{rel}","templated":true}]}}