{"id":4515,"date":"2019-11-08T16:23:14","date_gmt":"2019-11-08T15:23:14","guid":{"rendered":"https:\/\/raffinessen.ch\/webseite\/?post_type=product&#038;p=4515"},"modified":"2022-12-29T22:13:28","modified_gmt":"2022-12-29T21:13:28","slug":"wilder-palmzucker-aus-kampong-speu-60-g","status":"publish","type":"product","link":"https:\/\/www.raffinessen.ch\/fr\/produit\/wilder-palmzucker-aus-kampong-speu-60-g\/","title":{"rendered":"Sucre de palme sauvage de Kampong Speu (60 g)"},"content":{"rendered":"<p><strong>Contenu<\/strong><\/p>\n<ul>\n<li>60 g de sucre de palme sauvage de Kampong Speu<\/li>\n<\/ul>\n<p>&nbsp;<\/p>\n<p><strong>Sucre de palme sauvage de Kampong Speu<\/strong><br \/>\nLe sucre cambodgien appel\u00e9 Skor Thnot est obtenu \u00e0 partir de la s\u00e8ve du palmier palmyre (Borassus flabellifer L.), qui pousse \u00e0 l'\u00e9tat sauvage. Ce palmier ne doit pas \u00eatre confondu avec le palmier \u00e0 huile, qui est cultiv\u00e9 \u00e0 l'\u00e9chelle industrielle en Indon\u00e9sie et au Br\u00e9sil.<\/p>\n<p>La maigreur des sols profonds et sablonneux ainsi que la plus faible pluviom\u00e9trie de tout le Cambodge sont les facteurs cl\u00e9s de la forte concentration de sucre dans les fleurs de palmier et de l'ar\u00f4me unique qui en r\u00e9sulte pour ce sucre de palme.<\/p>\n<p>C'est pourquoi le sucre de la r\u00e9gion de Kampong Speu a re\u00e7u une appellation d'origine g\u00e9ographiquement prot\u00e9g\u00e9e de l'UE.<\/p>\n<p>Le traitement du jus r\u00e9colt\u00e9 commence dans les deux heures qui suivent la collecte du jus. Les producteurs r\u00e9gionaux ont acquis des ann\u00e9es d'exp\u00e9rience dans la cuisson du jus afin d'en extraire le sucre de la meilleure qualit\u00e9.<\/p>\n<p>Avec sa douceur fine et harmonieuse et ses remarquables notes gustatives de miel, de caramel et de vanille, il offre \"de la douceur avec du go\u00fbt\".<\/p>","protected":false},"excerpt":{"rendered":"<p>Inhalt 60 g wilder Palmzucker aus Kampong Speu &nbsp; Wilder Palmzucker aus Kampong Speu Der kambodschanische Zucker mit der Bezeichnung Skor Thnot wird aus dem Saft der wildwachsenden Palmyrapalme (Borassus flabellifer L.) gewonnen. Diese Palme darf nicht mit der \u00d6lpalme verwechselt werden, die im industriellen Massstab in Indonesien und Brasilien kultiviert wird. Die Magerkeit der [&hellip;]<\/p>\n","protected":false},"featured_media":4504,"template":"","meta":[],"product_brand":[],"product_cat":[1174,1165,444],"product_tag":[],"class_list":{"0":"post-4515","1":"product","2":"type-product","3":"status-publish","4":"has-post-thumbnail","6":"product_cat-einzel-gewuerze","7":"product_cat-gewuerze-einzeln","8":"product_cat-unkategorisiert","9":"tm-no-options","11":"first","12":"instock","13":"taxable","14":"shipping-taxable","15":"purchasable","16":"product-type-simple"},"yoast_head":"<!-- This site is optimized with the Yoast SEO plugin v27.5 - https:\/\/yoast.com\/product\/yoast-seo-wordpress\/ -->\n<title>Wilder Palmzucker aus Kampong Speu Kambodscha<\/title>\n<meta name=\"description\" content=\"Der kambodschanische Palmzucker mit der Bezeichnung Skor Thnot wird aus dem Saft der wildwachsenden Palmyrapalme gewonnen.\" \/>\n<meta name=\"robots\" content=\"index, follow, max-snippet:-1, max-image-preview:large, max-video-preview:-1\" \/>\n<link rel=\"canonical\" href=\"https:\/\/www.raffinessen.ch\/fr\/produit\/wilder-palmzucker-aus-kampong-speu-60-g\/\" \/>\n<meta property=\"og:locale\" content=\"fr_FR\" \/>\n<meta property=\"og:type\" content=\"article\" \/>\n<meta property=\"og:title\" content=\"Wilder Palmzucker aus Kampong Speu Kambodscha\" \/>\n<meta property=\"og:description\" content=\"Der kambodschanische Palmzucker mit der Bezeichnung Skor Thnot wird aus dem Saft der wildwachsenden Palmyrapalme gewonnen.\" \/>\n<meta property=\"og:url\" content=\"https:\/\/www.raffinessen.ch\/fr\/produit\/wilder-palmzucker-aus-kampong-speu-60-g\/\" \/>\n<meta property=\"og:site_name\" content=\"Raffinessen\" \/>\n<meta property=\"article:modified_time\" content=\"2022-12-29T21:13:28+00:00\" \/>\n<meta property=\"og:image\" content=\"https:\/\/www.raffinessen.ch\/webseite\/wp-content\/uploads\/2019\/11\/raffinessen-palmzucker-kambodscha.jpg\" \/>\n\t<meta property=\"og:image:width\" content=\"2000\" \/>\n\t<meta property=\"og:image:height\" content=\"2000\" \/>\n\t<meta property=\"og:image:type\" content=\"image\/jpeg\" \/>\n<meta name=\"twitter:card\" content=\"summary_large_image\" \/>\n<meta name=\"twitter:label1\" content=\"Dur\u00e9e de lecture estim\u00e9e\" \/>\n\t<meta name=\"twitter:data1\" content=\"1 minute\" \/>\n<script type=\"application\/ld+json\" class=\"yoast-schema-graph\">{\"@context\":\"https:\\\/\\\/schema.org\",\"@graph\":[{\"@type\":\"WebPage\",\"@id\":\"https:\\\/\\\/www.raffinessen.ch\\\/produkt\\\/wilder-palmzucker-aus-kampong-speu-60-g\\\/\",\"url\":\"https:\\\/\\\/www.raffinessen.ch\\\/produkt\\\/wilder-palmzucker-aus-kampong-speu-60-g\\\/\",\"name\":\"Wilder Palmzucker aus Kampong Speu Kambodscha\",\"isPartOf\":{\"@id\":\"https:\\\/\\\/www.raffinessen.ch\\\/#website\"},\"primaryImageOfPage\":{\"@id\":\"https:\\\/\\\/www.raffinessen.ch\\\/produkt\\\/wilder-palmzucker-aus-kampong-speu-60-g\\\/#primaryimage\"},\"image\":{\"@id\":\"https:\\\/\\\/www.raffinessen.ch\\\/produkt\\\/wilder-palmzucker-aus-kampong-speu-60-g\\\/#primaryimage\"},\"thumbnailUrl\":\"https:\\\/\\\/www.raffinessen.ch\\\/webseite\\\/wp-content\\\/uploads\\\/2019\\\/11\\\/raffinessen-palmzucker-kambodscha.jpg\",\"datePublished\":\"2019-11-08T15:23:14+00:00\",\"dateModified\":\"2022-12-29T21:13:28+00:00\",\"description\":\"Der kambodschanische Palmzucker mit der Bezeichnung Skor Thnot wird aus dem Saft der wildwachsenden Palmyrapalme gewonnen.\",\"breadcrumb\":{\"@id\":\"https:\\\/\\\/www.raffinessen.ch\\\/produkt\\\/wilder-palmzucker-aus-kampong-speu-60-g\\\/#breadcrumb\"},\"inLanguage\":\"fr-FR\",\"potentialAction\":[{\"@type\":\"ReadAction\",\"target\":[\"https:\\\/\\\/www.raffinessen.ch\\\/produkt\\\/wilder-palmzucker-aus-kampong-speu-60-g\\\/\"]}]},{\"@type\":\"ImageObject\",\"inLanguage\":\"fr-FR\",\"@id\":\"https:\\\/\\\/www.raffinessen.ch\\\/produkt\\\/wilder-palmzucker-aus-kampong-speu-60-g\\\/#primaryimage\",\"url\":\"https:\\\/\\\/www.raffinessen.ch\\\/webseite\\\/wp-content\\\/uploads\\\/2019\\\/11\\\/raffinessen-palmzucker-kambodscha.jpg\",\"contentUrl\":\"https:\\\/\\\/www.raffinessen.ch\\\/webseite\\\/wp-content\\\/uploads\\\/2019\\\/11\\\/raffinessen-palmzucker-kambodscha.jpg\",\"width\":2000,\"height\":2000},{\"@type\":\"BreadcrumbList\",\"@id\":\"https:\\\/\\\/www.raffinessen.ch\\\/produkt\\\/wilder-palmzucker-aus-kampong-speu-60-g\\\/#breadcrumb\",\"itemListElement\":[{\"@type\":\"ListItem\",\"position\":1,\"name\":\"Home\",\"item\":\"https:\\\/\\\/www.raffinessen.ch\\\/\"},{\"@type\":\"ListItem\",\"position\":2,\"name\":\"Shop\",\"item\":\"https:\\\/\\\/www.raffinessen.ch\\\/shop\\\/\"},{\"@type\":\"ListItem\",\"position\":3,\"name\":\"Wilder Palmzucker aus Kampong Speu (60 g)\"}]},{\"@type\":\"WebSite\",\"@id\":\"https:\\\/\\\/www.raffinessen.ch\\\/#website\",\"url\":\"https:\\\/\\\/www.raffinessen.ch\\\/\",\"name\":\"Raffinessen\",\"description\":\"roter und schwarzer Kampot Pfeffer - Gew\u00fcrze\",\"potentialAction\":[{\"@type\":\"SearchAction\",\"target\":{\"@type\":\"EntryPoint\",\"urlTemplate\":\"https:\\\/\\\/www.raffinessen.ch\\\/?s={search_term_string}\"},\"query-input\":{\"@type\":\"PropertyValueSpecification\",\"valueRequired\":true,\"valueName\":\"search_term_string\"}}],\"inLanguage\":\"fr-FR\"}]}<\/script>\n<!-- \/ Yoast SEO plugin. -->","yoast_head_json":{"title":"Wilder Palmzucker aus Kampong Speu Kambodscha","description":"Der kambodschanische Palmzucker mit der Bezeichnung Skor Thnot wird aus dem Saft der wildwachsenden Palmyrapalme gewonnen.","robots":{"index":"index","follow":"follow","max-snippet":"max-snippet:-1","max-image-preview":"max-image-preview:large","max-video-preview":"max-video-preview:-1"},"canonical":"https:\/\/www.raffinessen.ch\/fr\/produit\/wilder-palmzucker-aus-kampong-speu-60-g\/","og_locale":"fr_FR","og_type":"article","og_title":"Wilder Palmzucker aus Kampong Speu Kambodscha","og_description":"Der kambodschanische Palmzucker mit der Bezeichnung Skor Thnot wird aus dem Saft der wildwachsenden Palmyrapalme gewonnen.","og_url":"https:\/\/www.raffinessen.ch\/fr\/produit\/wilder-palmzucker-aus-kampong-speu-60-g\/","og_site_name":"Raffinessen","article_modified_time":"2022-12-29T21:13:28+00:00","og_image":[{"width":2000,"height":2000,"url":"https:\/\/www.raffinessen.ch\/webseite\/wp-content\/uploads\/2019\/11\/raffinessen-palmzucker-kambodscha.jpg","type":"image\/jpeg"}],"twitter_card":"summary_large_image","twitter_misc":{"Dur\u00e9e de lecture estim\u00e9e":"1 minute"},"schema":{"@context":"https:\/\/schema.org","@graph":[{"@type":"WebPage","@id":"https:\/\/www.raffinessen.ch\/produkt\/wilder-palmzucker-aus-kampong-speu-60-g\/","url":"https:\/\/www.raffinessen.ch\/produkt\/wilder-palmzucker-aus-kampong-speu-60-g\/","name":"Wilder Palmzucker aus Kampong Speu Kambodscha","isPartOf":{"@id":"https:\/\/www.raffinessen.ch\/#website"},"primaryImageOfPage":{"@id":"https:\/\/www.raffinessen.ch\/produkt\/wilder-palmzucker-aus-kampong-speu-60-g\/#primaryimage"},"image":{"@id":"https:\/\/www.raffinessen.ch\/produkt\/wilder-palmzucker-aus-kampong-speu-60-g\/#primaryimage"},"thumbnailUrl":"https:\/\/www.raffinessen.ch\/webseite\/wp-content\/uploads\/2019\/11\/raffinessen-palmzucker-kambodscha.jpg","datePublished":"2019-11-08T15:23:14+00:00","dateModified":"2022-12-29T21:13:28+00:00","description":"Der kambodschanische Palmzucker mit der Bezeichnung Skor Thnot wird aus dem Saft der wildwachsenden Palmyrapalme gewonnen.","breadcrumb":{"@id":"https:\/\/www.raffinessen.ch\/produkt\/wilder-palmzucker-aus-kampong-speu-60-g\/#breadcrumb"},"inLanguage":"fr-FR","potentialAction":[{"@type":"ReadAction","target":["https:\/\/www.raffinessen.ch\/produkt\/wilder-palmzucker-aus-kampong-speu-60-g\/"]}]},{"@type":"ImageObject","inLanguage":"fr-FR","@id":"https:\/\/www.raffinessen.ch\/produkt\/wilder-palmzucker-aus-kampong-speu-60-g\/#primaryimage","url":"https:\/\/www.raffinessen.ch\/webseite\/wp-content\/uploads\/2019\/11\/raffinessen-palmzucker-kambodscha.jpg","contentUrl":"https:\/\/www.raffinessen.ch\/webseite\/wp-content\/uploads\/2019\/11\/raffinessen-palmzucker-kambodscha.jpg","width":2000,"height":2000},{"@type":"BreadcrumbList","@id":"https:\/\/www.raffinessen.ch\/produkt\/wilder-palmzucker-aus-kampong-speu-60-g\/#breadcrumb","itemListElement":[{"@type":"ListItem","position":1,"name":"Home","item":"https:\/\/www.raffinessen.ch\/"},{"@type":"ListItem","position":2,"name":"Shop","item":"https:\/\/www.raffinessen.ch\/shop\/"},{"@type":"ListItem","position":3,"name":"Wilder Palmzucker aus Kampong Speu (60 g)"}]},{"@type":"WebSite","@id":"https:\/\/www.raffinessen.ch\/#website","url":"https:\/\/www.raffinessen.ch\/","name":"Raffinements","description":"poivre de Kampot rouge et noir - \u00e9pices","potentialAction":[{"@type":"SearchAction","target":{"@type":"EntryPoint","urlTemplate":"https:\/\/www.raffinessen.ch\/?s={search_term_string}"},"query-input":{"@type":"PropertyValueSpecification","valueRequired":true,"valueName":"search_term_string"}}],"inLanguage":"fr-FR"}]}},"_links":{"self":[{"href":"https:\/\/www.raffinessen.ch\/fr\/wp-json\/wp\/v2\/product\/4515","targetHints":{"allow":["GET"]}}],"collection":[{"href":"https:\/\/www.raffinessen.ch\/fr\/wp-json\/wp\/v2\/product"}],"about":[{"href":"https:\/\/www.raffinessen.ch\/fr\/wp-json\/wp\/v2\/types\/product"}],"wp:featuredmedia":[{"embeddable":true,"href":"https:\/\/www.raffinessen.ch\/fr\/wp-json\/wp\/v2\/media\/4504"}],"wp:attachment":[{"href":"https:\/\/www.raffinessen.ch\/fr\/wp-json\/wp\/v2\/media?parent=4515"}],"wp:term":[{"taxonomy":"product_brand","embeddable":true,"href":"https:\/\/www.raffinessen.ch\/fr\/wp-json\/wp\/v2\/product_brand?post=4515"},{"taxonomy":"product_cat","embeddable":true,"href":"https:\/\/www.raffinessen.ch\/fr\/wp-json\/wp\/v2\/product_cat?post=4515"},{"taxonomy":"product_tag","embeddable":true,"href":"https:\/\/www.raffinessen.ch\/fr\/wp-json\/wp\/v2\/product_tag?post=4515"}],"curies":[{"name":"wp","href":"https:\/\/api.w.org\/{rel}","templated":true}]}}