{"id":4484,"date":"2019-11-07T14:41:30","date_gmt":"2019-11-07T13:41:30","guid":{"rendered":"https:\/\/raffinessen.ch\/webseite\/?post_type=product&#038;p=4484"},"modified":"2022-12-29T22:13:28","modified_gmt":"2022-12-29T21:13:28","slug":"kurkuma-aus-kampot","status":"publish","type":"product","link":"https:\/\/www.raffinessen.ch\/fr\/produit\/kurkuma-aus-kampot\/","title":{"rendered":"Curcuma de Kampot"},"content":{"rendered":"<p><strong>Contenu<\/strong><\/p>\n<ul>\n<li>40 g de poudre de curcuma de notre ferme SWISS FARM \u00e0 Kampot<\/li>\n<\/ul>\n<p>&nbsp;<\/p>\n<p><strong>Le curcuma de SWISS FARM \u00e0 Kampot<\/strong><\/p>\n<p>L'odeur terreuse, l'ar\u00f4me de gingembre et, bien s\u00fbr, la riche couleur jaune sont les caract\u00e9ristiques essentielles du rhizome de curcuma (rhizome). Sa saveur douce et \u00e9pic\u00e9e se marie parfaitement avec les l\u00e9gumineuses, les pommes de terre, les plats \u00e0 base d'\u0153ufs et tous les l\u00e9gumes ainsi que, bien s\u00fbr, avec le curry, auquel il donne sa couleur jaune typique.<\/p>\n<p>Le chef \u00e9toil\u00e9 Reto Lampart d\u00e9crit l'ar\u00f4me de notre poudre de curcuma comme suit : \"Superbe nez frais et fruit\u00e9, rappelle l'\u00e9corce d'agrumes ou un peu de yuzu, conserve son superbe fruit\u00e9 m\u00eame \u00e0 la cuisson. Ar\u00f4me tr\u00e8s rond, notes tr\u00e8s discr\u00e8tes de fum\u00e9e presque comme de l'encens - tr\u00e8s attrayant et naturel\".<\/p>\n<p><strong>Culture sur le site de SWISS FARM \u00e0 Kampot<\/strong><\/p>\n<p>En 2018, nous avons plant\u00e9 du curcuma \u00e0 titre exp\u00e9rimental \u00e0 SWISS FARM. Le r\u00e9sultat a \u00e9t\u00e9 \u00e9poustouflant. D\u00e9but 2019, nous avons fait analyser la poudre obtenue par un laboratoire accr\u00e9dit\u00e9 et sommes aujourd'hui heureux de pouvoir vous proposer une \u00e9dition limit\u00e9e de cette d\u00e9licatesse. Suite aux r\u00e9actions extr\u00eamement positives des clients sur les march\u00e9s tests, nous avons d\u00e9cid\u00e9 de poursuivre la production en 2020 et avons plant\u00e9 environ 450 rhizomes.<\/p>\n<p>Nous attendons environ 1 kg de curcuma frais par rhizome, de sorte qu'apr\u00e8s le s\u00e9chage et le broyage de la r\u00e9colte 2020, il restera probablement entre 50 et 60 kg de la meilleure poudre de curcuma.<\/p>","protected":false},"excerpt":{"rendered":"<p>Inhalt 40 g Kurkuma Pulver von unserer SWISS FARM in Kampot &nbsp; Kurkuma von der SWISS FARM in Kampot Der erdige Geruch, das ingwerartige Aroma und nat\u00fcrlich die satte gelbe Farbe sind die wesentlichen Eigenschaften des Kurkuma-Rhizoms (Wurzelstock). Der mild-w\u00fcrzige Geschmack passt hervorragend zu H\u00fclsenfr\u00fcchten, Kartoffeln, Eierspeisen und allen Gem\u00fcsen sowie nat\u00fcrlich zum Curry, dem [&hellip;]<\/p>\n","protected":false},"featured_media":5301,"template":"","meta":[],"product_brand":[],"product_cat":[1174,1165,444],"product_tag":[],"class_list":{"0":"post-4484","1":"product","2":"type-product","3":"status-publish","4":"has-post-thumbnail","6":"product_cat-einzel-gewuerze","7":"product_cat-gewuerze-einzeln","8":"product_cat-unkategorisiert","9":"tm-no-options","11":"first","12":"instock","13":"taxable","14":"shipping-taxable","15":"purchasable","16":"product-type-simple"},"yoast_head":"<!-- This site is optimized with the Yoast SEO plugin v27.4 - https:\/\/yoast.com\/product\/yoast-seo-wordpress\/ -->\n<title>Kurkuma von der SWISS FARM in Kampot - Kambodscha<\/title>\n<meta name=\"description\" content=\"Der erdige Geruch, das ingwerartige Aroma und nat\u00fcrlich die satte gelbe Farbe sind die wesentlichen Eigenschaften des Kurkuma-Rhizoms (Wurzelstock)\" \/>\n<meta name=\"robots\" content=\"index, follow, max-snippet:-1, max-image-preview:large, max-video-preview:-1\" \/>\n<link rel=\"canonical\" href=\"https:\/\/www.raffinessen.ch\/fr\/produit\/kurkuma-aus-kampot\/\" \/>\n<meta property=\"og:locale\" content=\"fr_FR\" \/>\n<meta property=\"og:type\" content=\"article\" \/>\n<meta property=\"og:title\" content=\"Kurkuma von der SWISS FARM in Kampot - Kambodscha\" \/>\n<meta property=\"og:description\" content=\"Der erdige Geruch, das ingwerartige Aroma und nat\u00fcrlich die satte gelbe Farbe sind die wesentlichen Eigenschaften des Kurkuma-Rhizoms (Wurzelstock)\" \/>\n<meta property=\"og:url\" content=\"https:\/\/www.raffinessen.ch\/fr\/produit\/kurkuma-aus-kampot\/\" \/>\n<meta property=\"og:site_name\" content=\"Raffinessen\" \/>\n<meta property=\"article:modified_time\" content=\"2022-12-29T21:13:28+00:00\" \/>\n<meta property=\"og:image\" content=\"https:\/\/www.raffinessen.ch\/webseite\/wp-content\/uploads\/2020\/03\/kurkuma-raffinessen.jpg\" \/>\n\t<meta property=\"og:image:width\" content=\"2500\" \/>\n\t<meta property=\"og:image:height\" content=\"2500\" \/>\n\t<meta property=\"og:image:type\" content=\"image\/jpeg\" \/>\n<meta name=\"twitter:card\" content=\"summary_large_image\" \/>\n<meta name=\"twitter:label1\" content=\"Dur\u00e9e de lecture estim\u00e9e\" \/>\n\t<meta name=\"twitter:data1\" content=\"2 minutes\" \/>\n<script type=\"application\/ld+json\" class=\"yoast-schema-graph\">{\"@context\":\"https:\\\/\\\/schema.org\",\"@graph\":[{\"@type\":\"WebPage\",\"@id\":\"https:\\\/\\\/www.raffinessen.ch\\\/produkt\\\/kurkuma-aus-kampot\\\/\",\"url\":\"https:\\\/\\\/www.raffinessen.ch\\\/produkt\\\/kurkuma-aus-kampot\\\/\",\"name\":\"Kurkuma von der SWISS FARM in Kampot - Kambodscha\",\"isPartOf\":{\"@id\":\"https:\\\/\\\/www.raffinessen.ch\\\/#website\"},\"primaryImageOfPage\":{\"@id\":\"https:\\\/\\\/www.raffinessen.ch\\\/produkt\\\/kurkuma-aus-kampot\\\/#primaryimage\"},\"image\":{\"@id\":\"https:\\\/\\\/www.raffinessen.ch\\\/produkt\\\/kurkuma-aus-kampot\\\/#primaryimage\"},\"thumbnailUrl\":\"https:\\\/\\\/www.raffinessen.ch\\\/webseite\\\/wp-content\\\/uploads\\\/2020\\\/03\\\/kurkuma-raffinessen.jpg\",\"datePublished\":\"2019-11-07T13:41:30+00:00\",\"dateModified\":\"2022-12-29T21:13:28+00:00\",\"description\":\"Der erdige Geruch, das ingwerartige Aroma und nat\u00fcrlich die satte gelbe Farbe sind die wesentlichen Eigenschaften des Kurkuma-Rhizoms (Wurzelstock)\",\"breadcrumb\":{\"@id\":\"https:\\\/\\\/www.raffinessen.ch\\\/produkt\\\/kurkuma-aus-kampot\\\/#breadcrumb\"},\"inLanguage\":\"fr-FR\",\"potentialAction\":[{\"@type\":\"ReadAction\",\"target\":[\"https:\\\/\\\/www.raffinessen.ch\\\/produkt\\\/kurkuma-aus-kampot\\\/\"]}]},{\"@type\":\"ImageObject\",\"inLanguage\":\"fr-FR\",\"@id\":\"https:\\\/\\\/www.raffinessen.ch\\\/produkt\\\/kurkuma-aus-kampot\\\/#primaryimage\",\"url\":\"https:\\\/\\\/www.raffinessen.ch\\\/webseite\\\/wp-content\\\/uploads\\\/2020\\\/03\\\/kurkuma-raffinessen.jpg\",\"contentUrl\":\"https:\\\/\\\/www.raffinessen.ch\\\/webseite\\\/wp-content\\\/uploads\\\/2020\\\/03\\\/kurkuma-raffinessen.jpg\",\"width\":2500,\"height\":2500},{\"@type\":\"BreadcrumbList\",\"@id\":\"https:\\\/\\\/www.raffinessen.ch\\\/produkt\\\/kurkuma-aus-kampot\\\/#breadcrumb\",\"itemListElement\":[{\"@type\":\"ListItem\",\"position\":1,\"name\":\"Home\",\"item\":\"https:\\\/\\\/www.raffinessen.ch\\\/\"},{\"@type\":\"ListItem\",\"position\":2,\"name\":\"Shop\",\"item\":\"https:\\\/\\\/www.raffinessen.ch\\\/shop\\\/\"},{\"@type\":\"ListItem\",\"position\":3,\"name\":\"Kurkuma aus Kampot\"}]},{\"@type\":\"WebSite\",\"@id\":\"https:\\\/\\\/www.raffinessen.ch\\\/#website\",\"url\":\"https:\\\/\\\/www.raffinessen.ch\\\/\",\"name\":\"Raffinessen\",\"description\":\"roter und schwarzer Kampot Pfeffer - Gew\u00fcrze\",\"potentialAction\":[{\"@type\":\"SearchAction\",\"target\":{\"@type\":\"EntryPoint\",\"urlTemplate\":\"https:\\\/\\\/www.raffinessen.ch\\\/?s={search_term_string}\"},\"query-input\":{\"@type\":\"PropertyValueSpecification\",\"valueRequired\":true,\"valueName\":\"search_term_string\"}}],\"inLanguage\":\"fr-FR\"}]}<\/script>\n<!-- \/ Yoast SEO plugin. -->","yoast_head_json":{"title":"Kurkuma von der SWISS FARM in Kampot - Kambodscha","description":"Der erdige Geruch, das ingwerartige Aroma und nat\u00fcrlich die satte gelbe Farbe sind die wesentlichen Eigenschaften des Kurkuma-Rhizoms (Wurzelstock)","robots":{"index":"index","follow":"follow","max-snippet":"max-snippet:-1","max-image-preview":"max-image-preview:large","max-video-preview":"max-video-preview:-1"},"canonical":"https:\/\/www.raffinessen.ch\/fr\/produit\/kurkuma-aus-kampot\/","og_locale":"fr_FR","og_type":"article","og_title":"Kurkuma von der SWISS FARM in Kampot - Kambodscha","og_description":"Der erdige Geruch, das ingwerartige Aroma und nat\u00fcrlich die satte gelbe Farbe sind die wesentlichen Eigenschaften des Kurkuma-Rhizoms (Wurzelstock)","og_url":"https:\/\/www.raffinessen.ch\/fr\/produit\/kurkuma-aus-kampot\/","og_site_name":"Raffinessen","article_modified_time":"2022-12-29T21:13:28+00:00","og_image":[{"width":2500,"height":2500,"url":"https:\/\/www.raffinessen.ch\/webseite\/wp-content\/uploads\/2020\/03\/kurkuma-raffinessen.jpg","type":"image\/jpeg"}],"twitter_card":"summary_large_image","twitter_misc":{"Dur\u00e9e de lecture estim\u00e9e":"2 minutes"},"schema":{"@context":"https:\/\/schema.org","@graph":[{"@type":"WebPage","@id":"https:\/\/www.raffinessen.ch\/produkt\/kurkuma-aus-kampot\/","url":"https:\/\/www.raffinessen.ch\/produkt\/kurkuma-aus-kampot\/","name":"Kurkuma von der SWISS FARM in Kampot - Kambodscha","isPartOf":{"@id":"https:\/\/www.raffinessen.ch\/#website"},"primaryImageOfPage":{"@id":"https:\/\/www.raffinessen.ch\/produkt\/kurkuma-aus-kampot\/#primaryimage"},"image":{"@id":"https:\/\/www.raffinessen.ch\/produkt\/kurkuma-aus-kampot\/#primaryimage"},"thumbnailUrl":"https:\/\/www.raffinessen.ch\/webseite\/wp-content\/uploads\/2020\/03\/kurkuma-raffinessen.jpg","datePublished":"2019-11-07T13:41:30+00:00","dateModified":"2022-12-29T21:13:28+00:00","description":"Der erdige Geruch, das ingwerartige Aroma und nat\u00fcrlich die satte gelbe Farbe sind die wesentlichen Eigenschaften des Kurkuma-Rhizoms (Wurzelstock)","breadcrumb":{"@id":"https:\/\/www.raffinessen.ch\/produkt\/kurkuma-aus-kampot\/#breadcrumb"},"inLanguage":"fr-FR","potentialAction":[{"@type":"ReadAction","target":["https:\/\/www.raffinessen.ch\/produkt\/kurkuma-aus-kampot\/"]}]},{"@type":"ImageObject","inLanguage":"fr-FR","@id":"https:\/\/www.raffinessen.ch\/produkt\/kurkuma-aus-kampot\/#primaryimage","url":"https:\/\/www.raffinessen.ch\/webseite\/wp-content\/uploads\/2020\/03\/kurkuma-raffinessen.jpg","contentUrl":"https:\/\/www.raffinessen.ch\/webseite\/wp-content\/uploads\/2020\/03\/kurkuma-raffinessen.jpg","width":2500,"height":2500},{"@type":"BreadcrumbList","@id":"https:\/\/www.raffinessen.ch\/produkt\/kurkuma-aus-kampot\/#breadcrumb","itemListElement":[{"@type":"ListItem","position":1,"name":"Home","item":"https:\/\/www.raffinessen.ch\/"},{"@type":"ListItem","position":2,"name":"Shop","item":"https:\/\/www.raffinessen.ch\/shop\/"},{"@type":"ListItem","position":3,"name":"Kurkuma aus Kampot"}]},{"@type":"WebSite","@id":"https:\/\/www.raffinessen.ch\/#website","url":"https:\/\/www.raffinessen.ch\/","name":"Raffinements","description":"poivre de Kampot rouge et noir - \u00e9pices","potentialAction":[{"@type":"SearchAction","target":{"@type":"EntryPoint","urlTemplate":"https:\/\/www.raffinessen.ch\/?s={search_term_string}"},"query-input":{"@type":"PropertyValueSpecification","valueRequired":true,"valueName":"search_term_string"}}],"inLanguage":"fr-FR"}]}},"_links":{"self":[{"href":"https:\/\/www.raffinessen.ch\/fr\/wp-json\/wp\/v2\/product\/4484","targetHints":{"allow":["GET"]}}],"collection":[{"href":"https:\/\/www.raffinessen.ch\/fr\/wp-json\/wp\/v2\/product"}],"about":[{"href":"https:\/\/www.raffinessen.ch\/fr\/wp-json\/wp\/v2\/types\/product"}],"wp:featuredmedia":[{"embeddable":true,"href":"https:\/\/www.raffinessen.ch\/fr\/wp-json\/wp\/v2\/media\/5301"}],"wp:attachment":[{"href":"https:\/\/www.raffinessen.ch\/fr\/wp-json\/wp\/v2\/media?parent=4484"}],"wp:term":[{"taxonomy":"product_brand","embeddable":true,"href":"https:\/\/www.raffinessen.ch\/fr\/wp-json\/wp\/v2\/product_brand?post=4484"},{"taxonomy":"product_cat","embeddable":true,"href":"https:\/\/www.raffinessen.ch\/fr\/wp-json\/wp\/v2\/product_cat?post=4484"},{"taxonomy":"product_tag","embeddable":true,"href":"https:\/\/www.raffinessen.ch\/fr\/wp-json\/wp\/v2\/product_tag?post=4484"}],"curies":[{"name":"wp","href":"https:\/\/api.w.org\/{rel}","templated":true}]}}