{"id":3810,"date":"2018-12-07T23:58:17","date_gmt":"2018-12-07T22:58:17","guid":{"rendered":"https:\/\/raffinessen.ch\/webseite\/?post_type=product&#038;p=3810"},"modified":"2026-01-08T17:48:02","modified_gmt":"2026-01-08T16:48:02","slug":"weisser-kampot-pfeffer-50-g","status":"publish","type":"product","link":"https:\/\/www.raffinessen.ch\/fr\/produit\/weisser-kampot-pfeffer-50-g\/","title":{"rendered":"poivre blanc de Kampot (50 g)"},"content":{"rendered":"<p><strong>Contenu<\/strong><\/p>\n<ul>\n<li>50 g weisser Kampot Pfeffer (Ernte 2025)<\/li>\n<\/ul>\n<p>&nbsp;<\/p>\n<p><strong>Poivre blanc de Kampot<\/strong><\/p>\n<p><span class=\"\">Le bouquet caract\u00e9ristique du poivre blanc de Kampot est d\u00e9pourvu des notes de renferm\u00e9 que l'on trouve souvent dans le poivre blanc traditionnel. Son ar\u00f4me s'accompagne de notes de citron frais, de macis et de bois de c\u00e8dre.<\/span><\/p>\n<p>Nous livrons du poivre mill\u00e9sim\u00e9 fra\u00eechement r\u00e9colt\u00e9 de la meilleure qualit\u00e9 depuis notre plantation au Cambodge. Il est tr\u00e8s important pour nous de pouvoir vous livrer du poivre mill\u00e9sim\u00e9 fra\u00eechement r\u00e9colt\u00e9. Comme la nature fait en sorte que chaque ann\u00e9e de r\u00e9colte soit diff\u00e9rente, le cultivateur doit lire sur le fruit quand il est pr\u00eat \u00e0 \u00eatre r\u00e9colt\u00e9, c'est pourquoi nous ne pouvons pas pr\u00e9voir les dates exactes de livraison du nouveau poivre mill\u00e9sim\u00e9.<\/p>\n<p>\u00c0 la livraison, le poivre se conserve au moins 3 ans s'il est stock\u00e9 au sec et \u00e0 l'abri de la lumi\u00e8re.<\/p>","protected":false},"excerpt":{"rendered":"<p>Inhalt 50 g weisser Kampot Pfeffer (Ernte 2025) &nbsp; Weisser Kampot Pfeffer Das charakteristische Bouquet des weissen Kampot Pfeffers ist frei von muffigen Fehlt\u00f6nen, welche bei herk\u00f6mmlichem weissem Pfeffer h\u00e4ufig auftreten. Sein Aroma begleiten Noten von frischer Zitrone, Muskatbl\u00fcte und Zedernholz. Wir liefern erntefrischen Jahrgangs-Pfeffer bester Qualit\u00e4t von unserer Plantage in Kambodscha. Es ist uns [&hellip;]<\/p>\n","protected":false},"featured_media":3807,"template":"","meta":[],"product_brand":[],"product_cat":[1174,1165,444],"product_tag":[],"class_list":{"0":"post-3810","1":"product","2":"type-product","3":"status-publish","4":"has-post-thumbnail","6":"product_cat-einzel-gewuerze","7":"product_cat-gewuerze-einzeln","8":"product_cat-unkategorisiert","9":"tm-has-options","11":"first","12":"instock","13":"taxable","14":"shipping-taxable","15":"purchasable","16":"product-type-simple"},"yoast_head":"<!-- This site is optimized with the Yoast SEO plugin v27.5 - https:\/\/yoast.com\/product\/yoast-seo-wordpress\/ -->\n<title>Probier-Set roter Kampot Pfeffer<\/title>\n<meta name=\"description\" content=\"Sie erhalten erntefrischen roten Kampot Pfeffer von unserer Plantage versandkostenfrei direkt zu Ihnen nach Hause geliefert.\" \/>\n<meta name=\"robots\" content=\"index, follow, max-snippet:-1, max-image-preview:large, max-video-preview:-1\" \/>\n<link rel=\"canonical\" href=\"https:\/\/www.raffinessen.ch\/fr\/produit\/weisser-kampot-pfeffer-50-g\/\" \/>\n<meta property=\"og:locale\" content=\"fr_FR\" \/>\n<meta property=\"og:type\" content=\"article\" \/>\n<meta property=\"og:title\" content=\"Probier-Set roter Kampot Pfeffer\" \/>\n<meta property=\"og:description\" content=\"Sie erhalten erntefrischen roten Kampot Pfeffer von unserer Plantage versandkostenfrei direkt zu Ihnen nach Hause geliefert.\" \/>\n<meta property=\"og:url\" content=\"https:\/\/www.raffinessen.ch\/fr\/produit\/weisser-kampot-pfeffer-50-g\/\" \/>\n<meta property=\"og:site_name\" content=\"Raffinessen\" \/>\n<meta property=\"article:modified_time\" content=\"2026-01-08T16:48:02+00:00\" \/>\n<meta property=\"og:image\" content=\"https:\/\/www.raffinessen.ch\/webseite\/wp-content\/uploads\/2018\/12\/weisser-kampot-pfeffer.jpg\" \/>\n\t<meta property=\"og:image:width\" content=\"2000\" \/>\n\t<meta property=\"og:image:height\" content=\"2000\" \/>\n\t<meta property=\"og:image:type\" content=\"image\/jpeg\" \/>\n<meta name=\"twitter:card\" content=\"summary_large_image\" \/>\n<meta name=\"twitter:label1\" content=\"Dur\u00e9e de lecture estim\u00e9e\" \/>\n\t<meta name=\"twitter:data1\" content=\"2 minutes\" \/>\n<script type=\"application\/ld+json\" class=\"yoast-schema-graph\">{\"@context\":\"https:\\\/\\\/schema.org\",\"@graph\":[{\"@type\":\"WebPage\",\"@id\":\"https:\\\/\\\/www.raffinessen.ch\\\/produkt\\\/weisser-kampot-pfeffer-50-g\\\/\",\"url\":\"https:\\\/\\\/www.raffinessen.ch\\\/produkt\\\/weisser-kampot-pfeffer-50-g\\\/\",\"name\":\"Probier-Set roter Kampot Pfeffer\",\"isPartOf\":{\"@id\":\"https:\\\/\\\/www.raffinessen.ch\\\/#website\"},\"primaryImageOfPage\":{\"@id\":\"https:\\\/\\\/www.raffinessen.ch\\\/produkt\\\/weisser-kampot-pfeffer-50-g\\\/#primaryimage\"},\"image\":{\"@id\":\"https:\\\/\\\/www.raffinessen.ch\\\/produkt\\\/weisser-kampot-pfeffer-50-g\\\/#primaryimage\"},\"thumbnailUrl\":\"https:\\\/\\\/www.raffinessen.ch\\\/webseite\\\/wp-content\\\/uploads\\\/2018\\\/12\\\/weisser-kampot-pfeffer.jpg\",\"datePublished\":\"2018-12-07T22:58:17+00:00\",\"dateModified\":\"2026-01-08T16:48:02+00:00\",\"description\":\"Sie erhalten erntefrischen roten Kampot Pfeffer von unserer Plantage versandkostenfrei direkt zu Ihnen nach Hause geliefert.\",\"breadcrumb\":{\"@id\":\"https:\\\/\\\/www.raffinessen.ch\\\/produkt\\\/weisser-kampot-pfeffer-50-g\\\/#breadcrumb\"},\"inLanguage\":\"fr-FR\",\"potentialAction\":[{\"@type\":\"ReadAction\",\"target\":[\"https:\\\/\\\/www.raffinessen.ch\\\/produkt\\\/weisser-kampot-pfeffer-50-g\\\/\"]}]},{\"@type\":\"ImageObject\",\"inLanguage\":\"fr-FR\",\"@id\":\"https:\\\/\\\/www.raffinessen.ch\\\/produkt\\\/weisser-kampot-pfeffer-50-g\\\/#primaryimage\",\"url\":\"https:\\\/\\\/www.raffinessen.ch\\\/webseite\\\/wp-content\\\/uploads\\\/2018\\\/12\\\/weisser-kampot-pfeffer.jpg\",\"contentUrl\":\"https:\\\/\\\/www.raffinessen.ch\\\/webseite\\\/wp-content\\\/uploads\\\/2018\\\/12\\\/weisser-kampot-pfeffer.jpg\",\"width\":2000,\"height\":2000},{\"@type\":\"BreadcrumbList\",\"@id\":\"https:\\\/\\\/www.raffinessen.ch\\\/produkt\\\/weisser-kampot-pfeffer-50-g\\\/#breadcrumb\",\"itemListElement\":[{\"@type\":\"ListItem\",\"position\":1,\"name\":\"Home\",\"item\":\"https:\\\/\\\/www.raffinessen.ch\\\/\"},{\"@type\":\"ListItem\",\"position\":2,\"name\":\"Shop\",\"item\":\"https:\\\/\\\/www.raffinessen.ch\\\/shop\\\/\"},{\"@type\":\"ListItem\",\"position\":3,\"name\":\"weisser Kampot Pfeffer (50 g)\"}]},{\"@type\":\"WebSite\",\"@id\":\"https:\\\/\\\/www.raffinessen.ch\\\/#website\",\"url\":\"https:\\\/\\\/www.raffinessen.ch\\\/\",\"name\":\"Raffinessen\",\"description\":\"roter und schwarzer Kampot Pfeffer - Gew\u00fcrze\",\"potentialAction\":[{\"@type\":\"SearchAction\",\"target\":{\"@type\":\"EntryPoint\",\"urlTemplate\":\"https:\\\/\\\/www.raffinessen.ch\\\/?s={search_term_string}\"},\"query-input\":{\"@type\":\"PropertyValueSpecification\",\"valueRequired\":true,\"valueName\":\"search_term_string\"}}],\"inLanguage\":\"fr-FR\"}]}<\/script>\n<!-- \/ Yoast SEO plugin. -->","yoast_head_json":{"title":"Probier-Set roter Kampot Pfeffer","description":"Sie erhalten erntefrischen roten Kampot Pfeffer von unserer Plantage versandkostenfrei direkt zu Ihnen nach Hause geliefert.","robots":{"index":"index","follow":"follow","max-snippet":"max-snippet:-1","max-image-preview":"max-image-preview:large","max-video-preview":"max-video-preview:-1"},"canonical":"https:\/\/www.raffinessen.ch\/fr\/produit\/weisser-kampot-pfeffer-50-g\/","og_locale":"fr_FR","og_type":"article","og_title":"Probier-Set roter Kampot Pfeffer","og_description":"Sie erhalten erntefrischen roten Kampot Pfeffer von unserer Plantage versandkostenfrei direkt zu Ihnen nach Hause geliefert.","og_url":"https:\/\/www.raffinessen.ch\/fr\/produit\/weisser-kampot-pfeffer-50-g\/","og_site_name":"Raffinessen","article_modified_time":"2026-01-08T16:48:02+00:00","og_image":[{"width":2000,"height":2000,"url":"https:\/\/www.raffinessen.ch\/webseite\/wp-content\/uploads\/2018\/12\/weisser-kampot-pfeffer.jpg","type":"image\/jpeg"}],"twitter_card":"summary_large_image","twitter_misc":{"Dur\u00e9e de lecture estim\u00e9e":"2 minutes"},"schema":{"@context":"https:\/\/schema.org","@graph":[{"@type":"WebPage","@id":"https:\/\/www.raffinessen.ch\/produkt\/weisser-kampot-pfeffer-50-g\/","url":"https:\/\/www.raffinessen.ch\/produkt\/weisser-kampot-pfeffer-50-g\/","name":"Probier-Set roter Kampot Pfeffer","isPartOf":{"@id":"https:\/\/www.raffinessen.ch\/#website"},"primaryImageOfPage":{"@id":"https:\/\/www.raffinessen.ch\/produkt\/weisser-kampot-pfeffer-50-g\/#primaryimage"},"image":{"@id":"https:\/\/www.raffinessen.ch\/produkt\/weisser-kampot-pfeffer-50-g\/#primaryimage"},"thumbnailUrl":"https:\/\/www.raffinessen.ch\/webseite\/wp-content\/uploads\/2018\/12\/weisser-kampot-pfeffer.jpg","datePublished":"2018-12-07T22:58:17+00:00","dateModified":"2026-01-08T16:48:02+00:00","description":"Sie erhalten erntefrischen roten Kampot Pfeffer von unserer Plantage versandkostenfrei direkt zu Ihnen nach Hause geliefert.","breadcrumb":{"@id":"https:\/\/www.raffinessen.ch\/produkt\/weisser-kampot-pfeffer-50-g\/#breadcrumb"},"inLanguage":"fr-FR","potentialAction":[{"@type":"ReadAction","target":["https:\/\/www.raffinessen.ch\/produkt\/weisser-kampot-pfeffer-50-g\/"]}]},{"@type":"ImageObject","inLanguage":"fr-FR","@id":"https:\/\/www.raffinessen.ch\/produkt\/weisser-kampot-pfeffer-50-g\/#primaryimage","url":"https:\/\/www.raffinessen.ch\/webseite\/wp-content\/uploads\/2018\/12\/weisser-kampot-pfeffer.jpg","contentUrl":"https:\/\/www.raffinessen.ch\/webseite\/wp-content\/uploads\/2018\/12\/weisser-kampot-pfeffer.jpg","width":2000,"height":2000},{"@type":"BreadcrumbList","@id":"https:\/\/www.raffinessen.ch\/produkt\/weisser-kampot-pfeffer-50-g\/#breadcrumb","itemListElement":[{"@type":"ListItem","position":1,"name":"Home","item":"https:\/\/www.raffinessen.ch\/"},{"@type":"ListItem","position":2,"name":"Shop","item":"https:\/\/www.raffinessen.ch\/shop\/"},{"@type":"ListItem","position":3,"name":"weisser Kampot Pfeffer (50 g)"}]},{"@type":"WebSite","@id":"https:\/\/www.raffinessen.ch\/#website","url":"https:\/\/www.raffinessen.ch\/","name":"Raffinements","description":"poivre de Kampot rouge et noir - \u00e9pices","potentialAction":[{"@type":"SearchAction","target":{"@type":"EntryPoint","urlTemplate":"https:\/\/www.raffinessen.ch\/?s={search_term_string}"},"query-input":{"@type":"PropertyValueSpecification","valueRequired":true,"valueName":"search_term_string"}}],"inLanguage":"fr-FR"}]}},"_links":{"self":[{"href":"https:\/\/www.raffinessen.ch\/fr\/wp-json\/wp\/v2\/product\/3810","targetHints":{"allow":["GET"]}}],"collection":[{"href":"https:\/\/www.raffinessen.ch\/fr\/wp-json\/wp\/v2\/product"}],"about":[{"href":"https:\/\/www.raffinessen.ch\/fr\/wp-json\/wp\/v2\/types\/product"}],"wp:featuredmedia":[{"embeddable":true,"href":"https:\/\/www.raffinessen.ch\/fr\/wp-json\/wp\/v2\/media\/3807"}],"wp:attachment":[{"href":"https:\/\/www.raffinessen.ch\/fr\/wp-json\/wp\/v2\/media?parent=3810"}],"wp:term":[{"taxonomy":"product_brand","embeddable":true,"href":"https:\/\/www.raffinessen.ch\/fr\/wp-json\/wp\/v2\/product_brand?post=3810"},{"taxonomy":"product_cat","embeddable":true,"href":"https:\/\/www.raffinessen.ch\/fr\/wp-json\/wp\/v2\/product_cat?post=3810"},{"taxonomy":"product_tag","embeddable":true,"href":"https:\/\/www.raffinessen.ch\/fr\/wp-json\/wp\/v2\/product_tag?post=3810"}],"curies":[{"name":"wp","href":"https:\/\/api.w.org\/{rel}","templated":true}]}}