{"id":3119,"date":"2018-03-16T10:13:21","date_gmt":"2018-03-16T09:13:21","guid":{"rendered":"https:\/\/raffinessen.ch\/webseite\/?post_type=product&#038;p=3119"},"modified":"2026-02-08T22:23:55","modified_gmt":"2026-02-08T21:23:55","slug":"investment-roter-kampot-pfeffer-1000-gramm","status":"publish","type":"product","link":"https:\/\/www.raffinessen.ch\/fr\/produit\/investment-roter-kampot-pfeffer-1000-gramm\/","title":{"rendered":"Poivre de Kampot rouge d'investissement 1000 grammes"},"content":{"rendered":"<p><strong>Contenu<\/strong><br \/>\n333 g de poivre de Kampot rouge par an pendant 3 ans<\/p>\n<p>&nbsp;<\/p>\n<p>Avec votre contribution de 150 CHF, nous achetons et g\u00e9rons un nouveau plant de poivre et vous faites ainsi partie de notre plantation. Votre investissement vous donne droit \u00e0 un total de 1000 g de poivre rouge de Kampot exclusif.<\/p>\n<p>Nous partons du principe que nous pouvons vous faire parvenir le poivre s\u00e9ch\u00e9 et nettoy\u00e9 \u00e0 la mi-octobre de l'ann\u00e9e de r\u00e9colte correspondante.<\/p>\n<p>\u00c0 la livraison, le poivre se conserve au moins 3 ans s'il est stock\u00e9 au sec et \u00e0 l'abri de la lumi\u00e8re.<\/p>\n<p><strong>Poivre rouge de Kampot<\/strong><br \/>\nL'ar\u00f4me caract\u00e9ristique du poivre rouge de Kampot est puissant mais finement nuanc\u00e9 et s\u00e9duit par des notes l\u00e9g\u00e8rement sucr\u00e9es et fruit\u00e9es avec un soup\u00e7on d'agrumes. En bouche, un piquant puissant et persistant se d\u00e9veloppe lentement, laissant une merveilleuse sensation de chaleur en bouche.<\/p>\n<p>Le v\u00e9ritable poivre rouge est une r\u00e9colte tardive. Ce poivre m\u00fbrit enti\u00e8rement sur la plante jusqu'\u00e0 ce que les baies deviennent rouges. Pendant la p\u00e9riode de r\u00e9colte, les fruits rouges arriv\u00e9s \u00e0 maturit\u00e9 sont cueillis quotidiennement \u00e0 la main. La cueillette des fruits m\u00fbrs doit se faire avec beaucoup de soin afin d'\u00e9viter d'endommager la peau sensible.<\/p>\n<p>Ce poivre n'a rien \u00e0 voir avec le poivre rose que l'on trouve dans le commerce et qui est r\u00e9colt\u00e9 sur une plante ressemblant au poivre en Am\u00e9rique du Sud.<\/p>\n<p>Nous livrons du poivre mill\u00e9sim\u00e9 fra\u00eechement r\u00e9colt\u00e9 de la meilleure qualit\u00e9 depuis notre plantation au Cambodge. Il est tr\u00e8s important pour nous de pouvoir vous livrer du poivre mill\u00e9sim\u00e9 fra\u00eechement r\u00e9colt\u00e9. Comme la nature fait en sorte que chaque ann\u00e9e de r\u00e9colte soit diff\u00e9rente, le cultivateur doit lire sur le fruit quand il est pr\u00eat \u00e0 \u00eatre r\u00e9colt\u00e9, c'est pourquoi nous ne pouvons pas pr\u00e9voir les dates exactes de livraison du nouveau poivre mill\u00e9sim\u00e9.<\/p>","protected":false},"excerpt":{"rendered":"<p>Inhalt W\u00e4hrend 3 Jahren j\u00e4hrlich 333 g roter Kampot Pfeffer &nbsp; Mit Ihrem Beitrag von CHF 150.\u2013 kaufen und bewirtschaften wir eine neue Pfefferpflanze und Sie werden damit Teil unserer Plantage. Mit Ihrem Investment sind Sie berechtigt, insgesamt 1000 g vom exklusiven roten Kampot Pfeffer zu beziehen. Wir gehen davon aus, dass wir Ihnen den [&hellip;]<\/p>\n","protected":false},"featured_media":3806,"template":"","meta":[],"product_brand":[],"product_cat":[19],"product_tag":[],"class_list":{"0":"post-3119","1":"product","2":"type-product","3":"status-publish","4":"has-post-thumbnail","6":"product_cat-pfeffer-abo","7":"tm-has-options","9":"first","10":"instock","11":"taxable","12":"shipping-taxable","13":"purchasable","14":"product-type-variable"},"yoast_head":"<!-- This site is optimized with the Yoast SEO plugin v27.5 - https:\/\/yoast.com\/product\/yoast-seo-wordpress\/ -->\n<title>Investment - roter Kampot Pfeffer<\/title>\n<meta name=\"description\" content=\"Mit Ihrem Beitrag kaufen und bewirtschaften wir eine neue Pfefferpflanze. Sie sind berechtigt, insgesamt 1000 g roten Kampot Pfeffer zu beziehen.\" \/>\n<meta name=\"robots\" content=\"index, follow, max-snippet:-1, max-image-preview:large, max-video-preview:-1\" \/>\n<link rel=\"canonical\" href=\"https:\/\/www.raffinessen.ch\/fr\/produit\/investment-roter-kampot-pfeffer-1000-gramm\/\" \/>\n<meta property=\"og:locale\" content=\"fr_FR\" \/>\n<meta property=\"og:type\" content=\"article\" \/>\n<meta property=\"og:title\" content=\"Investment - roter Kampot Pfeffer\" \/>\n<meta property=\"og:description\" content=\"Mit Ihrem Beitrag kaufen und bewirtschaften wir eine neue Pfefferpflanze. Sie sind berechtigt, insgesamt 1000 g roten Kampot Pfeffer zu beziehen.\" \/>\n<meta property=\"og:url\" content=\"https:\/\/www.raffinessen.ch\/fr\/produit\/investment-roter-kampot-pfeffer-1000-gramm\/\" \/>\n<meta property=\"og:site_name\" content=\"Raffinessen\" \/>\n<meta property=\"article:modified_time\" content=\"2026-02-08T21:23:55+00:00\" \/>\n<meta property=\"og:image\" content=\"https:\/\/www.raffinessen.ch\/webseite\/wp-content\/uploads\/2018\/12\/roter-kampot-pfeffer.jpg\" \/>\n\t<meta property=\"og:image:width\" content=\"2000\" \/>\n\t<meta property=\"og:image:height\" content=\"2000\" \/>\n\t<meta property=\"og:image:type\" content=\"image\/jpeg\" \/>\n<meta name=\"twitter:card\" content=\"summary_large_image\" \/>\n<meta name=\"twitter:label1\" content=\"Dur\u00e9e de lecture estim\u00e9e\" \/>\n\t<meta name=\"twitter:data1\" content=\"2 minutes\" \/>\n<script type=\"application\/ld+json\" class=\"yoast-schema-graph\">{\"@context\":\"https:\\\/\\\/schema.org\",\"@graph\":[{\"@type\":\"WebPage\",\"@id\":\"https:\\\/\\\/www.raffinessen.ch\\\/produkt\\\/investment-roter-kampot-pfeffer-1000-gramm\\\/\",\"url\":\"https:\\\/\\\/www.raffinessen.ch\\\/produkt\\\/investment-roter-kampot-pfeffer-1000-gramm\\\/\",\"name\":\"Investment - roter Kampot Pfeffer\",\"isPartOf\":{\"@id\":\"https:\\\/\\\/www.raffinessen.ch\\\/#website\"},\"primaryImageOfPage\":{\"@id\":\"https:\\\/\\\/www.raffinessen.ch\\\/produkt\\\/investment-roter-kampot-pfeffer-1000-gramm\\\/#primaryimage\"},\"image\":{\"@id\":\"https:\\\/\\\/www.raffinessen.ch\\\/produkt\\\/investment-roter-kampot-pfeffer-1000-gramm\\\/#primaryimage\"},\"thumbnailUrl\":\"https:\\\/\\\/www.raffinessen.ch\\\/webseite\\\/wp-content\\\/uploads\\\/2018\\\/12\\\/roter-kampot-pfeffer.jpg\",\"datePublished\":\"2018-03-16T09:13:21+00:00\",\"dateModified\":\"2026-02-08T21:23:55+00:00\",\"description\":\"Mit Ihrem Beitrag kaufen und bewirtschaften wir eine neue Pfefferpflanze. Sie sind berechtigt, insgesamt 1000 g roten Kampot Pfeffer zu beziehen.\",\"breadcrumb\":{\"@id\":\"https:\\\/\\\/www.raffinessen.ch\\\/produkt\\\/investment-roter-kampot-pfeffer-1000-gramm\\\/#breadcrumb\"},\"inLanguage\":\"fr-FR\",\"potentialAction\":[{\"@type\":\"ReadAction\",\"target\":[\"https:\\\/\\\/www.raffinessen.ch\\\/produkt\\\/investment-roter-kampot-pfeffer-1000-gramm\\\/\"]}]},{\"@type\":\"ImageObject\",\"inLanguage\":\"fr-FR\",\"@id\":\"https:\\\/\\\/www.raffinessen.ch\\\/produkt\\\/investment-roter-kampot-pfeffer-1000-gramm\\\/#primaryimage\",\"url\":\"https:\\\/\\\/www.raffinessen.ch\\\/webseite\\\/wp-content\\\/uploads\\\/2018\\\/12\\\/roter-kampot-pfeffer.jpg\",\"contentUrl\":\"https:\\\/\\\/www.raffinessen.ch\\\/webseite\\\/wp-content\\\/uploads\\\/2018\\\/12\\\/roter-kampot-pfeffer.jpg\",\"width\":2000,\"height\":2000},{\"@type\":\"BreadcrumbList\",\"@id\":\"https:\\\/\\\/www.raffinessen.ch\\\/produkt\\\/investment-roter-kampot-pfeffer-1000-gramm\\\/#breadcrumb\",\"itemListElement\":[{\"@type\":\"ListItem\",\"position\":1,\"name\":\"Home\",\"item\":\"https:\\\/\\\/www.raffinessen.ch\\\/\"},{\"@type\":\"ListItem\",\"position\":2,\"name\":\"Shop\",\"item\":\"https:\\\/\\\/www.raffinessen.ch\\\/shop\\\/\"},{\"@type\":\"ListItem\",\"position\":3,\"name\":\"Investment roter Kampot Pfeffer 1000 Gramm\"}]},{\"@type\":\"WebSite\",\"@id\":\"https:\\\/\\\/www.raffinessen.ch\\\/#website\",\"url\":\"https:\\\/\\\/www.raffinessen.ch\\\/\",\"name\":\"Raffinessen\",\"description\":\"roter und schwarzer Kampot Pfeffer - Gew\u00fcrze\",\"potentialAction\":[{\"@type\":\"SearchAction\",\"target\":{\"@type\":\"EntryPoint\",\"urlTemplate\":\"https:\\\/\\\/www.raffinessen.ch\\\/?s={search_term_string}\"},\"query-input\":{\"@type\":\"PropertyValueSpecification\",\"valueRequired\":true,\"valueName\":\"search_term_string\"}}],\"inLanguage\":\"fr-FR\"}]}<\/script>\n<!-- \/ Yoast SEO plugin. -->","yoast_head_json":{"title":"Investment - roter Kampot Pfeffer","description":"Mit Ihrem Beitrag kaufen und bewirtschaften wir eine neue Pfefferpflanze. Sie sind berechtigt, insgesamt 1000 g roten Kampot Pfeffer zu beziehen.","robots":{"index":"index","follow":"follow","max-snippet":"max-snippet:-1","max-image-preview":"max-image-preview:large","max-video-preview":"max-video-preview:-1"},"canonical":"https:\/\/www.raffinessen.ch\/fr\/produit\/investment-roter-kampot-pfeffer-1000-gramm\/","og_locale":"fr_FR","og_type":"article","og_title":"Investment - roter Kampot Pfeffer","og_description":"Mit Ihrem Beitrag kaufen und bewirtschaften wir eine neue Pfefferpflanze. Sie sind berechtigt, insgesamt 1000 g roten Kampot Pfeffer zu beziehen.","og_url":"https:\/\/www.raffinessen.ch\/fr\/produit\/investment-roter-kampot-pfeffer-1000-gramm\/","og_site_name":"Raffinessen","article_modified_time":"2026-02-08T21:23:55+00:00","og_image":[{"width":2000,"height":2000,"url":"https:\/\/www.raffinessen.ch\/webseite\/wp-content\/uploads\/2018\/12\/roter-kampot-pfeffer.jpg","type":"image\/jpeg"}],"twitter_card":"summary_large_image","twitter_misc":{"Dur\u00e9e de lecture estim\u00e9e":"2 minutes"},"schema":{"@context":"https:\/\/schema.org","@graph":[{"@type":"WebPage","@id":"https:\/\/www.raffinessen.ch\/produkt\/investment-roter-kampot-pfeffer-1000-gramm\/","url":"https:\/\/www.raffinessen.ch\/produkt\/investment-roter-kampot-pfeffer-1000-gramm\/","name":"Investment - roter Kampot Pfeffer","isPartOf":{"@id":"https:\/\/www.raffinessen.ch\/#website"},"primaryImageOfPage":{"@id":"https:\/\/www.raffinessen.ch\/produkt\/investment-roter-kampot-pfeffer-1000-gramm\/#primaryimage"},"image":{"@id":"https:\/\/www.raffinessen.ch\/produkt\/investment-roter-kampot-pfeffer-1000-gramm\/#primaryimage"},"thumbnailUrl":"https:\/\/www.raffinessen.ch\/webseite\/wp-content\/uploads\/2018\/12\/roter-kampot-pfeffer.jpg","datePublished":"2018-03-16T09:13:21+00:00","dateModified":"2026-02-08T21:23:55+00:00","description":"Mit Ihrem Beitrag kaufen und bewirtschaften wir eine neue Pfefferpflanze. Sie sind berechtigt, insgesamt 1000 g roten Kampot Pfeffer zu beziehen.","breadcrumb":{"@id":"https:\/\/www.raffinessen.ch\/produkt\/investment-roter-kampot-pfeffer-1000-gramm\/#breadcrumb"},"inLanguage":"fr-FR","potentialAction":[{"@type":"ReadAction","target":["https:\/\/www.raffinessen.ch\/produkt\/investment-roter-kampot-pfeffer-1000-gramm\/"]}]},{"@type":"ImageObject","inLanguage":"fr-FR","@id":"https:\/\/www.raffinessen.ch\/produkt\/investment-roter-kampot-pfeffer-1000-gramm\/#primaryimage","url":"https:\/\/www.raffinessen.ch\/webseite\/wp-content\/uploads\/2018\/12\/roter-kampot-pfeffer.jpg","contentUrl":"https:\/\/www.raffinessen.ch\/webseite\/wp-content\/uploads\/2018\/12\/roter-kampot-pfeffer.jpg","width":2000,"height":2000},{"@type":"BreadcrumbList","@id":"https:\/\/www.raffinessen.ch\/produkt\/investment-roter-kampot-pfeffer-1000-gramm\/#breadcrumb","itemListElement":[{"@type":"ListItem","position":1,"name":"Home","item":"https:\/\/www.raffinessen.ch\/"},{"@type":"ListItem","position":2,"name":"Shop","item":"https:\/\/www.raffinessen.ch\/shop\/"},{"@type":"ListItem","position":3,"name":"Investment roter Kampot Pfeffer 1000 Gramm"}]},{"@type":"WebSite","@id":"https:\/\/www.raffinessen.ch\/#website","url":"https:\/\/www.raffinessen.ch\/","name":"Raffinements","description":"poivre de Kampot rouge et noir - \u00e9pices","potentialAction":[{"@type":"SearchAction","target":{"@type":"EntryPoint","urlTemplate":"https:\/\/www.raffinessen.ch\/?s={search_term_string}"},"query-input":{"@type":"PropertyValueSpecification","valueRequired":true,"valueName":"search_term_string"}}],"inLanguage":"fr-FR"}]}},"_links":{"self":[{"href":"https:\/\/www.raffinessen.ch\/fr\/wp-json\/wp\/v2\/product\/3119","targetHints":{"allow":["GET"]}}],"collection":[{"href":"https:\/\/www.raffinessen.ch\/fr\/wp-json\/wp\/v2\/product"}],"about":[{"href":"https:\/\/www.raffinessen.ch\/fr\/wp-json\/wp\/v2\/types\/product"}],"wp:featuredmedia":[{"embeddable":true,"href":"https:\/\/www.raffinessen.ch\/fr\/wp-json\/wp\/v2\/media\/3806"}],"wp:attachment":[{"href":"https:\/\/www.raffinessen.ch\/fr\/wp-json\/wp\/v2\/media?parent=3119"}],"wp:term":[{"taxonomy":"product_brand","embeddable":true,"href":"https:\/\/www.raffinessen.ch\/fr\/wp-json\/wp\/v2\/product_brand?post=3119"},{"taxonomy":"product_cat","embeddable":true,"href":"https:\/\/www.raffinessen.ch\/fr\/wp-json\/wp\/v2\/product_cat?post=3119"},{"taxonomy":"product_tag","embeddable":true,"href":"https:\/\/www.raffinessen.ch\/fr\/wp-json\/wp\/v2\/product_tag?post=3119"}],"curies":[{"name":"wp","href":"https:\/\/api.w.org\/{rel}","templated":true}]}}