{"id":2655,"date":"2017-09-25T13:36:09","date_gmt":"2017-09-25T11:36:09","guid":{"rendered":"https:\/\/raffinessen.ch\/webseite\/?post_type=product&#038;p=2655"},"modified":"2026-01-08T17:43:31","modified_gmt":"2026-01-08T16:43:31","slug":"schwarzer-kampot-pfeffer-50-2017","status":"publish","type":"product","link":"https:\/\/www.raffinessen.ch\/fr\/produit\/schwarzer-kampot-pfeffer-50-2017\/","title":{"rendered":"poivre noir de Kampot (50 g)"},"content":{"rendered":"<p><strong>Contenu<\/strong><\/p>\n<ul>\n<li>50 g schwarzer Kampot Pfeffer (Ernte 2025)<\/li>\n<\/ul>\n<p><strong>Poivre noir de Kampot :<\/strong><br \/>\nL'ar\u00f4me exceptionnel du poivre noir de Kampot se caract\u00e9rise par des notes l\u00e9g\u00e8rement \u00e9th\u00e9r\u00e9es d'eucalyptus, de menthe et de thym ainsi que par un piquant persistant mais doux. Le poivre noir de Kampot est r\u00e9colt\u00e9 juste avant sa maturation compl\u00e8te, lorsqu'il pr\u00e9sente une couleur jaune-orange. Gr\u00e2ce \u00e0 une enzyme pr\u00e9sente dans la pulpe, le poivre fermente pendant le s\u00e9chage au soleil et devient noir.<\/p>\n<p>Nous livrons du poivre mill\u00e9sim\u00e9 fra\u00eechement r\u00e9colt\u00e9 de la meilleure qualit\u00e9 depuis notre plantation au Cambodge. Il est tr\u00e8s important pour nous de pouvoir vous livrer du poivre mill\u00e9sim\u00e9 fra\u00eechement r\u00e9colt\u00e9. Comme la nature fait en sorte que chaque ann\u00e9e de r\u00e9colte soit diff\u00e9rente, le cultivateur doit lire sur le fruit quand il est pr\u00eat \u00e0 \u00eatre r\u00e9colt\u00e9, c'est pourquoi nous ne pouvons pas pr\u00e9voir les dates exactes de livraison du nouveau poivre mill\u00e9sim\u00e9.<\/p>\n<p>\u00c0 la livraison, le poivre se conserve au moins 3 ans s'il est stock\u00e9 au sec et \u00e0 l'abri de la lumi\u00e8re.<\/p>","protected":false},"excerpt":{"rendered":"<p>Inhalt 50 g schwarzer Kampot Pfeffer (Ernte 2025) Schwarzer Kampot Pfeffer: Das herausragende Aroma des schwarzen Kampot Pfeffers zeichnet sich durch leicht \u00e4therische Noten von Eukalyptus, Minze und Thymian sowie durch eine persistente aber sanfte Sch\u00e4rfe aus. Der schwarze Kampot Pfeffer wird kurz vor der vollst\u00e4ndigen Ausreifung geerntet wenn dieser eine gelb-orange Farbe aufweist. Durch [&hellip;]<\/p>\n","protected":false},"featured_media":3808,"template":"","meta":[],"product_brand":[],"product_cat":[1174,1165,444],"product_tag":[],"class_list":{"0":"post-2655","1":"product","2":"type-product","3":"status-publish","4":"has-post-thumbnail","6":"product_cat-einzel-gewuerze","7":"product_cat-gewuerze-einzeln","8":"product_cat-unkategorisiert","9":"tm-has-options","11":"first","12":"instock","13":"taxable","14":"shipping-taxable","15":"purchasable","16":"product-type-simple"},"yoast_head":"<!-- This site is optimized with the Yoast SEO plugin v27.5 - https:\/\/yoast.com\/product\/yoast-seo-wordpress\/ -->\n<title>Probier-Set roter Kampot Pfeffer<\/title>\n<meta name=\"description\" content=\"Sie erhalten erntefrischen roten Kampot Pfeffer von unserer Plantage versandkostenfrei direkt zu Ihnen nach Hause geliefert.\" \/>\n<meta name=\"robots\" content=\"index, follow, max-snippet:-1, max-image-preview:large, max-video-preview:-1\" \/>\n<link rel=\"canonical\" href=\"https:\/\/www.raffinessen.ch\/fr\/produit\/schwarzer-kampot-pfeffer-50-2017\/\" \/>\n<meta property=\"og:locale\" content=\"fr_FR\" \/>\n<meta property=\"og:type\" content=\"article\" \/>\n<meta property=\"og:title\" content=\"Probier-Set roter Kampot Pfeffer\" \/>\n<meta property=\"og:description\" content=\"Sie erhalten erntefrischen roten Kampot Pfeffer von unserer Plantage versandkostenfrei direkt zu Ihnen nach Hause geliefert.\" \/>\n<meta property=\"og:url\" content=\"https:\/\/www.raffinessen.ch\/fr\/produit\/schwarzer-kampot-pfeffer-50-2017\/\" \/>\n<meta property=\"og:site_name\" content=\"Raffinessen\" \/>\n<meta property=\"article:modified_time\" content=\"2026-01-08T16:43:31+00:00\" \/>\n<meta property=\"og:image\" content=\"https:\/\/www.raffinessen.ch\/webseite\/wp-content\/uploads\/2018\/12\/schwarzer-kampot-pfeffer.jpg\" \/>\n\t<meta property=\"og:image:width\" content=\"2000\" \/>\n\t<meta property=\"og:image:height\" content=\"2000\" \/>\n\t<meta property=\"og:image:type\" content=\"image\/jpeg\" \/>\n<meta name=\"twitter:card\" content=\"summary_large_image\" \/>\n<meta name=\"twitter:label1\" content=\"Dur\u00e9e de lecture estim\u00e9e\" \/>\n\t<meta name=\"twitter:data1\" content=\"2 minutes\" \/>\n<script type=\"application\/ld+json\" class=\"yoast-schema-graph\">{\"@context\":\"https:\\\/\\\/schema.org\",\"@graph\":[{\"@type\":\"WebPage\",\"@id\":\"https:\\\/\\\/www.raffinessen.ch\\\/produkt\\\/schwarzer-kampot-pfeffer-50-2017\\\/\",\"url\":\"https:\\\/\\\/www.raffinessen.ch\\\/produkt\\\/schwarzer-kampot-pfeffer-50-2017\\\/\",\"name\":\"Probier-Set roter Kampot Pfeffer\",\"isPartOf\":{\"@id\":\"https:\\\/\\\/www.raffinessen.ch\\\/#website\"},\"primaryImageOfPage\":{\"@id\":\"https:\\\/\\\/www.raffinessen.ch\\\/produkt\\\/schwarzer-kampot-pfeffer-50-2017\\\/#primaryimage\"},\"image\":{\"@id\":\"https:\\\/\\\/www.raffinessen.ch\\\/produkt\\\/schwarzer-kampot-pfeffer-50-2017\\\/#primaryimage\"},\"thumbnailUrl\":\"https:\\\/\\\/www.raffinessen.ch\\\/webseite\\\/wp-content\\\/uploads\\\/2018\\\/12\\\/schwarzer-kampot-pfeffer.jpg\",\"datePublished\":\"2017-09-25T11:36:09+00:00\",\"dateModified\":\"2026-01-08T16:43:31+00:00\",\"description\":\"Sie erhalten erntefrischen roten Kampot Pfeffer von unserer Plantage versandkostenfrei direkt zu Ihnen nach Hause geliefert.\",\"breadcrumb\":{\"@id\":\"https:\\\/\\\/www.raffinessen.ch\\\/produkt\\\/schwarzer-kampot-pfeffer-50-2017\\\/#breadcrumb\"},\"inLanguage\":\"fr-FR\",\"potentialAction\":[{\"@type\":\"ReadAction\",\"target\":[\"https:\\\/\\\/www.raffinessen.ch\\\/produkt\\\/schwarzer-kampot-pfeffer-50-2017\\\/\"]}]},{\"@type\":\"ImageObject\",\"inLanguage\":\"fr-FR\",\"@id\":\"https:\\\/\\\/www.raffinessen.ch\\\/produkt\\\/schwarzer-kampot-pfeffer-50-2017\\\/#primaryimage\",\"url\":\"https:\\\/\\\/www.raffinessen.ch\\\/webseite\\\/wp-content\\\/uploads\\\/2018\\\/12\\\/schwarzer-kampot-pfeffer.jpg\",\"contentUrl\":\"https:\\\/\\\/www.raffinessen.ch\\\/webseite\\\/wp-content\\\/uploads\\\/2018\\\/12\\\/schwarzer-kampot-pfeffer.jpg\",\"width\":2000,\"height\":2000},{\"@type\":\"BreadcrumbList\",\"@id\":\"https:\\\/\\\/www.raffinessen.ch\\\/produkt\\\/schwarzer-kampot-pfeffer-50-2017\\\/#breadcrumb\",\"itemListElement\":[{\"@type\":\"ListItem\",\"position\":1,\"name\":\"Home\",\"item\":\"https:\\\/\\\/www.raffinessen.ch\\\/\"},{\"@type\":\"ListItem\",\"position\":2,\"name\":\"Shop\",\"item\":\"https:\\\/\\\/www.raffinessen.ch\\\/shop\\\/\"},{\"@type\":\"ListItem\",\"position\":3,\"name\":\"schwarzer Kampot Pfeffer (50 g)\"}]},{\"@type\":\"WebSite\",\"@id\":\"https:\\\/\\\/www.raffinessen.ch\\\/#website\",\"url\":\"https:\\\/\\\/www.raffinessen.ch\\\/\",\"name\":\"Raffinessen\",\"description\":\"roter und schwarzer Kampot Pfeffer - Gew\u00fcrze\",\"potentialAction\":[{\"@type\":\"SearchAction\",\"target\":{\"@type\":\"EntryPoint\",\"urlTemplate\":\"https:\\\/\\\/www.raffinessen.ch\\\/?s={search_term_string}\"},\"query-input\":{\"@type\":\"PropertyValueSpecification\",\"valueRequired\":true,\"valueName\":\"search_term_string\"}}],\"inLanguage\":\"fr-FR\"}]}<\/script>\n<!-- \/ Yoast SEO plugin. -->","yoast_head_json":{"title":"Probier-Set roter Kampot Pfeffer","description":"Sie erhalten erntefrischen roten Kampot Pfeffer von unserer Plantage versandkostenfrei direkt zu Ihnen nach Hause geliefert.","robots":{"index":"index","follow":"follow","max-snippet":"max-snippet:-1","max-image-preview":"max-image-preview:large","max-video-preview":"max-video-preview:-1"},"canonical":"https:\/\/www.raffinessen.ch\/fr\/produit\/schwarzer-kampot-pfeffer-50-2017\/","og_locale":"fr_FR","og_type":"article","og_title":"Probier-Set roter Kampot Pfeffer","og_description":"Sie erhalten erntefrischen roten Kampot Pfeffer von unserer Plantage versandkostenfrei direkt zu Ihnen nach Hause geliefert.","og_url":"https:\/\/www.raffinessen.ch\/fr\/produit\/schwarzer-kampot-pfeffer-50-2017\/","og_site_name":"Raffinessen","article_modified_time":"2026-01-08T16:43:31+00:00","og_image":[{"width":2000,"height":2000,"url":"https:\/\/www.raffinessen.ch\/webseite\/wp-content\/uploads\/2018\/12\/schwarzer-kampot-pfeffer.jpg","type":"image\/jpeg"}],"twitter_card":"summary_large_image","twitter_misc":{"Dur\u00e9e de lecture estim\u00e9e":"2 minutes"},"schema":{"@context":"https:\/\/schema.org","@graph":[{"@type":"WebPage","@id":"https:\/\/www.raffinessen.ch\/produkt\/schwarzer-kampot-pfeffer-50-2017\/","url":"https:\/\/www.raffinessen.ch\/produkt\/schwarzer-kampot-pfeffer-50-2017\/","name":"Probier-Set roter Kampot Pfeffer","isPartOf":{"@id":"https:\/\/www.raffinessen.ch\/#website"},"primaryImageOfPage":{"@id":"https:\/\/www.raffinessen.ch\/produkt\/schwarzer-kampot-pfeffer-50-2017\/#primaryimage"},"image":{"@id":"https:\/\/www.raffinessen.ch\/produkt\/schwarzer-kampot-pfeffer-50-2017\/#primaryimage"},"thumbnailUrl":"https:\/\/www.raffinessen.ch\/webseite\/wp-content\/uploads\/2018\/12\/schwarzer-kampot-pfeffer.jpg","datePublished":"2017-09-25T11:36:09+00:00","dateModified":"2026-01-08T16:43:31+00:00","description":"Sie erhalten erntefrischen roten Kampot Pfeffer von unserer Plantage versandkostenfrei direkt zu Ihnen nach Hause geliefert.","breadcrumb":{"@id":"https:\/\/www.raffinessen.ch\/produkt\/schwarzer-kampot-pfeffer-50-2017\/#breadcrumb"},"inLanguage":"fr-FR","potentialAction":[{"@type":"ReadAction","target":["https:\/\/www.raffinessen.ch\/produkt\/schwarzer-kampot-pfeffer-50-2017\/"]}]},{"@type":"ImageObject","inLanguage":"fr-FR","@id":"https:\/\/www.raffinessen.ch\/produkt\/schwarzer-kampot-pfeffer-50-2017\/#primaryimage","url":"https:\/\/www.raffinessen.ch\/webseite\/wp-content\/uploads\/2018\/12\/schwarzer-kampot-pfeffer.jpg","contentUrl":"https:\/\/www.raffinessen.ch\/webseite\/wp-content\/uploads\/2018\/12\/schwarzer-kampot-pfeffer.jpg","width":2000,"height":2000},{"@type":"BreadcrumbList","@id":"https:\/\/www.raffinessen.ch\/produkt\/schwarzer-kampot-pfeffer-50-2017\/#breadcrumb","itemListElement":[{"@type":"ListItem","position":1,"name":"Home","item":"https:\/\/www.raffinessen.ch\/"},{"@type":"ListItem","position":2,"name":"Shop","item":"https:\/\/www.raffinessen.ch\/shop\/"},{"@type":"ListItem","position":3,"name":"schwarzer Kampot Pfeffer (50 g)"}]},{"@type":"WebSite","@id":"https:\/\/www.raffinessen.ch\/#website","url":"https:\/\/www.raffinessen.ch\/","name":"Raffinements","description":"poivre de Kampot rouge et noir - \u00e9pices","potentialAction":[{"@type":"SearchAction","target":{"@type":"EntryPoint","urlTemplate":"https:\/\/www.raffinessen.ch\/?s={search_term_string}"},"query-input":{"@type":"PropertyValueSpecification","valueRequired":true,"valueName":"search_term_string"}}],"inLanguage":"fr-FR"}]}},"_links":{"self":[{"href":"https:\/\/www.raffinessen.ch\/fr\/wp-json\/wp\/v2\/product\/2655","targetHints":{"allow":["GET"]}}],"collection":[{"href":"https:\/\/www.raffinessen.ch\/fr\/wp-json\/wp\/v2\/product"}],"about":[{"href":"https:\/\/www.raffinessen.ch\/fr\/wp-json\/wp\/v2\/types\/product"}],"wp:featuredmedia":[{"embeddable":true,"href":"https:\/\/www.raffinessen.ch\/fr\/wp-json\/wp\/v2\/media\/3808"}],"wp:attachment":[{"href":"https:\/\/www.raffinessen.ch\/fr\/wp-json\/wp\/v2\/media?parent=2655"}],"wp:term":[{"taxonomy":"product_brand","embeddable":true,"href":"https:\/\/www.raffinessen.ch\/fr\/wp-json\/wp\/v2\/product_brand?post=2655"},{"taxonomy":"product_cat","embeddable":true,"href":"https:\/\/www.raffinessen.ch\/fr\/wp-json\/wp\/v2\/product_cat?post=2655"},{"taxonomy":"product_tag","embeddable":true,"href":"https:\/\/www.raffinessen.ch\/fr\/wp-json\/wp\/v2\/product_tag?post=2655"}],"curies":[{"name":"wp","href":"https:\/\/api.w.org\/{rel}","templated":true}]}}