{"id":20331,"date":"2025-12-05T15:27:11","date_gmt":"2025-12-05T14:27:11","guid":{"rendered":"https:\/\/www.raffinessen.ch\/?post_type=product&#038;p=20331"},"modified":"2026-04-21T13:11:27","modified_gmt":"2026-04-21T11:11:27","slug":"gewuerzmuehle-neo-dreifarbig","status":"publish","type":"product","link":"https:\/\/www.raffinessen.ch\/fr\/produit\/gewuerzmuehle-neo-dreifarbig\/","title":{"rendered":"Gew\u00fcrzm\u00fchle NEO &#8211; dreifarbig"},"content":{"rendered":"<p>Material: PLA, dreifarbig<br \/>\nFormat: \u00f8 42mm, H\u00f6he: 100mm<\/p>\n<p>Hergestellt im 3D-Druckverfahren aus PLA, einem biobasierten Kunststoff auf Basis nachwachsender Rohstoffe wie Maisst\u00e4rke. Innovativ, farbenfroh und jede ein bisschen anders. Die leichte, strukturierte Oberfl\u00e4che sorgt f\u00fcr angenehme Haptik und eine moderne Optik.<\/p>\n<p>100 mm hoch und 100% Qualit\u00e4t: Ausgestattet mit dem Original Keramikmahlwerk von CrushGrind\u00ae, mit 20 Jahren Garantie.<\/p>","protected":false},"excerpt":{"rendered":"<p>Material: PLA, dreifarbig Format: \u00f8 42mm, H\u00f6he: 100mm Hergestellt im 3D-Druckverfahren aus PLA, einem biobasierten Kunststoff auf Basis nachwachsender Rohstoffe wie Maisst\u00e4rke. Innovativ, farbenfroh und jede ein bisschen anders. Die leichte, strukturierte Oberfl\u00e4che sorgt f\u00fcr angenehme Haptik und eine moderne Optik. 100 mm hoch und 100% Qualit\u00e4t: Ausgestattet mit dem Original Keramikmahlwerk von CrushGrind\u00ae, mit [&hellip;]<\/p>\n","protected":false},"featured_media":20332,"template":"","meta":[],"product_brand":[],"product_cat":[1158,1180,35,1186],"product_tag":[],"class_list":{"0":"post-20331","1":"product","2":"type-product","3":"status-publish","4":"has-post-thumbnail","6":"product_cat-muehlen","7":"product_cat-muehlen-und-behaelter","8":"product_cat-swiss-made","9":"product_cat-top4","10":"tm-no-options","12":"first","13":"instock","14":"taxable","15":"shipping-taxable","16":"purchasable","17":"product-type-simple"},"yoast_head":"<!-- This site is optimized with the Yoast SEO plugin v27.5 - https:\/\/yoast.com\/product\/yoast-seo-wordpress\/ -->\n<title>Gew\u00fcrzm\u00fchle NEO - dreifarbig - Raffinessen<\/title>\n<meta name=\"robots\" content=\"index, follow, max-snippet:-1, max-image-preview:large, max-video-preview:-1\" \/>\n<link rel=\"canonical\" href=\"https:\/\/www.raffinessen.ch\/fr\/produit\/gewuerzmuehle-neo-dreifarbig\/\" \/>\n<meta property=\"og:locale\" content=\"fr_FR\" \/>\n<meta property=\"og:type\" content=\"article\" \/>\n<meta property=\"og:title\" content=\"Gew\u00fcrzm\u00fchle NEO - dreifarbig - Raffinessen\" \/>\n<meta property=\"og:description\" content=\"Material: PLA, dreifarbig Format: \u00f8 42mm, H\u00f6he: 100mm Hergestellt im 3D-Druckverfahren aus PLA, einem biobasierten Kunststoff auf Basis nachwachsender Rohstoffe wie Maisst\u00e4rke. Innovativ, farbenfroh und jede ein bisschen anders. Die leichte, strukturierte Oberfl\u00e4che sorgt f\u00fcr angenehme Haptik und eine moderne Optik. 100 mm hoch und 100% Qualit\u00e4t: Ausgestattet mit dem Original Keramikmahlwerk von CrushGrind\u00ae, mit [&hellip;]\" \/>\n<meta property=\"og:url\" content=\"https:\/\/www.raffinessen.ch\/fr\/produit\/gewuerzmuehle-neo-dreifarbig\/\" \/>\n<meta property=\"og:site_name\" content=\"Raffinessen\" \/>\n<meta property=\"article:modified_time\" content=\"2026-04-21T11:11:27+00:00\" \/>\n<meta property=\"og:image\" content=\"https:\/\/www.raffinessen.ch\/webseite\/wp-content\/uploads\/2025\/12\/NEO_dreifarbig.jpg\" \/>\n\t<meta property=\"og:image:width\" content=\"1500\" \/>\n\t<meta property=\"og:image:height\" content=\"1500\" \/>\n\t<meta property=\"og:image:type\" content=\"image\/jpeg\" \/>\n<meta name=\"twitter:card\" content=\"summary_large_image\" \/>\n<meta name=\"twitter:label1\" content=\"Dur\u00e9e de lecture estim\u00e9e\" \/>\n\t<meta name=\"twitter:data1\" content=\"1 minute\" \/>\n<script type=\"application\/ld+json\" class=\"yoast-schema-graph\">{\"@context\":\"https:\\\/\\\/schema.org\",\"@graph\":[{\"@type\":\"WebPage\",\"@id\":\"https:\\\/\\\/www.raffinessen.ch\\\/produkt\\\/gewuerzmuehle-neo-dreifarbig\\\/\",\"url\":\"https:\\\/\\\/www.raffinessen.ch\\\/produkt\\\/gewuerzmuehle-neo-dreifarbig\\\/\",\"name\":\"Gew\u00fcrzm\u00fchle NEO - dreifarbig - Raffinessen\",\"isPartOf\":{\"@id\":\"https:\\\/\\\/www.raffinessen.ch\\\/#website\"},\"primaryImageOfPage\":{\"@id\":\"https:\\\/\\\/www.raffinessen.ch\\\/produkt\\\/gewuerzmuehle-neo-dreifarbig\\\/#primaryimage\"},\"image\":{\"@id\":\"https:\\\/\\\/www.raffinessen.ch\\\/produkt\\\/gewuerzmuehle-neo-dreifarbig\\\/#primaryimage\"},\"thumbnailUrl\":\"https:\\\/\\\/www.raffinessen.ch\\\/webseite\\\/wp-content\\\/uploads\\\/2025\\\/12\\\/NEO_dreifarbig.jpg\",\"datePublished\":\"2025-12-05T14:27:11+00:00\",\"dateModified\":\"2026-04-21T11:11:27+00:00\",\"breadcrumb\":{\"@id\":\"https:\\\/\\\/www.raffinessen.ch\\\/produkt\\\/gewuerzmuehle-neo-dreifarbig\\\/#breadcrumb\"},\"inLanguage\":\"fr-FR\",\"potentialAction\":[{\"@type\":\"ReadAction\",\"target\":[\"https:\\\/\\\/www.raffinessen.ch\\\/produkt\\\/gewuerzmuehle-neo-dreifarbig\\\/\"]}]},{\"@type\":\"ImageObject\",\"inLanguage\":\"fr-FR\",\"@id\":\"https:\\\/\\\/www.raffinessen.ch\\\/produkt\\\/gewuerzmuehle-neo-dreifarbig\\\/#primaryimage\",\"url\":\"https:\\\/\\\/www.raffinessen.ch\\\/webseite\\\/wp-content\\\/uploads\\\/2025\\\/12\\\/NEO_dreifarbig.jpg\",\"contentUrl\":\"https:\\\/\\\/www.raffinessen.ch\\\/webseite\\\/wp-content\\\/uploads\\\/2025\\\/12\\\/NEO_dreifarbig.jpg\",\"width\":1500,\"height\":1500},{\"@type\":\"BreadcrumbList\",\"@id\":\"https:\\\/\\\/www.raffinessen.ch\\\/produkt\\\/gewuerzmuehle-neo-dreifarbig\\\/#breadcrumb\",\"itemListElement\":[{\"@type\":\"ListItem\",\"position\":1,\"name\":\"Home\",\"item\":\"https:\\\/\\\/www.raffinessen.ch\\\/\"},{\"@type\":\"ListItem\",\"position\":2,\"name\":\"Shop\",\"item\":\"https:\\\/\\\/www.raffinessen.ch\\\/shop\\\/\"},{\"@type\":\"ListItem\",\"position\":3,\"name\":\"Gew\u00fcrzm\u00fchle NEO &#8211; dreifarbig\"}]},{\"@type\":\"WebSite\",\"@id\":\"https:\\\/\\\/www.raffinessen.ch\\\/#website\",\"url\":\"https:\\\/\\\/www.raffinessen.ch\\\/\",\"name\":\"Raffinessen\",\"description\":\"roter und schwarzer Kampot Pfeffer - Gew\u00fcrze\",\"potentialAction\":[{\"@type\":\"SearchAction\",\"target\":{\"@type\":\"EntryPoint\",\"urlTemplate\":\"https:\\\/\\\/www.raffinessen.ch\\\/?s={search_term_string}\"},\"query-input\":{\"@type\":\"PropertyValueSpecification\",\"valueRequired\":true,\"valueName\":\"search_term_string\"}}],\"inLanguage\":\"fr-FR\"}]}<\/script>\n<!-- \/ Yoast SEO plugin. -->","yoast_head_json":{"title":"Gew\u00fcrzm\u00fchle NEO - dreifarbig - Raffinessen","robots":{"index":"index","follow":"follow","max-snippet":"max-snippet:-1","max-image-preview":"max-image-preview:large","max-video-preview":"max-video-preview:-1"},"canonical":"https:\/\/www.raffinessen.ch\/fr\/produit\/gewuerzmuehle-neo-dreifarbig\/","og_locale":"fr_FR","og_type":"article","og_title":"Gew\u00fcrzm\u00fchle NEO - dreifarbig - Raffinessen","og_description":"Material: PLA, dreifarbig Format: \u00f8 42mm, H\u00f6he: 100mm Hergestellt im 3D-Druckverfahren aus PLA, einem biobasierten Kunststoff auf Basis nachwachsender Rohstoffe wie Maisst\u00e4rke. Innovativ, farbenfroh und jede ein bisschen anders. Die leichte, strukturierte Oberfl\u00e4che sorgt f\u00fcr angenehme Haptik und eine moderne Optik. 100 mm hoch und 100% Qualit\u00e4t: Ausgestattet mit dem Original Keramikmahlwerk von CrushGrind\u00ae, mit [&hellip;]","og_url":"https:\/\/www.raffinessen.ch\/fr\/produit\/gewuerzmuehle-neo-dreifarbig\/","og_site_name":"Raffinessen","article_modified_time":"2026-04-21T11:11:27+00:00","og_image":[{"width":1500,"height":1500,"url":"https:\/\/www.raffinessen.ch\/webseite\/wp-content\/uploads\/2025\/12\/NEO_dreifarbig.jpg","type":"image\/jpeg"}],"twitter_card":"summary_large_image","twitter_misc":{"Dur\u00e9e de lecture estim\u00e9e":"1 minute"},"schema":{"@context":"https:\/\/schema.org","@graph":[{"@type":"WebPage","@id":"https:\/\/www.raffinessen.ch\/produkt\/gewuerzmuehle-neo-dreifarbig\/","url":"https:\/\/www.raffinessen.ch\/produkt\/gewuerzmuehle-neo-dreifarbig\/","name":"Gew\u00fcrzm\u00fchle NEO - dreifarbig - Raffinessen","isPartOf":{"@id":"https:\/\/www.raffinessen.ch\/#website"},"primaryImageOfPage":{"@id":"https:\/\/www.raffinessen.ch\/produkt\/gewuerzmuehle-neo-dreifarbig\/#primaryimage"},"image":{"@id":"https:\/\/www.raffinessen.ch\/produkt\/gewuerzmuehle-neo-dreifarbig\/#primaryimage"},"thumbnailUrl":"https:\/\/www.raffinessen.ch\/webseite\/wp-content\/uploads\/2025\/12\/NEO_dreifarbig.jpg","datePublished":"2025-12-05T14:27:11+00:00","dateModified":"2026-04-21T11:11:27+00:00","breadcrumb":{"@id":"https:\/\/www.raffinessen.ch\/produkt\/gewuerzmuehle-neo-dreifarbig\/#breadcrumb"},"inLanguage":"fr-FR","potentialAction":[{"@type":"ReadAction","target":["https:\/\/www.raffinessen.ch\/produkt\/gewuerzmuehle-neo-dreifarbig\/"]}]},{"@type":"ImageObject","inLanguage":"fr-FR","@id":"https:\/\/www.raffinessen.ch\/produkt\/gewuerzmuehle-neo-dreifarbig\/#primaryimage","url":"https:\/\/www.raffinessen.ch\/webseite\/wp-content\/uploads\/2025\/12\/NEO_dreifarbig.jpg","contentUrl":"https:\/\/www.raffinessen.ch\/webseite\/wp-content\/uploads\/2025\/12\/NEO_dreifarbig.jpg","width":1500,"height":1500},{"@type":"BreadcrumbList","@id":"https:\/\/www.raffinessen.ch\/produkt\/gewuerzmuehle-neo-dreifarbig\/#breadcrumb","itemListElement":[{"@type":"ListItem","position":1,"name":"Home","item":"https:\/\/www.raffinessen.ch\/"},{"@type":"ListItem","position":2,"name":"Shop","item":"https:\/\/www.raffinessen.ch\/shop\/"},{"@type":"ListItem","position":3,"name":"Gew\u00fcrzm\u00fchle NEO &#8211; dreifarbig"}]},{"@type":"WebSite","@id":"https:\/\/www.raffinessen.ch\/#website","url":"https:\/\/www.raffinessen.ch\/","name":"Raffinements","description":"poivre de Kampot rouge et noir - \u00e9pices","potentialAction":[{"@type":"SearchAction","target":{"@type":"EntryPoint","urlTemplate":"https:\/\/www.raffinessen.ch\/?s={search_term_string}"},"query-input":{"@type":"PropertyValueSpecification","valueRequired":true,"valueName":"search_term_string"}}],"inLanguage":"fr-FR"}]}},"_links":{"self":[{"href":"https:\/\/www.raffinessen.ch\/fr\/wp-json\/wp\/v2\/product\/20331","targetHints":{"allow":["GET"]}}],"collection":[{"href":"https:\/\/www.raffinessen.ch\/fr\/wp-json\/wp\/v2\/product"}],"about":[{"href":"https:\/\/www.raffinessen.ch\/fr\/wp-json\/wp\/v2\/types\/product"}],"wp:featuredmedia":[{"embeddable":true,"href":"https:\/\/www.raffinessen.ch\/fr\/wp-json\/wp\/v2\/media\/20332"}],"wp:attachment":[{"href":"https:\/\/www.raffinessen.ch\/fr\/wp-json\/wp\/v2\/media?parent=20331"}],"wp:term":[{"taxonomy":"product_brand","embeddable":true,"href":"https:\/\/www.raffinessen.ch\/fr\/wp-json\/wp\/v2\/product_brand?post=20331"},{"taxonomy":"product_cat","embeddable":true,"href":"https:\/\/www.raffinessen.ch\/fr\/wp-json\/wp\/v2\/product_cat?post=20331"},{"taxonomy":"product_tag","embeddable":true,"href":"https:\/\/www.raffinessen.ch\/fr\/wp-json\/wp\/v2\/product_tag?post=20331"}],"curies":[{"name":"wp","href":"https:\/\/api.w.org\/{rel}","templated":true}]}}