{"id":2022,"date":"2016-12-14T21:50:40","date_gmt":"2016-12-14T20:50:40","guid":{"rendered":"https:\/\/raffinessen.ch\/webseite\/?post_type=product&#038;p=2022"},"modified":"2026-01-08T10:37:55","modified_gmt":"2026-01-08T09:37:55","slug":"kampot-pfeffer-mit-muehle-postkarte-und-geschenkbox","status":"publish","type":"product","link":"https:\/\/www.raffinessen.ch\/fr\/produit\/kampot-pfeffer-mit-muehle-postkarte-und-geschenkbox\/","title":{"rendered":"Set - Poivre de Kampot rouge avec moulin, carte postale et bo\u00eete cadeau"},"content":{"rendered":"<p><strong>Contenu<\/strong><\/p>\n<ul>\n<li>50 g roter Kampot Pfeffer (Ernte 2025)<\/li>\n<li>Moulin \u00e0 \u00e9pices MIYA noir<\/li>\n<li>Carte postale<\/li>\n<li>Coffret cadeau<\/li>\n<\/ul>\n<p><strong>Poivre rouge de Kampot<\/strong><br \/>\nSon ar\u00f4me caract\u00e9ristique est puissant mais finement nuanc\u00e9 et s\u00e9duit par des notes l\u00e9g\u00e8rement sucr\u00e9es et fruit\u00e9es avec un soup\u00e7on d'agrumes. En bouche, un piquant puissant et persistant se d\u00e9veloppe lentement, laissant une merveilleuse sensation de chaleur en bouche.<\/p>\n<p><strong>Moulin \u00e0 \u00e9pices avec broyeur en c\u00e9ramique<\/strong><br \/>\nMIYA Noir est \u00e9quip\u00e9 du broyeur c\u00e9ramique CrushGrind\u00ae high-tech, garanti 25 ans. Le degr\u00e9 de mouture est r\u00e9glable en continu. Outre le poivre, le sel et le piment, il permet de moudre de nombreuses autres \u00e9pices et herbes aromatiques.<\/p>\n<p><strong>Carte postale en papier calcaire<\/strong><br \/>\nUne plante de poivre dessin\u00e9e par Boris Pilleri ainsi qu'une description du Go\u00fbt du Terroir et du poivre de Kampot ornent la carte postale jointe.<\/p>","protected":false},"excerpt":{"rendered":"<p>Inhalt 50 g roter Kampot Pfeffer (Ernte 2025) Gew\u00fcrzm\u00fchle MIYA Schwarz Postkarte Geschenkbox Roter Kampot Pfeffer Sein unverkennbares Aroma ist kr\u00e4ftig aber fein nuanciert und besticht durch leicht s\u00fcssliche und fruchtige Noten mit einem Hauch von Citrus. Im Gaumen entwickelt sich langsam eine kr\u00e4ftige und lang anhaltende Sch\u00e4rfe, welche ein wunderbar warmes Mundgef\u00fchl hinterl\u00e4sst. Gew\u00fcrzm\u00fchle [&hellip;]<\/p>\n","protected":false},"featured_media":2023,"template":"","meta":[],"product_brand":[],"product_cat":[1183,42],"product_tag":[],"class_list":{"0":"post-2022","1":"product","2":"type-product","3":"status-publish","4":"has-post-thumbnail","6":"product_cat-ab-chf-30","7":"product_cat-geschenksets","8":"tm-has-options","10":"first","11":"instock","12":"taxable","13":"shipping-taxable","14":"purchasable","15":"product-type-simple"},"yoast_head":"<!-- This site is optimized with the Yoast SEO plugin v27.6 - https:\/\/yoast.com\/product\/yoast-seo-wordpress\/ -->\n<title>Set - Roter Kampot Pfeffer mit M\u00fchle, Postkarte und Geschenkbox - Raffinessen<\/title>\n<meta name=\"robots\" content=\"index, follow, max-snippet:-1, max-image-preview:large, max-video-preview:-1\" \/>\n<link rel=\"canonical\" href=\"https:\/\/www.raffinessen.ch\/fr\/produit\/kampot-pfeffer-mit-muehle-postkarte-und-geschenkbox\/\" \/>\n<meta property=\"og:locale\" content=\"fr_FR\" \/>\n<meta property=\"og:type\" content=\"article\" \/>\n<meta property=\"og:title\" content=\"Set - Roter Kampot Pfeffer mit M\u00fchle, Postkarte und Geschenkbox - Raffinessen\" \/>\n<meta property=\"og:description\" content=\"Inhalt 50 g roter Kampot Pfeffer (Ernte 2025) Gew\u00fcrzm\u00fchle MIYA Schwarz Postkarte Geschenkbox Roter Kampot Pfeffer Sein unverkennbares Aroma ist kr\u00e4ftig aber fein nuanciert und besticht durch leicht s\u00fcssliche und fruchtige Noten mit einem Hauch von Citrus. Im Gaumen entwickelt sich langsam eine kr\u00e4ftige und lang anhaltende Sch\u00e4rfe, welche ein wunderbar warmes Mundgef\u00fchl hinterl\u00e4sst. Gew\u00fcrzm\u00fchle [&hellip;]\" \/>\n<meta property=\"og:url\" content=\"https:\/\/www.raffinessen.ch\/fr\/produit\/kampot-pfeffer-mit-muehle-postkarte-und-geschenkbox\/\" \/>\n<meta property=\"og:site_name\" content=\"Raffinessen\" \/>\n<meta property=\"article:modified_time\" content=\"2026-01-08T09:37:55+00:00\" \/>\n<meta property=\"og:image\" content=\"https:\/\/www.raffinessen.ch\/webseite\/wp-content\/uploads\/2016\/12\/roter-pfeffer-muehle-geschenkbox.jpg\" \/>\n\t<meta property=\"og:image:width\" content=\"1500\" \/>\n\t<meta property=\"og:image:height\" content=\"1500\" \/>\n\t<meta property=\"og:image:type\" content=\"image\/jpeg\" \/>\n<meta name=\"twitter:card\" content=\"summary_large_image\" \/>\n<meta name=\"twitter:label1\" content=\"Dur\u00e9e de lecture estim\u00e9e\" \/>\n\t<meta name=\"twitter:data1\" content=\"1 minute\" \/>\n<script type=\"application\/ld+json\" class=\"yoast-schema-graph\">{\"@context\":\"https:\\\/\\\/schema.org\",\"@graph\":[{\"@type\":\"WebPage\",\"@id\":\"https:\\\/\\\/www.raffinessen.ch\\\/produkt\\\/kampot-pfeffer-mit-muehle-postkarte-und-geschenkbox\\\/\",\"url\":\"https:\\\/\\\/www.raffinessen.ch\\\/produkt\\\/kampot-pfeffer-mit-muehle-postkarte-und-geschenkbox\\\/\",\"name\":\"Set - Roter Kampot Pfeffer mit M\u00fchle, Postkarte und Geschenkbox - Raffinessen\",\"isPartOf\":{\"@id\":\"https:\\\/\\\/www.raffinessen.ch\\\/#website\"},\"primaryImageOfPage\":{\"@id\":\"https:\\\/\\\/www.raffinessen.ch\\\/produkt\\\/kampot-pfeffer-mit-muehle-postkarte-und-geschenkbox\\\/#primaryimage\"},\"image\":{\"@id\":\"https:\\\/\\\/www.raffinessen.ch\\\/produkt\\\/kampot-pfeffer-mit-muehle-postkarte-und-geschenkbox\\\/#primaryimage\"},\"thumbnailUrl\":\"https:\\\/\\\/www.raffinessen.ch\\\/webseite\\\/wp-content\\\/uploads\\\/2016\\\/12\\\/roter-pfeffer-muehle-geschenkbox.jpg\",\"datePublished\":\"2016-12-14T20:50:40+00:00\",\"dateModified\":\"2026-01-08T09:37:55+00:00\",\"breadcrumb\":{\"@id\":\"https:\\\/\\\/www.raffinessen.ch\\\/produkt\\\/kampot-pfeffer-mit-muehle-postkarte-und-geschenkbox\\\/#breadcrumb\"},\"inLanguage\":\"fr-FR\",\"potentialAction\":[{\"@type\":\"ReadAction\",\"target\":[\"https:\\\/\\\/www.raffinessen.ch\\\/produkt\\\/kampot-pfeffer-mit-muehle-postkarte-und-geschenkbox\\\/\"]}]},{\"@type\":\"ImageObject\",\"inLanguage\":\"fr-FR\",\"@id\":\"https:\\\/\\\/www.raffinessen.ch\\\/produkt\\\/kampot-pfeffer-mit-muehle-postkarte-und-geschenkbox\\\/#primaryimage\",\"url\":\"https:\\\/\\\/www.raffinessen.ch\\\/webseite\\\/wp-content\\\/uploads\\\/2016\\\/12\\\/roter-pfeffer-muehle-geschenkbox.jpg\",\"contentUrl\":\"https:\\\/\\\/www.raffinessen.ch\\\/webseite\\\/wp-content\\\/uploads\\\/2016\\\/12\\\/roter-pfeffer-muehle-geschenkbox.jpg\",\"width\":1500,\"height\":1500},{\"@type\":\"BreadcrumbList\",\"@id\":\"https:\\\/\\\/www.raffinessen.ch\\\/produkt\\\/kampot-pfeffer-mit-muehle-postkarte-und-geschenkbox\\\/#breadcrumb\",\"itemListElement\":[{\"@type\":\"ListItem\",\"position\":1,\"name\":\"Home\",\"item\":\"https:\\\/\\\/www.raffinessen.ch\\\/\"},{\"@type\":\"ListItem\",\"position\":2,\"name\":\"Shop\",\"item\":\"https:\\\/\\\/www.raffinessen.ch\\\/shop\\\/\"},{\"@type\":\"ListItem\",\"position\":3,\"name\":\"Set &#8211; Roter Kampot Pfeffer mit M\u00fchle, Postkarte und Geschenkbox\"}]},{\"@type\":\"WebSite\",\"@id\":\"https:\\\/\\\/www.raffinessen.ch\\\/#website\",\"url\":\"https:\\\/\\\/www.raffinessen.ch\\\/\",\"name\":\"Raffinessen\",\"description\":\"roter und schwarzer Kampot Pfeffer - Gew\u00fcrze\",\"potentialAction\":[{\"@type\":\"SearchAction\",\"target\":{\"@type\":\"EntryPoint\",\"urlTemplate\":\"https:\\\/\\\/www.raffinessen.ch\\\/?s={search_term_string}\"},\"query-input\":{\"@type\":\"PropertyValueSpecification\",\"valueRequired\":true,\"valueName\":\"search_term_string\"}}],\"inLanguage\":\"fr-FR\"}]}<\/script>\n<!-- \/ Yoast SEO plugin. -->","yoast_head_json":{"title":"Set - Roter Kampot Pfeffer mit M\u00fchle, Postkarte und Geschenkbox - Raffinessen","robots":{"index":"index","follow":"follow","max-snippet":"max-snippet:-1","max-image-preview":"max-image-preview:large","max-video-preview":"max-video-preview:-1"},"canonical":"https:\/\/www.raffinessen.ch\/fr\/produit\/kampot-pfeffer-mit-muehle-postkarte-und-geschenkbox\/","og_locale":"fr_FR","og_type":"article","og_title":"Set - Roter Kampot Pfeffer mit M\u00fchle, Postkarte und Geschenkbox - Raffinessen","og_description":"Inhalt 50 g roter Kampot Pfeffer (Ernte 2025) Gew\u00fcrzm\u00fchle MIYA Schwarz Postkarte Geschenkbox Roter Kampot Pfeffer Sein unverkennbares Aroma ist kr\u00e4ftig aber fein nuanciert und besticht durch leicht s\u00fcssliche und fruchtige Noten mit einem Hauch von Citrus. Im Gaumen entwickelt sich langsam eine kr\u00e4ftige und lang anhaltende Sch\u00e4rfe, welche ein wunderbar warmes Mundgef\u00fchl hinterl\u00e4sst. Gew\u00fcrzm\u00fchle [&hellip;]","og_url":"https:\/\/www.raffinessen.ch\/fr\/produit\/kampot-pfeffer-mit-muehle-postkarte-und-geschenkbox\/","og_site_name":"Raffinessen","article_modified_time":"2026-01-08T09:37:55+00:00","og_image":[{"width":1500,"height":1500,"url":"https:\/\/www.raffinessen.ch\/webseite\/wp-content\/uploads\/2016\/12\/roter-pfeffer-muehle-geschenkbox.jpg","type":"image\/jpeg"}],"twitter_card":"summary_large_image","twitter_misc":{"Dur\u00e9e de lecture estim\u00e9e":"1 minute"},"schema":{"@context":"https:\/\/schema.org","@graph":[{"@type":"WebPage","@id":"https:\/\/www.raffinessen.ch\/produkt\/kampot-pfeffer-mit-muehle-postkarte-und-geschenkbox\/","url":"https:\/\/www.raffinessen.ch\/produkt\/kampot-pfeffer-mit-muehle-postkarte-und-geschenkbox\/","name":"Set - Roter Kampot Pfeffer mit M\u00fchle, Postkarte und Geschenkbox - Raffinessen","isPartOf":{"@id":"https:\/\/www.raffinessen.ch\/#website"},"primaryImageOfPage":{"@id":"https:\/\/www.raffinessen.ch\/produkt\/kampot-pfeffer-mit-muehle-postkarte-und-geschenkbox\/#primaryimage"},"image":{"@id":"https:\/\/www.raffinessen.ch\/produkt\/kampot-pfeffer-mit-muehle-postkarte-und-geschenkbox\/#primaryimage"},"thumbnailUrl":"https:\/\/www.raffinessen.ch\/webseite\/wp-content\/uploads\/2016\/12\/roter-pfeffer-muehle-geschenkbox.jpg","datePublished":"2016-12-14T20:50:40+00:00","dateModified":"2026-01-08T09:37:55+00:00","breadcrumb":{"@id":"https:\/\/www.raffinessen.ch\/produkt\/kampot-pfeffer-mit-muehle-postkarte-und-geschenkbox\/#breadcrumb"},"inLanguage":"fr-FR","potentialAction":[{"@type":"ReadAction","target":["https:\/\/www.raffinessen.ch\/produkt\/kampot-pfeffer-mit-muehle-postkarte-und-geschenkbox\/"]}]},{"@type":"ImageObject","inLanguage":"fr-FR","@id":"https:\/\/www.raffinessen.ch\/produkt\/kampot-pfeffer-mit-muehle-postkarte-und-geschenkbox\/#primaryimage","url":"https:\/\/www.raffinessen.ch\/webseite\/wp-content\/uploads\/2016\/12\/roter-pfeffer-muehle-geschenkbox.jpg","contentUrl":"https:\/\/www.raffinessen.ch\/webseite\/wp-content\/uploads\/2016\/12\/roter-pfeffer-muehle-geschenkbox.jpg","width":1500,"height":1500},{"@type":"BreadcrumbList","@id":"https:\/\/www.raffinessen.ch\/produkt\/kampot-pfeffer-mit-muehle-postkarte-und-geschenkbox\/#breadcrumb","itemListElement":[{"@type":"ListItem","position":1,"name":"Home","item":"https:\/\/www.raffinessen.ch\/"},{"@type":"ListItem","position":2,"name":"Shop","item":"https:\/\/www.raffinessen.ch\/shop\/"},{"@type":"ListItem","position":3,"name":"Set &#8211; Roter Kampot Pfeffer mit M\u00fchle, Postkarte und Geschenkbox"}]},{"@type":"WebSite","@id":"https:\/\/www.raffinessen.ch\/#website","url":"https:\/\/www.raffinessen.ch\/","name":"Raffinements","description":"poivre de Kampot rouge et noir - \u00e9pices","potentialAction":[{"@type":"SearchAction","target":{"@type":"EntryPoint","urlTemplate":"https:\/\/www.raffinessen.ch\/?s={search_term_string}"},"query-input":{"@type":"PropertyValueSpecification","valueRequired":true,"valueName":"search_term_string"}}],"inLanguage":"fr-FR"}]}},"_links":{"self":[{"href":"https:\/\/www.raffinessen.ch\/fr\/wp-json\/wp\/v2\/product\/2022","targetHints":{"allow":["GET"]}}],"collection":[{"href":"https:\/\/www.raffinessen.ch\/fr\/wp-json\/wp\/v2\/product"}],"about":[{"href":"https:\/\/www.raffinessen.ch\/fr\/wp-json\/wp\/v2\/types\/product"}],"wp:featuredmedia":[{"embeddable":true,"href":"https:\/\/www.raffinessen.ch\/fr\/wp-json\/wp\/v2\/media\/2023"}],"wp:attachment":[{"href":"https:\/\/www.raffinessen.ch\/fr\/wp-json\/wp\/v2\/media?parent=2022"}],"wp:term":[{"taxonomy":"product_brand","embeddable":true,"href":"https:\/\/www.raffinessen.ch\/fr\/wp-json\/wp\/v2\/product_brand?post=2022"},{"taxonomy":"product_cat","embeddable":true,"href":"https:\/\/www.raffinessen.ch\/fr\/wp-json\/wp\/v2\/product_cat?post=2022"},{"taxonomy":"product_tag","embeddable":true,"href":"https:\/\/www.raffinessen.ch\/fr\/wp-json\/wp\/v2\/product_tag?post=2022"}],"curies":[{"name":"wp","href":"https:\/\/api.w.org\/{rel}","templated":true}]}}