{"id":19547,"date":"2025-05-22T16:53:58","date_gmt":"2025-05-22T14:53:58","guid":{"rendered":"https:\/\/www.raffinessen.ch\/?post_type=product&#038;p=19547"},"modified":"2025-05-22T17:06:10","modified_gmt":"2025-05-22T15:06:10","slug":"tee-dauerfilter","status":"publish","type":"product","link":"https:\/\/www.raffinessen.ch\/fr\/produit\/tee-dauerfilter\/","title":{"rendered":"Tee &#8211; Dauerfilter"},"content":{"rendered":"<p>1x Tee Dauerfilter mit Deckel<br \/>\nFormat: \u00f865-90 mm, f\u00fcr bis zu 1.4 Liter Tee<\/p>\n<p>Praktisch und nachhaltig: Dieser hochwertige Dauerfilter mit feinmaschigem <strong>Edelstahl-Sieb<\/strong> und passendem Deckel sorgt f\u00fcr echten Teegenuss \u2013 ganz ohne Einwegfilter.<br \/>\nGeeignet f\u00fcr Tee aller Art. Ideal f\u00fcr Tassen, Gl\u00e4ser und kleinere Teekannen.<br \/>\nDer Deckel dient zudem als saubere Abtropf- oder Ablageschale nach dem Aufguss.<\/p>","protected":false},"excerpt":{"rendered":"<p><strong>Livraison gratuite \u00e0 partir de CHF 50.00<\/strong><\/p>","protected":false},"featured_media":19548,"template":"","meta":[],"product_brand":[],"product_cat":[1182,42,1181,1187],"product_tag":[],"class_list":{"0":"post-19547","1":"product","2":"type-product","3":"status-publish","4":"has-post-thumbnail","6":"product_cat-bis-chf-30","7":"product_cat-geschenksets","8":"product_cat-neu","9":"product_cat-tee-mischungen","10":"tm-no-options","12":"first","13":"instock","14":"taxable","15":"shipping-taxable","16":"purchasable","17":"product-type-simple"},"yoast_head":"<!-- This site is optimized with the Yoast SEO plugin v27.5 - https:\/\/yoast.com\/product\/yoast-seo-wordpress\/ -->\n<title>Tee - Dauerfilter - Raffinessen<\/title>\n<meta name=\"robots\" content=\"index, follow, max-snippet:-1, max-image-preview:large, max-video-preview:-1\" \/>\n<link rel=\"canonical\" href=\"https:\/\/www.raffinessen.ch\/fr\/produit\/tee-dauerfilter\/\" \/>\n<meta property=\"og:locale\" content=\"fr_FR\" \/>\n<meta property=\"og:type\" content=\"article\" \/>\n<meta property=\"og:title\" content=\"Tee - Dauerfilter - Raffinessen\" \/>\n<meta property=\"og:description\" content=\"Versandkostenfrei ab CHF 50.00\" \/>\n<meta property=\"og:url\" content=\"https:\/\/www.raffinessen.ch\/fr\/produit\/tee-dauerfilter\/\" \/>\n<meta property=\"og:site_name\" content=\"Raffinessen\" \/>\n<meta property=\"article:modified_time\" content=\"2025-05-22T15:06:10+00:00\" \/>\n<meta property=\"og:image\" content=\"https:\/\/www.raffinessen.ch\/webseite\/wp-content\/uploads\/2025\/05\/Dauerfilter-M_Deckel-zu.jpg\" \/>\n\t<meta property=\"og:image:width\" content=\"1024\" \/>\n\t<meta property=\"og:image:height\" content=\"1024\" \/>\n\t<meta property=\"og:image:type\" content=\"image\/jpeg\" \/>\n<meta name=\"twitter:card\" content=\"summary_large_image\" \/>\n<meta name=\"twitter:label1\" content=\"Dur\u00e9e de lecture estim\u00e9e\" \/>\n\t<meta name=\"twitter:data1\" content=\"1 minute\" \/>\n<script type=\"application\/ld+json\" class=\"yoast-schema-graph\">{\"@context\":\"https:\\\/\\\/schema.org\",\"@graph\":[{\"@type\":\"WebPage\",\"@id\":\"https:\\\/\\\/www.raffinessen.ch\\\/produkt\\\/tee-dauerfilter\\\/\",\"url\":\"https:\\\/\\\/www.raffinessen.ch\\\/produkt\\\/tee-dauerfilter\\\/\",\"name\":\"Tee - Dauerfilter - Raffinessen\",\"isPartOf\":{\"@id\":\"https:\\\/\\\/www.raffinessen.ch\\\/#website\"},\"primaryImageOfPage\":{\"@id\":\"https:\\\/\\\/www.raffinessen.ch\\\/produkt\\\/tee-dauerfilter\\\/#primaryimage\"},\"image\":{\"@id\":\"https:\\\/\\\/www.raffinessen.ch\\\/produkt\\\/tee-dauerfilter\\\/#primaryimage\"},\"thumbnailUrl\":\"https:\\\/\\\/www.raffinessen.ch\\\/webseite\\\/wp-content\\\/uploads\\\/2025\\\/05\\\/Dauerfilter-M_Deckel-zu.jpg\",\"datePublished\":\"2025-05-22T14:53:58+00:00\",\"dateModified\":\"2025-05-22T15:06:10+00:00\",\"breadcrumb\":{\"@id\":\"https:\\\/\\\/www.raffinessen.ch\\\/produkt\\\/tee-dauerfilter\\\/#breadcrumb\"},\"inLanguage\":\"fr-FR\",\"potentialAction\":[{\"@type\":\"ReadAction\",\"target\":[\"https:\\\/\\\/www.raffinessen.ch\\\/produkt\\\/tee-dauerfilter\\\/\"]}]},{\"@type\":\"ImageObject\",\"inLanguage\":\"fr-FR\",\"@id\":\"https:\\\/\\\/www.raffinessen.ch\\\/produkt\\\/tee-dauerfilter\\\/#primaryimage\",\"url\":\"https:\\\/\\\/www.raffinessen.ch\\\/webseite\\\/wp-content\\\/uploads\\\/2025\\\/05\\\/Dauerfilter-M_Deckel-zu.jpg\",\"contentUrl\":\"https:\\\/\\\/www.raffinessen.ch\\\/webseite\\\/wp-content\\\/uploads\\\/2025\\\/05\\\/Dauerfilter-M_Deckel-zu.jpg\",\"width\":1024,\"height\":1024},{\"@type\":\"BreadcrumbList\",\"@id\":\"https:\\\/\\\/www.raffinessen.ch\\\/produkt\\\/tee-dauerfilter\\\/#breadcrumb\",\"itemListElement\":[{\"@type\":\"ListItem\",\"position\":1,\"name\":\"Home\",\"item\":\"https:\\\/\\\/www.raffinessen.ch\\\/\"},{\"@type\":\"ListItem\",\"position\":2,\"name\":\"Shop\",\"item\":\"https:\\\/\\\/www.raffinessen.ch\\\/shop\\\/\"},{\"@type\":\"ListItem\",\"position\":3,\"name\":\"Tee &#8211; Dauerfilter\"}]},{\"@type\":\"WebSite\",\"@id\":\"https:\\\/\\\/www.raffinessen.ch\\\/#website\",\"url\":\"https:\\\/\\\/www.raffinessen.ch\\\/\",\"name\":\"Raffinessen\",\"description\":\"roter und schwarzer Kampot Pfeffer - Gew\u00fcrze\",\"potentialAction\":[{\"@type\":\"SearchAction\",\"target\":{\"@type\":\"EntryPoint\",\"urlTemplate\":\"https:\\\/\\\/www.raffinessen.ch\\\/?s={search_term_string}\"},\"query-input\":{\"@type\":\"PropertyValueSpecification\",\"valueRequired\":true,\"valueName\":\"search_term_string\"}}],\"inLanguage\":\"fr-FR\"}]}<\/script>\n<!-- \/ Yoast SEO plugin. -->","yoast_head_json":{"title":"Tee - Dauerfilter - Raffinessen","robots":{"index":"index","follow":"follow","max-snippet":"max-snippet:-1","max-image-preview":"max-image-preview:large","max-video-preview":"max-video-preview:-1"},"canonical":"https:\/\/www.raffinessen.ch\/fr\/produit\/tee-dauerfilter\/","og_locale":"fr_FR","og_type":"article","og_title":"Tee - Dauerfilter - Raffinessen","og_description":"Versandkostenfrei ab CHF 50.00","og_url":"https:\/\/www.raffinessen.ch\/fr\/produit\/tee-dauerfilter\/","og_site_name":"Raffinessen","article_modified_time":"2025-05-22T15:06:10+00:00","og_image":[{"width":1024,"height":1024,"url":"https:\/\/www.raffinessen.ch\/webseite\/wp-content\/uploads\/2025\/05\/Dauerfilter-M_Deckel-zu.jpg","type":"image\/jpeg"}],"twitter_card":"summary_large_image","twitter_misc":{"Dur\u00e9e de lecture estim\u00e9e":"1 minute"},"schema":{"@context":"https:\/\/schema.org","@graph":[{"@type":"WebPage","@id":"https:\/\/www.raffinessen.ch\/produkt\/tee-dauerfilter\/","url":"https:\/\/www.raffinessen.ch\/produkt\/tee-dauerfilter\/","name":"Tee - Dauerfilter - Raffinessen","isPartOf":{"@id":"https:\/\/www.raffinessen.ch\/#website"},"primaryImageOfPage":{"@id":"https:\/\/www.raffinessen.ch\/produkt\/tee-dauerfilter\/#primaryimage"},"image":{"@id":"https:\/\/www.raffinessen.ch\/produkt\/tee-dauerfilter\/#primaryimage"},"thumbnailUrl":"https:\/\/www.raffinessen.ch\/webseite\/wp-content\/uploads\/2025\/05\/Dauerfilter-M_Deckel-zu.jpg","datePublished":"2025-05-22T14:53:58+00:00","dateModified":"2025-05-22T15:06:10+00:00","breadcrumb":{"@id":"https:\/\/www.raffinessen.ch\/produkt\/tee-dauerfilter\/#breadcrumb"},"inLanguage":"fr-FR","potentialAction":[{"@type":"ReadAction","target":["https:\/\/www.raffinessen.ch\/produkt\/tee-dauerfilter\/"]}]},{"@type":"ImageObject","inLanguage":"fr-FR","@id":"https:\/\/www.raffinessen.ch\/produkt\/tee-dauerfilter\/#primaryimage","url":"https:\/\/www.raffinessen.ch\/webseite\/wp-content\/uploads\/2025\/05\/Dauerfilter-M_Deckel-zu.jpg","contentUrl":"https:\/\/www.raffinessen.ch\/webseite\/wp-content\/uploads\/2025\/05\/Dauerfilter-M_Deckel-zu.jpg","width":1024,"height":1024},{"@type":"BreadcrumbList","@id":"https:\/\/www.raffinessen.ch\/produkt\/tee-dauerfilter\/#breadcrumb","itemListElement":[{"@type":"ListItem","position":1,"name":"Home","item":"https:\/\/www.raffinessen.ch\/"},{"@type":"ListItem","position":2,"name":"Shop","item":"https:\/\/www.raffinessen.ch\/shop\/"},{"@type":"ListItem","position":3,"name":"Tee &#8211; Dauerfilter"}]},{"@type":"WebSite","@id":"https:\/\/www.raffinessen.ch\/#website","url":"https:\/\/www.raffinessen.ch\/","name":"Raffinements","description":"poivre de Kampot rouge et noir - \u00e9pices","potentialAction":[{"@type":"SearchAction","target":{"@type":"EntryPoint","urlTemplate":"https:\/\/www.raffinessen.ch\/?s={search_term_string}"},"query-input":{"@type":"PropertyValueSpecification","valueRequired":true,"valueName":"search_term_string"}}],"inLanguage":"fr-FR"}]}},"_links":{"self":[{"href":"https:\/\/www.raffinessen.ch\/fr\/wp-json\/wp\/v2\/product\/19547","targetHints":{"allow":["GET"]}}],"collection":[{"href":"https:\/\/www.raffinessen.ch\/fr\/wp-json\/wp\/v2\/product"}],"about":[{"href":"https:\/\/www.raffinessen.ch\/fr\/wp-json\/wp\/v2\/types\/product"}],"wp:featuredmedia":[{"embeddable":true,"href":"https:\/\/www.raffinessen.ch\/fr\/wp-json\/wp\/v2\/media\/19548"}],"wp:attachment":[{"href":"https:\/\/www.raffinessen.ch\/fr\/wp-json\/wp\/v2\/media?parent=19547"}],"wp:term":[{"taxonomy":"product_brand","embeddable":true,"href":"https:\/\/www.raffinessen.ch\/fr\/wp-json\/wp\/v2\/product_brand?post=19547"},{"taxonomy":"product_cat","embeddable":true,"href":"https:\/\/www.raffinessen.ch\/fr\/wp-json\/wp\/v2\/product_cat?post=19547"},{"taxonomy":"product_tag","embeddable":true,"href":"https:\/\/www.raffinessen.ch\/fr\/wp-json\/wp\/v2\/product_tag?post=19547"}],"curies":[{"name":"wp","href":"https:\/\/api.w.org\/{rel}","templated":true}]}}