{"id":18629,"date":"2024-12-07T00:22:57","date_gmt":"2024-12-06T23:22:57","guid":{"rendered":"https:\/\/www.raffinessen.ch\/?post_type=product&#038;p=18629"},"modified":"2026-05-11T16:51:59","modified_gmt":"2026-05-11T14:51:59","slug":"moerser-aus-gusseisen","status":"publish","type":"product","link":"https:\/\/www.raffinessen.ch\/fr\/produit\/moerser-aus-gusseisen\/","title":{"rendered":"M\u00f6rser aus Gusseisen"},"content":{"rendered":"<p>Gefertigt aus massivem Gusseisen \u00fcberzeugt dieser M\u00f6rser durch kraftvolle Leistung und Effizienz beim Zerkleinern von Gew\u00fcrzen. Das hochwertige Material ist \u00e4u\u00dferst robust, langlebig und hitzebest\u00e4ndig \u2013 ein K\u00fcchenhelfer, der Dich ein Leben lang begleitet. Der ergonomische St\u00f6\u00dfel aus edlem Akazienholz liegt angenehm in der Hand und verleiht dem M\u00f6rser eine warme, nat\u00fcrliche Note. Die rutschfeste, gummierte Bodenunterlage sorgt f\u00fcr maximale Stabilit\u00e4t und sch\u00fctzt Ihre Arbeitsfl\u00e4che.<\/p>\n<p>Ob Pfefferk\u00f6rner, Fenchelsamen, getrocknete Chilis oder aromatische Gew\u00fcrzmischungen \u2013 dieser M\u00f6rser ist ideal f\u00fcr trockene Zutaten. Dank seiner geschwungenen Innenstruktur werden Gew\u00fcrze m\u00fchelos und gleichm\u00e4\u00dfig zermahlen. Selbst \u00f6lhaltige Samen wie Sesam oder N\u00fcsse lassen sich perfekt verarbeiten, um ihr volles Aroma freizusetzen.<\/p>\n<p><strong>Ein unverzichtbares Werkzeug f\u00fcr jede K\u00fcche \u2013 verleihe Deinen Gerichten eine Prise Raffinesse!<br \/>\n<\/strong><\/p>\n<p>Format: \u00f8 95 mm, H\u00f6he 100 mm<strong><br \/>\n<\/strong><\/p>","protected":false},"excerpt":{"rendered":"<p>Gefertigt aus massivem Gusseisen \u00fcberzeugt dieser M\u00f6rser durch kraftvolle Leistung und Effizienz beim Zerkleinern von Gew\u00fcrzen. Das hochwertige Material ist \u00e4u\u00dferst robust, langlebig und hitzebest\u00e4ndig \u2013 ein K\u00fcchenhelfer, der Dich ein Leben lang begleitet. Der ergonomische St\u00f6\u00dfel aus edlem Akazienholz liegt angenehm in der Hand und verleiht dem M\u00f6rser eine warme, nat\u00fcrliche Note. Die rutschfeste, [&hellip;]<\/p>\n","protected":false},"featured_media":18633,"template":"","meta":[],"product_brand":[],"product_cat":[1183,1155,1180,1181,1186],"product_tag":[],"class_list":{"0":"post-18629","1":"product","2":"type-product","3":"status-publish","4":"has-post-thumbnail","6":"product_cat-ab-chf-30","7":"product_cat-behaelter","8":"product_cat-muehlen-und-behaelter","9":"product_cat-neu","10":"product_cat-top4","11":"tm-no-options","13":"first","14":"instock","15":"taxable","16":"shipping-taxable","17":"purchasable","18":"product-type-simple"},"yoast_head":"<!-- This site is optimized with the Yoast SEO plugin v27.6 - https:\/\/yoast.com\/product\/yoast-seo-wordpress\/ -->\n<title>M\u00f6rser aus Gusseisen - Raffinessen<\/title>\n<meta name=\"robots\" content=\"index, follow, max-snippet:-1, max-image-preview:large, max-video-preview:-1\" \/>\n<link rel=\"canonical\" href=\"https:\/\/www.raffinessen.ch\/fr\/produit\/moerser-aus-gusseisen\/\" \/>\n<meta property=\"og:locale\" content=\"fr_FR\" \/>\n<meta property=\"og:type\" content=\"article\" \/>\n<meta property=\"og:title\" content=\"M\u00f6rser aus Gusseisen - Raffinessen\" \/>\n<meta property=\"og:description\" content=\"Gefertigt aus massivem Gusseisen \u00fcberzeugt dieser M\u00f6rser durch kraftvolle Leistung und Effizienz beim Zerkleinern von Gew\u00fcrzen. Das hochwertige Material ist \u00e4u\u00dferst robust, langlebig und hitzebest\u00e4ndig \u2013 ein K\u00fcchenhelfer, der Dich ein Leben lang begleitet. Der ergonomische St\u00f6\u00dfel aus edlem Akazienholz liegt angenehm in der Hand und verleiht dem M\u00f6rser eine warme, nat\u00fcrliche Note. Die rutschfeste, [&hellip;]\" \/>\n<meta property=\"og:url\" content=\"https:\/\/www.raffinessen.ch\/fr\/produit\/moerser-aus-gusseisen\/\" \/>\n<meta property=\"og:site_name\" content=\"Raffinessen\" \/>\n<meta property=\"article:modified_time\" content=\"2026-05-11T14:51:59+00:00\" \/>\n<meta property=\"og:image\" content=\"https:\/\/www.raffinessen.ch\/webseite\/wp-content\/uploads\/2024\/12\/Gusseisen-Moerser1.jpg\" \/>\n\t<meta property=\"og:image:width\" content=\"1500\" \/>\n\t<meta property=\"og:image:height\" content=\"1500\" \/>\n\t<meta property=\"og:image:type\" content=\"image\/jpeg\" \/>\n<meta name=\"twitter:card\" content=\"summary_large_image\" \/>\n<meta name=\"twitter:label1\" content=\"Dur\u00e9e de lecture estim\u00e9e\" \/>\n\t<meta name=\"twitter:data1\" content=\"2 minutes\" \/>\n<script type=\"application\/ld+json\" class=\"yoast-schema-graph\">{\"@context\":\"https:\\\/\\\/schema.org\",\"@graph\":[{\"@type\":\"WebPage\",\"@id\":\"https:\\\/\\\/www.raffinessen.ch\\\/produkt\\\/moerser-aus-gusseisen\\\/\",\"url\":\"https:\\\/\\\/www.raffinessen.ch\\\/produkt\\\/moerser-aus-gusseisen\\\/\",\"name\":\"M\u00f6rser aus Gusseisen - Raffinessen\",\"isPartOf\":{\"@id\":\"https:\\\/\\\/www.raffinessen.ch\\\/#website\"},\"primaryImageOfPage\":{\"@id\":\"https:\\\/\\\/www.raffinessen.ch\\\/produkt\\\/moerser-aus-gusseisen\\\/#primaryimage\"},\"image\":{\"@id\":\"https:\\\/\\\/www.raffinessen.ch\\\/produkt\\\/moerser-aus-gusseisen\\\/#primaryimage\"},\"thumbnailUrl\":\"https:\\\/\\\/www.raffinessen.ch\\\/webseite\\\/wp-content\\\/uploads\\\/2024\\\/12\\\/Gusseisen-Moerser1.jpg\",\"datePublished\":\"2024-12-06T23:22:57+00:00\",\"dateModified\":\"2026-05-11T14:51:59+00:00\",\"breadcrumb\":{\"@id\":\"https:\\\/\\\/www.raffinessen.ch\\\/produkt\\\/moerser-aus-gusseisen\\\/#breadcrumb\"},\"inLanguage\":\"fr-FR\",\"potentialAction\":[{\"@type\":\"ReadAction\",\"target\":[\"https:\\\/\\\/www.raffinessen.ch\\\/produkt\\\/moerser-aus-gusseisen\\\/\"]}]},{\"@type\":\"ImageObject\",\"inLanguage\":\"fr-FR\",\"@id\":\"https:\\\/\\\/www.raffinessen.ch\\\/produkt\\\/moerser-aus-gusseisen\\\/#primaryimage\",\"url\":\"https:\\\/\\\/www.raffinessen.ch\\\/webseite\\\/wp-content\\\/uploads\\\/2024\\\/12\\\/Gusseisen-Moerser1.jpg\",\"contentUrl\":\"https:\\\/\\\/www.raffinessen.ch\\\/webseite\\\/wp-content\\\/uploads\\\/2024\\\/12\\\/Gusseisen-Moerser1.jpg\",\"width\":1500,\"height\":1500},{\"@type\":\"BreadcrumbList\",\"@id\":\"https:\\\/\\\/www.raffinessen.ch\\\/produkt\\\/moerser-aus-gusseisen\\\/#breadcrumb\",\"itemListElement\":[{\"@type\":\"ListItem\",\"position\":1,\"name\":\"Home\",\"item\":\"https:\\\/\\\/www.raffinessen.ch\\\/\"},{\"@type\":\"ListItem\",\"position\":2,\"name\":\"Shop\",\"item\":\"https:\\\/\\\/www.raffinessen.ch\\\/shop\\\/\"},{\"@type\":\"ListItem\",\"position\":3,\"name\":\"M\u00f6rser aus Gusseisen\"}]},{\"@type\":\"WebSite\",\"@id\":\"https:\\\/\\\/www.raffinessen.ch\\\/#website\",\"url\":\"https:\\\/\\\/www.raffinessen.ch\\\/\",\"name\":\"Raffinessen\",\"description\":\"roter und schwarzer Kampot Pfeffer - Gew\u00fcrze\",\"potentialAction\":[{\"@type\":\"SearchAction\",\"target\":{\"@type\":\"EntryPoint\",\"urlTemplate\":\"https:\\\/\\\/www.raffinessen.ch\\\/?s={search_term_string}\"},\"query-input\":{\"@type\":\"PropertyValueSpecification\",\"valueRequired\":true,\"valueName\":\"search_term_string\"}}],\"inLanguage\":\"fr-FR\"}]}<\/script>\n<!-- \/ Yoast SEO plugin. -->","yoast_head_json":{"title":"M\u00f6rser aus Gusseisen - Raffinessen","robots":{"index":"index","follow":"follow","max-snippet":"max-snippet:-1","max-image-preview":"max-image-preview:large","max-video-preview":"max-video-preview:-1"},"canonical":"https:\/\/www.raffinessen.ch\/fr\/produit\/moerser-aus-gusseisen\/","og_locale":"fr_FR","og_type":"article","og_title":"M\u00f6rser aus Gusseisen - Raffinessen","og_description":"Gefertigt aus massivem Gusseisen \u00fcberzeugt dieser M\u00f6rser durch kraftvolle Leistung und Effizienz beim Zerkleinern von Gew\u00fcrzen. Das hochwertige Material ist \u00e4u\u00dferst robust, langlebig und hitzebest\u00e4ndig \u2013 ein K\u00fcchenhelfer, der Dich ein Leben lang begleitet. Der ergonomische St\u00f6\u00dfel aus edlem Akazienholz liegt angenehm in der Hand und verleiht dem M\u00f6rser eine warme, nat\u00fcrliche Note. Die rutschfeste, [&hellip;]","og_url":"https:\/\/www.raffinessen.ch\/fr\/produit\/moerser-aus-gusseisen\/","og_site_name":"Raffinessen","article_modified_time":"2026-05-11T14:51:59+00:00","og_image":[{"width":1500,"height":1500,"url":"https:\/\/www.raffinessen.ch\/webseite\/wp-content\/uploads\/2024\/12\/Gusseisen-Moerser1.jpg","type":"image\/jpeg"}],"twitter_card":"summary_large_image","twitter_misc":{"Dur\u00e9e de lecture estim\u00e9e":"2 minutes"},"schema":{"@context":"https:\/\/schema.org","@graph":[{"@type":"WebPage","@id":"https:\/\/www.raffinessen.ch\/produkt\/moerser-aus-gusseisen\/","url":"https:\/\/www.raffinessen.ch\/produkt\/moerser-aus-gusseisen\/","name":"M\u00f6rser aus Gusseisen - Raffinessen","isPartOf":{"@id":"https:\/\/www.raffinessen.ch\/#website"},"primaryImageOfPage":{"@id":"https:\/\/www.raffinessen.ch\/produkt\/moerser-aus-gusseisen\/#primaryimage"},"image":{"@id":"https:\/\/www.raffinessen.ch\/produkt\/moerser-aus-gusseisen\/#primaryimage"},"thumbnailUrl":"https:\/\/www.raffinessen.ch\/webseite\/wp-content\/uploads\/2024\/12\/Gusseisen-Moerser1.jpg","datePublished":"2024-12-06T23:22:57+00:00","dateModified":"2026-05-11T14:51:59+00:00","breadcrumb":{"@id":"https:\/\/www.raffinessen.ch\/produkt\/moerser-aus-gusseisen\/#breadcrumb"},"inLanguage":"fr-FR","potentialAction":[{"@type":"ReadAction","target":["https:\/\/www.raffinessen.ch\/produkt\/moerser-aus-gusseisen\/"]}]},{"@type":"ImageObject","inLanguage":"fr-FR","@id":"https:\/\/www.raffinessen.ch\/produkt\/moerser-aus-gusseisen\/#primaryimage","url":"https:\/\/www.raffinessen.ch\/webseite\/wp-content\/uploads\/2024\/12\/Gusseisen-Moerser1.jpg","contentUrl":"https:\/\/www.raffinessen.ch\/webseite\/wp-content\/uploads\/2024\/12\/Gusseisen-Moerser1.jpg","width":1500,"height":1500},{"@type":"BreadcrumbList","@id":"https:\/\/www.raffinessen.ch\/produkt\/moerser-aus-gusseisen\/#breadcrumb","itemListElement":[{"@type":"ListItem","position":1,"name":"Home","item":"https:\/\/www.raffinessen.ch\/"},{"@type":"ListItem","position":2,"name":"Shop","item":"https:\/\/www.raffinessen.ch\/shop\/"},{"@type":"ListItem","position":3,"name":"M\u00f6rser aus Gusseisen"}]},{"@type":"WebSite","@id":"https:\/\/www.raffinessen.ch\/#website","url":"https:\/\/www.raffinessen.ch\/","name":"Raffinements","description":"poivre de Kampot rouge et noir - \u00e9pices","potentialAction":[{"@type":"SearchAction","target":{"@type":"EntryPoint","urlTemplate":"https:\/\/www.raffinessen.ch\/?s={search_term_string}"},"query-input":{"@type":"PropertyValueSpecification","valueRequired":true,"valueName":"search_term_string"}}],"inLanguage":"fr-FR"}]}},"_links":{"self":[{"href":"https:\/\/www.raffinessen.ch\/fr\/wp-json\/wp\/v2\/product\/18629","targetHints":{"allow":["GET"]}}],"collection":[{"href":"https:\/\/www.raffinessen.ch\/fr\/wp-json\/wp\/v2\/product"}],"about":[{"href":"https:\/\/www.raffinessen.ch\/fr\/wp-json\/wp\/v2\/types\/product"}],"wp:featuredmedia":[{"embeddable":true,"href":"https:\/\/www.raffinessen.ch\/fr\/wp-json\/wp\/v2\/media\/18633"}],"wp:attachment":[{"href":"https:\/\/www.raffinessen.ch\/fr\/wp-json\/wp\/v2\/media?parent=18629"}],"wp:term":[{"taxonomy":"product_brand","embeddable":true,"href":"https:\/\/www.raffinessen.ch\/fr\/wp-json\/wp\/v2\/product_brand?post=18629"},{"taxonomy":"product_cat","embeddable":true,"href":"https:\/\/www.raffinessen.ch\/fr\/wp-json\/wp\/v2\/product_cat?post=18629"},{"taxonomy":"product_tag","embeddable":true,"href":"https:\/\/www.raffinessen.ch\/fr\/wp-json\/wp\/v2\/product_tag?post=18629"}],"curies":[{"name":"wp","href":"https:\/\/api.w.org\/{rel}","templated":true}]}}