{"id":18484,"date":"2024-11-22T23:12:50","date_gmt":"2024-11-22T22:12:50","guid":{"rendered":"https:\/\/www.raffinessen.ch\/?post_type=product&#038;p=18484"},"modified":"2026-04-05T18:17:02","modified_gmt":"2026-04-05T16:17:02","slug":"fermentierter-kampot-pfeffer-50-g","status":"publish","type":"product","link":"https:\/\/www.raffinessen.ch\/fr\/produit\/fermentierter-kampot-pfeffer-50-g\/","title":{"rendered":"Fermentierter Kampot Pfeffer (50 g)"},"content":{"rendered":"<p><strong>Composition\u00a0<\/strong><br \/>\nGr\u00fcner Kampot Pfeffer, Meersalz (20%)<\/p>\n<p><strong>Information<br \/>\n<\/strong>F\u00fcr den fermentierten Kampot Pfeffer ernten wir junge, gr\u00fcne Pfefferfr\u00fcchte und fermentieren diese zusammen mit Meersalz. Durch das von uns entwickelte Verfahren bleiben die Beeren knackig und saftig und zeichnen sich durch feine Kr\u00e4uternoten, einen angenehm s\u00e4uerlich-salzigen Geschmack sowie eine milde Sch\u00e4rfe aus.<\/p>\n<p><strong>Inspiration<\/strong><br \/>\nFermentierter Kampot Pfeffer kann sehr vielseitig in der K\u00fcche eingesetzt werden, um Gerichte zu verfeinern. Er passt perfekt zu Raclette, Fondue und K\u00e4seplatten und eignet sich hervorragend zum Veredeln von Fleisch, Gefl\u00fcgel, Wild, Meeresfr\u00fcchten, Pasta, Eiern, Gem\u00fcse und Salaten. Seine komplexen Aromen und die angenehme Sch\u00e4rfe zaubern aus herk\u00f6mmlichen Schokoladendesserts ganz besondere Geschmackserlebnisse.<\/p>","protected":false},"excerpt":{"rendered":"<p><strong>50 g<\/strong><\/p>\n<h3 class=\"p1\"><strong>Nachschub erwarten wir Ende Mai 2026.<\/strong><\/h3>","protected":false},"featured_media":18485,"template":"","meta":[],"product_brand":[],"product_cat":[1165],"product_tag":[],"class_list":{"0":"post-18484","1":"product","2":"type-product","3":"status-publish","4":"has-post-thumbnail","6":"product_cat-gewuerze-einzeln","7":"tm-no-options","9":"first","10":"outofstock","11":"taxable","12":"shipping-taxable","13":"purchasable","14":"product-type-simple"},"yoast_head":"<!-- This site is optimized with the Yoast SEO plugin v27.5 - https:\/\/yoast.com\/product\/yoast-seo-wordpress\/ -->\n<title>Fermentierter Kampot Pfeffer (50 g) - Raffinessen<\/title>\n<meta name=\"robots\" content=\"index, follow, max-snippet:-1, max-image-preview:large, max-video-preview:-1\" \/>\n<link rel=\"canonical\" href=\"https:\/\/www.raffinessen.ch\/fr\/produit\/fermentierter-kampot-pfeffer-50-g\/\" \/>\n<meta property=\"og:locale\" content=\"fr_FR\" \/>\n<meta property=\"og:type\" content=\"article\" \/>\n<meta property=\"og:title\" content=\"Fermentierter Kampot Pfeffer (50 g) - Raffinessen\" \/>\n<meta property=\"og:description\" content=\"50 g Nachschub erwarten wir Ende Mai 2026.\" \/>\n<meta property=\"og:url\" content=\"https:\/\/www.raffinessen.ch\/fr\/produit\/fermentierter-kampot-pfeffer-50-g\/\" \/>\n<meta property=\"og:site_name\" content=\"Raffinessen\" \/>\n<meta property=\"article:modified_time\" content=\"2026-04-05T16:17:02+00:00\" \/>\n<meta property=\"og:image\" content=\"https:\/\/www.raffinessen.ch\/webseite\/wp-content\/uploads\/2024\/11\/Fermentierter-Kampot.jpg\" \/>\n\t<meta property=\"og:image:width\" content=\"1500\" \/>\n\t<meta property=\"og:image:height\" content=\"1500\" \/>\n\t<meta property=\"og:image:type\" content=\"image\/jpeg\" \/>\n<meta name=\"twitter:card\" content=\"summary_large_image\" \/>\n<meta name=\"twitter:label1\" content=\"Dur\u00e9e de lecture estim\u00e9e\" \/>\n\t<meta name=\"twitter:data1\" content=\"1 minute\" \/>\n<script type=\"application\/ld+json\" class=\"yoast-schema-graph\">{\"@context\":\"https:\\\/\\\/schema.org\",\"@graph\":[{\"@type\":\"WebPage\",\"@id\":\"https:\\\/\\\/www.raffinessen.ch\\\/produkt\\\/fermentierter-kampot-pfeffer-50-g\\\/\",\"url\":\"https:\\\/\\\/www.raffinessen.ch\\\/produkt\\\/fermentierter-kampot-pfeffer-50-g\\\/\",\"name\":\"Fermentierter Kampot Pfeffer (50 g) - Raffinessen\",\"isPartOf\":{\"@id\":\"https:\\\/\\\/www.raffinessen.ch\\\/#website\"},\"primaryImageOfPage\":{\"@id\":\"https:\\\/\\\/www.raffinessen.ch\\\/produkt\\\/fermentierter-kampot-pfeffer-50-g\\\/#primaryimage\"},\"image\":{\"@id\":\"https:\\\/\\\/www.raffinessen.ch\\\/produkt\\\/fermentierter-kampot-pfeffer-50-g\\\/#primaryimage\"},\"thumbnailUrl\":\"https:\\\/\\\/www.raffinessen.ch\\\/webseite\\\/wp-content\\\/uploads\\\/2024\\\/11\\\/Fermentierter-Kampot.jpg\",\"datePublished\":\"2024-11-22T22:12:50+00:00\",\"dateModified\":\"2026-04-05T16:17:02+00:00\",\"breadcrumb\":{\"@id\":\"https:\\\/\\\/www.raffinessen.ch\\\/produkt\\\/fermentierter-kampot-pfeffer-50-g\\\/#breadcrumb\"},\"inLanguage\":\"fr-FR\",\"potentialAction\":[{\"@type\":\"ReadAction\",\"target\":[\"https:\\\/\\\/www.raffinessen.ch\\\/produkt\\\/fermentierter-kampot-pfeffer-50-g\\\/\"]}]},{\"@type\":\"ImageObject\",\"inLanguage\":\"fr-FR\",\"@id\":\"https:\\\/\\\/www.raffinessen.ch\\\/produkt\\\/fermentierter-kampot-pfeffer-50-g\\\/#primaryimage\",\"url\":\"https:\\\/\\\/www.raffinessen.ch\\\/webseite\\\/wp-content\\\/uploads\\\/2024\\\/11\\\/Fermentierter-Kampot.jpg\",\"contentUrl\":\"https:\\\/\\\/www.raffinessen.ch\\\/webseite\\\/wp-content\\\/uploads\\\/2024\\\/11\\\/Fermentierter-Kampot.jpg\",\"width\":1500,\"height\":1500},{\"@type\":\"BreadcrumbList\",\"@id\":\"https:\\\/\\\/www.raffinessen.ch\\\/produkt\\\/fermentierter-kampot-pfeffer-50-g\\\/#breadcrumb\",\"itemListElement\":[{\"@type\":\"ListItem\",\"position\":1,\"name\":\"Home\",\"item\":\"https:\\\/\\\/www.raffinessen.ch\\\/\"},{\"@type\":\"ListItem\",\"position\":2,\"name\":\"Shop\",\"item\":\"https:\\\/\\\/www.raffinessen.ch\\\/shop\\\/\"},{\"@type\":\"ListItem\",\"position\":3,\"name\":\"Fermentierter Kampot Pfeffer (50 g)\"}]},{\"@type\":\"WebSite\",\"@id\":\"https:\\\/\\\/www.raffinessen.ch\\\/#website\",\"url\":\"https:\\\/\\\/www.raffinessen.ch\\\/\",\"name\":\"Raffinessen\",\"description\":\"roter und schwarzer Kampot Pfeffer - Gew\u00fcrze\",\"potentialAction\":[{\"@type\":\"SearchAction\",\"target\":{\"@type\":\"EntryPoint\",\"urlTemplate\":\"https:\\\/\\\/www.raffinessen.ch\\\/?s={search_term_string}\"},\"query-input\":{\"@type\":\"PropertyValueSpecification\",\"valueRequired\":true,\"valueName\":\"search_term_string\"}}],\"inLanguage\":\"fr-FR\"}]}<\/script>\n<!-- \/ Yoast SEO plugin. -->","yoast_head_json":{"title":"Fermentierter Kampot Pfeffer (50 g) - Raffinessen","robots":{"index":"index","follow":"follow","max-snippet":"max-snippet:-1","max-image-preview":"max-image-preview:large","max-video-preview":"max-video-preview:-1"},"canonical":"https:\/\/www.raffinessen.ch\/fr\/produit\/fermentierter-kampot-pfeffer-50-g\/","og_locale":"fr_FR","og_type":"article","og_title":"Fermentierter Kampot Pfeffer (50 g) - Raffinessen","og_description":"50 g Nachschub erwarten wir Ende Mai 2026.","og_url":"https:\/\/www.raffinessen.ch\/fr\/produit\/fermentierter-kampot-pfeffer-50-g\/","og_site_name":"Raffinessen","article_modified_time":"2026-04-05T16:17:02+00:00","og_image":[{"width":1500,"height":1500,"url":"https:\/\/www.raffinessen.ch\/webseite\/wp-content\/uploads\/2024\/11\/Fermentierter-Kampot.jpg","type":"image\/jpeg"}],"twitter_card":"summary_large_image","twitter_misc":{"Dur\u00e9e de lecture estim\u00e9e":"1 minute"},"schema":{"@context":"https:\/\/schema.org","@graph":[{"@type":"WebPage","@id":"https:\/\/www.raffinessen.ch\/produkt\/fermentierter-kampot-pfeffer-50-g\/","url":"https:\/\/www.raffinessen.ch\/produkt\/fermentierter-kampot-pfeffer-50-g\/","name":"Fermentierter Kampot Pfeffer (50 g) - Raffinessen","isPartOf":{"@id":"https:\/\/www.raffinessen.ch\/#website"},"primaryImageOfPage":{"@id":"https:\/\/www.raffinessen.ch\/produkt\/fermentierter-kampot-pfeffer-50-g\/#primaryimage"},"image":{"@id":"https:\/\/www.raffinessen.ch\/produkt\/fermentierter-kampot-pfeffer-50-g\/#primaryimage"},"thumbnailUrl":"https:\/\/www.raffinessen.ch\/webseite\/wp-content\/uploads\/2024\/11\/Fermentierter-Kampot.jpg","datePublished":"2024-11-22T22:12:50+00:00","dateModified":"2026-04-05T16:17:02+00:00","breadcrumb":{"@id":"https:\/\/www.raffinessen.ch\/produkt\/fermentierter-kampot-pfeffer-50-g\/#breadcrumb"},"inLanguage":"fr-FR","potentialAction":[{"@type":"ReadAction","target":["https:\/\/www.raffinessen.ch\/produkt\/fermentierter-kampot-pfeffer-50-g\/"]}]},{"@type":"ImageObject","inLanguage":"fr-FR","@id":"https:\/\/www.raffinessen.ch\/produkt\/fermentierter-kampot-pfeffer-50-g\/#primaryimage","url":"https:\/\/www.raffinessen.ch\/webseite\/wp-content\/uploads\/2024\/11\/Fermentierter-Kampot.jpg","contentUrl":"https:\/\/www.raffinessen.ch\/webseite\/wp-content\/uploads\/2024\/11\/Fermentierter-Kampot.jpg","width":1500,"height":1500},{"@type":"BreadcrumbList","@id":"https:\/\/www.raffinessen.ch\/produkt\/fermentierter-kampot-pfeffer-50-g\/#breadcrumb","itemListElement":[{"@type":"ListItem","position":1,"name":"Home","item":"https:\/\/www.raffinessen.ch\/"},{"@type":"ListItem","position":2,"name":"Shop","item":"https:\/\/www.raffinessen.ch\/shop\/"},{"@type":"ListItem","position":3,"name":"Fermentierter Kampot Pfeffer (50 g)"}]},{"@type":"WebSite","@id":"https:\/\/www.raffinessen.ch\/#website","url":"https:\/\/www.raffinessen.ch\/","name":"Raffinements","description":"poivre de Kampot rouge et noir - \u00e9pices","potentialAction":[{"@type":"SearchAction","target":{"@type":"EntryPoint","urlTemplate":"https:\/\/www.raffinessen.ch\/?s={search_term_string}"},"query-input":{"@type":"PropertyValueSpecification","valueRequired":true,"valueName":"search_term_string"}}],"inLanguage":"fr-FR"}]}},"_links":{"self":[{"href":"https:\/\/www.raffinessen.ch\/fr\/wp-json\/wp\/v2\/product\/18484","targetHints":{"allow":["GET"]}}],"collection":[{"href":"https:\/\/www.raffinessen.ch\/fr\/wp-json\/wp\/v2\/product"}],"about":[{"href":"https:\/\/www.raffinessen.ch\/fr\/wp-json\/wp\/v2\/types\/product"}],"wp:featuredmedia":[{"embeddable":true,"href":"https:\/\/www.raffinessen.ch\/fr\/wp-json\/wp\/v2\/media\/18485"}],"wp:attachment":[{"href":"https:\/\/www.raffinessen.ch\/fr\/wp-json\/wp\/v2\/media?parent=18484"}],"wp:term":[{"taxonomy":"product_brand","embeddable":true,"href":"https:\/\/www.raffinessen.ch\/fr\/wp-json\/wp\/v2\/product_brand?post=18484"},{"taxonomy":"product_cat","embeddable":true,"href":"https:\/\/www.raffinessen.ch\/fr\/wp-json\/wp\/v2\/product_cat?post=18484"},{"taxonomy":"product_tag","embeddable":true,"href":"https:\/\/www.raffinessen.ch\/fr\/wp-json\/wp\/v2\/product_tag?post=18484"}],"curies":[{"name":"wp","href":"https:\/\/api.w.org\/{rel}","templated":true}]}}