{"id":18467,"date":"2024-11-20T16:38:45","date_gmt":"2024-11-20T15:38:45","guid":{"rendered":"https:\/\/www.raffinessen.ch\/?post_type=product&#038;p=18467"},"modified":"2024-12-07T00:45:19","modified_gmt":"2024-12-06T23:45:19","slug":"set-chili-pfeffer-raclette-fondue","status":"publish","type":"product","link":"https:\/\/www.raffinessen.ch\/fr\/produit\/set-chili-pfeffer-raclette-fondue\/","title":{"rendered":"SET &#8211; Chili\/Pfeffer &#038; Raclette\/Fondue"},"content":{"rendered":"<p><strong>Contenu<\/strong><br \/>\n2x Gew\u00fcrzm\u00fchle YANN | Mahlwerk: Original Keramikmahlwerk CrushGrind\u00ae<br \/>\n1x Nachf\u00fcllbeutel SAINT LUC (50g)<br \/>\n1x Nachf\u00fcllbeutel RIO BRANCO (37g)<br \/>\nGeschenkkarton schwarz, offene Welle | Stopfmaterial: SizzlePak schwarz | Geschenkschlaufe Satin (25 mm breit)<br \/>\n2x Postkarte: Format 148&#215;105 mm, &#8222;Frohe Weihnachten&#8220; und &#8222;Pfeffer pfl\u00fccken&#8220;<\/p>\n<p><strong>Moulin \u00e0 \u00e9pices YANN<\/strong><br \/>\nLe c\u0153ur du moulin \u00e0 \u00e9pices est le broyeur c\u00e9ramique high-tech CrushGrind\u00ae, garanti 25 ans. Le degr\u00e9 de mouture est r\u00e9glable en continu. La c\u00e9ramique utilis\u00e9e est plus dure que l'acier, ne rouille pas et est neutre en termes de go\u00fbt. Outre le poivre, le sel et le piment, il permet \u00e9galement de moudre de nombreuses autres \u00e9pices et herbes aromatiques.<\/p>\n<p>Format : \u00f8 68 mm, 126 mm de haut<br \/>\nMat\u00e9riaux : verre, plastique, c\u00e9ramique high-tech<\/p>\n<p><strong>SAINT LUC<br \/>\n<\/strong>Komposition: Pfeffer (schwarz, weiss, gr\u00fcn), Knoblauch, Paprika, Koriander, Rosa Beeren, Macis, Orangenschalen<\/p>\n<p>Information: F\u00fcr diese Mischung haben wir verschiedener Pfeffer mit Knoblauch, edels\u00fcsser Paprika und einer raffinierten Auswahl an erlesenen Gew\u00fcrzen kombiniert. Die Mischung verleiht Deinen Speisen eine angenehme Sch\u00e4rfe, erdig-s\u00fcssliche Aromen und unterst\u00fctzt deren Eigengeschmack.<\/p>\n<p>Inspiration:<br \/>\nClassique : raclette et fondue<br \/>\nNos d\u00e9couvertes : Pur\u00e9e de pommes de terre, fromage \u00e0 rebibes et viande s\u00e9ch\u00e9e, sauces \u00e0 salade et soupes.<\/p>\n<p><strong>RIO BRANCO<\/strong><br \/>\nKomposition: Chili, rosa Pfeffer, Meersalz 10%<\/p>\n<p>Information: Diese Komposition vereint einen bissig scharfen mit einem milden, fruchtigen Chili. Abgerundet wird das Aroma durch die blumigen Noten der rosa Pfefferfr\u00fcchte. Die ausgewogene Mischung kann universell zum Abschmecken von Gem\u00fcse aller Art, Salatsaucen sowie zum W\u00fcrzen von Fleisch, Fisch und Gefl\u00fcgel verwendet werden. Sie verleiht den Speisen Pfiff, ohne deren Eigengeschmack zu \u00fcberdecken.<\/p>\n<p>Inspiration:<br \/>\nClassique : l\u00e9gumes de toutes sortes, viande, volaille, poisson et fruits de mer<br \/>\nNos d\u00e9couvertes : Salade de fruits, Salade de carottes, gingembre et orange, Soupe de pommes de terre, Rago\u00fbt de champignons, Mousse au chocolat<\/p>","protected":false},"excerpt":{"rendered":"<p>Inhalt 2x Gew\u00fcrzm\u00fchle YANN | Mahlwerk: Original Keramikmahlwerk CrushGrind\u00ae 1x Nachf\u00fcllbeutel SAINT LUC (50g) 1x Nachf\u00fcllbeutel RIO BRANCO (37g) Geschenkkarton schwarz, offene Welle | Stopfmaterial: SizzlePak schwarz | Geschenkschlaufe Satin (25 mm breit) 2x Postkarte: Format 148&#215;105 mm, &#8222;Frohe Weihnachten&#8220; und &#8222;Pfeffer pfl\u00fccken&#8220; Gew\u00fcrzm\u00fchle YANN Das Herzst\u00fcck der Gew\u00fcrzm\u00fchle ist das High-Tech Keramikmahlwerk CrushGrind\u00ae mit [&hellip;]<\/p>\n","protected":false},"featured_media":18469,"template":"","meta":[],"product_brand":[],"product_cat":[1183,1181],"product_tag":[],"class_list":{"0":"post-18467","1":"product","2":"type-product","3":"status-publish","4":"has-post-thumbnail","6":"product_cat-ab-chf-30","7":"product_cat-neu","8":"tm-no-options","10":"first","11":"instock","12":"taxable","13":"shipping-taxable","14":"purchasable","15":"product-type-simple"},"yoast_head":"<!-- This site is optimized with the Yoast SEO plugin v27.5 - https:\/\/yoast.com\/product\/yoast-seo-wordpress\/ -->\n<title>SET - Chili\/Pfeffer &amp; Raclette\/Fondue - Raffinessen<\/title>\n<meta name=\"robots\" content=\"index, follow, max-snippet:-1, max-image-preview:large, max-video-preview:-1\" \/>\n<link rel=\"canonical\" href=\"https:\/\/www.raffinessen.ch\/fr\/produit\/set-chili-pfeffer-raclette-fondue\/\" \/>\n<meta property=\"og:locale\" content=\"fr_FR\" \/>\n<meta property=\"og:type\" content=\"article\" \/>\n<meta property=\"og:title\" content=\"SET - Chili\/Pfeffer &amp; Raclette\/Fondue - Raffinessen\" \/>\n<meta property=\"og:description\" content=\"Inhalt 2x Gew\u00fcrzm\u00fchle YANN | Mahlwerk: Original Keramikmahlwerk CrushGrind\u00ae 1x Nachf\u00fcllbeutel SAINT LUC (50g) 1x Nachf\u00fcllbeutel RIO BRANCO (37g) Geschenkkarton schwarz, offene Welle | Stopfmaterial: SizzlePak schwarz | Geschenkschlaufe Satin (25 mm breit) 2x Postkarte: Format 148&#215;105 mm, &#8222;Frohe Weihnachten&#8220; und &#8222;Pfeffer pfl\u00fccken&#8220; Gew\u00fcrzm\u00fchle YANN Das Herzst\u00fcck der Gew\u00fcrzm\u00fchle ist das High-Tech Keramikmahlwerk CrushGrind\u00ae mit [&hellip;]\" \/>\n<meta property=\"og:url\" content=\"https:\/\/www.raffinessen.ch\/fr\/produit\/set-chili-pfeffer-raclette-fondue\/\" \/>\n<meta property=\"og:site_name\" content=\"Raffinessen\" \/>\n<meta property=\"article:modified_time\" content=\"2024-12-06T23:45:19+00:00\" \/>\n<meta property=\"og:image\" content=\"https:\/\/www.raffinessen.ch\/webseite\/wp-content\/uploads\/2024\/11\/GSO-062-YANN-Gewuerz.jpg\" \/>\n\t<meta property=\"og:image:width\" content=\"1500\" \/>\n\t<meta property=\"og:image:height\" content=\"1500\" \/>\n\t<meta property=\"og:image:type\" content=\"image\/jpeg\" \/>\n<meta name=\"twitter:card\" content=\"summary_large_image\" \/>\n<meta name=\"twitter:label1\" content=\"Dur\u00e9e de lecture estim\u00e9e\" \/>\n\t<meta name=\"twitter:data1\" content=\"3 minutes\" \/>\n<script type=\"application\/ld+json\" class=\"yoast-schema-graph\">{\"@context\":\"https:\\\/\\\/schema.org\",\"@graph\":[{\"@type\":\"WebPage\",\"@id\":\"https:\\\/\\\/www.raffinessen.ch\\\/produkt\\\/set-chili-pfeffer-raclette-fondue\\\/\",\"url\":\"https:\\\/\\\/www.raffinessen.ch\\\/produkt\\\/set-chili-pfeffer-raclette-fondue\\\/\",\"name\":\"SET - Chili\\\/Pfeffer & Raclette\\\/Fondue - Raffinessen\",\"isPartOf\":{\"@id\":\"https:\\\/\\\/www.raffinessen.ch\\\/#website\"},\"primaryImageOfPage\":{\"@id\":\"https:\\\/\\\/www.raffinessen.ch\\\/produkt\\\/set-chili-pfeffer-raclette-fondue\\\/#primaryimage\"},\"image\":{\"@id\":\"https:\\\/\\\/www.raffinessen.ch\\\/produkt\\\/set-chili-pfeffer-raclette-fondue\\\/#primaryimage\"},\"thumbnailUrl\":\"https:\\\/\\\/www.raffinessen.ch\\\/webseite\\\/wp-content\\\/uploads\\\/2024\\\/11\\\/GSO-062-YANN-Gewuerz.jpg\",\"datePublished\":\"2024-11-20T15:38:45+00:00\",\"dateModified\":\"2024-12-06T23:45:19+00:00\",\"breadcrumb\":{\"@id\":\"https:\\\/\\\/www.raffinessen.ch\\\/produkt\\\/set-chili-pfeffer-raclette-fondue\\\/#breadcrumb\"},\"inLanguage\":\"fr-FR\",\"potentialAction\":[{\"@type\":\"ReadAction\",\"target\":[\"https:\\\/\\\/www.raffinessen.ch\\\/produkt\\\/set-chili-pfeffer-raclette-fondue\\\/\"]}]},{\"@type\":\"ImageObject\",\"inLanguage\":\"fr-FR\",\"@id\":\"https:\\\/\\\/www.raffinessen.ch\\\/produkt\\\/set-chili-pfeffer-raclette-fondue\\\/#primaryimage\",\"url\":\"https:\\\/\\\/www.raffinessen.ch\\\/webseite\\\/wp-content\\\/uploads\\\/2024\\\/11\\\/GSO-062-YANN-Gewuerz.jpg\",\"contentUrl\":\"https:\\\/\\\/www.raffinessen.ch\\\/webseite\\\/wp-content\\\/uploads\\\/2024\\\/11\\\/GSO-062-YANN-Gewuerz.jpg\",\"width\":1500,\"height\":1500},{\"@type\":\"BreadcrumbList\",\"@id\":\"https:\\\/\\\/www.raffinessen.ch\\\/produkt\\\/set-chili-pfeffer-raclette-fondue\\\/#breadcrumb\",\"itemListElement\":[{\"@type\":\"ListItem\",\"position\":1,\"name\":\"Home\",\"item\":\"https:\\\/\\\/www.raffinessen.ch\\\/\"},{\"@type\":\"ListItem\",\"position\":2,\"name\":\"Shop\",\"item\":\"https:\\\/\\\/www.raffinessen.ch\\\/shop\\\/\"},{\"@type\":\"ListItem\",\"position\":3,\"name\":\"SET &#8211; Chili\\\/Pfeffer &#038; Raclette\\\/Fondue\"}]},{\"@type\":\"WebSite\",\"@id\":\"https:\\\/\\\/www.raffinessen.ch\\\/#website\",\"url\":\"https:\\\/\\\/www.raffinessen.ch\\\/\",\"name\":\"Raffinessen\",\"description\":\"roter und schwarzer Kampot Pfeffer - Gew\u00fcrze\",\"potentialAction\":[{\"@type\":\"SearchAction\",\"target\":{\"@type\":\"EntryPoint\",\"urlTemplate\":\"https:\\\/\\\/www.raffinessen.ch\\\/?s={search_term_string}\"},\"query-input\":{\"@type\":\"PropertyValueSpecification\",\"valueRequired\":true,\"valueName\":\"search_term_string\"}}],\"inLanguage\":\"fr-FR\"}]}<\/script>\n<!-- \/ Yoast SEO plugin. -->","yoast_head_json":{"title":"SET - Chili\/Pfeffer & Raclette\/Fondue - Raffinessen","robots":{"index":"index","follow":"follow","max-snippet":"max-snippet:-1","max-image-preview":"max-image-preview:large","max-video-preview":"max-video-preview:-1"},"canonical":"https:\/\/www.raffinessen.ch\/fr\/produit\/set-chili-pfeffer-raclette-fondue\/","og_locale":"fr_FR","og_type":"article","og_title":"SET - Chili\/Pfeffer & Raclette\/Fondue - Raffinessen","og_description":"Inhalt 2x Gew\u00fcrzm\u00fchle YANN | Mahlwerk: Original Keramikmahlwerk CrushGrind\u00ae 1x Nachf\u00fcllbeutel SAINT LUC (50g) 1x Nachf\u00fcllbeutel RIO BRANCO (37g) Geschenkkarton schwarz, offene Welle | Stopfmaterial: SizzlePak schwarz | Geschenkschlaufe Satin (25 mm breit) 2x Postkarte: Format 148&#215;105 mm, &#8222;Frohe Weihnachten&#8220; und &#8222;Pfeffer pfl\u00fccken&#8220; Gew\u00fcrzm\u00fchle YANN Das Herzst\u00fcck der Gew\u00fcrzm\u00fchle ist das High-Tech Keramikmahlwerk CrushGrind\u00ae mit [&hellip;]","og_url":"https:\/\/www.raffinessen.ch\/fr\/produit\/set-chili-pfeffer-raclette-fondue\/","og_site_name":"Raffinessen","article_modified_time":"2024-12-06T23:45:19+00:00","og_image":[{"width":1500,"height":1500,"url":"https:\/\/www.raffinessen.ch\/webseite\/wp-content\/uploads\/2024\/11\/GSO-062-YANN-Gewuerz.jpg","type":"image\/jpeg"}],"twitter_card":"summary_large_image","twitter_misc":{"Dur\u00e9e de lecture estim\u00e9e":"3 minutes"},"schema":{"@context":"https:\/\/schema.org","@graph":[{"@type":"WebPage","@id":"https:\/\/www.raffinessen.ch\/produkt\/set-chili-pfeffer-raclette-fondue\/","url":"https:\/\/www.raffinessen.ch\/produkt\/set-chili-pfeffer-raclette-fondue\/","name":"SET - Chili\/Pfeffer & Raclette\/Fondue - Raffinessen","isPartOf":{"@id":"https:\/\/www.raffinessen.ch\/#website"},"primaryImageOfPage":{"@id":"https:\/\/www.raffinessen.ch\/produkt\/set-chili-pfeffer-raclette-fondue\/#primaryimage"},"image":{"@id":"https:\/\/www.raffinessen.ch\/produkt\/set-chili-pfeffer-raclette-fondue\/#primaryimage"},"thumbnailUrl":"https:\/\/www.raffinessen.ch\/webseite\/wp-content\/uploads\/2024\/11\/GSO-062-YANN-Gewuerz.jpg","datePublished":"2024-11-20T15:38:45+00:00","dateModified":"2024-12-06T23:45:19+00:00","breadcrumb":{"@id":"https:\/\/www.raffinessen.ch\/produkt\/set-chili-pfeffer-raclette-fondue\/#breadcrumb"},"inLanguage":"fr-FR","potentialAction":[{"@type":"ReadAction","target":["https:\/\/www.raffinessen.ch\/produkt\/set-chili-pfeffer-raclette-fondue\/"]}]},{"@type":"ImageObject","inLanguage":"fr-FR","@id":"https:\/\/www.raffinessen.ch\/produkt\/set-chili-pfeffer-raclette-fondue\/#primaryimage","url":"https:\/\/www.raffinessen.ch\/webseite\/wp-content\/uploads\/2024\/11\/GSO-062-YANN-Gewuerz.jpg","contentUrl":"https:\/\/www.raffinessen.ch\/webseite\/wp-content\/uploads\/2024\/11\/GSO-062-YANN-Gewuerz.jpg","width":1500,"height":1500},{"@type":"BreadcrumbList","@id":"https:\/\/www.raffinessen.ch\/produkt\/set-chili-pfeffer-raclette-fondue\/#breadcrumb","itemListElement":[{"@type":"ListItem","position":1,"name":"Home","item":"https:\/\/www.raffinessen.ch\/"},{"@type":"ListItem","position":2,"name":"Shop","item":"https:\/\/www.raffinessen.ch\/shop\/"},{"@type":"ListItem","position":3,"name":"SET &#8211; Chili\/Pfeffer &#038; Raclette\/Fondue"}]},{"@type":"WebSite","@id":"https:\/\/www.raffinessen.ch\/#website","url":"https:\/\/www.raffinessen.ch\/","name":"Raffinements","description":"poivre de Kampot rouge et noir - \u00e9pices","potentialAction":[{"@type":"SearchAction","target":{"@type":"EntryPoint","urlTemplate":"https:\/\/www.raffinessen.ch\/?s={search_term_string}"},"query-input":{"@type":"PropertyValueSpecification","valueRequired":true,"valueName":"search_term_string"}}],"inLanguage":"fr-FR"}]}},"_links":{"self":[{"href":"https:\/\/www.raffinessen.ch\/fr\/wp-json\/wp\/v2\/product\/18467","targetHints":{"allow":["GET"]}}],"collection":[{"href":"https:\/\/www.raffinessen.ch\/fr\/wp-json\/wp\/v2\/product"}],"about":[{"href":"https:\/\/www.raffinessen.ch\/fr\/wp-json\/wp\/v2\/types\/product"}],"wp:featuredmedia":[{"embeddable":true,"href":"https:\/\/www.raffinessen.ch\/fr\/wp-json\/wp\/v2\/media\/18469"}],"wp:attachment":[{"href":"https:\/\/www.raffinessen.ch\/fr\/wp-json\/wp\/v2\/media?parent=18467"}],"wp:term":[{"taxonomy":"product_brand","embeddable":true,"href":"https:\/\/www.raffinessen.ch\/fr\/wp-json\/wp\/v2\/product_brand?post=18467"},{"taxonomy":"product_cat","embeddable":true,"href":"https:\/\/www.raffinessen.ch\/fr\/wp-json\/wp\/v2\/product_cat?post=18467"},{"taxonomy":"product_tag","embeddable":true,"href":"https:\/\/www.raffinessen.ch\/fr\/wp-json\/wp\/v2\/product_tag?post=18467"}],"curies":[{"name":"wp","href":"https:\/\/api.w.org\/{rel}","templated":true}]}}