{"id":18165,"date":"2024-09-13T10:34:40","date_gmt":"2024-09-13T08:34:40","guid":{"rendered":"https:\/\/www.raffinessen.ch\/?post_type=product&#038;p=18165"},"modified":"2025-09-13T01:01:34","modified_gmt":"2025-09-12T23:01:34","slug":"set-cashew-mango","status":"publish","type":"product","link":"https:\/\/www.raffinessen.ch\/fr\/produit\/set-cashew-mango\/","title":{"rendered":"SET \u2013 Cashew"},"content":{"rendered":"<p><strong>Contenu :<br \/>\n<\/strong><\/p>\n<p>F\u00fcr die <strong>Special Edition<\/strong> tragen unsere Cashewbeutel ein ganz besonderes Kleid \u2013 mit Herz, Stift und viel Fantasie entworfen von <strong>Miya.<\/strong><\/p>\n<p>Die junge K\u00fcnstlerin ist kreativ, neugierig und bald 12 Jahre alt. Sie hat den drei Sorten Leben eingehaucht \u2013 und drei charmante Pers\u00f6nlichkeiten erschaffen, die dem Genuss ein Gesicht geben: <strong>Signor Pepe, Madame Fleur de Sel und Frau Z\u00fcckerli<\/strong><\/p>\n<p><strong>Cashew mit Kampot Pfeffer 100 g<\/strong><br \/>\nHier vereinen sich die nussig-cremigen R\u00f6staromen ger\u00f6steter Cashews mit der warmen, langanhaltenden Sch\u00e4rfe und den feinen, herben Noten des schwarzen Kampot-Pfeffers. Diese raffinierte Komposition begeistert durch ihre Vielschichtigkeit und macht jeden Bissen unwiderstehlich. Ein Snack, der Tradition und Exotik auf k\u00f6stliche Weise verbindet.<\/p>\n<p>Inhalt: 100 g<br \/>\nZutaten: Cashewn\u00fcsse 97.5%, Kampot Pfeffer 1.5% schwarz, Meersalz 1.0%, Gummi Arabicum<br \/>\nN\u00e4hrwerte: 100g enthalten: 2314 KJ (553kcal), Fett: 44g (davon 8g ges\u00e4ttigte Fetts\u00e4uren), Kohlenhydrate: 30g (davon 6g Zucker), Eiweiss: 18g, Salz: 1g<\/p>\n<p><strong>Cashew mit Haut und Meersalz 100 g<\/strong><br \/>\nNormalerweise wird die feine Haut der Cashew in aufw\u00e4ndiger Handarbeit entfernt <strong><a href=\"https:\/\/vimeo.com\/999430679\">(siehe Video)<\/a><\/strong>\u00a0\u2013 doch in Kambodscha sch\u00e4tzt man dieses knusprige Extra. Sie intensiviert die R\u00f6staromen und verleiht dem Kern zarte Bitternoten, die durch seine nat\u00fcrliche S\u00fcsse und eine Prise Meersalz harmonisch abgerundet werden. Cremig, w\u00fcrzig und herrlich knusprig \u2013 ein raffiniertes Geschmackserlebnis.<\/p>\n<p>Inhalt: 100 g<br \/>\nZutaten: Cashewn\u00fcsse mit Haut 98.5%, Meersalz 1.5%<br \/>\nN\u00e4hrwerte: 100g enthalten: 2314 KJ (553kcal), Fett: 44g (davon 8g ges\u00e4ttigte Fetts\u00e4uren), Kohlenhydrate: 30g (davon 6g Zucker), Eiweiss: 18g, Salz: 1.5g<\/p>\n<p><strong>Cashew mit Palmzucker 100 g<br \/>\n<\/strong>Fein ger\u00f6stete Cashews treffen auf die karamellige Suesse des kambodschanischen Palmzuckers, verfeinert mit einem Hauch Meersalz. Die Glasur vereint cremige Nuesse mit Noten von Karamell, Malz und Honig \u2013 ein exotischer Genuss, der suess und salzig harmonisch ausbalanciert und mit knuspriger Textur begeistert.<\/p>\n<p>Inhalt: 100 g<br \/>\nZutaten: Cashewn\u00fcsse 98.9%, Palmzucker 1.0%, Meersalz, Gummi Arabicum<br \/>\nN\u00e4hrwerte: 100g enthalten: 2490 KJ (595kcal), Fett: 44g (davon 8g ges\u00e4ttigte Fetts\u00e4uren), Kohlenhydrate: 30g (davon 6g Zucker), Eiweiss: 18g, Salz: 0.1g<\/p>","protected":false},"excerpt":{"rendered":"<p>Inhalt: F\u00fcr die Special Edition tragen unsere Cashewbeutel ein ganz besonderes Kleid \u2013 mit Herz, Stift und viel Fantasie entworfen von Miya. Die junge K\u00fcnstlerin ist kreativ, neugierig und bald 12 Jahre alt. Sie hat den drei Sorten Leben eingehaucht \u2013 und drei charmante Pers\u00f6nlichkeiten erschaffen, die dem Genuss ein Gesicht geben: Signor Pepe, Madame [&hellip;]<\/p>\n","protected":false},"featured_media":19941,"template":"","meta":[],"product_brand":[],"product_cat":[1189,1186],"product_tag":[],"class_list":{"0":"post-18165","1":"product","2":"type-product","3":"status-publish","4":"has-post-thumbnail","6":"product_cat-kambodscha-produkte","7":"product_cat-top4","8":"tm-no-options","10":"first","11":"instock","12":"taxable","13":"shipping-taxable","14":"purchasable","15":"product-type-simple"},"yoast_head":"<!-- This site is optimized with the Yoast SEO plugin v27.5 - https:\/\/yoast.com\/product\/yoast-seo-wordpress\/ -->\n<title>SET \u2013 Cashew - Raffinessen<\/title>\n<meta name=\"robots\" content=\"index, follow, max-snippet:-1, max-image-preview:large, max-video-preview:-1\" \/>\n<link rel=\"canonical\" href=\"https:\/\/www.raffinessen.ch\/fr\/produit\/set-cashew-mango\/\" \/>\n<meta property=\"og:locale\" content=\"fr_FR\" \/>\n<meta property=\"og:type\" content=\"article\" \/>\n<meta property=\"og:title\" content=\"SET \u2013 Cashew - Raffinessen\" \/>\n<meta property=\"og:description\" content=\"Inhalt: F\u00fcr die Special Edition tragen unsere Cashewbeutel ein ganz besonderes Kleid \u2013 mit Herz, Stift und viel Fantasie entworfen von Miya. Die junge K\u00fcnstlerin ist kreativ, neugierig und bald 12 Jahre alt. Sie hat den drei Sorten Leben eingehaucht \u2013 und drei charmante Pers\u00f6nlichkeiten erschaffen, die dem Genuss ein Gesicht geben: Signor Pepe, Madame [&hellip;]\" \/>\n<meta property=\"og:url\" content=\"https:\/\/www.raffinessen.ch\/fr\/produit\/set-cashew-mango\/\" \/>\n<meta property=\"og:site_name\" content=\"Raffinessen\" \/>\n<meta property=\"article:modified_time\" content=\"2025-09-12T23:01:34+00:00\" \/>\n<meta property=\"og:image\" content=\"https:\/\/www.raffinessen.ch\/webseite\/wp-content\/uploads\/2025\/09\/FP-110x185_SET-Cashew.jpg\" \/>\n\t<meta property=\"og:image:width\" content=\"1500\" \/>\n\t<meta property=\"og:image:height\" content=\"1500\" \/>\n\t<meta property=\"og:image:type\" content=\"image\/jpeg\" \/>\n<meta name=\"twitter:card\" content=\"summary_large_image\" \/>\n<meta name=\"twitter:label1\" content=\"Dur\u00e9e de lecture estim\u00e9e\" \/>\n\t<meta name=\"twitter:data1\" content=\"4 minutes\" \/>\n<script type=\"application\/ld+json\" class=\"yoast-schema-graph\">{\"@context\":\"https:\\\/\\\/schema.org\",\"@graph\":[{\"@type\":\"WebPage\",\"@id\":\"https:\\\/\\\/www.raffinessen.ch\\\/produkt\\\/set-cashew-mango\\\/\",\"url\":\"https:\\\/\\\/www.raffinessen.ch\\\/produkt\\\/set-cashew-mango\\\/\",\"name\":\"SET \u2013 Cashew - Raffinessen\",\"isPartOf\":{\"@id\":\"https:\\\/\\\/www.raffinessen.ch\\\/#website\"},\"primaryImageOfPage\":{\"@id\":\"https:\\\/\\\/www.raffinessen.ch\\\/produkt\\\/set-cashew-mango\\\/#primaryimage\"},\"image\":{\"@id\":\"https:\\\/\\\/www.raffinessen.ch\\\/produkt\\\/set-cashew-mango\\\/#primaryimage\"},\"thumbnailUrl\":\"https:\\\/\\\/www.raffinessen.ch\\\/webseite\\\/wp-content\\\/uploads\\\/2025\\\/09\\\/FP-110x185_SET-Cashew.jpg\",\"datePublished\":\"2024-09-13T08:34:40+00:00\",\"dateModified\":\"2025-09-12T23:01:34+00:00\",\"breadcrumb\":{\"@id\":\"https:\\\/\\\/www.raffinessen.ch\\\/produkt\\\/set-cashew-mango\\\/#breadcrumb\"},\"inLanguage\":\"fr-FR\",\"potentialAction\":[{\"@type\":\"ReadAction\",\"target\":[\"https:\\\/\\\/www.raffinessen.ch\\\/produkt\\\/set-cashew-mango\\\/\"]}]},{\"@type\":\"ImageObject\",\"inLanguage\":\"fr-FR\",\"@id\":\"https:\\\/\\\/www.raffinessen.ch\\\/produkt\\\/set-cashew-mango\\\/#primaryimage\",\"url\":\"https:\\\/\\\/www.raffinessen.ch\\\/webseite\\\/wp-content\\\/uploads\\\/2025\\\/09\\\/FP-110x185_SET-Cashew.jpg\",\"contentUrl\":\"https:\\\/\\\/www.raffinessen.ch\\\/webseite\\\/wp-content\\\/uploads\\\/2025\\\/09\\\/FP-110x185_SET-Cashew.jpg\",\"width\":1500,\"height\":1500},{\"@type\":\"BreadcrumbList\",\"@id\":\"https:\\\/\\\/www.raffinessen.ch\\\/produkt\\\/set-cashew-mango\\\/#breadcrumb\",\"itemListElement\":[{\"@type\":\"ListItem\",\"position\":1,\"name\":\"Home\",\"item\":\"https:\\\/\\\/www.raffinessen.ch\\\/\"},{\"@type\":\"ListItem\",\"position\":2,\"name\":\"Shop\",\"item\":\"https:\\\/\\\/www.raffinessen.ch\\\/shop\\\/\"},{\"@type\":\"ListItem\",\"position\":3,\"name\":\"SET \u2013 Cashew\"}]},{\"@type\":\"WebSite\",\"@id\":\"https:\\\/\\\/www.raffinessen.ch\\\/#website\",\"url\":\"https:\\\/\\\/www.raffinessen.ch\\\/\",\"name\":\"Raffinessen\",\"description\":\"roter und schwarzer Kampot Pfeffer - Gew\u00fcrze\",\"potentialAction\":[{\"@type\":\"SearchAction\",\"target\":{\"@type\":\"EntryPoint\",\"urlTemplate\":\"https:\\\/\\\/www.raffinessen.ch\\\/?s={search_term_string}\"},\"query-input\":{\"@type\":\"PropertyValueSpecification\",\"valueRequired\":true,\"valueName\":\"search_term_string\"}}],\"inLanguage\":\"fr-FR\"}]}<\/script>\n<!-- \/ Yoast SEO plugin. -->","yoast_head_json":{"title":"SET \u2013 Cashew - Raffinessen","robots":{"index":"index","follow":"follow","max-snippet":"max-snippet:-1","max-image-preview":"max-image-preview:large","max-video-preview":"max-video-preview:-1"},"canonical":"https:\/\/www.raffinessen.ch\/fr\/produit\/set-cashew-mango\/","og_locale":"fr_FR","og_type":"article","og_title":"SET \u2013 Cashew - Raffinessen","og_description":"Inhalt: F\u00fcr die Special Edition tragen unsere Cashewbeutel ein ganz besonderes Kleid \u2013 mit Herz, Stift und viel Fantasie entworfen von Miya. Die junge K\u00fcnstlerin ist kreativ, neugierig und bald 12 Jahre alt. Sie hat den drei Sorten Leben eingehaucht \u2013 und drei charmante Pers\u00f6nlichkeiten erschaffen, die dem Genuss ein Gesicht geben: Signor Pepe, Madame [&hellip;]","og_url":"https:\/\/www.raffinessen.ch\/fr\/produit\/set-cashew-mango\/","og_site_name":"Raffinessen","article_modified_time":"2025-09-12T23:01:34+00:00","og_image":[{"width":1500,"height":1500,"url":"https:\/\/www.raffinessen.ch\/webseite\/wp-content\/uploads\/2025\/09\/FP-110x185_SET-Cashew.jpg","type":"image\/jpeg"}],"twitter_card":"summary_large_image","twitter_misc":{"Dur\u00e9e de lecture estim\u00e9e":"4 minutes"},"schema":{"@context":"https:\/\/schema.org","@graph":[{"@type":"WebPage","@id":"https:\/\/www.raffinessen.ch\/produkt\/set-cashew-mango\/","url":"https:\/\/www.raffinessen.ch\/produkt\/set-cashew-mango\/","name":"SET \u2013 Cashew - Raffinessen","isPartOf":{"@id":"https:\/\/www.raffinessen.ch\/#website"},"primaryImageOfPage":{"@id":"https:\/\/www.raffinessen.ch\/produkt\/set-cashew-mango\/#primaryimage"},"image":{"@id":"https:\/\/www.raffinessen.ch\/produkt\/set-cashew-mango\/#primaryimage"},"thumbnailUrl":"https:\/\/www.raffinessen.ch\/webseite\/wp-content\/uploads\/2025\/09\/FP-110x185_SET-Cashew.jpg","datePublished":"2024-09-13T08:34:40+00:00","dateModified":"2025-09-12T23:01:34+00:00","breadcrumb":{"@id":"https:\/\/www.raffinessen.ch\/produkt\/set-cashew-mango\/#breadcrumb"},"inLanguage":"fr-FR","potentialAction":[{"@type":"ReadAction","target":["https:\/\/www.raffinessen.ch\/produkt\/set-cashew-mango\/"]}]},{"@type":"ImageObject","inLanguage":"fr-FR","@id":"https:\/\/www.raffinessen.ch\/produkt\/set-cashew-mango\/#primaryimage","url":"https:\/\/www.raffinessen.ch\/webseite\/wp-content\/uploads\/2025\/09\/FP-110x185_SET-Cashew.jpg","contentUrl":"https:\/\/www.raffinessen.ch\/webseite\/wp-content\/uploads\/2025\/09\/FP-110x185_SET-Cashew.jpg","width":1500,"height":1500},{"@type":"BreadcrumbList","@id":"https:\/\/www.raffinessen.ch\/produkt\/set-cashew-mango\/#breadcrumb","itemListElement":[{"@type":"ListItem","position":1,"name":"Home","item":"https:\/\/www.raffinessen.ch\/"},{"@type":"ListItem","position":2,"name":"Shop","item":"https:\/\/www.raffinessen.ch\/shop\/"},{"@type":"ListItem","position":3,"name":"SET \u2013 Cashew"}]},{"@type":"WebSite","@id":"https:\/\/www.raffinessen.ch\/#website","url":"https:\/\/www.raffinessen.ch\/","name":"Raffinements","description":"poivre de Kampot rouge et noir - \u00e9pices","potentialAction":[{"@type":"SearchAction","target":{"@type":"EntryPoint","urlTemplate":"https:\/\/www.raffinessen.ch\/?s={search_term_string}"},"query-input":{"@type":"PropertyValueSpecification","valueRequired":true,"valueName":"search_term_string"}}],"inLanguage":"fr-FR"}]}},"_links":{"self":[{"href":"https:\/\/www.raffinessen.ch\/fr\/wp-json\/wp\/v2\/product\/18165","targetHints":{"allow":["GET"]}}],"collection":[{"href":"https:\/\/www.raffinessen.ch\/fr\/wp-json\/wp\/v2\/product"}],"about":[{"href":"https:\/\/www.raffinessen.ch\/fr\/wp-json\/wp\/v2\/types\/product"}],"wp:featuredmedia":[{"embeddable":true,"href":"https:\/\/www.raffinessen.ch\/fr\/wp-json\/wp\/v2\/media\/19941"}],"wp:attachment":[{"href":"https:\/\/www.raffinessen.ch\/fr\/wp-json\/wp\/v2\/media?parent=18165"}],"wp:term":[{"taxonomy":"product_brand","embeddable":true,"href":"https:\/\/www.raffinessen.ch\/fr\/wp-json\/wp\/v2\/product_brand?post=18165"},{"taxonomy":"product_cat","embeddable":true,"href":"https:\/\/www.raffinessen.ch\/fr\/wp-json\/wp\/v2\/product_cat?post=18165"},{"taxonomy":"product_tag","embeddable":true,"href":"https:\/\/www.raffinessen.ch\/fr\/wp-json\/wp\/v2\/product_tag?post=18165"}],"curies":[{"name":"wp","href":"https:\/\/api.w.org\/{rel}","templated":true}]}}