{"id":18159,"date":"2024-09-13T10:18:59","date_gmt":"2024-09-13T08:18:59","guid":{"rendered":"https:\/\/www.raffinessen.ch\/?post_type=product&#038;p=18159"},"modified":"2026-01-06T16:05:10","modified_gmt":"2026-01-06T15:05:10","slug":"mango-getrocknet-80-g","status":"publish","type":"product","link":"https:\/\/www.raffinessen.ch\/fr\/produit\/mango-getrocknet-80-g\/","title":{"rendered":"Mango getrocknet (80 g)"},"content":{"rendered":"<p>Die Keo Romiet-Mango aus Kambodscha ist bekannt f\u00fcr ihr s\u00fcsses Fruchtfleisch und ihre saftige Textur.<\/p>\n<p>Nur Mangos im perfekten Reifegrad schaffen es in diese naturbelassenen Snacks. Ihre intensive Fruchtigkeit entfaltet eine fein abgestimmte Balance aus nat\u00fcrlicher S\u00fcsse und erfrischender S\u00e4ure. Die zarten, mundgerechten St\u00fccke kommen ganz ohne Zuckerzusatz aus \u2013 f\u00fcr einen unverf\u00e4lschten Geschmack, der begeistert.<\/p>\n<p>Die getrocknete Keo Romiet-Mango eignet sich hervorragend als Snack f\u00fcr zwischendurch oder als Zutat in M\u00fceslis, Joghurts und Backwaren. Ihr intensives Aroma verleiht den Gerichten eine exotische Note.<\/p>\n<p>Inhalt: 80 g<br \/>\nZutaten: getrocknete Mangostreifen (100%), naturbelassen<br \/>\nN\u00e4hrwerte: 100g enthalten: 1446 KJ (341kcal), Fett: 0g (davon 0g ges\u00e4ttigte Fetts\u00e4uren), Kohlenhydrate: 82g (davon 48g Zucker), Eiweiss: 1g, Salz: 0.03g<\/p>","protected":false},"excerpt":{"rendered":"<p>Die Keo Romiet-Mango aus Kambodscha ist bekannt f\u00fcr ihr s\u00fcsses Fruchtfleisch und ihre saftige Textur. Nur Mangos im perfekten Reifegrad schaffen es in diese naturbelassenen Snacks. Ihre intensive Fruchtigkeit entfaltet eine fein abgestimmte Balance aus nat\u00fcrlicher S\u00fcsse und erfrischender S\u00e4ure. Die zarten, mundgerechten St\u00fccke kommen ganz ohne Zuckerzusatz aus \u2013 f\u00fcr einen unverf\u00e4lschten Geschmack, der [&hellip;]<\/p>\n","protected":false},"featured_media":18160,"template":"","meta":[],"product_brand":[],"product_cat":[1189],"product_tag":[],"class_list":{"0":"post-18159","1":"product","2":"type-product","3":"status-publish","4":"has-post-thumbnail","6":"product_cat-kambodscha-produkte","7":"tm-no-options","9":"first","10":"instock","11":"taxable","12":"shipping-taxable","13":"purchasable","14":"product-type-simple"},"yoast_head":"<!-- This site is optimized with the Yoast SEO plugin v27.5 - https:\/\/yoast.com\/product\/yoast-seo-wordpress\/ -->\n<title>Mango getrocknet (80 g) - Raffinessen<\/title>\n<meta name=\"robots\" content=\"index, follow, max-snippet:-1, max-image-preview:large, max-video-preview:-1\" \/>\n<link rel=\"canonical\" href=\"https:\/\/www.raffinessen.ch\/fr\/produit\/mango-getrocknet-80-g\/\" \/>\n<meta property=\"og:locale\" content=\"fr_FR\" \/>\n<meta property=\"og:type\" content=\"article\" \/>\n<meta property=\"og:title\" content=\"Mango getrocknet (80 g) - Raffinessen\" \/>\n<meta property=\"og:description\" content=\"Die Keo Romiet-Mango aus Kambodscha ist bekannt f\u00fcr ihr s\u00fcsses Fruchtfleisch und ihre saftige Textur. Nur Mangos im perfekten Reifegrad schaffen es in diese naturbelassenen Snacks. Ihre intensive Fruchtigkeit entfaltet eine fein abgestimmte Balance aus nat\u00fcrlicher S\u00fcsse und erfrischender S\u00e4ure. Die zarten, mundgerechten St\u00fccke kommen ganz ohne Zuckerzusatz aus \u2013 f\u00fcr einen unverf\u00e4lschten Geschmack, der [&hellip;]\" \/>\n<meta property=\"og:url\" content=\"https:\/\/www.raffinessen.ch\/fr\/produit\/mango-getrocknet-80-g\/\" \/>\n<meta property=\"og:site_name\" content=\"Raffinessen\" \/>\n<meta property=\"article:modified_time\" content=\"2026-01-06T15:05:10+00:00\" \/>\n<meta property=\"og:image\" content=\"https:\/\/www.raffinessen.ch\/webseite\/wp-content\/uploads\/2024\/09\/FP-110x185_Mango-getrocknet.jpg\" \/>\n\t<meta property=\"og:image:width\" content=\"1500\" \/>\n\t<meta property=\"og:image:height\" content=\"1500\" \/>\n\t<meta property=\"og:image:type\" content=\"image\/jpeg\" \/>\n<meta name=\"twitter:card\" content=\"summary_large_image\" \/>\n<meta name=\"twitter:label1\" content=\"Dur\u00e9e de lecture estim\u00e9e\" \/>\n\t<meta name=\"twitter:data1\" content=\"2 minutes\" \/>\n<script type=\"application\/ld+json\" class=\"yoast-schema-graph\">{\"@context\":\"https:\\\/\\\/schema.org\",\"@graph\":[{\"@type\":\"WebPage\",\"@id\":\"https:\\\/\\\/www.raffinessen.ch\\\/produkt\\\/mango-getrocknet-80-g\\\/\",\"url\":\"https:\\\/\\\/www.raffinessen.ch\\\/produkt\\\/mango-getrocknet-80-g\\\/\",\"name\":\"Mango getrocknet (80 g) - Raffinessen\",\"isPartOf\":{\"@id\":\"https:\\\/\\\/www.raffinessen.ch\\\/#website\"},\"primaryImageOfPage\":{\"@id\":\"https:\\\/\\\/www.raffinessen.ch\\\/produkt\\\/mango-getrocknet-80-g\\\/#primaryimage\"},\"image\":{\"@id\":\"https:\\\/\\\/www.raffinessen.ch\\\/produkt\\\/mango-getrocknet-80-g\\\/#primaryimage\"},\"thumbnailUrl\":\"https:\\\/\\\/www.raffinessen.ch\\\/webseite\\\/wp-content\\\/uploads\\\/2024\\\/09\\\/FP-110x185_Mango-getrocknet.jpg\",\"datePublished\":\"2024-09-13T08:18:59+00:00\",\"dateModified\":\"2026-01-06T15:05:10+00:00\",\"breadcrumb\":{\"@id\":\"https:\\\/\\\/www.raffinessen.ch\\\/produkt\\\/mango-getrocknet-80-g\\\/#breadcrumb\"},\"inLanguage\":\"fr-FR\",\"potentialAction\":[{\"@type\":\"ReadAction\",\"target\":[\"https:\\\/\\\/www.raffinessen.ch\\\/produkt\\\/mango-getrocknet-80-g\\\/\"]}]},{\"@type\":\"ImageObject\",\"inLanguage\":\"fr-FR\",\"@id\":\"https:\\\/\\\/www.raffinessen.ch\\\/produkt\\\/mango-getrocknet-80-g\\\/#primaryimage\",\"url\":\"https:\\\/\\\/www.raffinessen.ch\\\/webseite\\\/wp-content\\\/uploads\\\/2024\\\/09\\\/FP-110x185_Mango-getrocknet.jpg\",\"contentUrl\":\"https:\\\/\\\/www.raffinessen.ch\\\/webseite\\\/wp-content\\\/uploads\\\/2024\\\/09\\\/FP-110x185_Mango-getrocknet.jpg\",\"width\":1500,\"height\":1500},{\"@type\":\"BreadcrumbList\",\"@id\":\"https:\\\/\\\/www.raffinessen.ch\\\/produkt\\\/mango-getrocknet-80-g\\\/#breadcrumb\",\"itemListElement\":[{\"@type\":\"ListItem\",\"position\":1,\"name\":\"Home\",\"item\":\"https:\\\/\\\/www.raffinessen.ch\\\/\"},{\"@type\":\"ListItem\",\"position\":2,\"name\":\"Shop\",\"item\":\"https:\\\/\\\/www.raffinessen.ch\\\/shop\\\/\"},{\"@type\":\"ListItem\",\"position\":3,\"name\":\"Mango getrocknet (80 g)\"}]},{\"@type\":\"WebSite\",\"@id\":\"https:\\\/\\\/www.raffinessen.ch\\\/#website\",\"url\":\"https:\\\/\\\/www.raffinessen.ch\\\/\",\"name\":\"Raffinessen\",\"description\":\"roter und schwarzer Kampot Pfeffer - Gew\u00fcrze\",\"potentialAction\":[{\"@type\":\"SearchAction\",\"target\":{\"@type\":\"EntryPoint\",\"urlTemplate\":\"https:\\\/\\\/www.raffinessen.ch\\\/?s={search_term_string}\"},\"query-input\":{\"@type\":\"PropertyValueSpecification\",\"valueRequired\":true,\"valueName\":\"search_term_string\"}}],\"inLanguage\":\"fr-FR\"}]}<\/script>\n<!-- \/ Yoast SEO plugin. -->","yoast_head_json":{"title":"Mango getrocknet (80 g) - Raffinessen","robots":{"index":"index","follow":"follow","max-snippet":"max-snippet:-1","max-image-preview":"max-image-preview:large","max-video-preview":"max-video-preview:-1"},"canonical":"https:\/\/www.raffinessen.ch\/fr\/produit\/mango-getrocknet-80-g\/","og_locale":"fr_FR","og_type":"article","og_title":"Mango getrocknet (80 g) - Raffinessen","og_description":"Die Keo Romiet-Mango aus Kambodscha ist bekannt f\u00fcr ihr s\u00fcsses Fruchtfleisch und ihre saftige Textur. Nur Mangos im perfekten Reifegrad schaffen es in diese naturbelassenen Snacks. Ihre intensive Fruchtigkeit entfaltet eine fein abgestimmte Balance aus nat\u00fcrlicher S\u00fcsse und erfrischender S\u00e4ure. Die zarten, mundgerechten St\u00fccke kommen ganz ohne Zuckerzusatz aus \u2013 f\u00fcr einen unverf\u00e4lschten Geschmack, der [&hellip;]","og_url":"https:\/\/www.raffinessen.ch\/fr\/produit\/mango-getrocknet-80-g\/","og_site_name":"Raffinessen","article_modified_time":"2026-01-06T15:05:10+00:00","og_image":[{"width":1500,"height":1500,"url":"https:\/\/www.raffinessen.ch\/webseite\/wp-content\/uploads\/2024\/09\/FP-110x185_Mango-getrocknet.jpg","type":"image\/jpeg"}],"twitter_card":"summary_large_image","twitter_misc":{"Dur\u00e9e de lecture estim\u00e9e":"2 minutes"},"schema":{"@context":"https:\/\/schema.org","@graph":[{"@type":"WebPage","@id":"https:\/\/www.raffinessen.ch\/produkt\/mango-getrocknet-80-g\/","url":"https:\/\/www.raffinessen.ch\/produkt\/mango-getrocknet-80-g\/","name":"Mango getrocknet (80 g) - Raffinessen","isPartOf":{"@id":"https:\/\/www.raffinessen.ch\/#website"},"primaryImageOfPage":{"@id":"https:\/\/www.raffinessen.ch\/produkt\/mango-getrocknet-80-g\/#primaryimage"},"image":{"@id":"https:\/\/www.raffinessen.ch\/produkt\/mango-getrocknet-80-g\/#primaryimage"},"thumbnailUrl":"https:\/\/www.raffinessen.ch\/webseite\/wp-content\/uploads\/2024\/09\/FP-110x185_Mango-getrocknet.jpg","datePublished":"2024-09-13T08:18:59+00:00","dateModified":"2026-01-06T15:05:10+00:00","breadcrumb":{"@id":"https:\/\/www.raffinessen.ch\/produkt\/mango-getrocknet-80-g\/#breadcrumb"},"inLanguage":"fr-FR","potentialAction":[{"@type":"ReadAction","target":["https:\/\/www.raffinessen.ch\/produkt\/mango-getrocknet-80-g\/"]}]},{"@type":"ImageObject","inLanguage":"fr-FR","@id":"https:\/\/www.raffinessen.ch\/produkt\/mango-getrocknet-80-g\/#primaryimage","url":"https:\/\/www.raffinessen.ch\/webseite\/wp-content\/uploads\/2024\/09\/FP-110x185_Mango-getrocknet.jpg","contentUrl":"https:\/\/www.raffinessen.ch\/webseite\/wp-content\/uploads\/2024\/09\/FP-110x185_Mango-getrocknet.jpg","width":1500,"height":1500},{"@type":"BreadcrumbList","@id":"https:\/\/www.raffinessen.ch\/produkt\/mango-getrocknet-80-g\/#breadcrumb","itemListElement":[{"@type":"ListItem","position":1,"name":"Home","item":"https:\/\/www.raffinessen.ch\/"},{"@type":"ListItem","position":2,"name":"Shop","item":"https:\/\/www.raffinessen.ch\/shop\/"},{"@type":"ListItem","position":3,"name":"Mango getrocknet (80 g)"}]},{"@type":"WebSite","@id":"https:\/\/www.raffinessen.ch\/#website","url":"https:\/\/www.raffinessen.ch\/","name":"Raffinements","description":"poivre de Kampot rouge et noir - \u00e9pices","potentialAction":[{"@type":"SearchAction","target":{"@type":"EntryPoint","urlTemplate":"https:\/\/www.raffinessen.ch\/?s={search_term_string}"},"query-input":{"@type":"PropertyValueSpecification","valueRequired":true,"valueName":"search_term_string"}}],"inLanguage":"fr-FR"}]}},"_links":{"self":[{"href":"https:\/\/www.raffinessen.ch\/fr\/wp-json\/wp\/v2\/product\/18159","targetHints":{"allow":["GET"]}}],"collection":[{"href":"https:\/\/www.raffinessen.ch\/fr\/wp-json\/wp\/v2\/product"}],"about":[{"href":"https:\/\/www.raffinessen.ch\/fr\/wp-json\/wp\/v2\/types\/product"}],"wp:featuredmedia":[{"embeddable":true,"href":"https:\/\/www.raffinessen.ch\/fr\/wp-json\/wp\/v2\/media\/18160"}],"wp:attachment":[{"href":"https:\/\/www.raffinessen.ch\/fr\/wp-json\/wp\/v2\/media?parent=18159"}],"wp:term":[{"taxonomy":"product_brand","embeddable":true,"href":"https:\/\/www.raffinessen.ch\/fr\/wp-json\/wp\/v2\/product_brand?post=18159"},{"taxonomy":"product_cat","embeddable":true,"href":"https:\/\/www.raffinessen.ch\/fr\/wp-json\/wp\/v2\/product_cat?post=18159"},{"taxonomy":"product_tag","embeddable":true,"href":"https:\/\/www.raffinessen.ch\/fr\/wp-json\/wp\/v2\/product_tag?post=18159"}],"curies":[{"name":"wp","href":"https:\/\/api.w.org\/{rel}","templated":true}]}}