{"id":18145,"date":"2024-09-13T09:27:13","date_gmt":"2024-09-13T07:27:13","guid":{"rendered":"https:\/\/www.raffinessen.ch\/?post_type=product&#038;p=18145"},"modified":"2025-12-05T15:43:41","modified_gmt":"2025-12-05T14:43:41","slug":"cashews-mit-kampot-pfeffer-100-g","status":"publish","type":"product","link":"https:\/\/www.raffinessen.ch\/fr\/produit\/cashews-mit-kampot-pfeffer-100-g\/","title":{"rendered":"Cashews mit Kampot Pfeffer<br>(100 g)"},"content":{"rendered":"<p>Hier vereinen sich die nussig-cremigen R\u00f6staromen ger\u00f6steter Cashews mit der warmen, langanhaltenden Sch\u00e4rfe und den feinen, herben Noten des schwarzen Kampot-Pfeffers. Diese raffinierte Komposition begeistert durch ihre Vielschichtigkeit und macht jeden Bissen unwiderstehlich. Ein Snack, der Tradition und Exotik auf k\u00f6stliche Weise verbindet.<\/p>\n<p>F\u00fcr die <strong>Special Edition<\/strong> tragen unsere Cashewbeutel ein ganz besonderes Kleid \u2013 mit Herz, Stift und viel Fantasie entworfen von <strong>Miya<\/strong>.<\/p>\n<p>Die junge K\u00fcnstlerin ist kreativ, neugierig und bald 12 Jahre alt. Sie hat den drei Sorten Leben eingehaucht \u2013 und drei charmante Pers\u00f6nlichkeiten erschaffen, die dem Genuss ein Gesicht geben: <strong>Signor Pepe, Madame Fleur de Sel und Frau Z\u00fcckerli<\/strong><\/p>\n<p>Inhalt: 100 g<br \/>\nZutaten: Cashewn\u00fcsse 97.5%, Kampot Pfeffer 1.5% schwarz, Meersalz 1.0%, Gummi Arabicum<br \/>\nN\u00e4hrwerte: 100g enthalten: 2314 KJ (553kcal), Fett: 44g (davon 8g ges\u00e4ttigte Fetts\u00e4uren), Kohlenhydrate: 30g (davon 6g Zucker), Eiweiss: 18g, Salz: 1g<\/p>","protected":false},"excerpt":{"rendered":"<p>Hier vereinen sich die nussig-cremigen R\u00f6staromen ger\u00f6steter Cashews mit der warmen, langanhaltenden Sch\u00e4rfe und den feinen, herben Noten des schwarzen Kampot-Pfeffers. Diese raffinierte Komposition begeistert durch ihre Vielschichtigkeit und macht jeden Bissen unwiderstehlich. Ein Snack, der Tradition und Exotik auf k\u00f6stliche Weise verbindet. F\u00fcr die Special Edition tragen unsere Cashewbeutel ein ganz besonderes Kleid \u2013 [&hellip;]<\/p>\n","protected":false},"featured_media":19938,"template":"","meta":[],"product_brand":[],"product_cat":[1189],"product_tag":[],"class_list":{"0":"post-18145","1":"product","2":"type-product","3":"status-publish","4":"has-post-thumbnail","6":"product_cat-kambodscha-produkte","7":"tm-no-options","9":"first","10":"instock","11":"taxable","12":"shipping-taxable","13":"purchasable","14":"product-type-simple"},"yoast_head":"<!-- This site is optimized with the Yoast SEO plugin v27.5 - https:\/\/yoast.com\/product\/yoast-seo-wordpress\/ -->\n<title>Cashews mit Kampot Pfeffer(100 g) - Raffinessen<\/title>\n<meta name=\"robots\" content=\"index, follow, max-snippet:-1, max-image-preview:large, max-video-preview:-1\" \/>\n<link rel=\"canonical\" href=\"https:\/\/www.raffinessen.ch\/fr\/produit\/cashews-mit-kampot-pfeffer-100-g\/\" \/>\n<meta property=\"og:locale\" content=\"fr_FR\" \/>\n<meta property=\"og:type\" content=\"article\" \/>\n<meta property=\"og:title\" content=\"Cashews mit Kampot Pfeffer(100 g) - Raffinessen\" \/>\n<meta property=\"og:description\" content=\"Hier vereinen sich die nussig-cremigen R\u00f6staromen ger\u00f6steter Cashews mit der warmen, langanhaltenden Sch\u00e4rfe und den feinen, herben Noten des schwarzen Kampot-Pfeffers. Diese raffinierte Komposition begeistert durch ihre Vielschichtigkeit und macht jeden Bissen unwiderstehlich. Ein Snack, der Tradition und Exotik auf k\u00f6stliche Weise verbindet. F\u00fcr die Special Edition tragen unsere Cashewbeutel ein ganz besonderes Kleid \u2013 [&hellip;]\" \/>\n<meta property=\"og:url\" content=\"https:\/\/www.raffinessen.ch\/fr\/produit\/cashews-mit-kampot-pfeffer-100-g\/\" \/>\n<meta property=\"og:site_name\" content=\"Raffinessen\" \/>\n<meta property=\"article:modified_time\" content=\"2025-12-05T14:43:41+00:00\" \/>\n<meta property=\"og:image\" content=\"https:\/\/www.raffinessen.ch\/webseite\/wp-content\/uploads\/2025\/09\/FP-110x185_Cashew-Kampot-Pfeffer.jpg\" \/>\n\t<meta property=\"og:image:width\" content=\"1500\" \/>\n\t<meta property=\"og:image:height\" content=\"1500\" \/>\n\t<meta property=\"og:image:type\" content=\"image\/jpeg\" \/>\n<meta name=\"twitter:card\" content=\"summary_large_image\" \/>\n<meta name=\"twitter:label1\" content=\"Dur\u00e9e de lecture estim\u00e9e\" \/>\n\t<meta name=\"twitter:data1\" content=\"2 minutes\" \/>\n<script type=\"application\/ld+json\" class=\"yoast-schema-graph\">{\"@context\":\"https:\\\/\\\/schema.org\",\"@graph\":[{\"@type\":\"WebPage\",\"@id\":\"https:\\\/\\\/www.raffinessen.ch\\\/produkt\\\/cashews-mit-kampot-pfeffer-100-g\\\/\",\"url\":\"https:\\\/\\\/www.raffinessen.ch\\\/produkt\\\/cashews-mit-kampot-pfeffer-100-g\\\/\",\"name\":\"Cashews mit Kampot Pfeffer (100 g) - Raffinessen\",\"isPartOf\":{\"@id\":\"https:\\\/\\\/www.raffinessen.ch\\\/#website\"},\"primaryImageOfPage\":{\"@id\":\"https:\\\/\\\/www.raffinessen.ch\\\/produkt\\\/cashews-mit-kampot-pfeffer-100-g\\\/#primaryimage\"},\"image\":{\"@id\":\"https:\\\/\\\/www.raffinessen.ch\\\/produkt\\\/cashews-mit-kampot-pfeffer-100-g\\\/#primaryimage\"},\"thumbnailUrl\":\"https:\\\/\\\/www.raffinessen.ch\\\/webseite\\\/wp-content\\\/uploads\\\/2025\\\/09\\\/FP-110x185_Cashew-Kampot-Pfeffer.jpg\",\"datePublished\":\"2024-09-13T07:27:13+00:00\",\"dateModified\":\"2025-12-05T14:43:41+00:00\",\"breadcrumb\":{\"@id\":\"https:\\\/\\\/www.raffinessen.ch\\\/produkt\\\/cashews-mit-kampot-pfeffer-100-g\\\/#breadcrumb\"},\"inLanguage\":\"fr-FR\",\"potentialAction\":[{\"@type\":\"ReadAction\",\"target\":[\"https:\\\/\\\/www.raffinessen.ch\\\/produkt\\\/cashews-mit-kampot-pfeffer-100-g\\\/\"]}]},{\"@type\":\"ImageObject\",\"inLanguage\":\"fr-FR\",\"@id\":\"https:\\\/\\\/www.raffinessen.ch\\\/produkt\\\/cashews-mit-kampot-pfeffer-100-g\\\/#primaryimage\",\"url\":\"https:\\\/\\\/www.raffinessen.ch\\\/webseite\\\/wp-content\\\/uploads\\\/2025\\\/09\\\/FP-110x185_Cashew-Kampot-Pfeffer.jpg\",\"contentUrl\":\"https:\\\/\\\/www.raffinessen.ch\\\/webseite\\\/wp-content\\\/uploads\\\/2025\\\/09\\\/FP-110x185_Cashew-Kampot-Pfeffer.jpg\",\"width\":1500,\"height\":1500},{\"@type\":\"BreadcrumbList\",\"@id\":\"https:\\\/\\\/www.raffinessen.ch\\\/produkt\\\/cashews-mit-kampot-pfeffer-100-g\\\/#breadcrumb\",\"itemListElement\":[{\"@type\":\"ListItem\",\"position\":1,\"name\":\"Home\",\"item\":\"https:\\\/\\\/www.raffinessen.ch\\\/\"},{\"@type\":\"ListItem\",\"position\":2,\"name\":\"Shop\",\"item\":\"https:\\\/\\\/www.raffinessen.ch\\\/shop\\\/\"},{\"@type\":\"ListItem\",\"position\":3,\"name\":\"Cashews mit Kampot Pfeffer(100 g)\"}]},{\"@type\":\"WebSite\",\"@id\":\"https:\\\/\\\/www.raffinessen.ch\\\/#website\",\"url\":\"https:\\\/\\\/www.raffinessen.ch\\\/\",\"name\":\"Raffinessen\",\"description\":\"roter und schwarzer Kampot Pfeffer - Gew\u00fcrze\",\"potentialAction\":[{\"@type\":\"SearchAction\",\"target\":{\"@type\":\"EntryPoint\",\"urlTemplate\":\"https:\\\/\\\/www.raffinessen.ch\\\/?s={search_term_string}\"},\"query-input\":{\"@type\":\"PropertyValueSpecification\",\"valueRequired\":true,\"valueName\":\"search_term_string\"}}],\"inLanguage\":\"fr-FR\"}]}<\/script>\n<!-- \/ Yoast SEO plugin. -->","yoast_head_json":{"title":"Cashews mit Kampot Pfeffer(100 g) - Raffinessen","robots":{"index":"index","follow":"follow","max-snippet":"max-snippet:-1","max-image-preview":"max-image-preview:large","max-video-preview":"max-video-preview:-1"},"canonical":"https:\/\/www.raffinessen.ch\/fr\/produit\/cashews-mit-kampot-pfeffer-100-g\/","og_locale":"fr_FR","og_type":"article","og_title":"Cashews mit Kampot Pfeffer(100 g) - Raffinessen","og_description":"Hier vereinen sich die nussig-cremigen R\u00f6staromen ger\u00f6steter Cashews mit der warmen, langanhaltenden Sch\u00e4rfe und den feinen, herben Noten des schwarzen Kampot-Pfeffers. Diese raffinierte Komposition begeistert durch ihre Vielschichtigkeit und macht jeden Bissen unwiderstehlich. Ein Snack, der Tradition und Exotik auf k\u00f6stliche Weise verbindet. F\u00fcr die Special Edition tragen unsere Cashewbeutel ein ganz besonderes Kleid \u2013 [&hellip;]","og_url":"https:\/\/www.raffinessen.ch\/fr\/produit\/cashews-mit-kampot-pfeffer-100-g\/","og_site_name":"Raffinessen","article_modified_time":"2025-12-05T14:43:41+00:00","og_image":[{"width":1500,"height":1500,"url":"https:\/\/www.raffinessen.ch\/webseite\/wp-content\/uploads\/2025\/09\/FP-110x185_Cashew-Kampot-Pfeffer.jpg","type":"image\/jpeg"}],"twitter_card":"summary_large_image","twitter_misc":{"Dur\u00e9e de lecture estim\u00e9e":"2 minutes"},"schema":{"@context":"https:\/\/schema.org","@graph":[{"@type":"WebPage","@id":"https:\/\/www.raffinessen.ch\/produkt\/cashews-mit-kampot-pfeffer-100-g\/","url":"https:\/\/www.raffinessen.ch\/produkt\/cashews-mit-kampot-pfeffer-100-g\/","name":"Cashews mit Kampot Pfeffer (100 g) - Raffinessen","isPartOf":{"@id":"https:\/\/www.raffinessen.ch\/#website"},"primaryImageOfPage":{"@id":"https:\/\/www.raffinessen.ch\/produkt\/cashews-mit-kampot-pfeffer-100-g\/#primaryimage"},"image":{"@id":"https:\/\/www.raffinessen.ch\/produkt\/cashews-mit-kampot-pfeffer-100-g\/#primaryimage"},"thumbnailUrl":"https:\/\/www.raffinessen.ch\/webseite\/wp-content\/uploads\/2025\/09\/FP-110x185_Cashew-Kampot-Pfeffer.jpg","datePublished":"2024-09-13T07:27:13+00:00","dateModified":"2025-12-05T14:43:41+00:00","breadcrumb":{"@id":"https:\/\/www.raffinessen.ch\/produkt\/cashews-mit-kampot-pfeffer-100-g\/#breadcrumb"},"inLanguage":"fr-FR","potentialAction":[{"@type":"ReadAction","target":["https:\/\/www.raffinessen.ch\/produkt\/cashews-mit-kampot-pfeffer-100-g\/"]}]},{"@type":"ImageObject","inLanguage":"fr-FR","@id":"https:\/\/www.raffinessen.ch\/produkt\/cashews-mit-kampot-pfeffer-100-g\/#primaryimage","url":"https:\/\/www.raffinessen.ch\/webseite\/wp-content\/uploads\/2025\/09\/FP-110x185_Cashew-Kampot-Pfeffer.jpg","contentUrl":"https:\/\/www.raffinessen.ch\/webseite\/wp-content\/uploads\/2025\/09\/FP-110x185_Cashew-Kampot-Pfeffer.jpg","width":1500,"height":1500},{"@type":"BreadcrumbList","@id":"https:\/\/www.raffinessen.ch\/produkt\/cashews-mit-kampot-pfeffer-100-g\/#breadcrumb","itemListElement":[{"@type":"ListItem","position":1,"name":"Home","item":"https:\/\/www.raffinessen.ch\/"},{"@type":"ListItem","position":2,"name":"Shop","item":"https:\/\/www.raffinessen.ch\/shop\/"},{"@type":"ListItem","position":3,"name":"Cashews mit Kampot Pfeffer(100 g)"}]},{"@type":"WebSite","@id":"https:\/\/www.raffinessen.ch\/#website","url":"https:\/\/www.raffinessen.ch\/","name":"Raffinements","description":"poivre de Kampot rouge et noir - \u00e9pices","potentialAction":[{"@type":"SearchAction","target":{"@type":"EntryPoint","urlTemplate":"https:\/\/www.raffinessen.ch\/?s={search_term_string}"},"query-input":{"@type":"PropertyValueSpecification","valueRequired":true,"valueName":"search_term_string"}}],"inLanguage":"fr-FR"}]}},"_links":{"self":[{"href":"https:\/\/www.raffinessen.ch\/fr\/wp-json\/wp\/v2\/product\/18145","targetHints":{"allow":["GET"]}}],"collection":[{"href":"https:\/\/www.raffinessen.ch\/fr\/wp-json\/wp\/v2\/product"}],"about":[{"href":"https:\/\/www.raffinessen.ch\/fr\/wp-json\/wp\/v2\/types\/product"}],"wp:featuredmedia":[{"embeddable":true,"href":"https:\/\/www.raffinessen.ch\/fr\/wp-json\/wp\/v2\/media\/19938"}],"wp:attachment":[{"href":"https:\/\/www.raffinessen.ch\/fr\/wp-json\/wp\/v2\/media?parent=18145"}],"wp:term":[{"taxonomy":"product_brand","embeddable":true,"href":"https:\/\/www.raffinessen.ch\/fr\/wp-json\/wp\/v2\/product_brand?post=18145"},{"taxonomy":"product_cat","embeddable":true,"href":"https:\/\/www.raffinessen.ch\/fr\/wp-json\/wp\/v2\/product_cat?post=18145"},{"taxonomy":"product_tag","embeddable":true,"href":"https:\/\/www.raffinessen.ch\/fr\/wp-json\/wp\/v2\/product_tag?post=18145"}],"curies":[{"name":"wp","href":"https:\/\/api.w.org\/{rel}","templated":true}]}}