{"id":1776,"date":"2016-09-30T17:04:53","date_gmt":"2016-09-30T15:04:53","guid":{"rendered":"https:\/\/raffinessen.ch\/webseite\/produkt\/keramikmuehle-nussbaum-mit-rotem-kampotpfeffer\/"},"modified":"2022-10-20T21:30:52","modified_gmt":"2022-10-20T19:30:52","slug":"keramikmuehle-nussbaum","status":"publish","type":"product","link":"https:\/\/www.raffinessen.ch\/fr\/produit\/keramikmuehle-nussbaum\/","title":{"rendered":"Moulin \u00e0 \u00e9pices JEAN Noyer <br \/>(Swiss Made)"},"content":{"rendered":"<p>Seul le poivre de Kampot fra\u00eechement moulu peut envo\u00fbter les papilles gustatives avec son ar\u00f4me prononc\u00e9 et son piquant puissant et durable.<\/p>\n<p>Si vous souhaitez int\u00e9grer le poivre de Kampot exclusif dans l'artisanat suisse, optez pour notre moulin \u00e0 \u00e9pices en bois de noyer r\u00e9gional. Le c\u0153ur du moulin est le broyeur CrushGrind\u00ae, garanti 25 ans. Le degr\u00e9 de mouture est r\u00e9glable en continu. La c\u00e9ramique utilis\u00e9e est plus dure que l'acier, ne rouille pas et est neutre au niveau du go\u00fbt.<\/p>\n<p>La g\u00e9om\u00e9trie innovante des pi\u00e8ces en c\u00e9ramique garantit un traitement efficace et r\u00e9gulier de la mouture, sans collage. Le degr\u00e9 de mouture est r\u00e9glable en continu. La c\u00e9ramique utilis\u00e9e est plus dure que l'acier, ne rouille pas et est neutre en termes de go\u00fbt. Outre le poivre, le sel et le piment, elle permet \u00e9galement de moudre de nombreuses autres \u00e9pices et herbes.<\/p>\n<p>Format : \u00f8 55 mm, hauteur : env. 210 mm<br \/>\nsurface : lisse, deux couches de vernis satin\u00e9 (nettoyage avec un chiffon humide, aucun autre entretien n\u00e9cessaire)<\/p>\n<p>&nbsp;<\/p>","protected":false},"excerpt":{"rendered":"<p>Nur frisch gemahlener Kampot Pfeffer kann die Geschmacksknospen mit seinem ausgepr\u00e4gten Aroma und der kr\u00e4ftigen, langanhaltenden Sch\u00e4rfe bet\u00f6ren. Wer den exklusiven Kampot Pfeffer in Schweizer Handwerkskunst einbetten will, entscheidet sich f\u00fcr unsere Gew\u00fcrzm\u00fchle aus regionalem Nussbaumholz. Das Herzst\u00fcck der M\u00fchle ist das CrushGrind\u00ae Mahlwerk mit 25 Jahren Garantie. Der Mahlgrad ist stufenlos verstellbar. Die verwendete [&hellip;]<\/p>\n","protected":false},"featured_media":5700,"template":"","meta":[],"product_brand":[],"product_cat":[1180,35],"product_tag":[],"class_list":{"0":"post-1776","1":"product","2":"type-product","3":"status-publish","4":"has-post-thumbnail","6":"product_cat-muehlen-und-behaelter","7":"product_cat-swiss-made","8":"tm-no-options","10":"first","11":"instock","12":"taxable","13":"shipping-taxable","14":"purchasable","15":"product-type-simple"},"yoast_head":"<!-- This site is optimized with the Yoast SEO plugin v27.3 - https:\/\/yoast.com\/product\/yoast-seo-wordpress\/ -->\n<title>Gew\u00fcrzm\u00fchle JEAN Nussbaum (Swiss Made) - Raffinessen<\/title>\n<meta name=\"robots\" content=\"index, follow, max-snippet:-1, max-image-preview:large, max-video-preview:-1\" \/>\n<link rel=\"canonical\" href=\"https:\/\/www.raffinessen.ch\/fr\/produit\/keramikmuehle-nussbaum\/\" \/>\n<meta property=\"og:locale\" content=\"fr_FR\" \/>\n<meta property=\"og:type\" content=\"article\" \/>\n<meta property=\"og:title\" content=\"Gew\u00fcrzm\u00fchle JEAN Nussbaum (Swiss Made) - Raffinessen\" \/>\n<meta property=\"og:description\" content=\"Nur frisch gemahlener Kampot Pfeffer kann die Geschmacksknospen mit seinem ausgepr\u00e4gten Aroma und der kr\u00e4ftigen, langanhaltenden Sch\u00e4rfe bet\u00f6ren. Wer den exklusiven Kampot Pfeffer in Schweizer Handwerkskunst einbetten will, entscheidet sich f\u00fcr unsere Gew\u00fcrzm\u00fchle aus regionalem Nussbaumholz. Das Herzst\u00fcck der M\u00fchle ist das CrushGrind\u00ae Mahlwerk mit 25 Jahren Garantie. Der Mahlgrad ist stufenlos verstellbar. Die verwendete [&hellip;]\" \/>\n<meta property=\"og:url\" content=\"https:\/\/www.raffinessen.ch\/fr\/produit\/keramikmuehle-nussbaum\/\" \/>\n<meta property=\"og:site_name\" content=\"Raffinessen\" \/>\n<meta property=\"article:modified_time\" content=\"2022-10-20T19:30:52+00:00\" \/>\n<meta property=\"og:image\" content=\"https:\/\/www.raffinessen.ch\/webseite\/wp-content\/uploads\/2020\/04\/nuss-muehle-zylindrisch-zu.jpg\" \/>\n\t<meta property=\"og:image:width\" content=\"2500\" \/>\n\t<meta property=\"og:image:height\" content=\"2500\" \/>\n\t<meta property=\"og:image:type\" content=\"image\/jpeg\" \/>\n<meta name=\"twitter:card\" content=\"summary_large_image\" \/>\n<meta name=\"twitter:label1\" content=\"Dur\u00e9e de lecture estim\u00e9e\" \/>\n\t<meta name=\"twitter:data1\" content=\"1 minute\" \/>\n<script type=\"application\/ld+json\" class=\"yoast-schema-graph\">{\"@context\":\"https:\\\/\\\/schema.org\",\"@graph\":[{\"@type\":\"WebPage\",\"@id\":\"https:\\\/\\\/www.raffinessen.ch\\\/produkt\\\/keramikmuehle-nussbaum\\\/\",\"url\":\"https:\\\/\\\/www.raffinessen.ch\\\/produkt\\\/keramikmuehle-nussbaum\\\/\",\"name\":\"Gew\u00fcrzm\u00fchle JEAN Nussbaum (Swiss Made) - Raffinessen\",\"isPartOf\":{\"@id\":\"https:\\\/\\\/www.raffinessen.ch\\\/#website\"},\"primaryImageOfPage\":{\"@id\":\"https:\\\/\\\/www.raffinessen.ch\\\/produkt\\\/keramikmuehle-nussbaum\\\/#primaryimage\"},\"image\":{\"@id\":\"https:\\\/\\\/www.raffinessen.ch\\\/produkt\\\/keramikmuehle-nussbaum\\\/#primaryimage\"},\"thumbnailUrl\":\"https:\\\/\\\/www.raffinessen.ch\\\/webseite\\\/wp-content\\\/uploads\\\/2020\\\/04\\\/nuss-muehle-zylindrisch-zu.jpg\",\"datePublished\":\"2016-09-30T15:04:53+00:00\",\"dateModified\":\"2022-10-20T19:30:52+00:00\",\"breadcrumb\":{\"@id\":\"https:\\\/\\\/www.raffinessen.ch\\\/produkt\\\/keramikmuehle-nussbaum\\\/#breadcrumb\"},\"inLanguage\":\"fr-FR\",\"potentialAction\":[{\"@type\":\"ReadAction\",\"target\":[\"https:\\\/\\\/www.raffinessen.ch\\\/produkt\\\/keramikmuehle-nussbaum\\\/\"]}]},{\"@type\":\"ImageObject\",\"inLanguage\":\"fr-FR\",\"@id\":\"https:\\\/\\\/www.raffinessen.ch\\\/produkt\\\/keramikmuehle-nussbaum\\\/#primaryimage\",\"url\":\"https:\\\/\\\/www.raffinessen.ch\\\/webseite\\\/wp-content\\\/uploads\\\/2020\\\/04\\\/nuss-muehle-zylindrisch-zu.jpg\",\"contentUrl\":\"https:\\\/\\\/www.raffinessen.ch\\\/webseite\\\/wp-content\\\/uploads\\\/2020\\\/04\\\/nuss-muehle-zylindrisch-zu.jpg\",\"width\":2500,\"height\":2500},{\"@type\":\"BreadcrumbList\",\"@id\":\"https:\\\/\\\/www.raffinessen.ch\\\/produkt\\\/keramikmuehle-nussbaum\\\/#breadcrumb\",\"itemListElement\":[{\"@type\":\"ListItem\",\"position\":1,\"name\":\"Home\",\"item\":\"https:\\\/\\\/www.raffinessen.ch\\\/\"},{\"@type\":\"ListItem\",\"position\":2,\"name\":\"Shop\",\"item\":\"https:\\\/\\\/www.raffinessen.ch\\\/shop\\\/\"},{\"@type\":\"ListItem\",\"position\":3,\"name\":\"Gew\u00fcrzm\u00fchle JEAN Nussbaum (Swiss Made)\"}]},{\"@type\":\"WebSite\",\"@id\":\"https:\\\/\\\/www.raffinessen.ch\\\/#website\",\"url\":\"https:\\\/\\\/www.raffinessen.ch\\\/\",\"name\":\"Raffinessen\",\"description\":\"roter und schwarzer Kampot Pfeffer - Gew\u00fcrze\",\"potentialAction\":[{\"@type\":\"SearchAction\",\"target\":{\"@type\":\"EntryPoint\",\"urlTemplate\":\"https:\\\/\\\/www.raffinessen.ch\\\/?s={search_term_string}\"},\"query-input\":{\"@type\":\"PropertyValueSpecification\",\"valueRequired\":true,\"valueName\":\"search_term_string\"}}],\"inLanguage\":\"fr-FR\"}]}<\/script>\n<!-- \/ Yoast SEO plugin. -->","yoast_head_json":{"title":"Gew\u00fcrzm\u00fchle JEAN Nussbaum (Swiss Made) - Raffinessen","robots":{"index":"index","follow":"follow","max-snippet":"max-snippet:-1","max-image-preview":"max-image-preview:large","max-video-preview":"max-video-preview:-1"},"canonical":"https:\/\/www.raffinessen.ch\/fr\/produit\/keramikmuehle-nussbaum\/","og_locale":"fr_FR","og_type":"article","og_title":"Gew\u00fcrzm\u00fchle JEAN Nussbaum (Swiss Made) - Raffinessen","og_description":"Nur frisch gemahlener Kampot Pfeffer kann die Geschmacksknospen mit seinem ausgepr\u00e4gten Aroma und der kr\u00e4ftigen, langanhaltenden Sch\u00e4rfe bet\u00f6ren. Wer den exklusiven Kampot Pfeffer in Schweizer Handwerkskunst einbetten will, entscheidet sich f\u00fcr unsere Gew\u00fcrzm\u00fchle aus regionalem Nussbaumholz. Das Herzst\u00fcck der M\u00fchle ist das CrushGrind\u00ae Mahlwerk mit 25 Jahren Garantie. Der Mahlgrad ist stufenlos verstellbar. Die verwendete [&hellip;]","og_url":"https:\/\/www.raffinessen.ch\/fr\/produit\/keramikmuehle-nussbaum\/","og_site_name":"Raffinessen","article_modified_time":"2022-10-20T19:30:52+00:00","og_image":[{"width":2500,"height":2500,"url":"https:\/\/www.raffinessen.ch\/webseite\/wp-content\/uploads\/2020\/04\/nuss-muehle-zylindrisch-zu.jpg","type":"image\/jpeg"}],"twitter_card":"summary_large_image","twitter_misc":{"Dur\u00e9e de lecture estim\u00e9e":"1 minute"},"schema":{"@context":"https:\/\/schema.org","@graph":[{"@type":"WebPage","@id":"https:\/\/www.raffinessen.ch\/produkt\/keramikmuehle-nussbaum\/","url":"https:\/\/www.raffinessen.ch\/produkt\/keramikmuehle-nussbaum\/","name":"Gew\u00fcrzm\u00fchle JEAN Nussbaum (Swiss Made) - Raffinessen","isPartOf":{"@id":"https:\/\/www.raffinessen.ch\/#website"},"primaryImageOfPage":{"@id":"https:\/\/www.raffinessen.ch\/produkt\/keramikmuehle-nussbaum\/#primaryimage"},"image":{"@id":"https:\/\/www.raffinessen.ch\/produkt\/keramikmuehle-nussbaum\/#primaryimage"},"thumbnailUrl":"https:\/\/www.raffinessen.ch\/webseite\/wp-content\/uploads\/2020\/04\/nuss-muehle-zylindrisch-zu.jpg","datePublished":"2016-09-30T15:04:53+00:00","dateModified":"2022-10-20T19:30:52+00:00","breadcrumb":{"@id":"https:\/\/www.raffinessen.ch\/produkt\/keramikmuehle-nussbaum\/#breadcrumb"},"inLanguage":"fr-FR","potentialAction":[{"@type":"ReadAction","target":["https:\/\/www.raffinessen.ch\/produkt\/keramikmuehle-nussbaum\/"]}]},{"@type":"ImageObject","inLanguage":"fr-FR","@id":"https:\/\/www.raffinessen.ch\/produkt\/keramikmuehle-nussbaum\/#primaryimage","url":"https:\/\/www.raffinessen.ch\/webseite\/wp-content\/uploads\/2020\/04\/nuss-muehle-zylindrisch-zu.jpg","contentUrl":"https:\/\/www.raffinessen.ch\/webseite\/wp-content\/uploads\/2020\/04\/nuss-muehle-zylindrisch-zu.jpg","width":2500,"height":2500},{"@type":"BreadcrumbList","@id":"https:\/\/www.raffinessen.ch\/produkt\/keramikmuehle-nussbaum\/#breadcrumb","itemListElement":[{"@type":"ListItem","position":1,"name":"Home","item":"https:\/\/www.raffinessen.ch\/"},{"@type":"ListItem","position":2,"name":"Shop","item":"https:\/\/www.raffinessen.ch\/shop\/"},{"@type":"ListItem","position":3,"name":"Gew\u00fcrzm\u00fchle JEAN Nussbaum (Swiss Made)"}]},{"@type":"WebSite","@id":"https:\/\/www.raffinessen.ch\/#website","url":"https:\/\/www.raffinessen.ch\/","name":"Raffinements","description":"poivre de Kampot rouge et noir - \u00e9pices","potentialAction":[{"@type":"SearchAction","target":{"@type":"EntryPoint","urlTemplate":"https:\/\/www.raffinessen.ch\/?s={search_term_string}"},"query-input":{"@type":"PropertyValueSpecification","valueRequired":true,"valueName":"search_term_string"}}],"inLanguage":"fr-FR"}]}},"_links":{"self":[{"href":"https:\/\/www.raffinessen.ch\/fr\/wp-json\/wp\/v2\/product\/1776","targetHints":{"allow":["GET"]}}],"collection":[{"href":"https:\/\/www.raffinessen.ch\/fr\/wp-json\/wp\/v2\/product"}],"about":[{"href":"https:\/\/www.raffinessen.ch\/fr\/wp-json\/wp\/v2\/types\/product"}],"wp:featuredmedia":[{"embeddable":true,"href":"https:\/\/www.raffinessen.ch\/fr\/wp-json\/wp\/v2\/media\/5700"}],"wp:attachment":[{"href":"https:\/\/www.raffinessen.ch\/fr\/wp-json\/wp\/v2\/media?parent=1776"}],"wp:term":[{"taxonomy":"product_brand","embeddable":true,"href":"https:\/\/www.raffinessen.ch\/fr\/wp-json\/wp\/v2\/product_brand?post=1776"},{"taxonomy":"product_cat","embeddable":true,"href":"https:\/\/www.raffinessen.ch\/fr\/wp-json\/wp\/v2\/product_cat?post=1776"},{"taxonomy":"product_tag","embeddable":true,"href":"https:\/\/www.raffinessen.ch\/fr\/wp-json\/wp\/v2\/product_tag?post=1776"}],"curies":[{"name":"wp","href":"https:\/\/api.w.org\/{rel}","templated":true}]}}