{"id":17171,"date":"2024-03-01T17:29:59","date_gmt":"2024-03-01T16:29:59","guid":{"rendered":"https:\/\/www.raffinessen.ch\/?post_type=product&#038;p=17171"},"modified":"2024-09-13T10:43:35","modified_gmt":"2024-09-13T08:43:35","slug":"cashews-aus-kambodscha-2-kg-2","status":"publish","type":"product","link":"https:\/\/www.raffinessen.ch\/fr\/produit\/cashews-aus-kambodscha-2-kg-2\/","title":{"rendered":"Noix de cajou du Cambodge (2 kg)"},"content":{"rendered":"<p><strong>Contenu<\/strong><\/p>\n<ul>\n<li>5x 400 g sachets de noix de cajou du Cambodge<\/li>\n<\/ul>\n<p>Nous les trouvons GRANDES - les grosses noix de cajou du nord du Cambodge. Elles sont r\u00e9colt\u00e9es \u00e0 Stung Treng, dans le nord du Cambodge, tri\u00e9es en fonction de leur taille et de leur qualit\u00e9, puis soigneusement emball\u00e9es afin qu'elles arrivent intactes, croquantes et pleines de saveur en Suisse en septembre\/octobre 2023, en m\u00eame temps que notre poivre.<\/p>\n<p>Pour toi, nous n'avons s\u00e9lectionn\u00e9 que les plus grosses graines. Les noix de cajou traditionnelles mesurent environ 2 cm de long, nos grandes noix du Cambodge mesurent environ 3 cm.<\/p>\n<p>Les noix sont d\u00e9licieuses nature, grill\u00e9es ou assaisonn\u00e9es de mani\u00e8re raffin\u00e9e. Elles accompagnent \u00e0 merveille les plats de nouilles et de riz asiatiques, les salades et bien d'autres choses encore.<\/p>\n<p>Pour l'assaisonnement, tu peux en principe utiliser presque tous nos m\u00e9langes ainsi que le poivre, le curcuma et le sucre de palme.<\/p>\n<p>Nos favoris pour les noix de cajou \u00e9pic\u00e9es sont le curry du Cap, Bijapur et Villarosa. Nous joignons \u00e0 chaque commande de noix de cajou une recette de noix \u00e9pic\u00e9es raffin\u00e9es - y compris un conseil secret pour une meilleure adh\u00e9rence des \u00e9pices. La recette peut \u00e9galement \u00eatre utilis\u00e9e pour d'autres noix et graines, comme par exemple : les amandes, les noix de macadamia ou de p\u00e9can, les graines de courge et de tournesol.<\/p>","protected":false},"excerpt":{"rendered":"<p>Inhalt 5x 400 g Beutel Cashews aus Kambodscha Wir finden sie GROSSartig \u2013 die grossen Cashewn\u00fcsse aus dem Norden von Kambodscha. Sie werden in Stung Treng, im Norden von Kambodscha, geerntet, nach Gr\u00f6sse und Qualit\u00e4t sortiert und sorgf\u00e4ltig verpackt, damit sie unbesch\u00e4digt, knackig und voller Geschmack im September\/Oktober 2023 zusammen mit unserem Pfeffer in der [&hellip;]<\/p>\n","protected":false},"featured_media":15779,"template":"","meta":[],"product_brand":[],"product_cat":[1189],"product_tag":[],"class_list":{"0":"post-17171","1":"product","2":"type-product","3":"status-publish","4":"has-post-thumbnail","6":"product_cat-kambodscha-produkte","7":"tm-no-options","9":"first","10":"instock","11":"taxable","12":"shipping-taxable","13":"purchasable","14":"product-type-simple"},"yoast_head":"<!-- This site is optimized with the Yoast SEO plugin v27.5 - https:\/\/yoast.com\/product\/yoast-seo-wordpress\/ -->\n<title>Cashews aus Kambodscha (2 kg) - Raffinessen<\/title>\n<meta name=\"robots\" content=\"index, follow, max-snippet:-1, max-image-preview:large, max-video-preview:-1\" \/>\n<link rel=\"canonical\" href=\"https:\/\/www.raffinessen.ch\/fr\/produit\/cashews-aus-kambodscha-2-kg-2\/\" \/>\n<meta property=\"og:locale\" content=\"fr_FR\" \/>\n<meta property=\"og:type\" content=\"article\" \/>\n<meta property=\"og:title\" content=\"Cashews aus Kambodscha (2 kg) - Raffinessen\" \/>\n<meta property=\"og:description\" content=\"Inhalt 5x 400 g Beutel Cashews aus Kambodscha Wir finden sie GROSSartig \u2013 die grossen Cashewn\u00fcsse aus dem Norden von Kambodscha. Sie werden in Stung Treng, im Norden von Kambodscha, geerntet, nach Gr\u00f6sse und Qualit\u00e4t sortiert und sorgf\u00e4ltig verpackt, damit sie unbesch\u00e4digt, knackig und voller Geschmack im September\/Oktober 2023 zusammen mit unserem Pfeffer in der [&hellip;]\" \/>\n<meta property=\"og:url\" content=\"https:\/\/www.raffinessen.ch\/fr\/produit\/cashews-aus-kambodscha-2-kg-2\/\" \/>\n<meta property=\"og:site_name\" content=\"Raffinessen\" \/>\n<meta property=\"article:modified_time\" content=\"2024-09-13T08:43:35+00:00\" \/>\n<meta property=\"og:image\" content=\"https:\/\/www.raffinessen.ch\/webseite\/wp-content\/uploads\/2023\/06\/Cashew-2kg_1500x1500.jpg\" \/>\n\t<meta property=\"og:image:width\" content=\"1500\" \/>\n\t<meta property=\"og:image:height\" content=\"1500\" \/>\n\t<meta property=\"og:image:type\" content=\"image\/jpeg\" \/>\n<meta name=\"twitter:card\" content=\"summary_large_image\" \/>\n<meta name=\"twitter:label1\" content=\"Dur\u00e9e de lecture estim\u00e9e\" \/>\n\t<meta name=\"twitter:data1\" content=\"2 minutes\" \/>\n<script type=\"application\/ld+json\" class=\"yoast-schema-graph\">{\"@context\":\"https:\\\/\\\/schema.org\",\"@graph\":[{\"@type\":\"WebPage\",\"@id\":\"https:\\\/\\\/www.raffinessen.ch\\\/produkt\\\/cashews-aus-kambodscha-2-kg-2\\\/\",\"url\":\"https:\\\/\\\/www.raffinessen.ch\\\/produkt\\\/cashews-aus-kambodscha-2-kg-2\\\/\",\"name\":\"Cashews aus Kambodscha (2 kg) - Raffinessen\",\"isPartOf\":{\"@id\":\"https:\\\/\\\/www.raffinessen.ch\\\/#website\"},\"primaryImageOfPage\":{\"@id\":\"https:\\\/\\\/www.raffinessen.ch\\\/produkt\\\/cashews-aus-kambodscha-2-kg-2\\\/#primaryimage\"},\"image\":{\"@id\":\"https:\\\/\\\/www.raffinessen.ch\\\/produkt\\\/cashews-aus-kambodscha-2-kg-2\\\/#primaryimage\"},\"thumbnailUrl\":\"https:\\\/\\\/www.raffinessen.ch\\\/webseite\\\/wp-content\\\/uploads\\\/2023\\\/06\\\/Cashew-2kg_1500x1500.jpg\",\"datePublished\":\"2024-03-01T16:29:59+00:00\",\"dateModified\":\"2024-09-13T08:43:35+00:00\",\"breadcrumb\":{\"@id\":\"https:\\\/\\\/www.raffinessen.ch\\\/produkt\\\/cashews-aus-kambodscha-2-kg-2\\\/#breadcrumb\"},\"inLanguage\":\"fr-FR\",\"potentialAction\":[{\"@type\":\"ReadAction\",\"target\":[\"https:\\\/\\\/www.raffinessen.ch\\\/produkt\\\/cashews-aus-kambodscha-2-kg-2\\\/\"]}]},{\"@type\":\"ImageObject\",\"inLanguage\":\"fr-FR\",\"@id\":\"https:\\\/\\\/www.raffinessen.ch\\\/produkt\\\/cashews-aus-kambodscha-2-kg-2\\\/#primaryimage\",\"url\":\"https:\\\/\\\/www.raffinessen.ch\\\/webseite\\\/wp-content\\\/uploads\\\/2023\\\/06\\\/Cashew-2kg_1500x1500.jpg\",\"contentUrl\":\"https:\\\/\\\/www.raffinessen.ch\\\/webseite\\\/wp-content\\\/uploads\\\/2023\\\/06\\\/Cashew-2kg_1500x1500.jpg\",\"width\":1500,\"height\":1500,\"caption\":\"Fresh tasty Cashew nuts falling in the air isolated on turquoise background. Food levitation concept. High resolution image.\"},{\"@type\":\"BreadcrumbList\",\"@id\":\"https:\\\/\\\/www.raffinessen.ch\\\/produkt\\\/cashews-aus-kambodscha-2-kg-2\\\/#breadcrumb\",\"itemListElement\":[{\"@type\":\"ListItem\",\"position\":1,\"name\":\"Home\",\"item\":\"https:\\\/\\\/www.raffinessen.ch\\\/\"},{\"@type\":\"ListItem\",\"position\":2,\"name\":\"Shop\",\"item\":\"https:\\\/\\\/www.raffinessen.ch\\\/shop\\\/\"},{\"@type\":\"ListItem\",\"position\":3,\"name\":\"Cashews aus Kambodscha (2 kg)\"}]},{\"@type\":\"WebSite\",\"@id\":\"https:\\\/\\\/www.raffinessen.ch\\\/#website\",\"url\":\"https:\\\/\\\/www.raffinessen.ch\\\/\",\"name\":\"Raffinessen\",\"description\":\"roter und schwarzer Kampot Pfeffer - Gew\u00fcrze\",\"potentialAction\":[{\"@type\":\"SearchAction\",\"target\":{\"@type\":\"EntryPoint\",\"urlTemplate\":\"https:\\\/\\\/www.raffinessen.ch\\\/?s={search_term_string}\"},\"query-input\":{\"@type\":\"PropertyValueSpecification\",\"valueRequired\":true,\"valueName\":\"search_term_string\"}}],\"inLanguage\":\"fr-FR\"}]}<\/script>\n<!-- \/ Yoast SEO plugin. -->","yoast_head_json":{"title":"Cashews aus Kambodscha (2 kg) - Raffinessen","robots":{"index":"index","follow":"follow","max-snippet":"max-snippet:-1","max-image-preview":"max-image-preview:large","max-video-preview":"max-video-preview:-1"},"canonical":"https:\/\/www.raffinessen.ch\/fr\/produit\/cashews-aus-kambodscha-2-kg-2\/","og_locale":"fr_FR","og_type":"article","og_title":"Cashews aus Kambodscha (2 kg) - Raffinessen","og_description":"Inhalt 5x 400 g Beutel Cashews aus Kambodscha Wir finden sie GROSSartig \u2013 die grossen Cashewn\u00fcsse aus dem Norden von Kambodscha. Sie werden in Stung Treng, im Norden von Kambodscha, geerntet, nach Gr\u00f6sse und Qualit\u00e4t sortiert und sorgf\u00e4ltig verpackt, damit sie unbesch\u00e4digt, knackig und voller Geschmack im September\/Oktober 2023 zusammen mit unserem Pfeffer in der [&hellip;]","og_url":"https:\/\/www.raffinessen.ch\/fr\/produit\/cashews-aus-kambodscha-2-kg-2\/","og_site_name":"Raffinessen","article_modified_time":"2024-09-13T08:43:35+00:00","og_image":[{"width":1500,"height":1500,"url":"https:\/\/www.raffinessen.ch\/webseite\/wp-content\/uploads\/2023\/06\/Cashew-2kg_1500x1500.jpg","type":"image\/jpeg"}],"twitter_card":"summary_large_image","twitter_misc":{"Dur\u00e9e de lecture estim\u00e9e":"2 minutes"},"schema":{"@context":"https:\/\/schema.org","@graph":[{"@type":"WebPage","@id":"https:\/\/www.raffinessen.ch\/produkt\/cashews-aus-kambodscha-2-kg-2\/","url":"https:\/\/www.raffinessen.ch\/produkt\/cashews-aus-kambodscha-2-kg-2\/","name":"Cashews aus Kambodscha (2 kg) - Raffinessen","isPartOf":{"@id":"https:\/\/www.raffinessen.ch\/#website"},"primaryImageOfPage":{"@id":"https:\/\/www.raffinessen.ch\/produkt\/cashews-aus-kambodscha-2-kg-2\/#primaryimage"},"image":{"@id":"https:\/\/www.raffinessen.ch\/produkt\/cashews-aus-kambodscha-2-kg-2\/#primaryimage"},"thumbnailUrl":"https:\/\/www.raffinessen.ch\/webseite\/wp-content\/uploads\/2023\/06\/Cashew-2kg_1500x1500.jpg","datePublished":"2024-03-01T16:29:59+00:00","dateModified":"2024-09-13T08:43:35+00:00","breadcrumb":{"@id":"https:\/\/www.raffinessen.ch\/produkt\/cashews-aus-kambodscha-2-kg-2\/#breadcrumb"},"inLanguage":"fr-FR","potentialAction":[{"@type":"ReadAction","target":["https:\/\/www.raffinessen.ch\/produkt\/cashews-aus-kambodscha-2-kg-2\/"]}]},{"@type":"ImageObject","inLanguage":"fr-FR","@id":"https:\/\/www.raffinessen.ch\/produkt\/cashews-aus-kambodscha-2-kg-2\/#primaryimage","url":"https:\/\/www.raffinessen.ch\/webseite\/wp-content\/uploads\/2023\/06\/Cashew-2kg_1500x1500.jpg","contentUrl":"https:\/\/www.raffinessen.ch\/webseite\/wp-content\/uploads\/2023\/06\/Cashew-2kg_1500x1500.jpg","width":1500,"height":1500,"caption":"Fresh tasty Cashew nuts falling in the air isolated on turquoise background. Food levitation concept. High resolution image."},{"@type":"BreadcrumbList","@id":"https:\/\/www.raffinessen.ch\/produkt\/cashews-aus-kambodscha-2-kg-2\/#breadcrumb","itemListElement":[{"@type":"ListItem","position":1,"name":"Home","item":"https:\/\/www.raffinessen.ch\/"},{"@type":"ListItem","position":2,"name":"Shop","item":"https:\/\/www.raffinessen.ch\/shop\/"},{"@type":"ListItem","position":3,"name":"Cashews aus Kambodscha (2 kg)"}]},{"@type":"WebSite","@id":"https:\/\/www.raffinessen.ch\/#website","url":"https:\/\/www.raffinessen.ch\/","name":"Raffinements","description":"poivre de Kampot rouge et noir - \u00e9pices","potentialAction":[{"@type":"SearchAction","target":{"@type":"EntryPoint","urlTemplate":"https:\/\/www.raffinessen.ch\/?s={search_term_string}"},"query-input":{"@type":"PropertyValueSpecification","valueRequired":true,"valueName":"search_term_string"}}],"inLanguage":"fr-FR"}]}},"_links":{"self":[{"href":"https:\/\/www.raffinessen.ch\/fr\/wp-json\/wp\/v2\/product\/17171","targetHints":{"allow":["GET"]}}],"collection":[{"href":"https:\/\/www.raffinessen.ch\/fr\/wp-json\/wp\/v2\/product"}],"about":[{"href":"https:\/\/www.raffinessen.ch\/fr\/wp-json\/wp\/v2\/types\/product"}],"wp:featuredmedia":[{"embeddable":true,"href":"https:\/\/www.raffinessen.ch\/fr\/wp-json\/wp\/v2\/media\/15779"}],"wp:attachment":[{"href":"https:\/\/www.raffinessen.ch\/fr\/wp-json\/wp\/v2\/media?parent=17171"}],"wp:term":[{"taxonomy":"product_brand","embeddable":true,"href":"https:\/\/www.raffinessen.ch\/fr\/wp-json\/wp\/v2\/product_brand?post=17171"},{"taxonomy":"product_cat","embeddable":true,"href":"https:\/\/www.raffinessen.ch\/fr\/wp-json\/wp\/v2\/product_cat?post=17171"},{"taxonomy":"product_tag","embeddable":true,"href":"https:\/\/www.raffinessen.ch\/fr\/wp-json\/wp\/v2\/product_tag?post=17171"}],"curies":[{"name":"wp","href":"https:\/\/api.w.org\/{rel}","templated":true}]}}