{"id":17024,"date":"2024-02-09T01:00:20","date_gmt":"2024-02-09T00:00:20","guid":{"rendered":"https:\/\/www.raffinessen.ch\/?post_type=product&#038;p=17024"},"modified":"2025-05-29T16:10:50","modified_gmt":"2025-05-29T14:10:50","slug":"fruity-chai","status":"publish","type":"product","link":"https:\/\/www.raffinessen.ch\/fr\/produit\/fruity-chai\/","title":{"rendered":"FRUITY Chai"},"content":{"rendered":"<p>Ein fruchtiger Chai, der auch kalt genossen werden kann. Apfel und S\u00fcssholz verleihen ihm ihre S\u00fcsse, Ingwer und Zimt ihre W\u00e4rme, Fenchel und Anis helfen der Verdauung und die Holunderbeeren und die Kurkuma runden den Aufguss mit herben und leicht bitteren Noten ab. Weil diese Komposition keinen Schwarztee enth\u00e4lt, kann er bedenkenlos auch am Abend genossen werden.<\/p>\n<p><strong>Composition<\/strong><br \/>\nApfel, Ingwer, Zimt, Fenchel, Anis, Hibiskus, Kardamom, Nelke, S\u00fcssholz, Holunderbeere, Kurkuma<\/p>\n<p><strong>Information<\/strong><br \/>\n2 EL der Teemischung mit 1 Liter 100 Grad heissem Wasser \u00fcberbr\u00fchen und 9 bis 12 Minuten ziehen lassen.<\/p>\n<p><strong>Inspiration<\/strong><br \/>\nNach Belieben mit Honig, Birnel oder Agavendicksaft s\u00fcssen und mit einem Spritzer Zitronen- oder Orangensaft aufpeppen. F\u00fcr eine herbere Variante kann f\u00fcr die letzten 3 Minuten noch 1 TL Schwarztee begef\u00fcgt werden.<\/p>","protected":false},"excerpt":{"rendered":"<p><strong>100 g<\/strong><\/p>","protected":false},"featured_media":17017,"template":"","meta":[],"product_brand":[],"product_cat":[1187,444],"product_tag":[],"class_list":{"0":"post-17024","1":"product","2":"type-product","3":"status-publish","4":"has-post-thumbnail","6":"product_cat-tee-mischungen","7":"product_cat-unkategorisiert","8":"tm-no-options","10":"first","11":"instock","12":"taxable","13":"shipping-taxable","14":"purchasable","15":"product-type-simple"},"yoast_head":"<!-- This site is optimized with the Yoast SEO plugin v27.5 - https:\/\/yoast.com\/product\/yoast-seo-wordpress\/ -->\n<title>FRUITY Chai - Raffinessen<\/title>\n<meta name=\"robots\" content=\"index, follow, max-snippet:-1, max-image-preview:large, max-video-preview:-1\" \/>\n<link rel=\"canonical\" href=\"https:\/\/www.raffinessen.ch\/fr\/produit\/fruity-chai\/\" \/>\n<meta property=\"og:locale\" content=\"fr_FR\" \/>\n<meta property=\"og:type\" content=\"article\" \/>\n<meta property=\"og:title\" content=\"FRUITY Chai - Raffinessen\" \/>\n<meta property=\"og:description\" content=\"100 g\" \/>\n<meta property=\"og:url\" content=\"https:\/\/www.raffinessen.ch\/fr\/produit\/fruity-chai\/\" \/>\n<meta property=\"og:site_name\" content=\"Raffinessen\" \/>\n<meta property=\"article:modified_time\" content=\"2025-05-29T14:10:50+00:00\" \/>\n<meta property=\"og:image\" content=\"https:\/\/www.raffinessen.ch\/webseite\/wp-content\/uploads\/2024\/02\/PP-F0030-FRUITY-Chai_Alveus.jpg\" \/>\n\t<meta property=\"og:image:width\" content=\"1500\" \/>\n\t<meta property=\"og:image:height\" content=\"1500\" \/>\n\t<meta property=\"og:image:type\" content=\"image\/jpeg\" \/>\n<meta name=\"twitter:card\" content=\"summary_large_image\" \/>\n<meta name=\"twitter:label1\" content=\"Dur\u00e9e de lecture estim\u00e9e\" \/>\n\t<meta name=\"twitter:data1\" content=\"1 minute\" \/>\n<script type=\"application\/ld+json\" class=\"yoast-schema-graph\">{\"@context\":\"https:\\\/\\\/schema.org\",\"@graph\":[{\"@type\":\"WebPage\",\"@id\":\"https:\\\/\\\/www.raffinessen.ch\\\/produkt\\\/fruity-chai\\\/\",\"url\":\"https:\\\/\\\/www.raffinessen.ch\\\/produkt\\\/fruity-chai\\\/\",\"name\":\"FRUITY Chai - Raffinessen\",\"isPartOf\":{\"@id\":\"https:\\\/\\\/www.raffinessen.ch\\\/#website\"},\"primaryImageOfPage\":{\"@id\":\"https:\\\/\\\/www.raffinessen.ch\\\/produkt\\\/fruity-chai\\\/#primaryimage\"},\"image\":{\"@id\":\"https:\\\/\\\/www.raffinessen.ch\\\/produkt\\\/fruity-chai\\\/#primaryimage\"},\"thumbnailUrl\":\"https:\\\/\\\/www.raffinessen.ch\\\/webseite\\\/wp-content\\\/uploads\\\/2024\\\/02\\\/PP-F0030-FRUITY-Chai_Alveus.jpg\",\"datePublished\":\"2024-02-09T00:00:20+00:00\",\"dateModified\":\"2025-05-29T14:10:50+00:00\",\"breadcrumb\":{\"@id\":\"https:\\\/\\\/www.raffinessen.ch\\\/produkt\\\/fruity-chai\\\/#breadcrumb\"},\"inLanguage\":\"fr-FR\",\"potentialAction\":[{\"@type\":\"ReadAction\",\"target\":[\"https:\\\/\\\/www.raffinessen.ch\\\/produkt\\\/fruity-chai\\\/\"]}]},{\"@type\":\"ImageObject\",\"inLanguage\":\"fr-FR\",\"@id\":\"https:\\\/\\\/www.raffinessen.ch\\\/produkt\\\/fruity-chai\\\/#primaryimage\",\"url\":\"https:\\\/\\\/www.raffinessen.ch\\\/webseite\\\/wp-content\\\/uploads\\\/2024\\\/02\\\/PP-F0030-FRUITY-Chai_Alveus.jpg\",\"contentUrl\":\"https:\\\/\\\/www.raffinessen.ch\\\/webseite\\\/wp-content\\\/uploads\\\/2024\\\/02\\\/PP-F0030-FRUITY-Chai_Alveus.jpg\",\"width\":1500,\"height\":1500},{\"@type\":\"BreadcrumbList\",\"@id\":\"https:\\\/\\\/www.raffinessen.ch\\\/produkt\\\/fruity-chai\\\/#breadcrumb\",\"itemListElement\":[{\"@type\":\"ListItem\",\"position\":1,\"name\":\"Home\",\"item\":\"https:\\\/\\\/www.raffinessen.ch\\\/\"},{\"@type\":\"ListItem\",\"position\":2,\"name\":\"Shop\",\"item\":\"https:\\\/\\\/www.raffinessen.ch\\\/shop\\\/\"},{\"@type\":\"ListItem\",\"position\":3,\"name\":\"FRUITY Chai\"}]},{\"@type\":\"WebSite\",\"@id\":\"https:\\\/\\\/www.raffinessen.ch\\\/#website\",\"url\":\"https:\\\/\\\/www.raffinessen.ch\\\/\",\"name\":\"Raffinessen\",\"description\":\"roter und schwarzer Kampot Pfeffer - Gew\u00fcrze\",\"potentialAction\":[{\"@type\":\"SearchAction\",\"target\":{\"@type\":\"EntryPoint\",\"urlTemplate\":\"https:\\\/\\\/www.raffinessen.ch\\\/?s={search_term_string}\"},\"query-input\":{\"@type\":\"PropertyValueSpecification\",\"valueRequired\":true,\"valueName\":\"search_term_string\"}}],\"inLanguage\":\"fr-FR\"}]}<\/script>\n<!-- \/ Yoast SEO plugin. -->","yoast_head_json":{"title":"FRUITY Chai - Raffinessen","robots":{"index":"index","follow":"follow","max-snippet":"max-snippet:-1","max-image-preview":"max-image-preview:large","max-video-preview":"max-video-preview:-1"},"canonical":"https:\/\/www.raffinessen.ch\/fr\/produit\/fruity-chai\/","og_locale":"fr_FR","og_type":"article","og_title":"FRUITY Chai - Raffinessen","og_description":"100 g","og_url":"https:\/\/www.raffinessen.ch\/fr\/produit\/fruity-chai\/","og_site_name":"Raffinessen","article_modified_time":"2025-05-29T14:10:50+00:00","og_image":[{"width":1500,"height":1500,"url":"https:\/\/www.raffinessen.ch\/webseite\/wp-content\/uploads\/2024\/02\/PP-F0030-FRUITY-Chai_Alveus.jpg","type":"image\/jpeg"}],"twitter_card":"summary_large_image","twitter_misc":{"Dur\u00e9e de lecture estim\u00e9e":"1 minute"},"schema":{"@context":"https:\/\/schema.org","@graph":[{"@type":"WebPage","@id":"https:\/\/www.raffinessen.ch\/produkt\/fruity-chai\/","url":"https:\/\/www.raffinessen.ch\/produkt\/fruity-chai\/","name":"FRUITY Chai - Raffinessen","isPartOf":{"@id":"https:\/\/www.raffinessen.ch\/#website"},"primaryImageOfPage":{"@id":"https:\/\/www.raffinessen.ch\/produkt\/fruity-chai\/#primaryimage"},"image":{"@id":"https:\/\/www.raffinessen.ch\/produkt\/fruity-chai\/#primaryimage"},"thumbnailUrl":"https:\/\/www.raffinessen.ch\/webseite\/wp-content\/uploads\/2024\/02\/PP-F0030-FRUITY-Chai_Alveus.jpg","datePublished":"2024-02-09T00:00:20+00:00","dateModified":"2025-05-29T14:10:50+00:00","breadcrumb":{"@id":"https:\/\/www.raffinessen.ch\/produkt\/fruity-chai\/#breadcrumb"},"inLanguage":"fr-FR","potentialAction":[{"@type":"ReadAction","target":["https:\/\/www.raffinessen.ch\/produkt\/fruity-chai\/"]}]},{"@type":"ImageObject","inLanguage":"fr-FR","@id":"https:\/\/www.raffinessen.ch\/produkt\/fruity-chai\/#primaryimage","url":"https:\/\/www.raffinessen.ch\/webseite\/wp-content\/uploads\/2024\/02\/PP-F0030-FRUITY-Chai_Alveus.jpg","contentUrl":"https:\/\/www.raffinessen.ch\/webseite\/wp-content\/uploads\/2024\/02\/PP-F0030-FRUITY-Chai_Alveus.jpg","width":1500,"height":1500},{"@type":"BreadcrumbList","@id":"https:\/\/www.raffinessen.ch\/produkt\/fruity-chai\/#breadcrumb","itemListElement":[{"@type":"ListItem","position":1,"name":"Home","item":"https:\/\/www.raffinessen.ch\/"},{"@type":"ListItem","position":2,"name":"Shop","item":"https:\/\/www.raffinessen.ch\/shop\/"},{"@type":"ListItem","position":3,"name":"FRUITY Chai"}]},{"@type":"WebSite","@id":"https:\/\/www.raffinessen.ch\/#website","url":"https:\/\/www.raffinessen.ch\/","name":"Raffinements","description":"poivre de Kampot rouge et noir - \u00e9pices","potentialAction":[{"@type":"SearchAction","target":{"@type":"EntryPoint","urlTemplate":"https:\/\/www.raffinessen.ch\/?s={search_term_string}"},"query-input":{"@type":"PropertyValueSpecification","valueRequired":true,"valueName":"search_term_string"}}],"inLanguage":"fr-FR"}]}},"_links":{"self":[{"href":"https:\/\/www.raffinessen.ch\/fr\/wp-json\/wp\/v2\/product\/17024","targetHints":{"allow":["GET"]}}],"collection":[{"href":"https:\/\/www.raffinessen.ch\/fr\/wp-json\/wp\/v2\/product"}],"about":[{"href":"https:\/\/www.raffinessen.ch\/fr\/wp-json\/wp\/v2\/types\/product"}],"wp:featuredmedia":[{"embeddable":true,"href":"https:\/\/www.raffinessen.ch\/fr\/wp-json\/wp\/v2\/media\/17017"}],"wp:attachment":[{"href":"https:\/\/www.raffinessen.ch\/fr\/wp-json\/wp\/v2\/media?parent=17024"}],"wp:term":[{"taxonomy":"product_brand","embeddable":true,"href":"https:\/\/www.raffinessen.ch\/fr\/wp-json\/wp\/v2\/product_brand?post=17024"},{"taxonomy":"product_cat","embeddable":true,"href":"https:\/\/www.raffinessen.ch\/fr\/wp-json\/wp\/v2\/product_cat?post=17024"},{"taxonomy":"product_tag","embeddable":true,"href":"https:\/\/www.raffinessen.ch\/fr\/wp-json\/wp\/v2\/product_tag?post=17024"}],"curies":[{"name":"wp","href":"https:\/\/api.w.org\/{rel}","templated":true}]}}