{"id":16557,"date":"2023-11-19T16:33:14","date_gmt":"2023-11-19T15:33:14","guid":{"rendered":"https:\/\/www.raffinessen.ch\/?post_type=product&#038;p=16557"},"modified":"2026-04-29T10:10:52","modified_gmt":"2026-04-29T08:10:52","slug":"reis-neang-om-aus-kambodscha-1-kg","status":"publish","type":"product","link":"https:\/\/www.raffinessen.ch\/fr\/produit\/reis-neang-om-aus-kambodscha-1-kg\/","title":{"rendered":"Riz \"Neang Om\" du Cambodge (1 kg)"},"content":{"rendered":"<p><strong>Contenu<\/strong><\/p>\n<ul>\n<li>1 kg de riz \"Neang Om\" du Cambodge<\/li>\n<\/ul>\n<p>Lors de notre voyage au Cambodge en 2023, nous avons fait la connaissance d'une famille qui cultive une ancienne vari\u00e9t\u00e9 de riz selon les normes biologiques \u00e0 environ 70 km au nord de Siem Reap, dans la r\u00e9gion de Svay Leu. Ce riz s'appelle Neang Om, ce qui se traduit en fran\u00e7ais par Mademoiselle Om. Notre rizicultrice, Madame Mom, l'a nomm\u00e9 d'apr\u00e8s le nom de la vieille dame qui a d\u00e9couvert et multipli\u00e9 cette vari\u00e9t\u00e9 haute et tr\u00e8s r\u00e9sistante dans un champ dans les ann\u00e9es 1980.<\/p>\n<p>Madame Mom a \u00e9t\u00e9 tellement enthousiasm\u00e9e par cette vari\u00e9t\u00e9 qu'elle a d\u00e9cid\u00e9, il y a sept ans, de la cultiver sur ses terres. Les rizi\u00e8res sont cultiv\u00e9es et entretenues en collaboration avec trois autres familles. Le riz est sem\u00e9 en juin, pendant environ sept jours, sur une surface de 200 hectares. La r\u00e9colte commence pr\u00e9cis\u00e9ment le 15 novembre et dure environ 20 jours.<\/p>\n<p>Imm\u00e9diatement apr\u00e8s la r\u00e9colte, le riz doit \u00eatre s\u00e9ch\u00e9 et nettoy\u00e9 afin de pouvoir ensuite le stocker sans probl\u00e8me. Avant d'\u00eatre emball\u00e9s dans des sacs sous vide pour une protection optimale, les grains de riz blanc sont d\u00e9barrass\u00e9s de leur balle dans un moulin \u00e0 riz.<\/p>","protected":false},"excerpt":{"rendered":"<p style=\"color: red; font-weight: bold;\">Der Neang Om Reis ist leiser erst wieder zusammen mit dem n\u00e4chsten Jahrgangspfeffer etwa im November 2026 verf\u00fcgbar<\/p>","protected":false},"featured_media":15773,"template":"","meta":[],"product_brand":[],"product_cat":[1189],"product_tag":[],"class_list":{"0":"post-16557","1":"product","2":"type-product","3":"status-publish","4":"has-post-thumbnail","6":"product_cat-kambodscha-produkte","7":"tm-no-options","9":"first","10":"outofstock","11":"taxable","12":"shipping-taxable","13":"purchasable","14":"product-type-simple"},"yoast_head":"<!-- This site is optimized with the Yoast SEO plugin v27.5 - https:\/\/yoast.com\/product\/yoast-seo-wordpress\/ -->\n<title>Probier-Set roter Kampot Pfeffer<\/title>\n<meta name=\"description\" content=\"Sie erhalten erntefrischen roten Kampot Pfeffer von unserer Plantage versandkostenfrei direkt zu Ihnen nach Hause geliefert.\" \/>\n<meta name=\"robots\" content=\"index, follow, max-snippet:-1, max-image-preview:large, max-video-preview:-1\" \/>\n<link rel=\"canonical\" href=\"https:\/\/www.raffinessen.ch\/fr\/produit\/reis-neang-om-aus-kambodscha-1-kg\/\" \/>\n<meta property=\"og:locale\" content=\"fr_FR\" \/>\n<meta property=\"og:type\" content=\"article\" \/>\n<meta property=\"og:title\" content=\"Probier-Set roter Kampot Pfeffer\" \/>\n<meta property=\"og:description\" content=\"Sie erhalten erntefrischen roten Kampot Pfeffer von unserer Plantage versandkostenfrei direkt zu Ihnen nach Hause geliefert.\" \/>\n<meta property=\"og:url\" content=\"https:\/\/www.raffinessen.ch\/fr\/produit\/reis-neang-om-aus-kambodscha-1-kg\/\" \/>\n<meta property=\"og:site_name\" content=\"Raffinessen\" \/>\n<meta property=\"article:modified_time\" content=\"2026-04-29T08:10:52+00:00\" \/>\n<meta property=\"og:image\" content=\"https:\/\/www.raffinessen.ch\/webseite\/wp-content\/uploads\/2023\/06\/Reisschale_1500x1500.jpg\" \/>\n\t<meta property=\"og:image:width\" content=\"1500\" \/>\n\t<meta property=\"og:image:height\" content=\"1500\" \/>\n\t<meta property=\"og:image:type\" content=\"image\/jpeg\" \/>\n<meta name=\"twitter:card\" content=\"summary_large_image\" \/>\n<meta name=\"twitter:label1\" content=\"Dur\u00e9e de lecture estim\u00e9e\" \/>\n\t<meta name=\"twitter:data1\" content=\"2 minutes\" \/>\n<script type=\"application\/ld+json\" class=\"yoast-schema-graph\">{\"@context\":\"https:\\\/\\\/schema.org\",\"@graph\":[{\"@type\":\"WebPage\",\"@id\":\"https:\\\/\\\/www.raffinessen.ch\\\/produkt\\\/reis-neang-om-aus-kambodscha-1-kg\\\/\",\"url\":\"https:\\\/\\\/www.raffinessen.ch\\\/produkt\\\/reis-neang-om-aus-kambodscha-1-kg\\\/\",\"name\":\"Probier-Set roter Kampot Pfeffer\",\"isPartOf\":{\"@id\":\"https:\\\/\\\/www.raffinessen.ch\\\/#website\"},\"primaryImageOfPage\":{\"@id\":\"https:\\\/\\\/www.raffinessen.ch\\\/produkt\\\/reis-neang-om-aus-kambodscha-1-kg\\\/#primaryimage\"},\"image\":{\"@id\":\"https:\\\/\\\/www.raffinessen.ch\\\/produkt\\\/reis-neang-om-aus-kambodscha-1-kg\\\/#primaryimage\"},\"thumbnailUrl\":\"https:\\\/\\\/www.raffinessen.ch\\\/webseite\\\/wp-content\\\/uploads\\\/2023\\\/06\\\/Reisschale_1500x1500.jpg\",\"datePublished\":\"2023-11-19T15:33:14+00:00\",\"dateModified\":\"2026-04-29T08:10:52+00:00\",\"description\":\"Sie erhalten erntefrischen roten Kampot Pfeffer von unserer Plantage versandkostenfrei direkt zu Ihnen nach Hause geliefert.\",\"breadcrumb\":{\"@id\":\"https:\\\/\\\/www.raffinessen.ch\\\/produkt\\\/reis-neang-om-aus-kambodscha-1-kg\\\/#breadcrumb\"},\"inLanguage\":\"fr-FR\",\"potentialAction\":[{\"@type\":\"ReadAction\",\"target\":[\"https:\\\/\\\/www.raffinessen.ch\\\/produkt\\\/reis-neang-om-aus-kambodscha-1-kg\\\/\"]}]},{\"@type\":\"ImageObject\",\"inLanguage\":\"fr-FR\",\"@id\":\"https:\\\/\\\/www.raffinessen.ch\\\/produkt\\\/reis-neang-om-aus-kambodscha-1-kg\\\/#primaryimage\",\"url\":\"https:\\\/\\\/www.raffinessen.ch\\\/webseite\\\/wp-content\\\/uploads\\\/2023\\\/06\\\/Reisschale_1500x1500.jpg\",\"contentUrl\":\"https:\\\/\\\/www.raffinessen.ch\\\/webseite\\\/wp-content\\\/uploads\\\/2023\\\/06\\\/Reisschale_1500x1500.jpg\",\"width\":1500,\"height\":1500,\"caption\":\"Top view of glutinous rice in a wooden bowl.\"},{\"@type\":\"BreadcrumbList\",\"@id\":\"https:\\\/\\\/www.raffinessen.ch\\\/produkt\\\/reis-neang-om-aus-kambodscha-1-kg\\\/#breadcrumb\",\"itemListElement\":[{\"@type\":\"ListItem\",\"position\":1,\"name\":\"Home\",\"item\":\"https:\\\/\\\/www.raffinessen.ch\\\/\"},{\"@type\":\"ListItem\",\"position\":2,\"name\":\"Shop\",\"item\":\"https:\\\/\\\/www.raffinessen.ch\\\/shop\\\/\"},{\"@type\":\"ListItem\",\"position\":3,\"name\":\"Reis \u00abNeang Om\u00bb aus Kambodscha (1 kg)\"}]},{\"@type\":\"WebSite\",\"@id\":\"https:\\\/\\\/www.raffinessen.ch\\\/#website\",\"url\":\"https:\\\/\\\/www.raffinessen.ch\\\/\",\"name\":\"Raffinessen\",\"description\":\"roter und schwarzer Kampot Pfeffer - Gew\u00fcrze\",\"potentialAction\":[{\"@type\":\"SearchAction\",\"target\":{\"@type\":\"EntryPoint\",\"urlTemplate\":\"https:\\\/\\\/www.raffinessen.ch\\\/?s={search_term_string}\"},\"query-input\":{\"@type\":\"PropertyValueSpecification\",\"valueRequired\":true,\"valueName\":\"search_term_string\"}}],\"inLanguage\":\"fr-FR\"}]}<\/script>\n<!-- \/ Yoast SEO plugin. -->","yoast_head_json":{"title":"Probier-Set roter Kampot Pfeffer","description":"Sie erhalten erntefrischen roten Kampot Pfeffer von unserer Plantage versandkostenfrei direkt zu Ihnen nach Hause geliefert.","robots":{"index":"index","follow":"follow","max-snippet":"max-snippet:-1","max-image-preview":"max-image-preview:large","max-video-preview":"max-video-preview:-1"},"canonical":"https:\/\/www.raffinessen.ch\/fr\/produit\/reis-neang-om-aus-kambodscha-1-kg\/","og_locale":"fr_FR","og_type":"article","og_title":"Probier-Set roter Kampot Pfeffer","og_description":"Sie erhalten erntefrischen roten Kampot Pfeffer von unserer Plantage versandkostenfrei direkt zu Ihnen nach Hause geliefert.","og_url":"https:\/\/www.raffinessen.ch\/fr\/produit\/reis-neang-om-aus-kambodscha-1-kg\/","og_site_name":"Raffinessen","article_modified_time":"2026-04-29T08:10:52+00:00","og_image":[{"width":1500,"height":1500,"url":"https:\/\/www.raffinessen.ch\/webseite\/wp-content\/uploads\/2023\/06\/Reisschale_1500x1500.jpg","type":"image\/jpeg"}],"twitter_card":"summary_large_image","twitter_misc":{"Dur\u00e9e de lecture estim\u00e9e":"2 minutes"},"schema":{"@context":"https:\/\/schema.org","@graph":[{"@type":"WebPage","@id":"https:\/\/www.raffinessen.ch\/produkt\/reis-neang-om-aus-kambodscha-1-kg\/","url":"https:\/\/www.raffinessen.ch\/produkt\/reis-neang-om-aus-kambodscha-1-kg\/","name":"Probier-Set roter Kampot Pfeffer","isPartOf":{"@id":"https:\/\/www.raffinessen.ch\/#website"},"primaryImageOfPage":{"@id":"https:\/\/www.raffinessen.ch\/produkt\/reis-neang-om-aus-kambodscha-1-kg\/#primaryimage"},"image":{"@id":"https:\/\/www.raffinessen.ch\/produkt\/reis-neang-om-aus-kambodscha-1-kg\/#primaryimage"},"thumbnailUrl":"https:\/\/www.raffinessen.ch\/webseite\/wp-content\/uploads\/2023\/06\/Reisschale_1500x1500.jpg","datePublished":"2023-11-19T15:33:14+00:00","dateModified":"2026-04-29T08:10:52+00:00","description":"Sie erhalten erntefrischen roten Kampot Pfeffer von unserer Plantage versandkostenfrei direkt zu Ihnen nach Hause geliefert.","breadcrumb":{"@id":"https:\/\/www.raffinessen.ch\/produkt\/reis-neang-om-aus-kambodscha-1-kg\/#breadcrumb"},"inLanguage":"fr-FR","potentialAction":[{"@type":"ReadAction","target":["https:\/\/www.raffinessen.ch\/produkt\/reis-neang-om-aus-kambodscha-1-kg\/"]}]},{"@type":"ImageObject","inLanguage":"fr-FR","@id":"https:\/\/www.raffinessen.ch\/produkt\/reis-neang-om-aus-kambodscha-1-kg\/#primaryimage","url":"https:\/\/www.raffinessen.ch\/webseite\/wp-content\/uploads\/2023\/06\/Reisschale_1500x1500.jpg","contentUrl":"https:\/\/www.raffinessen.ch\/webseite\/wp-content\/uploads\/2023\/06\/Reisschale_1500x1500.jpg","width":1500,"height":1500,"caption":"Top view of glutinous rice in a wooden bowl."},{"@type":"BreadcrumbList","@id":"https:\/\/www.raffinessen.ch\/produkt\/reis-neang-om-aus-kambodscha-1-kg\/#breadcrumb","itemListElement":[{"@type":"ListItem","position":1,"name":"Home","item":"https:\/\/www.raffinessen.ch\/"},{"@type":"ListItem","position":2,"name":"Shop","item":"https:\/\/www.raffinessen.ch\/shop\/"},{"@type":"ListItem","position":3,"name":"Reis \u00abNeang Om\u00bb aus Kambodscha (1 kg)"}]},{"@type":"WebSite","@id":"https:\/\/www.raffinessen.ch\/#website","url":"https:\/\/www.raffinessen.ch\/","name":"Raffinements","description":"poivre de Kampot rouge et noir - \u00e9pices","potentialAction":[{"@type":"SearchAction","target":{"@type":"EntryPoint","urlTemplate":"https:\/\/www.raffinessen.ch\/?s={search_term_string}"},"query-input":{"@type":"PropertyValueSpecification","valueRequired":true,"valueName":"search_term_string"}}],"inLanguage":"fr-FR"}]}},"_links":{"self":[{"href":"https:\/\/www.raffinessen.ch\/fr\/wp-json\/wp\/v2\/product\/16557","targetHints":{"allow":["GET"]}}],"collection":[{"href":"https:\/\/www.raffinessen.ch\/fr\/wp-json\/wp\/v2\/product"}],"about":[{"href":"https:\/\/www.raffinessen.ch\/fr\/wp-json\/wp\/v2\/types\/product"}],"wp:featuredmedia":[{"embeddable":true,"href":"https:\/\/www.raffinessen.ch\/fr\/wp-json\/wp\/v2\/media\/15773"}],"wp:attachment":[{"href":"https:\/\/www.raffinessen.ch\/fr\/wp-json\/wp\/v2\/media?parent=16557"}],"wp:term":[{"taxonomy":"product_brand","embeddable":true,"href":"https:\/\/www.raffinessen.ch\/fr\/wp-json\/wp\/v2\/product_brand?post=16557"},{"taxonomy":"product_cat","embeddable":true,"href":"https:\/\/www.raffinessen.ch\/fr\/wp-json\/wp\/v2\/product_cat?post=16557"},{"taxonomy":"product_tag","embeddable":true,"href":"https:\/\/www.raffinessen.ch\/fr\/wp-json\/wp\/v2\/product_tag?post=16557"}],"curies":[{"name":"wp","href":"https:\/\/api.w.org\/{rel}","templated":true}]}}