{"id":16151,"date":"2023-08-15T11:49:05","date_gmt":"2023-08-15T09:49:05","guid":{"rendered":"https:\/\/www.raffinessen.ch\/?post_type=product&#038;p=16151"},"modified":"2026-03-12T20:19:17","modified_gmt":"2026-03-12T19:19:17","slug":"schweizer-bluetenhonig-cremig","status":"publish","type":"product","link":"https:\/\/www.raffinessen.ch\/fr\/produit\/schweizer-bluetenhonig-cremig\/","title":{"rendered":"Miel de fleurs suisse cr\u00e9meux"},"content":{"rendered":"<p><strong>Miel de qualit\u00e9 de l'apiculteur Siegel<\/strong><br \/>\nL'apiculteur Alfred Mosimann de Bolligen s'est engag\u00e9 \u00e0 garantir la meilleure qualit\u00e9 de miel, au-del\u00e0 des lois sur les denr\u00e9es alimentaires en vigueur. Son apiculture est r\u00e9guli\u00e8rement contr\u00f4l\u00e9e par des sp\u00e9cialistes form\u00e9s. Un \u00e9levage des abeilles conforme aux besoins de l'esp\u00e8ce, un traitement des maladies des abeilles conforme aux prescriptions et sans r\u00e9sidus ainsi que l'hygi\u00e8ne et la propret\u00e9 lors de la r\u00e9colte et du traitement du miel rev\u00eatent une importance particuli\u00e8re. Comme ce miel de fleurs r\u00e9pond aux exigences \u00e9lev\u00e9es d'apisuisse, il a re\u00e7u le label de qualit\u00e9 dor\u00e9. Tu trouveras des informations d\u00e9taill\u00e9es sur le label de qualit\u00e9 sous <strong><a href=\"https:\/\/bienen.ch\/bienen\/qualitaetshonig\/\">abeilles.ch<\/a><\/strong><\/p>\n<p><strong>Miel de fleurs cr\u00e9meux<\/strong><br \/>\nPour que le miel devienne cr\u00e9meux, il est trait\u00e9 selon un proc\u00e9d\u00e9 sp\u00e9cial. Ainsi, il reste facile \u00e0 tartiner, sa consistance est r\u00e9guli\u00e8re et il n'y a pas d'oxydation.<br \/>\npas dur. Le miel est d'abord ramolli en douceur dans un bain-marie \u00e0 39 degr\u00e9s Celsius. Il est ensuite vers\u00e9 dans un grand r\u00e9cipient. Il y est ensemenc\u00e9 avec un peu de miel en cr\u00e8me et brass\u00e9 \u00e0 intervalles r\u00e9guliers pendant plusieurs jours jusqu'\u00e0 ce qu'il atteigne la bonne consistance.<\/p>","protected":false},"excerpt":{"rendered":"<p><strong>250 g<\/strong><\/p>","protected":false},"featured_media":16152,"template":"","meta":[],"product_brand":[],"product_cat":[1182,444],"product_tag":[],"class_list":{"0":"post-16151","1":"product","2":"type-product","3":"status-publish","4":"has-post-thumbnail","6":"product_cat-bis-chf-30","7":"product_cat-unkategorisiert","8":"tm-no-options","10":"first","11":"instock","12":"taxable","13":"shipping-taxable","14":"purchasable","15":"product-type-simple"},"yoast_head":"<!-- This site is optimized with the Yoast SEO plugin v27.5 - https:\/\/yoast.com\/product\/yoast-seo-wordpress\/ -->\n<title>Schweizer Bl\u00fctenhonig cremig - Raffinessen<\/title>\n<meta name=\"robots\" content=\"index, follow, max-snippet:-1, max-image-preview:large, max-video-preview:-1\" \/>\n<link rel=\"canonical\" href=\"https:\/\/www.raffinessen.ch\/fr\/produit\/schweizer-bluetenhonig-cremig\/\" \/>\n<meta property=\"og:locale\" content=\"fr_FR\" \/>\n<meta property=\"og:type\" content=\"article\" \/>\n<meta property=\"og:title\" content=\"Schweizer Bl\u00fctenhonig cremig - Raffinessen\" \/>\n<meta property=\"og:description\" content=\"250 g\" \/>\n<meta property=\"og:url\" content=\"https:\/\/www.raffinessen.ch\/fr\/produit\/schweizer-bluetenhonig-cremig\/\" \/>\n<meta property=\"og:site_name\" content=\"Raffinessen\" \/>\n<meta property=\"article:modified_time\" content=\"2026-03-12T19:19:17+00:00\" \/>\n<meta property=\"og:image\" content=\"https:\/\/www.raffinessen.ch\/webseite\/wp-content\/uploads\/2023\/08\/Schweizer-Bluetenhonig_1500x1500.jpg\" \/>\n\t<meta property=\"og:image:width\" content=\"1500\" \/>\n\t<meta property=\"og:image:height\" content=\"1500\" \/>\n\t<meta property=\"og:image:type\" content=\"image\/jpeg\" \/>\n<meta name=\"twitter:card\" content=\"summary_large_image\" \/>\n<meta name=\"twitter:label1\" content=\"Dur\u00e9e de lecture estim\u00e9e\" \/>\n\t<meta name=\"twitter:data1\" content=\"1 minute\" \/>\n<script type=\"application\/ld+json\" class=\"yoast-schema-graph\">{\"@context\":\"https:\\\/\\\/schema.org\",\"@graph\":[{\"@type\":\"WebPage\",\"@id\":\"https:\\\/\\\/www.raffinessen.ch\\\/produkt\\\/schweizer-bluetenhonig-cremig\\\/\",\"url\":\"https:\\\/\\\/www.raffinessen.ch\\\/produkt\\\/schweizer-bluetenhonig-cremig\\\/\",\"name\":\"Schweizer Bl\u00fctenhonig cremig - Raffinessen\",\"isPartOf\":{\"@id\":\"https:\\\/\\\/www.raffinessen.ch\\\/#website\"},\"primaryImageOfPage\":{\"@id\":\"https:\\\/\\\/www.raffinessen.ch\\\/produkt\\\/schweizer-bluetenhonig-cremig\\\/#primaryimage\"},\"image\":{\"@id\":\"https:\\\/\\\/www.raffinessen.ch\\\/produkt\\\/schweizer-bluetenhonig-cremig\\\/#primaryimage\"},\"thumbnailUrl\":\"https:\\\/\\\/www.raffinessen.ch\\\/webseite\\\/wp-content\\\/uploads\\\/2023\\\/08\\\/Schweizer-Bluetenhonig_1500x1500.jpg\",\"datePublished\":\"2023-08-15T09:49:05+00:00\",\"dateModified\":\"2026-03-12T19:19:17+00:00\",\"breadcrumb\":{\"@id\":\"https:\\\/\\\/www.raffinessen.ch\\\/produkt\\\/schweizer-bluetenhonig-cremig\\\/#breadcrumb\"},\"inLanguage\":\"fr-FR\",\"potentialAction\":[{\"@type\":\"ReadAction\",\"target\":[\"https:\\\/\\\/www.raffinessen.ch\\\/produkt\\\/schweizer-bluetenhonig-cremig\\\/\"]}]},{\"@type\":\"ImageObject\",\"inLanguage\":\"fr-FR\",\"@id\":\"https:\\\/\\\/www.raffinessen.ch\\\/produkt\\\/schweizer-bluetenhonig-cremig\\\/#primaryimage\",\"url\":\"https:\\\/\\\/www.raffinessen.ch\\\/webseite\\\/wp-content\\\/uploads\\\/2023\\\/08\\\/Schweizer-Bluetenhonig_1500x1500.jpg\",\"contentUrl\":\"https:\\\/\\\/www.raffinessen.ch\\\/webseite\\\/wp-content\\\/uploads\\\/2023\\\/08\\\/Schweizer-Bluetenhonig_1500x1500.jpg\",\"width\":1500,\"height\":1500},{\"@type\":\"BreadcrumbList\",\"@id\":\"https:\\\/\\\/www.raffinessen.ch\\\/produkt\\\/schweizer-bluetenhonig-cremig\\\/#breadcrumb\",\"itemListElement\":[{\"@type\":\"ListItem\",\"position\":1,\"name\":\"Home\",\"item\":\"https:\\\/\\\/www.raffinessen.ch\\\/\"},{\"@type\":\"ListItem\",\"position\":2,\"name\":\"Shop\",\"item\":\"https:\\\/\\\/www.raffinessen.ch\\\/shop\\\/\"},{\"@type\":\"ListItem\",\"position\":3,\"name\":\"Schweizer Bl\u00fctenhonig cremig\"}]},{\"@type\":\"WebSite\",\"@id\":\"https:\\\/\\\/www.raffinessen.ch\\\/#website\",\"url\":\"https:\\\/\\\/www.raffinessen.ch\\\/\",\"name\":\"Raffinessen\",\"description\":\"roter und schwarzer Kampot Pfeffer - Gew\u00fcrze\",\"potentialAction\":[{\"@type\":\"SearchAction\",\"target\":{\"@type\":\"EntryPoint\",\"urlTemplate\":\"https:\\\/\\\/www.raffinessen.ch\\\/?s={search_term_string}\"},\"query-input\":{\"@type\":\"PropertyValueSpecification\",\"valueRequired\":true,\"valueName\":\"search_term_string\"}}],\"inLanguage\":\"fr-FR\"}]}<\/script>\n<!-- \/ Yoast SEO plugin. -->","yoast_head_json":{"title":"Schweizer Bl\u00fctenhonig cremig - Raffinessen","robots":{"index":"index","follow":"follow","max-snippet":"max-snippet:-1","max-image-preview":"max-image-preview:large","max-video-preview":"max-video-preview:-1"},"canonical":"https:\/\/www.raffinessen.ch\/fr\/produit\/schweizer-bluetenhonig-cremig\/","og_locale":"fr_FR","og_type":"article","og_title":"Schweizer Bl\u00fctenhonig cremig - Raffinessen","og_description":"250 g","og_url":"https:\/\/www.raffinessen.ch\/fr\/produit\/schweizer-bluetenhonig-cremig\/","og_site_name":"Raffinessen","article_modified_time":"2026-03-12T19:19:17+00:00","og_image":[{"width":1500,"height":1500,"url":"https:\/\/www.raffinessen.ch\/webseite\/wp-content\/uploads\/2023\/08\/Schweizer-Bluetenhonig_1500x1500.jpg","type":"image\/jpeg"}],"twitter_card":"summary_large_image","twitter_misc":{"Dur\u00e9e de lecture estim\u00e9e":"1 minute"},"schema":{"@context":"https:\/\/schema.org","@graph":[{"@type":"WebPage","@id":"https:\/\/www.raffinessen.ch\/produkt\/schweizer-bluetenhonig-cremig\/","url":"https:\/\/www.raffinessen.ch\/produkt\/schweizer-bluetenhonig-cremig\/","name":"Schweizer Bl\u00fctenhonig cremig - Raffinessen","isPartOf":{"@id":"https:\/\/www.raffinessen.ch\/#website"},"primaryImageOfPage":{"@id":"https:\/\/www.raffinessen.ch\/produkt\/schweizer-bluetenhonig-cremig\/#primaryimage"},"image":{"@id":"https:\/\/www.raffinessen.ch\/produkt\/schweizer-bluetenhonig-cremig\/#primaryimage"},"thumbnailUrl":"https:\/\/www.raffinessen.ch\/webseite\/wp-content\/uploads\/2023\/08\/Schweizer-Bluetenhonig_1500x1500.jpg","datePublished":"2023-08-15T09:49:05+00:00","dateModified":"2026-03-12T19:19:17+00:00","breadcrumb":{"@id":"https:\/\/www.raffinessen.ch\/produkt\/schweizer-bluetenhonig-cremig\/#breadcrumb"},"inLanguage":"fr-FR","potentialAction":[{"@type":"ReadAction","target":["https:\/\/www.raffinessen.ch\/produkt\/schweizer-bluetenhonig-cremig\/"]}]},{"@type":"ImageObject","inLanguage":"fr-FR","@id":"https:\/\/www.raffinessen.ch\/produkt\/schweizer-bluetenhonig-cremig\/#primaryimage","url":"https:\/\/www.raffinessen.ch\/webseite\/wp-content\/uploads\/2023\/08\/Schweizer-Bluetenhonig_1500x1500.jpg","contentUrl":"https:\/\/www.raffinessen.ch\/webseite\/wp-content\/uploads\/2023\/08\/Schweizer-Bluetenhonig_1500x1500.jpg","width":1500,"height":1500},{"@type":"BreadcrumbList","@id":"https:\/\/www.raffinessen.ch\/produkt\/schweizer-bluetenhonig-cremig\/#breadcrumb","itemListElement":[{"@type":"ListItem","position":1,"name":"Home","item":"https:\/\/www.raffinessen.ch\/"},{"@type":"ListItem","position":2,"name":"Shop","item":"https:\/\/www.raffinessen.ch\/shop\/"},{"@type":"ListItem","position":3,"name":"Schweizer Bl\u00fctenhonig cremig"}]},{"@type":"WebSite","@id":"https:\/\/www.raffinessen.ch\/#website","url":"https:\/\/www.raffinessen.ch\/","name":"Raffinements","description":"poivre de Kampot rouge et noir - \u00e9pices","potentialAction":[{"@type":"SearchAction","target":{"@type":"EntryPoint","urlTemplate":"https:\/\/www.raffinessen.ch\/?s={search_term_string}"},"query-input":{"@type":"PropertyValueSpecification","valueRequired":true,"valueName":"search_term_string"}}],"inLanguage":"fr-FR"}]}},"_links":{"self":[{"href":"https:\/\/www.raffinessen.ch\/fr\/wp-json\/wp\/v2\/product\/16151","targetHints":{"allow":["GET"]}}],"collection":[{"href":"https:\/\/www.raffinessen.ch\/fr\/wp-json\/wp\/v2\/product"}],"about":[{"href":"https:\/\/www.raffinessen.ch\/fr\/wp-json\/wp\/v2\/types\/product"}],"wp:featuredmedia":[{"embeddable":true,"href":"https:\/\/www.raffinessen.ch\/fr\/wp-json\/wp\/v2\/media\/16152"}],"wp:attachment":[{"href":"https:\/\/www.raffinessen.ch\/fr\/wp-json\/wp\/v2\/media?parent=16151"}],"wp:term":[{"taxonomy":"product_brand","embeddable":true,"href":"https:\/\/www.raffinessen.ch\/fr\/wp-json\/wp\/v2\/product_brand?post=16151"},{"taxonomy":"product_cat","embeddable":true,"href":"https:\/\/www.raffinessen.ch\/fr\/wp-json\/wp\/v2\/product_cat?post=16151"},{"taxonomy":"product_tag","embeddable":true,"href":"https:\/\/www.raffinessen.ch\/fr\/wp-json\/wp\/v2\/product_tag?post=16151"}],"curies":[{"name":"wp","href":"https:\/\/api.w.org\/{rel}","templated":true}]}}