{"id":15569,"date":"2023-06-09T17:25:17","date_gmt":"2023-06-09T15:25:17","guid":{"rendered":"https:\/\/www.raffinessen.ch\/?post_type=product&#038;p=15569"},"modified":"2023-06-12T14:46:34","modified_gmt":"2023-06-12T12:46:34","slug":"wilder-galgant-12-g","status":"publish","type":"product","link":"https:\/\/www.raffinessen.ch\/fr\/produit\/wilder-galgant-12-g\/","title":{"rendered":"Galanga sauvage (12 g)"},"content":{"rendered":"<p><strong>Contenu<\/strong><\/p>\n<ul>\n<li>12 g de galanga sauvage (coup\u00e9), origine : Cambodge<\/li>\n<\/ul>\n<p><strong>Galanga sauvage :<br \/>\n<\/strong>Le galanga est issu de la famille du gingembre. Au Cambodge et chez les voisins d'Asie du Sud-Est, on l'aime pour son large \u00e9ventail d'ar\u00f4mes de piquant poivr\u00e9 et on l'utilise presque plus que le gingembre. Comme il ne nous est pas possible d'apporter en Suisse les rhizomes fra\u00eechement r\u00e9colt\u00e9s, nous les avons fait s\u00e9cher au soleil. Lors des premiers essais, il ne restait pas grand-chose des merveilleux ar\u00f4mes des rhizomes frais, jusqu'\u00e0 ce que quelqu'un nous dise qu'il \u00e9tait possible de trouver du galanga sauvage, qui se pr\u00eate tr\u00e8s bien au s\u00e9chage. Cette vari\u00e9t\u00e9 produit des rhizomes plus petits et beaucoup plus fibreux, qui sont rarement utilis\u00e9s frais, mais qui pr\u00e9sentent toujours un d\u00e9licieux bouquet de saveurs lorsqu'ils sont secs.<\/p>\n<p>Dans le galanga s\u00e9ch\u00e9, les ar\u00f4mes bois\u00e9s, \u00e9pic\u00e9s, acidul\u00e9s et balsamiques ainsi que son piquant poivr\u00e9 ressortent particuli\u00e8rement. Au nez, on reconna\u00eet un parfum de cannelle. Le galanga conf\u00e8re aux soupes, sauces, fonds et plats mijot\u00e9s ses merveilleux ar\u00f4mes et son agr\u00e9able piquant. Pour \u00e9viter un go\u00fbt trop intense lorsqu'on croque dedans, on retire le galanga \u00e0 la fin.<\/p>\n<p>Nous utilisons les tranches de galanga dans diff\u00e9rents plats au curry, nous assaisonnons le th\u00e9 chai, <a href=\"https:\/\/www.raffinessen.ch\/fr\/webshop\/#tee-mischungen\">nos m\u00e9langes de th\u00e9<\/a> et aromatiser un mango lassi rafra\u00eechissant et d'autres smoothies aux fruits. Il se combine \u00e0 merveille avec la citronnelle, les feuilles de kaffir lime, la coriandre, l'origan ou le piment.<\/p>\n<p>Si tu cherches sur Internet des sp\u00e9cialit\u00e9s khm\u00e8res ou des plats tha\u00eflandais, tu trouveras de nombreuses id\u00e9es de recettes avec du galanga.<\/p>","protected":false},"excerpt":{"rendered":"<p>Inhalt 12 g Wilder Galgant (geschnitten), Herkunft: Kambodscha Wilder Galgant: Galgant stammt aus der Familie der Ingwergew\u00e4chse. In Kambodscha und bei den s\u00fcdostasiatischen Nachbarn lieben sie ihn f\u00fcr sein breites Aromaspektrum der pfeffrigen Sch\u00e4rfe\u00a0und verwenden ihn fast mehr als Ingwer. Weil es f\u00fcr uns nicht m\u00f6glich ist die frisch geernteten Rhizome in die Schweiz zu [&hellip;]<\/p>\n","protected":false},"featured_media":15571,"template":"","meta":[],"product_brand":[],"product_cat":[1174,1165,444],"product_tag":[],"class_list":{"0":"post-15569","1":"product","2":"type-product","3":"status-publish","4":"has-post-thumbnail","6":"product_cat-einzel-gewuerze","7":"product_cat-gewuerze-einzeln","8":"product_cat-unkategorisiert","9":"tm-has-options","11":"first","12":"instock","13":"taxable","14":"shipping-taxable","15":"purchasable","16":"product-type-simple"},"yoast_head":"<!-- This site is optimized with the Yoast SEO plugin v27.5 - https:\/\/yoast.com\/product\/yoast-seo-wordpress\/ -->\n<title>Schwarzer Kampot Pfeffer<\/title>\n<meta name=\"description\" content=\"F\u00fcr den schwarzen Kampot Pfeffer werden die Fr\u00fcchte kurz vor der Reife von Hand geerntet, wenn sie eine gelb-orange Farbe aufweisen.\" \/>\n<meta name=\"robots\" content=\"index, follow, max-snippet:-1, max-image-preview:large, max-video-preview:-1\" \/>\n<link rel=\"canonical\" href=\"https:\/\/www.raffinessen.ch\/fr\/produit\/wilder-galgant-12-g\/\" \/>\n<meta property=\"og:locale\" content=\"fr_FR\" \/>\n<meta property=\"og:type\" content=\"article\" \/>\n<meta property=\"og:title\" content=\"Schwarzer Kampot Pfeffer\" \/>\n<meta property=\"og:description\" content=\"F\u00fcr den schwarzen Kampot Pfeffer werden die Fr\u00fcchte kurz vor der Reife von Hand geerntet, wenn sie eine gelb-orange Farbe aufweisen.\" \/>\n<meta property=\"og:url\" content=\"https:\/\/www.raffinessen.ch\/fr\/produit\/wilder-galgant-12-g\/\" \/>\n<meta property=\"og:site_name\" content=\"Raffinessen\" \/>\n<meta property=\"article:modified_time\" content=\"2023-06-12T12:46:34+00:00\" \/>\n<meta property=\"og:image\" content=\"https:\/\/www.raffinessen.ch\/webseite\/wp-content\/uploads\/2023\/06\/Gewuerze_Galgant.jpg\" \/>\n\t<meta property=\"og:image:width\" content=\"1500\" \/>\n\t<meta property=\"og:image:height\" content=\"1500\" \/>\n\t<meta property=\"og:image:type\" content=\"image\/jpeg\" \/>\n<meta name=\"twitter:card\" content=\"summary_large_image\" \/>\n<meta name=\"twitter:label1\" content=\"Dur\u00e9e de lecture estim\u00e9e\" \/>\n\t<meta name=\"twitter:data1\" content=\"2 minutes\" \/>\n<script type=\"application\/ld+json\" class=\"yoast-schema-graph\">{\"@context\":\"https:\\\/\\\/schema.org\",\"@graph\":[{\"@type\":\"WebPage\",\"@id\":\"https:\\\/\\\/www.raffinessen.ch\\\/produkt\\\/wilder-galgant-12-g\\\/\",\"url\":\"https:\\\/\\\/www.raffinessen.ch\\\/produkt\\\/wilder-galgant-12-g\\\/\",\"name\":\"Schwarzer Kampot Pfeffer\",\"isPartOf\":{\"@id\":\"https:\\\/\\\/www.raffinessen.ch\\\/#website\"},\"primaryImageOfPage\":{\"@id\":\"https:\\\/\\\/www.raffinessen.ch\\\/produkt\\\/wilder-galgant-12-g\\\/#primaryimage\"},\"image\":{\"@id\":\"https:\\\/\\\/www.raffinessen.ch\\\/produkt\\\/wilder-galgant-12-g\\\/#primaryimage\"},\"thumbnailUrl\":\"https:\\\/\\\/www.raffinessen.ch\\\/webseite\\\/wp-content\\\/uploads\\\/2023\\\/06\\\/Gewuerze_Galgant.jpg\",\"datePublished\":\"2023-06-09T15:25:17+00:00\",\"dateModified\":\"2023-06-12T12:46:34+00:00\",\"description\":\"F\u00fcr den schwarzen Kampot Pfeffer werden die Fr\u00fcchte kurz vor der Reife von Hand geerntet, wenn sie eine gelb-orange Farbe aufweisen.\",\"breadcrumb\":{\"@id\":\"https:\\\/\\\/www.raffinessen.ch\\\/produkt\\\/wilder-galgant-12-g\\\/#breadcrumb\"},\"inLanguage\":\"fr-FR\",\"potentialAction\":[{\"@type\":\"ReadAction\",\"target\":[\"https:\\\/\\\/www.raffinessen.ch\\\/produkt\\\/wilder-galgant-12-g\\\/\"]}]},{\"@type\":\"ImageObject\",\"inLanguage\":\"fr-FR\",\"@id\":\"https:\\\/\\\/www.raffinessen.ch\\\/produkt\\\/wilder-galgant-12-g\\\/#primaryimage\",\"url\":\"https:\\\/\\\/www.raffinessen.ch\\\/webseite\\\/wp-content\\\/uploads\\\/2023\\\/06\\\/Gewuerze_Galgant.jpg\",\"contentUrl\":\"https:\\\/\\\/www.raffinessen.ch\\\/webseite\\\/wp-content\\\/uploads\\\/2023\\\/06\\\/Gewuerze_Galgant.jpg\",\"width\":1500,\"height\":1500},{\"@type\":\"BreadcrumbList\",\"@id\":\"https:\\\/\\\/www.raffinessen.ch\\\/produkt\\\/wilder-galgant-12-g\\\/#breadcrumb\",\"itemListElement\":[{\"@type\":\"ListItem\",\"position\":1,\"name\":\"Home\",\"item\":\"https:\\\/\\\/www.raffinessen.ch\\\/\"},{\"@type\":\"ListItem\",\"position\":2,\"name\":\"Shop\",\"item\":\"https:\\\/\\\/www.raffinessen.ch\\\/shop\\\/\"},{\"@type\":\"ListItem\",\"position\":3,\"name\":\"Wilder Galgant (12 g)\"}]},{\"@type\":\"WebSite\",\"@id\":\"https:\\\/\\\/www.raffinessen.ch\\\/#website\",\"url\":\"https:\\\/\\\/www.raffinessen.ch\\\/\",\"name\":\"Raffinessen\",\"description\":\"roter und schwarzer Kampot Pfeffer - Gew\u00fcrze\",\"potentialAction\":[{\"@type\":\"SearchAction\",\"target\":{\"@type\":\"EntryPoint\",\"urlTemplate\":\"https:\\\/\\\/www.raffinessen.ch\\\/?s={search_term_string}\"},\"query-input\":{\"@type\":\"PropertyValueSpecification\",\"valueRequired\":true,\"valueName\":\"search_term_string\"}}],\"inLanguage\":\"fr-FR\"}]}<\/script>\n<!-- \/ Yoast SEO plugin. -->","yoast_head_json":{"title":"Poivre noir de Kampot","description":"F\u00fcr den schwarzen Kampot Pfeffer werden die Fr\u00fcchte kurz vor der Reife von Hand geerntet, wenn sie eine gelb-orange Farbe aufweisen.","robots":{"index":"index","follow":"follow","max-snippet":"max-snippet:-1","max-image-preview":"max-image-preview:large","max-video-preview":"max-video-preview:-1"},"canonical":"https:\/\/www.raffinessen.ch\/fr\/produit\/wilder-galgant-12-g\/","og_locale":"fr_FR","og_type":"article","og_title":"Schwarzer Kampot Pfeffer","og_description":"F\u00fcr den schwarzen Kampot Pfeffer werden die Fr\u00fcchte kurz vor der Reife von Hand geerntet, wenn sie eine gelb-orange Farbe aufweisen.","og_url":"https:\/\/www.raffinessen.ch\/fr\/produit\/wilder-galgant-12-g\/","og_site_name":"Raffinessen","article_modified_time":"2023-06-12T12:46:34+00:00","og_image":[{"width":1500,"height":1500,"url":"https:\/\/www.raffinessen.ch\/webseite\/wp-content\/uploads\/2023\/06\/Gewuerze_Galgant.jpg","type":"image\/jpeg"}],"twitter_card":"summary_large_image","twitter_misc":{"Dur\u00e9e de lecture estim\u00e9e":"2 minutes"},"schema":{"@context":"https:\/\/schema.org","@graph":[{"@type":"WebPage","@id":"https:\/\/www.raffinessen.ch\/produkt\/wilder-galgant-12-g\/","url":"https:\/\/www.raffinessen.ch\/produkt\/wilder-galgant-12-g\/","name":"Poivre noir de Kampot","isPartOf":{"@id":"https:\/\/www.raffinessen.ch\/#website"},"primaryImageOfPage":{"@id":"https:\/\/www.raffinessen.ch\/produkt\/wilder-galgant-12-g\/#primaryimage"},"image":{"@id":"https:\/\/www.raffinessen.ch\/produkt\/wilder-galgant-12-g\/#primaryimage"},"thumbnailUrl":"https:\/\/www.raffinessen.ch\/webseite\/wp-content\/uploads\/2023\/06\/Gewuerze_Galgant.jpg","datePublished":"2023-06-09T15:25:17+00:00","dateModified":"2023-06-12T12:46:34+00:00","description":"F\u00fcr den schwarzen Kampot Pfeffer werden die Fr\u00fcchte kurz vor der Reife von Hand geerntet, wenn sie eine gelb-orange Farbe aufweisen.","breadcrumb":{"@id":"https:\/\/www.raffinessen.ch\/produkt\/wilder-galgant-12-g\/#breadcrumb"},"inLanguage":"fr-FR","potentialAction":[{"@type":"ReadAction","target":["https:\/\/www.raffinessen.ch\/produkt\/wilder-galgant-12-g\/"]}]},{"@type":"ImageObject","inLanguage":"fr-FR","@id":"https:\/\/www.raffinessen.ch\/produkt\/wilder-galgant-12-g\/#primaryimage","url":"https:\/\/www.raffinessen.ch\/webseite\/wp-content\/uploads\/2023\/06\/Gewuerze_Galgant.jpg","contentUrl":"https:\/\/www.raffinessen.ch\/webseite\/wp-content\/uploads\/2023\/06\/Gewuerze_Galgant.jpg","width":1500,"height":1500},{"@type":"BreadcrumbList","@id":"https:\/\/www.raffinessen.ch\/produkt\/wilder-galgant-12-g\/#breadcrumb","itemListElement":[{"@type":"ListItem","position":1,"name":"Home","item":"https:\/\/www.raffinessen.ch\/"},{"@type":"ListItem","position":2,"name":"Shop","item":"https:\/\/www.raffinessen.ch\/shop\/"},{"@type":"ListItem","position":3,"name":"Wilder Galgant (12 g)"}]},{"@type":"WebSite","@id":"https:\/\/www.raffinessen.ch\/#website","url":"https:\/\/www.raffinessen.ch\/","name":"Raffinements","description":"poivre de Kampot rouge et noir - \u00e9pices","potentialAction":[{"@type":"SearchAction","target":{"@type":"EntryPoint","urlTemplate":"https:\/\/www.raffinessen.ch\/?s={search_term_string}"},"query-input":{"@type":"PropertyValueSpecification","valueRequired":true,"valueName":"search_term_string"}}],"inLanguage":"fr-FR"}]}},"_links":{"self":[{"href":"https:\/\/www.raffinessen.ch\/fr\/wp-json\/wp\/v2\/product\/15569","targetHints":{"allow":["GET"]}}],"collection":[{"href":"https:\/\/www.raffinessen.ch\/fr\/wp-json\/wp\/v2\/product"}],"about":[{"href":"https:\/\/www.raffinessen.ch\/fr\/wp-json\/wp\/v2\/types\/product"}],"wp:featuredmedia":[{"embeddable":true,"href":"https:\/\/www.raffinessen.ch\/fr\/wp-json\/wp\/v2\/media\/15571"}],"wp:attachment":[{"href":"https:\/\/www.raffinessen.ch\/fr\/wp-json\/wp\/v2\/media?parent=15569"}],"wp:term":[{"taxonomy":"product_brand","embeddable":true,"href":"https:\/\/www.raffinessen.ch\/fr\/wp-json\/wp\/v2\/product_brand?post=15569"},{"taxonomy":"product_cat","embeddable":true,"href":"https:\/\/www.raffinessen.ch\/fr\/wp-json\/wp\/v2\/product_cat?post=15569"},{"taxonomy":"product_tag","embeddable":true,"href":"https:\/\/www.raffinessen.ch\/fr\/wp-json\/wp\/v2\/product_tag?post=15569"}],"curies":[{"name":"wp","href":"https:\/\/api.w.org\/{rel}","templated":true}]}}