{"id":15393,"date":"2023-05-04T11:55:58","date_gmt":"2023-05-04T09:55:58","guid":{"rendered":"https:\/\/www.raffinessen.ch\/?post_type=product&#038;p=15393"},"modified":"2024-07-16T21:43:35","modified_gmt":"2024-07-16T19:43:35","slug":"mami-viele-blumen-fuer-den-dank","status":"publish","type":"product","link":"https:\/\/www.raffinessen.ch\/fr\/produit\/mami-viele-blumen-fuer-den-dank\/","title":{"rendered":"MAMI - Beaucoup de fleurs pour les REMERCIEMENTS !"},"content":{"rendered":"<p><strong>Contenu<\/strong><\/p>\n<ul>\n<li>Bocal avec couvercle en bois (swiss made), sel aux fleurs suisses (70g)<\/li>\n<li>Emballage cadeau, blanc, 80x80x80mm avec autocollant<\/li>\n<\/ul>\n<p><strong>Verre avec couvercle en bois (swiss made)<\/strong><br \/>\nUne institution sociale en Suisse fabrique des r\u00e9cipients esth\u00e9tiques \u00e0 partir de vieilles bouteilles en verre. Nous faisons fabriquer un couvercle en bois d'\u00e9rable r\u00e9gional par un tourneur suisse. Un anneau en silicone ferme herm\u00e9tiquement le couvercle pour une protection optimale du contenu. La surface du verre d\u00e9polie par sablage rend l'anneau de silicone invisible de l'ext\u00e9rieur et assure un aspect tranquille.<\/p>\n<p><strong>Sel de fleur suisse<\/strong><br \/>\nCe m\u00e9lange d\u00e9coratif associe des cristaux de sel exclusifs provenant du c\u0153ur des Alpes suisses \u00e0 une profusion de fleurs de l'Emmental. Diff\u00e9rents bleuets, soucis et tournesols donnent leurs couleurs au m\u00e9lange et apportent de merveilleuses notes parfum\u00e9es et florales dans l'assiette.<\/p>","protected":false},"excerpt":{"rendered":"<p><strong>Livraison gratuite \u00e0 partir de CHF 50.00<\/strong><\/p>","protected":false},"featured_media":15394,"template":"","meta":[],"product_brand":[],"product_cat":[1182,42,1181],"product_tag":[],"class_list":{"0":"post-15393","1":"product","2":"type-product","3":"status-publish","4":"has-post-thumbnail","6":"product_cat-bis-chf-30","7":"product_cat-geschenksets","8":"product_cat-neu","9":"tm-no-options","11":"first","12":"instock","13":"taxable","14":"shipping-taxable","15":"purchasable","16":"product-type-simple"},"yoast_head":"<!-- This site is optimized with the Yoast SEO plugin v27.5 - https:\/\/yoast.com\/product\/yoast-seo-wordpress\/ -->\n<title>MAMI - Viele Blumen f\u00fcr den DANK ! - Raffinessen<\/title>\n<meta name=\"robots\" content=\"index, follow, max-snippet:-1, max-image-preview:large, max-video-preview:-1\" \/>\n<link rel=\"canonical\" href=\"https:\/\/www.raffinessen.ch\/fr\/produit\/mami-viele-blumen-fuer-den-dank\/\" \/>\n<meta property=\"og:locale\" content=\"fr_FR\" \/>\n<meta property=\"og:type\" content=\"article\" \/>\n<meta property=\"og:title\" content=\"MAMI - Viele Blumen f\u00fcr den DANK ! - Raffinessen\" \/>\n<meta property=\"og:description\" content=\"Versandkostenfrei ab CHF 50.00\" \/>\n<meta property=\"og:url\" content=\"https:\/\/www.raffinessen.ch\/fr\/produit\/mami-viele-blumen-fuer-den-dank\/\" \/>\n<meta property=\"og:site_name\" content=\"Raffinessen\" \/>\n<meta property=\"article:modified_time\" content=\"2024-07-16T19:43:35+00:00\" \/>\n<meta property=\"og:image\" content=\"https:\/\/www.raffinessen.ch\/webseite\/wp-content\/uploads\/2023\/05\/Wuerfelbox_Glas-mit-Holzdeckel_MAMI.jpg\" \/>\n\t<meta property=\"og:image:width\" content=\"1000\" \/>\n\t<meta property=\"og:image:height\" content=\"1000\" \/>\n\t<meta property=\"og:image:type\" content=\"image\/jpeg\" \/>\n<meta name=\"twitter:card\" content=\"summary_large_image\" \/>\n<meta name=\"twitter:label1\" content=\"Dur\u00e9e de lecture estim\u00e9e\" \/>\n\t<meta name=\"twitter:data1\" content=\"1 minute\" \/>\n<script type=\"application\/ld+json\" class=\"yoast-schema-graph\">{\"@context\":\"https:\\\/\\\/schema.org\",\"@graph\":[{\"@type\":\"WebPage\",\"@id\":\"https:\\\/\\\/www.raffinessen.ch\\\/produkt\\\/mami-viele-blumen-fuer-den-dank\\\/\",\"url\":\"https:\\\/\\\/www.raffinessen.ch\\\/produkt\\\/mami-viele-blumen-fuer-den-dank\\\/\",\"name\":\"MAMI - Viele Blumen f\u00fcr den DANK ! - Raffinessen\",\"isPartOf\":{\"@id\":\"https:\\\/\\\/www.raffinessen.ch\\\/#website\"},\"primaryImageOfPage\":{\"@id\":\"https:\\\/\\\/www.raffinessen.ch\\\/produkt\\\/mami-viele-blumen-fuer-den-dank\\\/#primaryimage\"},\"image\":{\"@id\":\"https:\\\/\\\/www.raffinessen.ch\\\/produkt\\\/mami-viele-blumen-fuer-den-dank\\\/#primaryimage\"},\"thumbnailUrl\":\"https:\\\/\\\/www.raffinessen.ch\\\/webseite\\\/wp-content\\\/uploads\\\/2023\\\/05\\\/Wuerfelbox_Glas-mit-Holzdeckel_MAMI.jpg\",\"datePublished\":\"2023-05-04T09:55:58+00:00\",\"dateModified\":\"2024-07-16T19:43:35+00:00\",\"breadcrumb\":{\"@id\":\"https:\\\/\\\/www.raffinessen.ch\\\/produkt\\\/mami-viele-blumen-fuer-den-dank\\\/#breadcrumb\"},\"inLanguage\":\"fr-FR\",\"potentialAction\":[{\"@type\":\"ReadAction\",\"target\":[\"https:\\\/\\\/www.raffinessen.ch\\\/produkt\\\/mami-viele-blumen-fuer-den-dank\\\/\"]}]},{\"@type\":\"ImageObject\",\"inLanguage\":\"fr-FR\",\"@id\":\"https:\\\/\\\/www.raffinessen.ch\\\/produkt\\\/mami-viele-blumen-fuer-den-dank\\\/#primaryimage\",\"url\":\"https:\\\/\\\/www.raffinessen.ch\\\/webseite\\\/wp-content\\\/uploads\\\/2023\\\/05\\\/Wuerfelbox_Glas-mit-Holzdeckel_MAMI.jpg\",\"contentUrl\":\"https:\\\/\\\/www.raffinessen.ch\\\/webseite\\\/wp-content\\\/uploads\\\/2023\\\/05\\\/Wuerfelbox_Glas-mit-Holzdeckel_MAMI.jpg\",\"width\":1000,\"height\":1000},{\"@type\":\"BreadcrumbList\",\"@id\":\"https:\\\/\\\/www.raffinessen.ch\\\/produkt\\\/mami-viele-blumen-fuer-den-dank\\\/#breadcrumb\",\"itemListElement\":[{\"@type\":\"ListItem\",\"position\":1,\"name\":\"Home\",\"item\":\"https:\\\/\\\/www.raffinessen.ch\\\/\"},{\"@type\":\"ListItem\",\"position\":2,\"name\":\"Shop\",\"item\":\"https:\\\/\\\/www.raffinessen.ch\\\/shop\\\/\"},{\"@type\":\"ListItem\",\"position\":3,\"name\":\"MAMI &#8211; Viele Blumen f\u00fcr den DANK !\"}]},{\"@type\":\"WebSite\",\"@id\":\"https:\\\/\\\/www.raffinessen.ch\\\/#website\",\"url\":\"https:\\\/\\\/www.raffinessen.ch\\\/\",\"name\":\"Raffinessen\",\"description\":\"roter und schwarzer Kampot Pfeffer - Gew\u00fcrze\",\"potentialAction\":[{\"@type\":\"SearchAction\",\"target\":{\"@type\":\"EntryPoint\",\"urlTemplate\":\"https:\\\/\\\/www.raffinessen.ch\\\/?s={search_term_string}\"},\"query-input\":{\"@type\":\"PropertyValueSpecification\",\"valueRequired\":true,\"valueName\":\"search_term_string\"}}],\"inLanguage\":\"fr-FR\"}]}<\/script>\n<!-- \/ Yoast SEO plugin. -->","yoast_head_json":{"title":"MAMI - Viele Blumen f\u00fcr den DANK ! - Raffinessen","robots":{"index":"index","follow":"follow","max-snippet":"max-snippet:-1","max-image-preview":"max-image-preview:large","max-video-preview":"max-video-preview:-1"},"canonical":"https:\/\/www.raffinessen.ch\/fr\/produit\/mami-viele-blumen-fuer-den-dank\/","og_locale":"fr_FR","og_type":"article","og_title":"MAMI - Viele Blumen f\u00fcr den DANK ! - Raffinessen","og_description":"Versandkostenfrei ab CHF 50.00","og_url":"https:\/\/www.raffinessen.ch\/fr\/produit\/mami-viele-blumen-fuer-den-dank\/","og_site_name":"Raffinessen","article_modified_time":"2024-07-16T19:43:35+00:00","og_image":[{"width":1000,"height":1000,"url":"https:\/\/www.raffinessen.ch\/webseite\/wp-content\/uploads\/2023\/05\/Wuerfelbox_Glas-mit-Holzdeckel_MAMI.jpg","type":"image\/jpeg"}],"twitter_card":"summary_large_image","twitter_misc":{"Dur\u00e9e de lecture estim\u00e9e":"1 minute"},"schema":{"@context":"https:\/\/schema.org","@graph":[{"@type":"WebPage","@id":"https:\/\/www.raffinessen.ch\/produkt\/mami-viele-blumen-fuer-den-dank\/","url":"https:\/\/www.raffinessen.ch\/produkt\/mami-viele-blumen-fuer-den-dank\/","name":"MAMI - Viele Blumen f\u00fcr den DANK ! - Raffinessen","isPartOf":{"@id":"https:\/\/www.raffinessen.ch\/#website"},"primaryImageOfPage":{"@id":"https:\/\/www.raffinessen.ch\/produkt\/mami-viele-blumen-fuer-den-dank\/#primaryimage"},"image":{"@id":"https:\/\/www.raffinessen.ch\/produkt\/mami-viele-blumen-fuer-den-dank\/#primaryimage"},"thumbnailUrl":"https:\/\/www.raffinessen.ch\/webseite\/wp-content\/uploads\/2023\/05\/Wuerfelbox_Glas-mit-Holzdeckel_MAMI.jpg","datePublished":"2023-05-04T09:55:58+00:00","dateModified":"2024-07-16T19:43:35+00:00","breadcrumb":{"@id":"https:\/\/www.raffinessen.ch\/produkt\/mami-viele-blumen-fuer-den-dank\/#breadcrumb"},"inLanguage":"fr-FR","potentialAction":[{"@type":"ReadAction","target":["https:\/\/www.raffinessen.ch\/produkt\/mami-viele-blumen-fuer-den-dank\/"]}]},{"@type":"ImageObject","inLanguage":"fr-FR","@id":"https:\/\/www.raffinessen.ch\/produkt\/mami-viele-blumen-fuer-den-dank\/#primaryimage","url":"https:\/\/www.raffinessen.ch\/webseite\/wp-content\/uploads\/2023\/05\/Wuerfelbox_Glas-mit-Holzdeckel_MAMI.jpg","contentUrl":"https:\/\/www.raffinessen.ch\/webseite\/wp-content\/uploads\/2023\/05\/Wuerfelbox_Glas-mit-Holzdeckel_MAMI.jpg","width":1000,"height":1000},{"@type":"BreadcrumbList","@id":"https:\/\/www.raffinessen.ch\/produkt\/mami-viele-blumen-fuer-den-dank\/#breadcrumb","itemListElement":[{"@type":"ListItem","position":1,"name":"Home","item":"https:\/\/www.raffinessen.ch\/"},{"@type":"ListItem","position":2,"name":"Shop","item":"https:\/\/www.raffinessen.ch\/shop\/"},{"@type":"ListItem","position":3,"name":"MAMI &#8211; Viele Blumen f\u00fcr den DANK !"}]},{"@type":"WebSite","@id":"https:\/\/www.raffinessen.ch\/#website","url":"https:\/\/www.raffinessen.ch\/","name":"Raffinements","description":"poivre de Kampot rouge et noir - \u00e9pices","potentialAction":[{"@type":"SearchAction","target":{"@type":"EntryPoint","urlTemplate":"https:\/\/www.raffinessen.ch\/?s={search_term_string}"},"query-input":{"@type":"PropertyValueSpecification","valueRequired":true,"valueName":"search_term_string"}}],"inLanguage":"fr-FR"}]}},"_links":{"self":[{"href":"https:\/\/www.raffinessen.ch\/fr\/wp-json\/wp\/v2\/product\/15393","targetHints":{"allow":["GET"]}}],"collection":[{"href":"https:\/\/www.raffinessen.ch\/fr\/wp-json\/wp\/v2\/product"}],"about":[{"href":"https:\/\/www.raffinessen.ch\/fr\/wp-json\/wp\/v2\/types\/product"}],"wp:featuredmedia":[{"embeddable":true,"href":"https:\/\/www.raffinessen.ch\/fr\/wp-json\/wp\/v2\/media\/15394"}],"wp:attachment":[{"href":"https:\/\/www.raffinessen.ch\/fr\/wp-json\/wp\/v2\/media?parent=15393"}],"wp:term":[{"taxonomy":"product_brand","embeddable":true,"href":"https:\/\/www.raffinessen.ch\/fr\/wp-json\/wp\/v2\/product_brand?post=15393"},{"taxonomy":"product_cat","embeddable":true,"href":"https:\/\/www.raffinessen.ch\/fr\/wp-json\/wp\/v2\/product_cat?post=15393"},{"taxonomy":"product_tag","embeddable":true,"href":"https:\/\/www.raffinessen.ch\/fr\/wp-json\/wp\/v2\/product_tag?post=15393"}],"curies":[{"name":"wp","href":"https:\/\/api.w.org\/{rel}","templated":true}]}}