{"id":15390,"date":"2023-05-04T11:22:23","date_gmt":"2023-05-04T09:22:23","guid":{"rendered":"https:\/\/www.raffinessen.ch\/?post_type=product&#038;p=15390"},"modified":"2026-01-08T17:47:34","modified_gmt":"2026-01-08T16:47:34","slug":"set-mami-ich-habe-dich-sehr-lieb-2","status":"publish","type":"product","link":"https:\/\/www.raffinessen.ch\/fr\/produit\/set-mami-ich-habe-dich-sehr-lieb-2\/","title":{"rendered":"SET - Maman je t'aime beaucoup"},"content":{"rendered":"<p><strong>Contenu<\/strong><\/p>\n<ul>\n<li>Gew\u00fcrzm\u00fchle MIYA schwarz, Kampot Pfeffer rot (Ernte 2025)\u00a0(50 g)<\/li>\n<li>Bocal avec couvercle en bois (swiss made), sel aux fleurs suisses (70g)<\/li>\n<li>Emballage cadeau en carton ondul\u00e9, noir, 220x150x75 mm<\/li>\n<li>Carte postale \"I Love You\", format A5, 4 pages<\/li>\n<\/ul>\n<p><strong>\u00c9cris ton message dans le champ de texte \"Remarques\" pendant le processus de commande.<\/strong><\/p>\n<p><strong>Poivre de Kampot rouge<br \/>\n<\/strong>L'ar\u00f4me caract\u00e9ristique du poivre rouge de Kampot est puissant mais finement nuanc\u00e9 et s\u00e9duit par des notes l\u00e9g\u00e8rement sucr\u00e9es et fruit\u00e9es avec un soup\u00e7on d'agrumes. En bouche, un piquant puissant et persistant se d\u00e9veloppe lentement, laissant une merveilleuse sensation de chaleur en bouche.<\/p>\n<p><strong>Moulin \u00e0 \u00e9pices MIYA<\/strong><br \/>\nLe c\u0153ur du moulin \u00e0 \u00e9pices est le broyeur c\u00e9ramique high-tech CrushGrind\u00ae, garanti 25 ans. Le degr\u00e9 de mouture est r\u00e9glable en continu. La c\u00e9ramique utilis\u00e9e est plus dure que l'acier, ne rouille pas et est neutre en termes de go\u00fbt. Outre le poivre, le sel et le piment, il permet \u00e9galement de moudre de nombreuses autres \u00e9pices et herbes aromatiques.<\/p>\n<p><strong>Verre avec couvercle en bois (swiss made)<\/strong><br \/>\nUne institution sociale en Suisse fabrique des r\u00e9cipients esth\u00e9tiques \u00e0 partir de vieilles bouteilles en verre. Nous faisons fabriquer un couvercle en bois d'\u00e9rable r\u00e9gional par un tourneur suisse. Un anneau en silicone ferme herm\u00e9tiquement le couvercle pour une protection optimale du contenu. La surface du verre d\u00e9polie par sablage rend l'anneau de silicone invisible de l'ext\u00e9rieur et assure un aspect tranquille.<\/p>\n<p><strong>Sel de fleur suisse<\/strong><br \/>\nCe m\u00e9lange d\u00e9coratif associe des cristaux de sel exclusifs provenant du c\u0153ur des Alpes suisses \u00e0 une profusion de fleurs de l'Emmental. Diff\u00e9rents bleuets, soucis et tournesols donnent leurs couleurs au m\u00e9lange et apportent de merveilleuses notes parfum\u00e9es et florales dans l'assiette.<\/p>","protected":false},"excerpt":{"rendered":"<p><strong>Livraison gratuite<\/strong><\/p>","protected":false},"featured_media":5906,"template":"","meta":[],"product_brand":[],"product_cat":[1183,42],"product_tag":[],"class_list":{"0":"post-15390","1":"product","2":"type-product","3":"status-publish","4":"has-post-thumbnail","6":"product_cat-ab-chf-30","7":"product_cat-geschenksets","8":"tm-no-options","10":"first","11":"instock","12":"taxable","13":"shipping-taxable","14":"purchasable","15":"product-type-simple"},"yoast_head":"<!-- This site is optimized with the Yoast SEO plugin v27.5 - https:\/\/yoast.com\/product\/yoast-seo-wordpress\/ -->\n<title>SET - Mami ich habe Dich sehr lieb - Raffinessen<\/title>\n<meta name=\"robots\" content=\"index, follow, max-snippet:-1, max-image-preview:large, max-video-preview:-1\" \/>\n<link rel=\"canonical\" href=\"https:\/\/www.raffinessen.ch\/fr\/produit\/set-mami-ich-habe-dich-sehr-lieb-2\/\" \/>\n<meta property=\"og:locale\" content=\"fr_FR\" \/>\n<meta property=\"og:type\" content=\"article\" \/>\n<meta property=\"og:title\" content=\"SET - Mami ich habe Dich sehr lieb - Raffinessen\" \/>\n<meta property=\"og:description\" content=\"Versandkostenfrei\" \/>\n<meta property=\"og:url\" content=\"https:\/\/www.raffinessen.ch\/fr\/produit\/set-mami-ich-habe-dich-sehr-lieb-2\/\" \/>\n<meta property=\"og:site_name\" content=\"Raffinessen\" \/>\n<meta property=\"article:modified_time\" content=\"2026-01-08T16:47:34+00:00\" \/>\n<meta property=\"og:image\" content=\"https:\/\/www.raffinessen.ch\/webseite\/wp-content\/uploads\/2020\/05\/wellkarton-famulus-mit-aufkleber.jpg\" \/>\n\t<meta property=\"og:image:width\" content=\"2500\" \/>\n\t<meta property=\"og:image:height\" content=\"2500\" \/>\n\t<meta property=\"og:image:type\" content=\"image\/jpeg\" \/>\n<meta name=\"twitter:card\" content=\"summary_large_image\" \/>\n<meta name=\"twitter:label1\" content=\"Dur\u00e9e de lecture estim\u00e9e\" \/>\n\t<meta name=\"twitter:data1\" content=\"3 minutes\" \/>\n<script type=\"application\/ld+json\" class=\"yoast-schema-graph\">{\"@context\":\"https:\\\/\\\/schema.org\",\"@graph\":[{\"@type\":\"WebPage\",\"@id\":\"https:\\\/\\\/www.raffinessen.ch\\\/produkt\\\/set-mami-ich-habe-dich-sehr-lieb-2\\\/\",\"url\":\"https:\\\/\\\/www.raffinessen.ch\\\/produkt\\\/set-mami-ich-habe-dich-sehr-lieb-2\\\/\",\"name\":\"SET - Mami ich habe Dich sehr lieb - Raffinessen\",\"isPartOf\":{\"@id\":\"https:\\\/\\\/www.raffinessen.ch\\\/#website\"},\"primaryImageOfPage\":{\"@id\":\"https:\\\/\\\/www.raffinessen.ch\\\/produkt\\\/set-mami-ich-habe-dich-sehr-lieb-2\\\/#primaryimage\"},\"image\":{\"@id\":\"https:\\\/\\\/www.raffinessen.ch\\\/produkt\\\/set-mami-ich-habe-dich-sehr-lieb-2\\\/#primaryimage\"},\"thumbnailUrl\":\"https:\\\/\\\/www.raffinessen.ch\\\/webseite\\\/wp-content\\\/uploads\\\/2020\\\/05\\\/wellkarton-famulus-mit-aufkleber.jpg\",\"datePublished\":\"2023-05-04T09:22:23+00:00\",\"dateModified\":\"2026-01-08T16:47:34+00:00\",\"breadcrumb\":{\"@id\":\"https:\\\/\\\/www.raffinessen.ch\\\/produkt\\\/set-mami-ich-habe-dich-sehr-lieb-2\\\/#breadcrumb\"},\"inLanguage\":\"fr-FR\",\"potentialAction\":[{\"@type\":\"ReadAction\",\"target\":[\"https:\\\/\\\/www.raffinessen.ch\\\/produkt\\\/set-mami-ich-habe-dich-sehr-lieb-2\\\/\"]}]},{\"@type\":\"ImageObject\",\"inLanguage\":\"fr-FR\",\"@id\":\"https:\\\/\\\/www.raffinessen.ch\\\/produkt\\\/set-mami-ich-habe-dich-sehr-lieb-2\\\/#primaryimage\",\"url\":\"https:\\\/\\\/www.raffinessen.ch\\\/webseite\\\/wp-content\\\/uploads\\\/2020\\\/05\\\/wellkarton-famulus-mit-aufkleber.jpg\",\"contentUrl\":\"https:\\\/\\\/www.raffinessen.ch\\\/webseite\\\/wp-content\\\/uploads\\\/2020\\\/05\\\/wellkarton-famulus-mit-aufkleber.jpg\",\"width\":2500,\"height\":2500},{\"@type\":\"BreadcrumbList\",\"@id\":\"https:\\\/\\\/www.raffinessen.ch\\\/produkt\\\/set-mami-ich-habe-dich-sehr-lieb-2\\\/#breadcrumb\",\"itemListElement\":[{\"@type\":\"ListItem\",\"position\":1,\"name\":\"Home\",\"item\":\"https:\\\/\\\/www.raffinessen.ch\\\/\"},{\"@type\":\"ListItem\",\"position\":2,\"name\":\"Shop\",\"item\":\"https:\\\/\\\/www.raffinessen.ch\\\/shop\\\/\"},{\"@type\":\"ListItem\",\"position\":3,\"name\":\"SET &#8211; Mami ich habe Dich sehr lieb\"}]},{\"@type\":\"WebSite\",\"@id\":\"https:\\\/\\\/www.raffinessen.ch\\\/#website\",\"url\":\"https:\\\/\\\/www.raffinessen.ch\\\/\",\"name\":\"Raffinessen\",\"description\":\"roter und schwarzer Kampot Pfeffer - Gew\u00fcrze\",\"potentialAction\":[{\"@type\":\"SearchAction\",\"target\":{\"@type\":\"EntryPoint\",\"urlTemplate\":\"https:\\\/\\\/www.raffinessen.ch\\\/?s={search_term_string}\"},\"query-input\":{\"@type\":\"PropertyValueSpecification\",\"valueRequired\":true,\"valueName\":\"search_term_string\"}}],\"inLanguage\":\"fr-FR\"}]}<\/script>\n<!-- \/ Yoast SEO plugin. -->","yoast_head_json":{"title":"SET - Mami ich habe Dich sehr lieb - Raffinessen","robots":{"index":"index","follow":"follow","max-snippet":"max-snippet:-1","max-image-preview":"max-image-preview:large","max-video-preview":"max-video-preview:-1"},"canonical":"https:\/\/www.raffinessen.ch\/fr\/produit\/set-mami-ich-habe-dich-sehr-lieb-2\/","og_locale":"fr_FR","og_type":"article","og_title":"SET - Mami ich habe Dich sehr lieb - Raffinessen","og_description":"Versandkostenfrei","og_url":"https:\/\/www.raffinessen.ch\/fr\/produit\/set-mami-ich-habe-dich-sehr-lieb-2\/","og_site_name":"Raffinessen","article_modified_time":"2026-01-08T16:47:34+00:00","og_image":[{"width":2500,"height":2500,"url":"https:\/\/www.raffinessen.ch\/webseite\/wp-content\/uploads\/2020\/05\/wellkarton-famulus-mit-aufkleber.jpg","type":"image\/jpeg"}],"twitter_card":"summary_large_image","twitter_misc":{"Dur\u00e9e de lecture estim\u00e9e":"3 minutes"},"schema":{"@context":"https:\/\/schema.org","@graph":[{"@type":"WebPage","@id":"https:\/\/www.raffinessen.ch\/produkt\/set-mami-ich-habe-dich-sehr-lieb-2\/","url":"https:\/\/www.raffinessen.ch\/produkt\/set-mami-ich-habe-dich-sehr-lieb-2\/","name":"SET - Mami ich habe Dich sehr lieb - Raffinessen","isPartOf":{"@id":"https:\/\/www.raffinessen.ch\/#website"},"primaryImageOfPage":{"@id":"https:\/\/www.raffinessen.ch\/produkt\/set-mami-ich-habe-dich-sehr-lieb-2\/#primaryimage"},"image":{"@id":"https:\/\/www.raffinessen.ch\/produkt\/set-mami-ich-habe-dich-sehr-lieb-2\/#primaryimage"},"thumbnailUrl":"https:\/\/www.raffinessen.ch\/webseite\/wp-content\/uploads\/2020\/05\/wellkarton-famulus-mit-aufkleber.jpg","datePublished":"2023-05-04T09:22:23+00:00","dateModified":"2026-01-08T16:47:34+00:00","breadcrumb":{"@id":"https:\/\/www.raffinessen.ch\/produkt\/set-mami-ich-habe-dich-sehr-lieb-2\/#breadcrumb"},"inLanguage":"fr-FR","potentialAction":[{"@type":"ReadAction","target":["https:\/\/www.raffinessen.ch\/produkt\/set-mami-ich-habe-dich-sehr-lieb-2\/"]}]},{"@type":"ImageObject","inLanguage":"fr-FR","@id":"https:\/\/www.raffinessen.ch\/produkt\/set-mami-ich-habe-dich-sehr-lieb-2\/#primaryimage","url":"https:\/\/www.raffinessen.ch\/webseite\/wp-content\/uploads\/2020\/05\/wellkarton-famulus-mit-aufkleber.jpg","contentUrl":"https:\/\/www.raffinessen.ch\/webseite\/wp-content\/uploads\/2020\/05\/wellkarton-famulus-mit-aufkleber.jpg","width":2500,"height":2500},{"@type":"BreadcrumbList","@id":"https:\/\/www.raffinessen.ch\/produkt\/set-mami-ich-habe-dich-sehr-lieb-2\/#breadcrumb","itemListElement":[{"@type":"ListItem","position":1,"name":"Home","item":"https:\/\/www.raffinessen.ch\/"},{"@type":"ListItem","position":2,"name":"Shop","item":"https:\/\/www.raffinessen.ch\/shop\/"},{"@type":"ListItem","position":3,"name":"SET &#8211; Mami ich habe Dich sehr lieb"}]},{"@type":"WebSite","@id":"https:\/\/www.raffinessen.ch\/#website","url":"https:\/\/www.raffinessen.ch\/","name":"Raffinements","description":"poivre de Kampot rouge et noir - \u00e9pices","potentialAction":[{"@type":"SearchAction","target":{"@type":"EntryPoint","urlTemplate":"https:\/\/www.raffinessen.ch\/?s={search_term_string}"},"query-input":{"@type":"PropertyValueSpecification","valueRequired":true,"valueName":"search_term_string"}}],"inLanguage":"fr-FR"}]}},"_links":{"self":[{"href":"https:\/\/www.raffinessen.ch\/fr\/wp-json\/wp\/v2\/product\/15390","targetHints":{"allow":["GET"]}}],"collection":[{"href":"https:\/\/www.raffinessen.ch\/fr\/wp-json\/wp\/v2\/product"}],"about":[{"href":"https:\/\/www.raffinessen.ch\/fr\/wp-json\/wp\/v2\/types\/product"}],"wp:featuredmedia":[{"embeddable":true,"href":"https:\/\/www.raffinessen.ch\/fr\/wp-json\/wp\/v2\/media\/5906"}],"wp:attachment":[{"href":"https:\/\/www.raffinessen.ch\/fr\/wp-json\/wp\/v2\/media?parent=15390"}],"wp:term":[{"taxonomy":"product_brand","embeddable":true,"href":"https:\/\/www.raffinessen.ch\/fr\/wp-json\/wp\/v2\/product_brand?post=15390"},{"taxonomy":"product_cat","embeddable":true,"href":"https:\/\/www.raffinessen.ch\/fr\/wp-json\/wp\/v2\/product_cat?post=15390"},{"taxonomy":"product_tag","embeddable":true,"href":"https:\/\/www.raffinessen.ch\/fr\/wp-json\/wp\/v2\/product_tag?post=15390"}],"curies":[{"name":"wp","href":"https:\/\/api.w.org\/{rel}","templated":true}]}}