{"id":14781,"date":"2022-12-17T17:23:52","date_gmt":"2022-12-17T16:23:52","guid":{"rendered":"https:\/\/www.raffinessen.ch\/?post_type=product&#038;p=14781"},"modified":"2025-01-28T09:28:49","modified_gmt":"2025-01-28T08:28:49","slug":"set-hugo-mit-birds-eye-chili","status":"publish","type":"product","link":"https:\/\/www.raffinessen.ch\/fr\/produit\/set-hugo-mit-birds-eye-chili\/","title":{"rendered":"SET - HUGO avec Bird's Eye Chili"},"content":{"rendered":"<p><strong>Contenu<\/strong><\/p>\n<ul>\n<li>1x moulin \u00e0 piment HUGO ch\u00eane rouge suisse<\/li>\n<li>1x Sachet protecteur d'ar\u00f4mes de piment Bird's Eye entier d'Ouganda (20g)<\/li>\n<li>Emballage cadeau avec ruban rouge<\/li>\n<\/ul>\n<p><strong>Moulin \u00e0 \u00e9pices HUGO<\/strong><br \/>\nFormat : \u00f8 50mm, hauteur : 155mm<br \/>\nNaturels, au design cylindrique simple, nos moulins \u00e0 \u00e9pices sont fabriqu\u00e9s dans un atelier de tournage suisse \u00e0 partir d'essences de bois locales. Le c\u0153ur du moulin est le broyeur en c\u00e9ramique CrushCrind\u00a9 r\u00e9glable en continu et garanti 25 ans. HUGO contient en outre un m\u00e9canisme de pr\u00e9-coupe Chili. Le syst\u00e8me de pr\u00e9-coupe a \u00e9t\u00e9 test\u00e9 et jug\u00e9 \"tr\u00e8s bon\" par les fabricants de CrushGrind ; il est fabriqu\u00e9 en Allemagne en acier inoxydable, a une tr\u00e8s longue dur\u00e9e de vie et convient pour les aliments.<\/p>\n<p><strong>Chili Bird's Eye<\/strong><br \/>\nEn Ouganda, les piments trouvent des conditions climatiques parfaites et des sols fertiles. Les plantes \u00e0 petites feuilles du chili \"Birds Eye\", qui peuvent atteindre une hauteur d'environ 150 cm, produisent de nombreuses gousses piquantes qui m\u00fbrissent du vert \u00e0 l'orange et au rouge vif. Les petits fruits ronds \u00e0 pointus appartenant au groupe Capsicum frutescens doivent leur nom de \"Bird Eye Chilis\" \u00e0 certaines esp\u00e8ces d'oiseaux pour lesquelles les fruits de l'arbuste sont en t\u00eate de leur menu.<\/p>\n<p>Avec 100.000 \u00e0 plus de 140.000 unit\u00e9s Scoville, les Birdseyes comptent parmi les piments les plus forts du monde. Leur piquant est intense et direct. Leur go\u00fbt ressemble \u00e0 celui des piments tha\u00eflandais, c'est pourquoi ils conviennent tr\u00e8s bien aux plats asiatiques \u00e9pic\u00e9s, mais aussi pour \u00e9picer les soupes et les sauces, les rago\u00fbts, les plats mijot\u00e9s et les sauces hot BBQ.<\/p>","protected":false},"excerpt":{"rendered":"<p><strong>sans frais de livraison<\/strong><\/p>","protected":false},"featured_media":14782,"template":"","meta":[],"product_brand":[],"product_cat":[1183,42],"product_tag":[],"class_list":{"0":"post-14781","1":"product","2":"type-product","3":"status-publish","4":"has-post-thumbnail","6":"product_cat-ab-chf-30","7":"product_cat-geschenksets","8":"tm-no-options","10":"first","11":"outofstock","12":"taxable","13":"shipping-taxable","14":"purchasable","15":"product-type-simple"},"yoast_head":"<!-- This site is optimized with the Yoast SEO plugin v27.6 - https:\/\/yoast.com\/product\/yoast-seo-wordpress\/ -->\n<title>SET - HUGO mit Bird&#039;s Eye Chili - Raffinessen<\/title>\n<meta name=\"robots\" content=\"index, follow, max-snippet:-1, max-image-preview:large, max-video-preview:-1\" \/>\n<link rel=\"canonical\" href=\"https:\/\/www.raffinessen.ch\/fr\/produit\/set-hugo-mit-birds-eye-chili\/\" \/>\n<meta property=\"og:locale\" content=\"fr_FR\" \/>\n<meta property=\"og:type\" content=\"article\" \/>\n<meta property=\"og:title\" content=\"SET - HUGO mit Bird&#039;s Eye Chili - Raffinessen\" \/>\n<meta property=\"og:description\" content=\"versandkostenfrei\" \/>\n<meta property=\"og:url\" content=\"https:\/\/www.raffinessen.ch\/fr\/produit\/set-hugo-mit-birds-eye-chili\/\" \/>\n<meta property=\"og:site_name\" content=\"Raffinessen\" \/>\n<meta property=\"article:modified_time\" content=\"2025-01-28T08:28:49+00:00\" \/>\n<meta property=\"og:image\" content=\"https:\/\/www.raffinessen.ch\/webseite\/wp-content\/uploads\/2022\/12\/SET_HUGO-Birds-Eye-Chili.jpg\" \/>\n\t<meta property=\"og:image:width\" content=\"1500\" \/>\n\t<meta property=\"og:image:height\" content=\"1500\" \/>\n\t<meta property=\"og:image:type\" content=\"image\/jpeg\" \/>\n<meta name=\"twitter:card\" content=\"summary_large_image\" \/>\n<meta name=\"twitter:label1\" content=\"Dur\u00e9e de lecture estim\u00e9e\" \/>\n\t<meta name=\"twitter:data1\" content=\"2 minutes\" \/>\n<script type=\"application\/ld+json\" class=\"yoast-schema-graph\">{\"@context\":\"https:\\\/\\\/schema.org\",\"@graph\":[{\"@type\":\"WebPage\",\"@id\":\"https:\\\/\\\/www.raffinessen.ch\\\/produkt\\\/set-hugo-mit-birds-eye-chili\\\/\",\"url\":\"https:\\\/\\\/www.raffinessen.ch\\\/produkt\\\/set-hugo-mit-birds-eye-chili\\\/\",\"name\":\"SET - HUGO mit Bird's Eye Chili - Raffinessen\",\"isPartOf\":{\"@id\":\"https:\\\/\\\/www.raffinessen.ch\\\/#website\"},\"primaryImageOfPage\":{\"@id\":\"https:\\\/\\\/www.raffinessen.ch\\\/produkt\\\/set-hugo-mit-birds-eye-chili\\\/#primaryimage\"},\"image\":{\"@id\":\"https:\\\/\\\/www.raffinessen.ch\\\/produkt\\\/set-hugo-mit-birds-eye-chili\\\/#primaryimage\"},\"thumbnailUrl\":\"https:\\\/\\\/www.raffinessen.ch\\\/webseite\\\/wp-content\\\/uploads\\\/2022\\\/12\\\/SET_HUGO-Birds-Eye-Chili.jpg\",\"datePublished\":\"2022-12-17T16:23:52+00:00\",\"dateModified\":\"2025-01-28T08:28:49+00:00\",\"breadcrumb\":{\"@id\":\"https:\\\/\\\/www.raffinessen.ch\\\/produkt\\\/set-hugo-mit-birds-eye-chili\\\/#breadcrumb\"},\"inLanguage\":\"fr-FR\",\"potentialAction\":[{\"@type\":\"ReadAction\",\"target\":[\"https:\\\/\\\/www.raffinessen.ch\\\/produkt\\\/set-hugo-mit-birds-eye-chili\\\/\"]}]},{\"@type\":\"ImageObject\",\"inLanguage\":\"fr-FR\",\"@id\":\"https:\\\/\\\/www.raffinessen.ch\\\/produkt\\\/set-hugo-mit-birds-eye-chili\\\/#primaryimage\",\"url\":\"https:\\\/\\\/www.raffinessen.ch\\\/webseite\\\/wp-content\\\/uploads\\\/2022\\\/12\\\/SET_HUGO-Birds-Eye-Chili.jpg\",\"contentUrl\":\"https:\\\/\\\/www.raffinessen.ch\\\/webseite\\\/wp-content\\\/uploads\\\/2022\\\/12\\\/SET_HUGO-Birds-Eye-Chili.jpg\",\"width\":1500,\"height\":1500,\"caption\":\"Chili Vorschneidewerk\"},{\"@type\":\"BreadcrumbList\",\"@id\":\"https:\\\/\\\/www.raffinessen.ch\\\/produkt\\\/set-hugo-mit-birds-eye-chili\\\/#breadcrumb\",\"itemListElement\":[{\"@type\":\"ListItem\",\"position\":1,\"name\":\"Home\",\"item\":\"https:\\\/\\\/www.raffinessen.ch\\\/\"},{\"@type\":\"ListItem\",\"position\":2,\"name\":\"Shop\",\"item\":\"https:\\\/\\\/www.raffinessen.ch\\\/shop\\\/\"},{\"@type\":\"ListItem\",\"position\":3,\"name\":\"SET &#8211; HUGO mit Bird&#8217;s Eye Chili\"}]},{\"@type\":\"WebSite\",\"@id\":\"https:\\\/\\\/www.raffinessen.ch\\\/#website\",\"url\":\"https:\\\/\\\/www.raffinessen.ch\\\/\",\"name\":\"Raffinessen\",\"description\":\"roter und schwarzer Kampot Pfeffer - Gew\u00fcrze\",\"potentialAction\":[{\"@type\":\"SearchAction\",\"target\":{\"@type\":\"EntryPoint\",\"urlTemplate\":\"https:\\\/\\\/www.raffinessen.ch\\\/?s={search_term_string}\"},\"query-input\":{\"@type\":\"PropertyValueSpecification\",\"valueRequired\":true,\"valueName\":\"search_term_string\"}}],\"inLanguage\":\"fr-FR\"}]}<\/script>\n<!-- \/ Yoast SEO plugin. -->","yoast_head_json":{"title":"SET - HUGO mit Bird's Eye Chili - Raffinessen","robots":{"index":"index","follow":"follow","max-snippet":"max-snippet:-1","max-image-preview":"max-image-preview:large","max-video-preview":"max-video-preview:-1"},"canonical":"https:\/\/www.raffinessen.ch\/fr\/produit\/set-hugo-mit-birds-eye-chili\/","og_locale":"fr_FR","og_type":"article","og_title":"SET - HUGO mit Bird's Eye Chili - Raffinessen","og_description":"versandkostenfrei","og_url":"https:\/\/www.raffinessen.ch\/fr\/produit\/set-hugo-mit-birds-eye-chili\/","og_site_name":"Raffinessen","article_modified_time":"2025-01-28T08:28:49+00:00","og_image":[{"width":1500,"height":1500,"url":"https:\/\/www.raffinessen.ch\/webseite\/wp-content\/uploads\/2022\/12\/SET_HUGO-Birds-Eye-Chili.jpg","type":"image\/jpeg"}],"twitter_card":"summary_large_image","twitter_misc":{"Dur\u00e9e de lecture estim\u00e9e":"2 minutes"},"schema":{"@context":"https:\/\/schema.org","@graph":[{"@type":"WebPage","@id":"https:\/\/www.raffinessen.ch\/produkt\/set-hugo-mit-birds-eye-chili\/","url":"https:\/\/www.raffinessen.ch\/produkt\/set-hugo-mit-birds-eye-chili\/","name":"SET - HUGO mit Bird's Eye Chili - Raffinessen","isPartOf":{"@id":"https:\/\/www.raffinessen.ch\/#website"},"primaryImageOfPage":{"@id":"https:\/\/www.raffinessen.ch\/produkt\/set-hugo-mit-birds-eye-chili\/#primaryimage"},"image":{"@id":"https:\/\/www.raffinessen.ch\/produkt\/set-hugo-mit-birds-eye-chili\/#primaryimage"},"thumbnailUrl":"https:\/\/www.raffinessen.ch\/webseite\/wp-content\/uploads\/2022\/12\/SET_HUGO-Birds-Eye-Chili.jpg","datePublished":"2022-12-17T16:23:52+00:00","dateModified":"2025-01-28T08:28:49+00:00","breadcrumb":{"@id":"https:\/\/www.raffinessen.ch\/produkt\/set-hugo-mit-birds-eye-chili\/#breadcrumb"},"inLanguage":"fr-FR","potentialAction":[{"@type":"ReadAction","target":["https:\/\/www.raffinessen.ch\/produkt\/set-hugo-mit-birds-eye-chili\/"]}]},{"@type":"ImageObject","inLanguage":"fr-FR","@id":"https:\/\/www.raffinessen.ch\/produkt\/set-hugo-mit-birds-eye-chili\/#primaryimage","url":"https:\/\/www.raffinessen.ch\/webseite\/wp-content\/uploads\/2022\/12\/SET_HUGO-Birds-Eye-Chili.jpg","contentUrl":"https:\/\/www.raffinessen.ch\/webseite\/wp-content\/uploads\/2022\/12\/SET_HUGO-Birds-Eye-Chili.jpg","width":1500,"height":1500,"caption":"Chili Vorschneidewerk"},{"@type":"BreadcrumbList","@id":"https:\/\/www.raffinessen.ch\/produkt\/set-hugo-mit-birds-eye-chili\/#breadcrumb","itemListElement":[{"@type":"ListItem","position":1,"name":"Home","item":"https:\/\/www.raffinessen.ch\/"},{"@type":"ListItem","position":2,"name":"Shop","item":"https:\/\/www.raffinessen.ch\/shop\/"},{"@type":"ListItem","position":3,"name":"SET &#8211; HUGO mit Bird&#8217;s Eye Chili"}]},{"@type":"WebSite","@id":"https:\/\/www.raffinessen.ch\/#website","url":"https:\/\/www.raffinessen.ch\/","name":"Raffinements","description":"poivre de Kampot rouge et noir - \u00e9pices","potentialAction":[{"@type":"SearchAction","target":{"@type":"EntryPoint","urlTemplate":"https:\/\/www.raffinessen.ch\/?s={search_term_string}"},"query-input":{"@type":"PropertyValueSpecification","valueRequired":true,"valueName":"search_term_string"}}],"inLanguage":"fr-FR"}]}},"_links":{"self":[{"href":"https:\/\/www.raffinessen.ch\/fr\/wp-json\/wp\/v2\/product\/14781","targetHints":{"allow":["GET"]}}],"collection":[{"href":"https:\/\/www.raffinessen.ch\/fr\/wp-json\/wp\/v2\/product"}],"about":[{"href":"https:\/\/www.raffinessen.ch\/fr\/wp-json\/wp\/v2\/types\/product"}],"wp:featuredmedia":[{"embeddable":true,"href":"https:\/\/www.raffinessen.ch\/fr\/wp-json\/wp\/v2\/media\/14782"}],"wp:attachment":[{"href":"https:\/\/www.raffinessen.ch\/fr\/wp-json\/wp\/v2\/media?parent=14781"}],"wp:term":[{"taxonomy":"product_brand","embeddable":true,"href":"https:\/\/www.raffinessen.ch\/fr\/wp-json\/wp\/v2\/product_brand?post=14781"},{"taxonomy":"product_cat","embeddable":true,"href":"https:\/\/www.raffinessen.ch\/fr\/wp-json\/wp\/v2\/product_cat?post=14781"},{"taxonomy":"product_tag","embeddable":true,"href":"https:\/\/www.raffinessen.ch\/fr\/wp-json\/wp\/v2\/product_tag?post=14781"}],"curies":[{"name":"wp","href":"https:\/\/api.w.org\/{rel}","templated":true}]}}