{"id":14774,"date":"2022-12-17T17:02:10","date_gmt":"2022-12-17T16:02:10","guid":{"rendered":"https:\/\/www.raffinessen.ch\/?post_type=product&#038;p=14774"},"modified":"2026-01-08T17:47:02","modified_gmt":"2026-01-08T16:47:02","slug":"set-2x-toni","status":"publish","type":"product","link":"https:\/\/www.raffinessen.ch\/fr\/produit\/set-2x-toni\/","title":{"rendered":"SET - 2x TONI"},"content":{"rendered":"<p><strong>Contenu<\/strong><\/p>\n<ul>\n<li>1x Moulin \u00e0 \u00e9pices TONI Noyer suisse<\/li>\n<li>1x Moulin \u00e0 \u00e9pices TONI ch\u00eane rouge suisse<\/li>\n<li>1x Sachet protecteur d'ar\u00f4mes avec du gros sel marin de Kampot (60g)<\/li>\n<li>1x Aromaschutzbeutel mit rotem Kampot Pfeffer (Ernte 2025) (30g)<\/li>\n<li>Emballage cadeau avec ruban rouge<\/li>\n<\/ul>\n<p><strong>Moulin \u00e0 \u00e9pices TONI<\/strong><br \/>\nFormat : \u00f8 47mm, hauteur : 128mm<br \/>\nNaturels, au design cylindrique simple, nos moulins \u00e0 \u00e9pices sont fabriqu\u00e9s dans un atelier de tournage suisse \u00e0 partir d'essences de bois locales. Le c\u0153ur du moulin est le broyeur en c\u00e9ramique CrushCrind\u00a9 r\u00e9glable en continu et garanti 25 ans.<\/p>","protected":false},"excerpt":{"rendered":"<p><strong>sans frais de livraison<\/strong><\/p>","protected":false},"featured_media":14775,"template":"","meta":[],"product_brand":[],"product_cat":[1183,42],"product_tag":[],"class_list":{"0":"post-14774","1":"product","2":"type-product","3":"status-publish","4":"has-post-thumbnail","6":"product_cat-ab-chf-30","7":"product_cat-geschenksets","8":"tm-no-options","10":"first","11":"instock","12":"taxable","13":"shipping-taxable","14":"purchasable","15":"product-type-simple"},"yoast_head":"<!-- This site is optimized with the Yoast SEO plugin v27.5 - https:\/\/yoast.com\/product\/yoast-seo-wordpress\/ -->\n<title>SET - 2x TONI - Raffinessen<\/title>\n<meta name=\"robots\" content=\"index, follow, max-snippet:-1, max-image-preview:large, max-video-preview:-1\" \/>\n<link rel=\"canonical\" href=\"https:\/\/www.raffinessen.ch\/fr\/produit\/set-2x-toni\/\" \/>\n<meta property=\"og:locale\" content=\"fr_FR\" \/>\n<meta property=\"og:type\" content=\"article\" \/>\n<meta property=\"og:title\" content=\"SET - 2x TONI - Raffinessen\" \/>\n<meta property=\"og:description\" content=\"versandkostenfrei\" \/>\n<meta property=\"og:url\" content=\"https:\/\/www.raffinessen.ch\/fr\/produit\/set-2x-toni\/\" \/>\n<meta property=\"og:site_name\" content=\"Raffinessen\" \/>\n<meta property=\"article:modified_time\" content=\"2026-01-08T16:47:02+00:00\" \/>\n<meta property=\"og:image\" content=\"https:\/\/www.raffinessen.ch\/webseite\/wp-content\/uploads\/2022\/12\/SET_2x-TONI.jpg\" \/>\n\t<meta property=\"og:image:width\" content=\"1500\" \/>\n\t<meta property=\"og:image:height\" content=\"1500\" \/>\n\t<meta property=\"og:image:type\" content=\"image\/jpeg\" \/>\n<meta name=\"twitter:card\" content=\"summary_large_image\" \/>\n<meta name=\"twitter:label1\" content=\"Dur\u00e9e de lecture estim\u00e9e\" \/>\n\t<meta name=\"twitter:data1\" content=\"2 minutes\" \/>\n<script type=\"application\/ld+json\" class=\"yoast-schema-graph\">{\"@context\":\"https:\\\/\\\/schema.org\",\"@graph\":[{\"@type\":\"WebPage\",\"@id\":\"https:\\\/\\\/www.raffinessen.ch\\\/produkt\\\/set-2x-toni\\\/\",\"url\":\"https:\\\/\\\/www.raffinessen.ch\\\/produkt\\\/set-2x-toni\\\/\",\"name\":\"SET - 2x TONI - Raffinessen\",\"isPartOf\":{\"@id\":\"https:\\\/\\\/www.raffinessen.ch\\\/#website\"},\"primaryImageOfPage\":{\"@id\":\"https:\\\/\\\/www.raffinessen.ch\\\/produkt\\\/set-2x-toni\\\/#primaryimage\"},\"image\":{\"@id\":\"https:\\\/\\\/www.raffinessen.ch\\\/produkt\\\/set-2x-toni\\\/#primaryimage\"},\"thumbnailUrl\":\"https:\\\/\\\/www.raffinessen.ch\\\/webseite\\\/wp-content\\\/uploads\\\/2022\\\/12\\\/SET_2x-TONI.jpg\",\"datePublished\":\"2022-12-17T16:02:10+00:00\",\"dateModified\":\"2026-01-08T16:47:02+00:00\",\"breadcrumb\":{\"@id\":\"https:\\\/\\\/www.raffinessen.ch\\\/produkt\\\/set-2x-toni\\\/#breadcrumb\"},\"inLanguage\":\"fr-FR\",\"potentialAction\":[{\"@type\":\"ReadAction\",\"target\":[\"https:\\\/\\\/www.raffinessen.ch\\\/produkt\\\/set-2x-toni\\\/\"]}]},{\"@type\":\"ImageObject\",\"inLanguage\":\"fr-FR\",\"@id\":\"https:\\\/\\\/www.raffinessen.ch\\\/produkt\\\/set-2x-toni\\\/#primaryimage\",\"url\":\"https:\\\/\\\/www.raffinessen.ch\\\/webseite\\\/wp-content\\\/uploads\\\/2022\\\/12\\\/SET_2x-TONI.jpg\",\"contentUrl\":\"https:\\\/\\\/www.raffinessen.ch\\\/webseite\\\/wp-content\\\/uploads\\\/2022\\\/12\\\/SET_2x-TONI.jpg\",\"width\":1500,\"height\":1500,\"caption\":\"CrushGrind Keramikmahlwerk\"},{\"@type\":\"BreadcrumbList\",\"@id\":\"https:\\\/\\\/www.raffinessen.ch\\\/produkt\\\/set-2x-toni\\\/#breadcrumb\",\"itemListElement\":[{\"@type\":\"ListItem\",\"position\":1,\"name\":\"Home\",\"item\":\"https:\\\/\\\/www.raffinessen.ch\\\/\"},{\"@type\":\"ListItem\",\"position\":2,\"name\":\"Shop\",\"item\":\"https:\\\/\\\/www.raffinessen.ch\\\/shop\\\/\"},{\"@type\":\"ListItem\",\"position\":3,\"name\":\"SET &#8211; 2x TONI\"}]},{\"@type\":\"WebSite\",\"@id\":\"https:\\\/\\\/www.raffinessen.ch\\\/#website\",\"url\":\"https:\\\/\\\/www.raffinessen.ch\\\/\",\"name\":\"Raffinessen\",\"description\":\"roter und schwarzer Kampot Pfeffer - Gew\u00fcrze\",\"potentialAction\":[{\"@type\":\"SearchAction\",\"target\":{\"@type\":\"EntryPoint\",\"urlTemplate\":\"https:\\\/\\\/www.raffinessen.ch\\\/?s={search_term_string}\"},\"query-input\":{\"@type\":\"PropertyValueSpecification\",\"valueRequired\":true,\"valueName\":\"search_term_string\"}}],\"inLanguage\":\"fr-FR\"}]}<\/script>\n<!-- \/ Yoast SEO plugin. -->","yoast_head_json":{"title":"SET - 2x TONI - Raffinessen","robots":{"index":"index","follow":"follow","max-snippet":"max-snippet:-1","max-image-preview":"max-image-preview:large","max-video-preview":"max-video-preview:-1"},"canonical":"https:\/\/www.raffinessen.ch\/fr\/produit\/set-2x-toni\/","og_locale":"fr_FR","og_type":"article","og_title":"SET - 2x TONI - Raffinessen","og_description":"versandkostenfrei","og_url":"https:\/\/www.raffinessen.ch\/fr\/produit\/set-2x-toni\/","og_site_name":"Raffinessen","article_modified_time":"2026-01-08T16:47:02+00:00","og_image":[{"width":1500,"height":1500,"url":"https:\/\/www.raffinessen.ch\/webseite\/wp-content\/uploads\/2022\/12\/SET_2x-TONI.jpg","type":"image\/jpeg"}],"twitter_card":"summary_large_image","twitter_misc":{"Dur\u00e9e de lecture estim\u00e9e":"2 minutes"},"schema":{"@context":"https:\/\/schema.org","@graph":[{"@type":"WebPage","@id":"https:\/\/www.raffinessen.ch\/produkt\/set-2x-toni\/","url":"https:\/\/www.raffinessen.ch\/produkt\/set-2x-toni\/","name":"SET - 2x TONI - Raffinessen","isPartOf":{"@id":"https:\/\/www.raffinessen.ch\/#website"},"primaryImageOfPage":{"@id":"https:\/\/www.raffinessen.ch\/produkt\/set-2x-toni\/#primaryimage"},"image":{"@id":"https:\/\/www.raffinessen.ch\/produkt\/set-2x-toni\/#primaryimage"},"thumbnailUrl":"https:\/\/www.raffinessen.ch\/webseite\/wp-content\/uploads\/2022\/12\/SET_2x-TONI.jpg","datePublished":"2022-12-17T16:02:10+00:00","dateModified":"2026-01-08T16:47:02+00:00","breadcrumb":{"@id":"https:\/\/www.raffinessen.ch\/produkt\/set-2x-toni\/#breadcrumb"},"inLanguage":"fr-FR","potentialAction":[{"@type":"ReadAction","target":["https:\/\/www.raffinessen.ch\/produkt\/set-2x-toni\/"]}]},{"@type":"ImageObject","inLanguage":"fr-FR","@id":"https:\/\/www.raffinessen.ch\/produkt\/set-2x-toni\/#primaryimage","url":"https:\/\/www.raffinessen.ch\/webseite\/wp-content\/uploads\/2022\/12\/SET_2x-TONI.jpg","contentUrl":"https:\/\/www.raffinessen.ch\/webseite\/wp-content\/uploads\/2022\/12\/SET_2x-TONI.jpg","width":1500,"height":1500,"caption":"CrushGrind Keramikmahlwerk"},{"@type":"BreadcrumbList","@id":"https:\/\/www.raffinessen.ch\/produkt\/set-2x-toni\/#breadcrumb","itemListElement":[{"@type":"ListItem","position":1,"name":"Home","item":"https:\/\/www.raffinessen.ch\/"},{"@type":"ListItem","position":2,"name":"Shop","item":"https:\/\/www.raffinessen.ch\/shop\/"},{"@type":"ListItem","position":3,"name":"SET &#8211; 2x TONI"}]},{"@type":"WebSite","@id":"https:\/\/www.raffinessen.ch\/#website","url":"https:\/\/www.raffinessen.ch\/","name":"Raffinements","description":"poivre de Kampot rouge et noir - \u00e9pices","potentialAction":[{"@type":"SearchAction","target":{"@type":"EntryPoint","urlTemplate":"https:\/\/www.raffinessen.ch\/?s={search_term_string}"},"query-input":{"@type":"PropertyValueSpecification","valueRequired":true,"valueName":"search_term_string"}}],"inLanguage":"fr-FR"}]}},"_links":{"self":[{"href":"https:\/\/www.raffinessen.ch\/fr\/wp-json\/wp\/v2\/product\/14774","targetHints":{"allow":["GET"]}}],"collection":[{"href":"https:\/\/www.raffinessen.ch\/fr\/wp-json\/wp\/v2\/product"}],"about":[{"href":"https:\/\/www.raffinessen.ch\/fr\/wp-json\/wp\/v2\/types\/product"}],"wp:featuredmedia":[{"embeddable":true,"href":"https:\/\/www.raffinessen.ch\/fr\/wp-json\/wp\/v2\/media\/14775"}],"wp:attachment":[{"href":"https:\/\/www.raffinessen.ch\/fr\/wp-json\/wp\/v2\/media?parent=14774"}],"wp:term":[{"taxonomy":"product_brand","embeddable":true,"href":"https:\/\/www.raffinessen.ch\/fr\/wp-json\/wp\/v2\/product_brand?post=14774"},{"taxonomy":"product_cat","embeddable":true,"href":"https:\/\/www.raffinessen.ch\/fr\/wp-json\/wp\/v2\/product_cat?post=14774"},{"taxonomy":"product_tag","embeddable":true,"href":"https:\/\/www.raffinessen.ch\/fr\/wp-json\/wp\/v2\/product_tag?post=14774"}],"curies":[{"name":"wp","href":"https:\/\/api.w.org\/{rel}","templated":true}]}}