{"id":13689,"date":"2022-11-05T00:28:13","date_gmt":"2022-11-04T23:28:13","guid":{"rendered":"https:\/\/www.raffinessen.ch\/?post_type=product&#038;p=13689"},"modified":"2023-12-21T15:38:25","modified_gmt":"2023-12-21T14:38:25","slug":"scharfe-gemuesepaste-90g","status":"publish","type":"product","link":"https:\/\/www.raffinessen.ch\/fr\/produit\/scharfe-gemuesepaste-90g\/","title":{"rendered":"P\u00e2te de l\u00e9gumes \u00e9pic\u00e9e (90g)"},"content":{"rendered":"<p>Pour les peperoncini, ce n'est pas seulement le piquant qui compte, mais surtout le go\u00fbt. Les meilleurs piments italiens se trouvent \u00e0 Diamante, une ville portuaire de Calabre.<\/p>\n<p>Un piquant fruit\u00e9 et terreux, id\u00e9al pour les plats de p\u00e2tes, les soupes, les viandes, les pizzas et les bruschettas.<\/p>\n<p>Ingr\u00e9dients : Peperonicini 55%, poivrons, aubergines, carottes, artichauts, tomates s\u00e9ch\u00e9es, champignons, huile d'olive extra vierge, huile de tournesol, vinaigre de vin, sel.<\/p>\n<p>Le piment du Sud dans un emballage \"explosif\".<\/p>\n<p>Contenu : 90g<\/p>","protected":false},"excerpt":{"rendered":"<p>Bei den Peperoncini geht es nicht allein um die Sch\u00e4rfe, sondern vor allem um den Geschmack. Die besten italienischen Peperoncini gibt es in Diamante, einer Hafenstadt in Kalabrien. Ein fruchtig, erdiger Scharfmacher, ideal zu Nudelgerichten, Suppen, Fleisch, Pizza und Bruschette. Zutaten: Peperonicini 55%, Peperoni, Auberginen, Karotten, Artischocken, getrocknete Tomaten, Champignons, Oliven\u00f6l extra vergine, Sonnenblumen\u00f6l, Weinessig [&hellip;]<\/p>\n","protected":false},"featured_media":13693,"template":"","meta":[],"product_brand":[],"product_cat":[1165],"product_tag":[],"class_list":{"0":"post-13689","1":"product","2":"type-product","3":"status-publish","4":"has-post-thumbnail","6":"product_cat-gewuerze-einzeln","7":"tm-no-options","9":"first","10":"instock","11":"taxable","12":"shipping-taxable","13":"purchasable","14":"product-type-simple"},"yoast_head":"<!-- This site is optimized with the Yoast SEO plugin v27.5 - https:\/\/yoast.com\/product\/yoast-seo-wordpress\/ -->\n<title>Scharfe Gem\u00fcsepaste (90g) - Raffinessen<\/title>\n<meta name=\"robots\" content=\"index, follow, max-snippet:-1, max-image-preview:large, max-video-preview:-1\" \/>\n<link rel=\"canonical\" href=\"https:\/\/www.raffinessen.ch\/fr\/produit\/scharfe-gemuesepaste-90g\/\" \/>\n<meta property=\"og:locale\" content=\"fr_FR\" \/>\n<meta property=\"og:type\" content=\"article\" \/>\n<meta property=\"og:title\" content=\"Scharfe Gem\u00fcsepaste (90g) - Raffinessen\" \/>\n<meta property=\"og:description\" content=\"Bei den Peperoncini geht es nicht allein um die Sch\u00e4rfe, sondern vor allem um den Geschmack. Die besten italienischen Peperoncini gibt es in Diamante, einer Hafenstadt in Kalabrien. Ein fruchtig, erdiger Scharfmacher, ideal zu Nudelgerichten, Suppen, Fleisch, Pizza und Bruschette. Zutaten: Peperonicini 55%, Peperoni, Auberginen, Karotten, Artischocken, getrocknete Tomaten, Champignons, Oliven\u00f6l extra vergine, Sonnenblumen\u00f6l, Weinessig [&hellip;]\" \/>\n<meta property=\"og:url\" content=\"https:\/\/www.raffinessen.ch\/fr\/produit\/scharfe-gemuesepaste-90g\/\" \/>\n<meta property=\"og:site_name\" content=\"Raffinessen\" \/>\n<meta property=\"article:modified_time\" content=\"2023-12-21T14:38:25+00:00\" \/>\n<meta property=\"og:image\" content=\"https:\/\/www.raffinessen.ch\/webseite\/wp-content\/uploads\/2022\/11\/Peperoncinocreme_Dinamite_90g_2000x2000.jpg\" \/>\n\t<meta property=\"og:image:width\" content=\"2000\" \/>\n\t<meta property=\"og:image:height\" content=\"2000\" \/>\n\t<meta property=\"og:image:type\" content=\"image\/jpeg\" \/>\n<meta name=\"twitter:card\" content=\"summary_large_image\" \/>\n<meta name=\"twitter:label1\" content=\"Dur\u00e9e de lecture estim\u00e9e\" \/>\n\t<meta name=\"twitter:data1\" content=\"1 minute\" \/>\n<script type=\"application\/ld+json\" class=\"yoast-schema-graph\">{\"@context\":\"https:\\\/\\\/schema.org\",\"@graph\":[{\"@type\":\"WebPage\",\"@id\":\"https:\\\/\\\/www.raffinessen.ch\\\/produkt\\\/scharfe-gemuesepaste-90g\\\/\",\"url\":\"https:\\\/\\\/www.raffinessen.ch\\\/produkt\\\/scharfe-gemuesepaste-90g\\\/\",\"name\":\"Scharfe Gem\u00fcsepaste (90g) - Raffinessen\",\"isPartOf\":{\"@id\":\"https:\\\/\\\/www.raffinessen.ch\\\/#website\"},\"primaryImageOfPage\":{\"@id\":\"https:\\\/\\\/www.raffinessen.ch\\\/produkt\\\/scharfe-gemuesepaste-90g\\\/#primaryimage\"},\"image\":{\"@id\":\"https:\\\/\\\/www.raffinessen.ch\\\/produkt\\\/scharfe-gemuesepaste-90g\\\/#primaryimage\"},\"thumbnailUrl\":\"https:\\\/\\\/www.raffinessen.ch\\\/webseite\\\/wp-content\\\/uploads\\\/2022\\\/11\\\/Peperoncinocreme_Dinamite_90g_2000x2000.jpg\",\"datePublished\":\"2022-11-04T23:28:13+00:00\",\"dateModified\":\"2023-12-21T14:38:25+00:00\",\"breadcrumb\":{\"@id\":\"https:\\\/\\\/www.raffinessen.ch\\\/produkt\\\/scharfe-gemuesepaste-90g\\\/#breadcrumb\"},\"inLanguage\":\"fr-FR\",\"potentialAction\":[{\"@type\":\"ReadAction\",\"target\":[\"https:\\\/\\\/www.raffinessen.ch\\\/produkt\\\/scharfe-gemuesepaste-90g\\\/\"]}]},{\"@type\":\"ImageObject\",\"inLanguage\":\"fr-FR\",\"@id\":\"https:\\\/\\\/www.raffinessen.ch\\\/produkt\\\/scharfe-gemuesepaste-90g\\\/#primaryimage\",\"url\":\"https:\\\/\\\/www.raffinessen.ch\\\/webseite\\\/wp-content\\\/uploads\\\/2022\\\/11\\\/Peperoncinocreme_Dinamite_90g_2000x2000.jpg\",\"contentUrl\":\"https:\\\/\\\/www.raffinessen.ch\\\/webseite\\\/wp-content\\\/uploads\\\/2022\\\/11\\\/Peperoncinocreme_Dinamite_90g_2000x2000.jpg\",\"width\":2000,\"height\":2000},{\"@type\":\"BreadcrumbList\",\"@id\":\"https:\\\/\\\/www.raffinessen.ch\\\/produkt\\\/scharfe-gemuesepaste-90g\\\/#breadcrumb\",\"itemListElement\":[{\"@type\":\"ListItem\",\"position\":1,\"name\":\"Home\",\"item\":\"https:\\\/\\\/www.raffinessen.ch\\\/\"},{\"@type\":\"ListItem\",\"position\":2,\"name\":\"Shop\",\"item\":\"https:\\\/\\\/www.raffinessen.ch\\\/shop\\\/\"},{\"@type\":\"ListItem\",\"position\":3,\"name\":\"Scharfe Gem\u00fcsepaste (90g)\"}]},{\"@type\":\"WebSite\",\"@id\":\"https:\\\/\\\/www.raffinessen.ch\\\/#website\",\"url\":\"https:\\\/\\\/www.raffinessen.ch\\\/\",\"name\":\"Raffinessen\",\"description\":\"roter und schwarzer Kampot Pfeffer - Gew\u00fcrze\",\"potentialAction\":[{\"@type\":\"SearchAction\",\"target\":{\"@type\":\"EntryPoint\",\"urlTemplate\":\"https:\\\/\\\/www.raffinessen.ch\\\/?s={search_term_string}\"},\"query-input\":{\"@type\":\"PropertyValueSpecification\",\"valueRequired\":true,\"valueName\":\"search_term_string\"}}],\"inLanguage\":\"fr-FR\"}]}<\/script>\n<!-- \/ Yoast SEO plugin. -->","yoast_head_json":{"title":"Scharfe Gem\u00fcsepaste (90g) - Raffinessen","robots":{"index":"index","follow":"follow","max-snippet":"max-snippet:-1","max-image-preview":"max-image-preview:large","max-video-preview":"max-video-preview:-1"},"canonical":"https:\/\/www.raffinessen.ch\/fr\/produit\/scharfe-gemuesepaste-90g\/","og_locale":"fr_FR","og_type":"article","og_title":"Scharfe Gem\u00fcsepaste (90g) - Raffinessen","og_description":"Bei den Peperoncini geht es nicht allein um die Sch\u00e4rfe, sondern vor allem um den Geschmack. Die besten italienischen Peperoncini gibt es in Diamante, einer Hafenstadt in Kalabrien. Ein fruchtig, erdiger Scharfmacher, ideal zu Nudelgerichten, Suppen, Fleisch, Pizza und Bruschette. Zutaten: Peperonicini 55%, Peperoni, Auberginen, Karotten, Artischocken, getrocknete Tomaten, Champignons, Oliven\u00f6l extra vergine, Sonnenblumen\u00f6l, Weinessig [&hellip;]","og_url":"https:\/\/www.raffinessen.ch\/fr\/produit\/scharfe-gemuesepaste-90g\/","og_site_name":"Raffinessen","article_modified_time":"2023-12-21T14:38:25+00:00","og_image":[{"width":2000,"height":2000,"url":"https:\/\/www.raffinessen.ch\/webseite\/wp-content\/uploads\/2022\/11\/Peperoncinocreme_Dinamite_90g_2000x2000.jpg","type":"image\/jpeg"}],"twitter_card":"summary_large_image","twitter_misc":{"Dur\u00e9e de lecture estim\u00e9e":"1 minute"},"schema":{"@context":"https:\/\/schema.org","@graph":[{"@type":"WebPage","@id":"https:\/\/www.raffinessen.ch\/produkt\/scharfe-gemuesepaste-90g\/","url":"https:\/\/www.raffinessen.ch\/produkt\/scharfe-gemuesepaste-90g\/","name":"Scharfe Gem\u00fcsepaste (90g) - Raffinessen","isPartOf":{"@id":"https:\/\/www.raffinessen.ch\/#website"},"primaryImageOfPage":{"@id":"https:\/\/www.raffinessen.ch\/produkt\/scharfe-gemuesepaste-90g\/#primaryimage"},"image":{"@id":"https:\/\/www.raffinessen.ch\/produkt\/scharfe-gemuesepaste-90g\/#primaryimage"},"thumbnailUrl":"https:\/\/www.raffinessen.ch\/webseite\/wp-content\/uploads\/2022\/11\/Peperoncinocreme_Dinamite_90g_2000x2000.jpg","datePublished":"2022-11-04T23:28:13+00:00","dateModified":"2023-12-21T14:38:25+00:00","breadcrumb":{"@id":"https:\/\/www.raffinessen.ch\/produkt\/scharfe-gemuesepaste-90g\/#breadcrumb"},"inLanguage":"fr-FR","potentialAction":[{"@type":"ReadAction","target":["https:\/\/www.raffinessen.ch\/produkt\/scharfe-gemuesepaste-90g\/"]}]},{"@type":"ImageObject","inLanguage":"fr-FR","@id":"https:\/\/www.raffinessen.ch\/produkt\/scharfe-gemuesepaste-90g\/#primaryimage","url":"https:\/\/www.raffinessen.ch\/webseite\/wp-content\/uploads\/2022\/11\/Peperoncinocreme_Dinamite_90g_2000x2000.jpg","contentUrl":"https:\/\/www.raffinessen.ch\/webseite\/wp-content\/uploads\/2022\/11\/Peperoncinocreme_Dinamite_90g_2000x2000.jpg","width":2000,"height":2000},{"@type":"BreadcrumbList","@id":"https:\/\/www.raffinessen.ch\/produkt\/scharfe-gemuesepaste-90g\/#breadcrumb","itemListElement":[{"@type":"ListItem","position":1,"name":"Home","item":"https:\/\/www.raffinessen.ch\/"},{"@type":"ListItem","position":2,"name":"Shop","item":"https:\/\/www.raffinessen.ch\/shop\/"},{"@type":"ListItem","position":3,"name":"Scharfe Gem\u00fcsepaste (90g)"}]},{"@type":"WebSite","@id":"https:\/\/www.raffinessen.ch\/#website","url":"https:\/\/www.raffinessen.ch\/","name":"Raffinements","description":"poivre de Kampot rouge et noir - \u00e9pices","potentialAction":[{"@type":"SearchAction","target":{"@type":"EntryPoint","urlTemplate":"https:\/\/www.raffinessen.ch\/?s={search_term_string}"},"query-input":{"@type":"PropertyValueSpecification","valueRequired":true,"valueName":"search_term_string"}}],"inLanguage":"fr-FR"}]}},"_links":{"self":[{"href":"https:\/\/www.raffinessen.ch\/fr\/wp-json\/wp\/v2\/product\/13689","targetHints":{"allow":["GET"]}}],"collection":[{"href":"https:\/\/www.raffinessen.ch\/fr\/wp-json\/wp\/v2\/product"}],"about":[{"href":"https:\/\/www.raffinessen.ch\/fr\/wp-json\/wp\/v2\/types\/product"}],"wp:featuredmedia":[{"embeddable":true,"href":"https:\/\/www.raffinessen.ch\/fr\/wp-json\/wp\/v2\/media\/13693"}],"wp:attachment":[{"href":"https:\/\/www.raffinessen.ch\/fr\/wp-json\/wp\/v2\/media?parent=13689"}],"wp:term":[{"taxonomy":"product_brand","embeddable":true,"href":"https:\/\/www.raffinessen.ch\/fr\/wp-json\/wp\/v2\/product_brand?post=13689"},{"taxonomy":"product_cat","embeddable":true,"href":"https:\/\/www.raffinessen.ch\/fr\/wp-json\/wp\/v2\/product_cat?post=13689"},{"taxonomy":"product_tag","embeddable":true,"href":"https:\/\/www.raffinessen.ch\/fr\/wp-json\/wp\/v2\/product_tag?post=13689"}],"curies":[{"name":"wp","href":"https:\/\/api.w.org\/{rel}","templated":true}]}}