{"id":10080,"date":"2021-12-11T09:06:27","date_gmt":"2021-12-11T08:06:27","guid":{"rendered":"https:\/\/www.raffinessen.ch\/?post_type=product&#038;p=10080"},"modified":"2022-12-30T09:21:00","modified_gmt":"2022-12-30T08:21:00","slug":"gutschein-50","status":"publish","type":"product","link":"https:\/\/www.raffinessen.ch\/fr\/produit\/gutschein-50\/","title":{"rendered":"Bon d'achat 50"},"content":{"rendered":"<p><strong>Bon d'une valeur de CHF 50.00<\/strong><\/p>\n<p>Nous ajoutons gratuitement une carte postale au format A6 avec une photo de l'artiste cambodgien Sokhom.<\/p>\n<p>Valable dans la boutique en ligne de Raffinessen.ch. Valable 5 ans \u00e0 partir de la date d'\u00e9mission. Le bon ne peut pas \u00eatre pay\u00e9 en esp\u00e8ces.<\/p>","protected":false},"excerpt":{"rendered":"<p>Gutschein im Wert von CHF 50.00 Eine Postkarte im Format A6 mit einem Bild vom kambodschanischen K\u00fcnstler Sokhom legen wir kostenlos dazu. Einl\u00f6sbar im Onlineshop von Raffinessen.ch. G\u00fcltig 5 Jahre ab Ausstelldatum. Der Gutschein kann nicht bar ausbezahlt werden.<\/p>","protected":false},"featured_media":10076,"template":"","meta":[],"product_brand":[],"product_cat":[1183,42],"product_tag":[],"class_list":{"0":"post-10080","1":"product","2":"type-product","3":"status-publish","4":"has-post-thumbnail","6":"product_cat-ab-chf-30","7":"product_cat-geschenksets","8":"product_shipping_class-gratis-versand","9":"tm-no-options","11":"first","12":"instock","13":"taxable","14":"shipping-taxable","15":"purchasable","16":"product-type-simple"},"yoast_head":"<!-- This site is optimized with the Yoast SEO plugin v27.5 - https:\/\/yoast.com\/product\/yoast-seo-wordpress\/ -->\n<title>Gutschein 50 - Raffinessen<\/title>\n<meta name=\"robots\" content=\"index, follow, max-snippet:-1, max-image-preview:large, max-video-preview:-1\" \/>\n<link rel=\"canonical\" href=\"https:\/\/www.raffinessen.ch\/fr\/produit\/gutschein-50\/\" \/>\n<meta property=\"og:locale\" content=\"fr_FR\" \/>\n<meta property=\"og:type\" content=\"article\" \/>\n<meta property=\"og:title\" content=\"Gutschein 50 - Raffinessen\" \/>\n<meta property=\"og:description\" content=\"Gutschein im Wert von CHF 50.00 Eine Postkarte im Format A6 mit einem Bild vom kambodschanischen K\u00fcnstler Sokhom legen wir kostenlos dazu. Einl\u00f6sbar im Onlineshop von Raffinessen.ch. G\u00fcltig 5 Jahre ab Ausstelldatum. Der Gutschein kann nicht bar ausbezahlt werden.\" \/>\n<meta property=\"og:url\" content=\"https:\/\/www.raffinessen.ch\/fr\/produit\/gutschein-50\/\" \/>\n<meta property=\"og:site_name\" content=\"Raffinessen\" \/>\n<meta property=\"article:modified_time\" content=\"2022-12-30T08:21:00+00:00\" \/>\n<meta property=\"og:image\" content=\"https:\/\/www.raffinessen.ch\/webseite\/wp-content\/uploads\/2021\/12\/Gutschein-50.jpg\" \/>\n\t<meta property=\"og:image:width\" content=\"1500\" \/>\n\t<meta property=\"og:image:height\" content=\"1500\" \/>\n\t<meta property=\"og:image:type\" content=\"image\/jpeg\" \/>\n<meta name=\"twitter:card\" content=\"summary_large_image\" \/>\n<meta name=\"twitter:label1\" content=\"Dur\u00e9e de lecture estim\u00e9e\" \/>\n\t<meta name=\"twitter:data1\" content=\"1 minute\" \/>\n<script type=\"application\/ld+json\" class=\"yoast-schema-graph\">{\"@context\":\"https:\\\/\\\/schema.org\",\"@graph\":[{\"@type\":\"WebPage\",\"@id\":\"https:\\\/\\\/www.raffinessen.ch\\\/produkt\\\/gutschein-50\\\/\",\"url\":\"https:\\\/\\\/www.raffinessen.ch\\\/produkt\\\/gutschein-50\\\/\",\"name\":\"Gutschein 50 - Raffinessen\",\"isPartOf\":{\"@id\":\"https:\\\/\\\/www.raffinessen.ch\\\/#website\"},\"primaryImageOfPage\":{\"@id\":\"https:\\\/\\\/www.raffinessen.ch\\\/produkt\\\/gutschein-50\\\/#primaryimage\"},\"image\":{\"@id\":\"https:\\\/\\\/www.raffinessen.ch\\\/produkt\\\/gutschein-50\\\/#primaryimage\"},\"thumbnailUrl\":\"https:\\\/\\\/www.raffinessen.ch\\\/webseite\\\/wp-content\\\/uploads\\\/2021\\\/12\\\/Gutschein-50.jpg\",\"datePublished\":\"2021-12-11T08:06:27+00:00\",\"dateModified\":\"2022-12-30T08:21:00+00:00\",\"breadcrumb\":{\"@id\":\"https:\\\/\\\/www.raffinessen.ch\\\/produkt\\\/gutschein-50\\\/#breadcrumb\"},\"inLanguage\":\"fr-FR\",\"potentialAction\":[{\"@type\":\"ReadAction\",\"target\":[\"https:\\\/\\\/www.raffinessen.ch\\\/produkt\\\/gutschein-50\\\/\"]}]},{\"@type\":\"ImageObject\",\"inLanguage\":\"fr-FR\",\"@id\":\"https:\\\/\\\/www.raffinessen.ch\\\/produkt\\\/gutschein-50\\\/#primaryimage\",\"url\":\"https:\\\/\\\/www.raffinessen.ch\\\/webseite\\\/wp-content\\\/uploads\\\/2021\\\/12\\\/Gutschein-50.jpg\",\"contentUrl\":\"https:\\\/\\\/www.raffinessen.ch\\\/webseite\\\/wp-content\\\/uploads\\\/2021\\\/12\\\/Gutschein-50.jpg\",\"width\":1500,\"height\":1500},{\"@type\":\"BreadcrumbList\",\"@id\":\"https:\\\/\\\/www.raffinessen.ch\\\/produkt\\\/gutschein-50\\\/#breadcrumb\",\"itemListElement\":[{\"@type\":\"ListItem\",\"position\":1,\"name\":\"Home\",\"item\":\"https:\\\/\\\/www.raffinessen.ch\\\/\"},{\"@type\":\"ListItem\",\"position\":2,\"name\":\"Shop\",\"item\":\"https:\\\/\\\/www.raffinessen.ch\\\/shop\\\/\"},{\"@type\":\"ListItem\",\"position\":3,\"name\":\"Gutschein 50\"}]},{\"@type\":\"WebSite\",\"@id\":\"https:\\\/\\\/www.raffinessen.ch\\\/#website\",\"url\":\"https:\\\/\\\/www.raffinessen.ch\\\/\",\"name\":\"Raffinessen\",\"description\":\"roter und schwarzer Kampot Pfeffer - Gew\u00fcrze\",\"potentialAction\":[{\"@type\":\"SearchAction\",\"target\":{\"@type\":\"EntryPoint\",\"urlTemplate\":\"https:\\\/\\\/www.raffinessen.ch\\\/?s={search_term_string}\"},\"query-input\":{\"@type\":\"PropertyValueSpecification\",\"valueRequired\":true,\"valueName\":\"search_term_string\"}}],\"inLanguage\":\"fr-FR\"}]}<\/script>\n<!-- \/ Yoast SEO plugin. -->","yoast_head_json":{"title":"Gutschein 50 - Raffinessen","robots":{"index":"index","follow":"follow","max-snippet":"max-snippet:-1","max-image-preview":"max-image-preview:large","max-video-preview":"max-video-preview:-1"},"canonical":"https:\/\/www.raffinessen.ch\/fr\/produit\/gutschein-50\/","og_locale":"fr_FR","og_type":"article","og_title":"Gutschein 50 - Raffinessen","og_description":"Gutschein im Wert von CHF 50.00 Eine Postkarte im Format A6 mit einem Bild vom kambodschanischen K\u00fcnstler Sokhom legen wir kostenlos dazu. Einl\u00f6sbar im Onlineshop von Raffinessen.ch. G\u00fcltig 5 Jahre ab Ausstelldatum. Der Gutschein kann nicht bar ausbezahlt werden.","og_url":"https:\/\/www.raffinessen.ch\/fr\/produit\/gutschein-50\/","og_site_name":"Raffinessen","article_modified_time":"2022-12-30T08:21:00+00:00","og_image":[{"width":1500,"height":1500,"url":"https:\/\/www.raffinessen.ch\/webseite\/wp-content\/uploads\/2021\/12\/Gutschein-50.jpg","type":"image\/jpeg"}],"twitter_card":"summary_large_image","twitter_misc":{"Dur\u00e9e de lecture estim\u00e9e":"1 minute"},"schema":{"@context":"https:\/\/schema.org","@graph":[{"@type":"WebPage","@id":"https:\/\/www.raffinessen.ch\/produkt\/gutschein-50\/","url":"https:\/\/www.raffinessen.ch\/produkt\/gutschein-50\/","name":"Gutschein 50 - Raffinessen","isPartOf":{"@id":"https:\/\/www.raffinessen.ch\/#website"},"primaryImageOfPage":{"@id":"https:\/\/www.raffinessen.ch\/produkt\/gutschein-50\/#primaryimage"},"image":{"@id":"https:\/\/www.raffinessen.ch\/produkt\/gutschein-50\/#primaryimage"},"thumbnailUrl":"https:\/\/www.raffinessen.ch\/webseite\/wp-content\/uploads\/2021\/12\/Gutschein-50.jpg","datePublished":"2021-12-11T08:06:27+00:00","dateModified":"2022-12-30T08:21:00+00:00","breadcrumb":{"@id":"https:\/\/www.raffinessen.ch\/produkt\/gutschein-50\/#breadcrumb"},"inLanguage":"fr-FR","potentialAction":[{"@type":"ReadAction","target":["https:\/\/www.raffinessen.ch\/produkt\/gutschein-50\/"]}]},{"@type":"ImageObject","inLanguage":"fr-FR","@id":"https:\/\/www.raffinessen.ch\/produkt\/gutschein-50\/#primaryimage","url":"https:\/\/www.raffinessen.ch\/webseite\/wp-content\/uploads\/2021\/12\/Gutschein-50.jpg","contentUrl":"https:\/\/www.raffinessen.ch\/webseite\/wp-content\/uploads\/2021\/12\/Gutschein-50.jpg","width":1500,"height":1500},{"@type":"BreadcrumbList","@id":"https:\/\/www.raffinessen.ch\/produkt\/gutschein-50\/#breadcrumb","itemListElement":[{"@type":"ListItem","position":1,"name":"Home","item":"https:\/\/www.raffinessen.ch\/"},{"@type":"ListItem","position":2,"name":"Shop","item":"https:\/\/www.raffinessen.ch\/shop\/"},{"@type":"ListItem","position":3,"name":"Gutschein 50"}]},{"@type":"WebSite","@id":"https:\/\/www.raffinessen.ch\/#website","url":"https:\/\/www.raffinessen.ch\/","name":"Raffinements","description":"poivre de Kampot rouge et noir - \u00e9pices","potentialAction":[{"@type":"SearchAction","target":{"@type":"EntryPoint","urlTemplate":"https:\/\/www.raffinessen.ch\/?s={search_term_string}"},"query-input":{"@type":"PropertyValueSpecification","valueRequired":true,"valueName":"search_term_string"}}],"inLanguage":"fr-FR"}]}},"_links":{"self":[{"href":"https:\/\/www.raffinessen.ch\/fr\/wp-json\/wp\/v2\/product\/10080","targetHints":{"allow":["GET"]}}],"collection":[{"href":"https:\/\/www.raffinessen.ch\/fr\/wp-json\/wp\/v2\/product"}],"about":[{"href":"https:\/\/www.raffinessen.ch\/fr\/wp-json\/wp\/v2\/types\/product"}],"wp:featuredmedia":[{"embeddable":true,"href":"https:\/\/www.raffinessen.ch\/fr\/wp-json\/wp\/v2\/media\/10076"}],"wp:attachment":[{"href":"https:\/\/www.raffinessen.ch\/fr\/wp-json\/wp\/v2\/media?parent=10080"}],"wp:term":[{"taxonomy":"product_brand","embeddable":true,"href":"https:\/\/www.raffinessen.ch\/fr\/wp-json\/wp\/v2\/product_brand?post=10080"},{"taxonomy":"product_cat","embeddable":true,"href":"https:\/\/www.raffinessen.ch\/fr\/wp-json\/wp\/v2\/product_cat?post=10080"},{"taxonomy":"product_tag","embeddable":true,"href":"https:\/\/www.raffinessen.ch\/fr\/wp-json\/wp\/v2\/product_tag?post=10080"}],"curies":[{"name":"wp","href":"https:\/\/api.w.org\/{rel}","templated":true}]}}