{"id":819,"date":"2016-03-19T14:34:13","date_gmt":"2016-03-19T13:34:13","guid":{"rendered":"https:\/\/raffinessen.ch\/webseite\/?page_id=819"},"modified":"2020-10-19T15:22:40","modified_gmt":"2020-10-19T13:22:40","slug":"impressum-und-datenschutz","status":"publish","type":"page","link":"https:\/\/www.raffinessen.ch\/fr\/impressum-und-datenschutz\/","title":{"rendered":"Mentions l\u00e9gales et protection des donn\u00e9es"},"content":{"rendered":"<style type=\"text\/css\" data-created_by=\"avia_inline_auto\" id=\"style-css-av-su303-c0fd58ed2fbbdf13f01fa4dbbde90add\">\n.flex_column.av-su303-c0fd58ed2fbbdf13f01fa4dbbde90add{\nborder-radius:0px 0px 0px 0px;\npadding:0px 0px 0px 0px;\n}\n<\/style>\n<div  class='flex_column av-su303-c0fd58ed2fbbdf13f01fa4dbbde90add av_three_fourth  avia-builder-el-0  el_before_av_three_fourth  avia-builder-el-first  first flex_column_div av-zero-column-padding'     ><style type=\"text\/css\" data-created_by=\"avia_inline_auto\" id=\"style-css-av-jhlz7a50-1bbbbd9fac9c39b130697caec4e51b3d\">\n#top .av-special-heading.av-jhlz7a50-1bbbbd9fac9c39b130697caec4e51b3d{\npadding-bottom:10px;\n}\nbody .av-special-heading.av-jhlz7a50-1bbbbd9fac9c39b130697caec4e51b3d .av-special-heading-tag .heading-char{\nfont-size:25px;\n}\n.av-special-heading.av-jhlz7a50-1bbbbd9fac9c39b130697caec4e51b3d .av-subheading{\nfont-size:15px;\n}\n<\/style>\n<div  class='av-special-heading av-jhlz7a50-1bbbbd9fac9c39b130697caec4e51b3d av-special-heading-h1 blockquote modern-quote  avia-builder-el-1  avia-builder-el-no-sibling'><h1 class='av-special-heading-tag'  itemprop=\"headline\"  >Mentions l\u00e9gales et protection des donn\u00e9es<\/h1><div class=\"special-heading-border\"><div class=\"special-heading-inner-border\"><\/div><\/div><\/div><\/div>\n\n<style type=\"text\/css\" data-created_by=\"avia_inline_auto\" id=\"style-css-av-h4le3-cd140f16ed7f23d5023174cccff6af04\">\n.flex_column.av-h4le3-cd140f16ed7f23d5023174cccff6af04{\nborder-radius:0px 0px 0px 0px;\npadding:0px 0px 0px 0px;\n}\n<\/style>\n<div  class='flex_column av-h4le3-cd140f16ed7f23d5023174cccff6af04 av_three_fourth  avia-builder-el-2  el_after_av_three_fourth  avia-builder-el-last  first flex_column_div av-zero-column-padding  column-top-margin'     ><section  class='av_textblock_section av-6lzrf-556f5c33613e2327b291ae6317e41ee6'   itemscope=\"itemscope\" itemtype=\"https:\/\/schema.org\/CreativeWork\" ><div class='avia_textblock'  itemprop=\"text\" ><h3>Adresse de contact<\/h3>\n<p>Raffinessen.ch GmbH<br \/>\n84, rue de la Vall\u00e9e de la Luter<br \/>\n3065 Bolligen<br \/>\n031 535 33 68<br \/>info@raffinessen.ch<\/p>\n<h3>Personnes autoris\u00e9es \u00e0 repr\u00e9senter l'association<\/h3>\n<p>Markus Lehmann - Directeur g\u00e9n\u00e9ral<\/p>\n<h3>Inscription au registre du commerce<\/h3>\n<p>Nom de l'entreprise enregistr\u00e9e : raffinessen.ch GmbH<br \/>\nNum\u00e9ro : CHE-113.730.812<br \/>\nBureau du registre du commerce : Bolligen<\/p>\n<h3>Num\u00e9ro de TVA<\/h3>\n<p>CHE-113.730.812 TVA<\/p>\n<h3>Clause de non-responsabilit\u00e9<\/h3>\n<p>L'auteur n'assume aucune responsabilit\u00e9 quant \u00e0 la v\u00e9racit\u00e9, l'exactitude, l'actualit\u00e9, la fiabilit\u00e9 et l'exhaustivit\u00e9 du contenu des informations.<\/p>\n<p>L'auteur ne saurait \u00eatre tenu pour responsable des dommages mat\u00e9riels ou immat\u00e9riels qui pourraient \u00eatre caus\u00e9s par l'acc\u00e8s aux informations diffus\u00e9es ou par leur utilisation ou non-utilisation, par le mauvais usage de la connexion ou par des probl\u00e8mes techniques.<\/p>\n<p>Toutes les offres sont sans engagement. L'auteur se r\u00e9serve express\u00e9ment le droit de modifier, de compl\u00e9ter ou de supprimer des parties de pages ou l'ensemble de l'offre sans avis pr\u00e9alable, ou d'en suspendre temporairement ou d\u00e9finitivement la publication.<\/p>\n<h3>Responsabilit\u00e9 pour les liens<\/h3>\n<p>Les renvois et liens vers des sites web de tiers ne rel\u00e8vent pas de notre responsabilit\u00e9. Nous d\u00e9clinons toute responsabilit\u00e9 pour de tels sites web. L'acc\u00e8s \u00e0 de tels sites et leur utilisation se font aux risques et p\u00e9rils de l'utilisateur ou de l'utilisatrice.<\/p>\n<h3>Droits d'auteur<\/h3>\n<p>Les droits d'auteur et tous les autres droits li\u00e9s aux contenus, images, photos ou autres fichiers pr\u00e9sents sur le site web sont la propri\u00e9t\u00e9 exclusive de l'auteur. <strong>de l'entreprise raffinessen.ch<\/strong> ou aux titulaires de droits sp\u00e9cifiquement cit\u00e9s. Pour la reproduction de tout \u00e9l\u00e9ment, l'autorisation \u00e9crite des d\u00e9tenteurs des droits d'auteur doit \u00eatre obtenue au pr\u00e9alable.<\/p>\n<h3>Protection des donn\u00e9es<\/h3>\n<p>En vertu de l'article 13 de la Constitution f\u00e9d\u00e9rale suisse et des dispositions f\u00e9d\u00e9rales relatives \u00e0 la protection des donn\u00e9es (loi sur la protection des donn\u00e9es, LPD), toute personne a droit \u00e0 la protection de sa sph\u00e8re priv\u00e9e ainsi qu'\u00e0 la protection contre l'emploi abusif de ses donn\u00e9es personnelles. Nous respectons ces dispositions. Les donn\u00e9es personnelles sont trait\u00e9es de mani\u00e8re strictement confidentielle et ne sont ni vendues ni transmises \u00e0 des tiers.<\/p>\n<p>En \u00e9troite collaboration avec nos h\u00e9bergeurs, nous nous effor\u00e7ons de prot\u00e9ger autant que possible les bases de donn\u00e9es contre les acc\u00e8s \u00e9trangers, les pertes, les abus ou les falsifications.<\/p>\n<p>Lors de l'acc\u00e8s \u00e0 nos pages web, les donn\u00e9es suivantes sont enregistr\u00e9es dans des fichiers journaux : Adresse IP, date, heure, demande de navigateur et informations g\u00e9n\u00e9rales transmises sur le syst\u00e8me d'exploitation ou le navigateur. Ces donn\u00e9es d'utilisation constituent la base d'\u00e9valuations statistiques anonymes, de sorte que des tendances sont identifiables, \u00e0 l'aide desquelles nous pouvons am\u00e9liorer nos offres en cons\u00e9quence.<\/p>\n<h3>D\u00e9claration de protection des donn\u00e9es pour l'utilisation des plugins Facebook (bouton \"J'aime\")<\/h3>\n<p>Sur nos pages sont int\u00e9gr\u00e9s des plugins du r\u00e9seau social Facebook, 1601 South California Avenue, Palo Alto, CA 94304, USA. Vous reconnaissez les plugins Facebook au logo Facebook ou au bouton \"Like\" (\"J'aime\") sur notre site. Vous trouverez un aper\u00e7u des plugins Facebook ici : http:\/\/developers.facebook.com\/docs\/plugins\/.<\/p>\n<p>Lorsque vous visitez nos pages, une connexion directe entre votre navigateur et le serveur Facebook est \u00e9tablie via le plugin. Facebook re\u00e7oit ainsi l'information que vous avez visit\u00e9 notre site avec votre adresse IP. Si vous cliquez sur le bouton \"J'aime\" de Facebook alors que vous \u00eates connect\u00e9 \u00e0 votre compte Facebook, vous pouvez lier le contenu de nos pages \u00e0 votre profil Facebook. Facebook peut ainsi attribuer la visite de nos pages \u00e0 votre compte d'utilisateur. Nous attirons votre attention sur le fait qu'en tant que fournisseur des pages, nous n'avons pas connaissance du contenu des donn\u00e9es transmises ni de leur utilisation par Facebook. Vous trouverez de plus amples informations \u00e0 ce sujet dans la d\u00e9claration de protection des donn\u00e9es de facebook sous https:\/\/www.facebook.com\/about\/privacy\/<\/p>\n<p>Si vous ne souhaitez pas que Facebook puisse attribuer la visite de nos pages \u00e0 votre compte d'utilisateur Facebook, veuillez vous d\u00e9connecter de votre compte d'utilisateur Facebook.<\/p>\n<h3>D\u00e9claration de confidentialit\u00e9 pour l'utilisation de Twitter<\/h3>\n<p>Sur nos pages, des fonctions du service Twitter sont int\u00e9gr\u00e9es. Ces fonctions sont propos\u00e9es par Twitter Inc., 795 Folsom St., Suite 600, San Francisco, CA 94107, USA. En utilisant Twitter et la fonction \"Re-Tweet\", les pages web que vous visitez sont reli\u00e9es \u00e0 votre compte Twitter et communiqu\u00e9es \u00e0 d'autres utilisateurs. Des donn\u00e9es telles que l'adresse IP, le type de navigateur, les domaines consult\u00e9s, les pages visit\u00e9es, l'op\u00e9rateur de t\u00e9l\u00e9phonie mobile, les identifiants d'appareils et d'applications et les termes de recherche sont notamment transmises \u00e0 Twitter.<\/p>\n<p>Nous attirons votre attention sur le fait qu'en tant que fournisseur des pages, nous n'avons pas connaissance du contenu des donn\u00e9es transmises ni de leur utilisation par Twitter. En raison de l'actualisation permanente de la d\u00e9claration de protection des donn\u00e9es de Twitter, nous vous renvoyons \u00e0 la version la plus r\u00e9cente sous (http:\/\/twitter.com\/privacy).<\/p>\n<p>Vous pouvez modifier vos param\u00e8tres de confidentialit\u00e9 sur Twitter dans les param\u00e8tres de votre compte \u00e0 l'adresse http:\/\/twitter.com\/account\/settings. Si vous avez des questions, contactez privacy@twitter.com.<\/p>\n<h3>D\u00e9claration de confidentialit\u00e9 pour l'utilisation de Google Adsense<\/h3>\n<p>Ce site utilise Google AdSense, un service d'int\u00e9gration d'annonces publicitaires de Google Inc (\"Google\"). Google AdSense utilise des \"cookies\", des fichiers texte qui sont enregistr\u00e9s sur votre ordinateur et qui permettent d'analyser l'utilisation du site web. Google AdSense utilise \u00e9galement des \"balises web\" (graphiques invisibles). Ces balises web permettent d'\u00e9valuer des informations telles que le trafic des visiteurs sur ces pages.<\/p>\n<p>Les informations g\u00e9n\u00e9r\u00e9es par les cookies et les balises web concernant l'utilisation de ce site web (y compris votre adresse IP) et la livraison de formats publicitaires sont transmises \u00e0 un serveur de Google aux \u00c9tats-Unis et y sont enregistr\u00e9es. Ces informations peuvent \u00eatre transmises par Google \u00e0 des partenaires contractuels de Google. Toutefois, Google ne recoupera pas votre adresse IP avec toute autre donn\u00e9e enregistr\u00e9e par vous.<\/p>\n<p>Vous pouvez emp\u00eacher l'installation des cookies en param\u00e9trant votre navigateur en cons\u00e9quence ; nous attirons toutefois votre attention sur le fait que, dans ce cas, vous ne pourrez peut-\u00eatre pas utiliser toutes les fonctions de ce site web dans leur int\u00e9gralit\u00e9. En utilisant ce site web, vous acceptez que les donn\u00e9es collect\u00e9es \u00e0 votre sujet par Google soient trait\u00e9es de la mani\u00e8re et aux fins d\u00e9crites ci-dessus.<\/p>\n<h3>D\u00e9claration de confidentialit\u00e9 pour l'utilisation de Google Analytics<\/h3>\n<p>Ce site web utilise Google Analytics, un service d'analyse web de Google Inc (\"Google\"). Google Analytics utilise des \"cookies\", des fichiers texte qui sont enregistr\u00e9s sur votre ordinateur et qui permettent d'analyser votre utilisation du site web. Les informations g\u00e9n\u00e9r\u00e9es par le cookie concernant votre utilisation de ce site web sont g\u00e9n\u00e9ralement transmises \u00e0 un serveur de Google aux \u00c9tats-Unis et y sont enregistr\u00e9es. En cas d'activation de l'anonymisation IP sur ce site, votre adresse IP sera toutefois pr\u00e9alablement abr\u00e9g\u00e9e par Google dans les \u00c9tats membres de l'Union europ\u00e9enne ou dans d'autres \u00c9tats signataires de l'accord sur l'Espace \u00e9conomique europ\u00e9en.<\/p>\n<p>Ce n'est que dans des cas exceptionnels que l'adresse IP compl\u00e8te est transmise \u00e0 un serveur de Google aux \u00c9tats-Unis et y est raccourcie. Google utilisera cette information dans le but d'\u00e9valuer votre utilisation du site, de compiler des rapports sur l'activit\u00e9 du site \u00e0 destination de son \u00e9diteur et de fournir d'autres services relatifs \u00e0 l'activit\u00e9 du site et \u00e0 l'utilisation d'Internet. Le cas \u00e9ch\u00e9ant, Google transmettra \u00e9galement ces informations \u00e0 des tiers, dans la mesure o\u00f9 cela est prescrit par la loi ou si des tiers traitent ces donn\u00e9es pour le compte de Google. L'adresse IP transmise par votre navigateur dans le cadre de Google Analytics ne sera pas recoup\u00e9e avec d'autres donn\u00e9es de Google.<\/p>\n<p>Vous pouvez emp\u00eacher l'installation des cookies en param\u00e9trant votre navigateur en cons\u00e9quence ; nous attirons toutefois votre attention sur le fait que, dans ce cas, vous ne pourrez peut-\u00eatre pas utiliser toutes les fonctions de ce site web dans leur int\u00e9gralit\u00e9. En utilisant ce site web, vous acceptez que les donn\u00e9es collect\u00e9es \u00e0 votre sujet par Google soient trait\u00e9es de la mani\u00e8re et aux fins d\u00e9crites ci-dessus.<\/p>\n<h3>D\u00e9claration de confidentialit\u00e9 relative \u00e0 l'utilisation de Google +1<\/h3>\n<p>Le bouton Google +1 vous permet de publier des informations dans le monde entier. Gr\u00e2ce au bouton Google +1, vous et d'autres utilisateurs recevez des contenus personnalis\u00e9s de Google et de ses partenaires. Google enregistre \u00e0 la fois l'information selon laquelle vous avez donn\u00e9 +1 \u00e0 un contenu et des informations sur la page que vous avez consult\u00e9e en cliquant sur +1. Vos +1 peuvent \u00eatre affich\u00e9s sous forme de mentions, avec votre nom de profil et votre photo, dans les services Google, tels que les r\u00e9sultats de recherche ou votre profil Google, ou \u00e0 d'autres endroits sur les sites web et les annonces sur Internet.<\/p>\n<p>Google enregistre des informations sur vos activit\u00e9s +1 afin d'am\u00e9liorer les services Google pour vous et pour les autres.<\/p>\n<p>Pour pouvoir utiliser le bouton Google +1, vous devez disposer d'un profil Google public visible dans le monde entier, qui doit au moins contenir le nom choisi pour le profil. Ce nom est utilis\u00e9 dans tous les services Google. Dans certains cas, ce nom peut \u00e9galement remplacer un autre nom que vous avez utilis\u00e9 pour partager du contenu via votre compte Google. L'identit\u00e9 de votre profil Google peut \u00eatre affich\u00e9e aux utilisateurs qui connaissent votre adresse e-mail ou qui disposent d'autres informations d'identification vous concernant.<\/p>\n<p>Outre les utilisations d\u00e9crites ci-dessus, les informations que vous fournissez seront utilis\u00e9es conform\u00e9ment aux r\u00e8gles de confidentialit\u00e9 de Google en vigueur (http:\/\/www.google.com\/intl\/de\/policies\/privacy\/). Google peut publier des statistiques agr\u00e9g\u00e9es sur l'activit\u00e9 +1 des utilisateurs ou partager ces statistiques avec nos utilisateurs et partenaires, tels que les \u00e9diteurs, les annonceurs ou les sites Web affili\u00e9s.h3<\/p>\n<h3>Google reCAPTCHA<\/h3>\n<p>Nous utilisons \"Google reCAPTCHA\" (ci-apr\u00e8s \"reCAPTCHA\") sur nos sites web. Le fournisseur est Google Inc., 1600 Amphitheatre Parkway, Mountain View, CA 94043, USA (\"Google\"). reCAPTCHA doit permettre de v\u00e9rifier si la saisie de donn\u00e9es sur nos sites Web (par exemple dans un formulaire de contact) est effectu\u00e9e par un \u00eatre humain ou par un programme automatis\u00e9. Pour ce faire, reCAPTCHA analyse le comportement du visiteur du site web \u00e0 l'aide de diff\u00e9rentes caract\u00e9ristiques. Cette analyse commence automatiquement d\u00e8s que le visiteur du site web entre sur le site. Pour l'analyse, reCAPTCHA \u00e9value diff\u00e9rentes informations (par exemple l'adresse IP, le temps pass\u00e9 par le visiteur du site sur le site ou les mouvements de souris effectu\u00e9s par l'utilisateur). Les donn\u00e9es collect\u00e9es lors de l'analyse sont transmises \u00e0 Google. Les analyses reCAPTCHA s'effectuent enti\u00e8rement en arri\u00e8re-plan. Les visiteurs du site ne sont pas inform\u00e9s<br \/>\nqu'une analyse est en cours. Le traitement des donn\u00e9es est effectu\u00e9 sur la base de l'article 6, paragraphe 1, point f du RGPD. L'exploitant du site web a un int\u00e9r\u00eat l\u00e9gitime \u00e0 prot\u00e9ger ses offres web contre un espionnage automatis\u00e9 abusif et contre le SPAM. Pour plus d'informations sur Google reCAPTCHA et la d\u00e9claration de confidentialit\u00e9 de Google, veuillez consulter les liens suivants :\u00a0<a href=\"https:\/\/www.google.com\/intl\/de\/policies\/privacy\/\">https:\/\/www.google.com\/intl\/de\/policies\/privacy\/<\/a>\u00a0et\u00a0<a href=\"https:\/\/www.google.com\/recaptcha\/intro\/android.html\">https:\/\/www.google.com\/recaptcha\/intro\/android.html<\/a><\/p>\n<\/div><\/section><\/div>","protected":false},"excerpt":{"rendered":"","protected":false},"author":1,"featured_media":0,"parent":0,"menu_order":0,"comment_status":"closed","ping_status":"closed","template":"","meta":{"footnotes":""},"class_list":["post-819","page","type-page","status-publish","hentry"],"yoast_head":"<!-- This site is optimized with the Yoast SEO plugin v27.4 - https:\/\/yoast.com\/product\/yoast-seo-wordpress\/ -->\n<title>Impressum - Kampot Pfeffer<\/title>\n<meta name=\"description\" content=\"Impressum - Raffinessen.ch GmbH, Bern\" \/>\n<meta name=\"robots\" content=\"index, follow, max-snippet:-1, max-image-preview:large, max-video-preview:-1\" \/>\n<link rel=\"canonical\" href=\"https:\/\/www.raffinessen.ch\/fr\/impressum-und-datenschutz\/\" \/>\n<meta property=\"og:locale\" content=\"fr_FR\" \/>\n<meta property=\"og:type\" content=\"article\" \/>\n<meta property=\"og:title\" content=\"Impressum - Kampot Pfeffer\" \/>\n<meta property=\"og:description\" content=\"Impressum - Raffinessen.ch GmbH, Bern\" \/>\n<meta property=\"og:url\" content=\"https:\/\/www.raffinessen.ch\/fr\/impressum-und-datenschutz\/\" \/>\n<meta property=\"og:site_name\" content=\"Raffinessen\" \/>\n<meta property=\"article:modified_time\" content=\"2020-10-19T13:22:40+00:00\" \/>\n<meta name=\"twitter:card\" content=\"summary_large_image\" \/>\n<meta name=\"twitter:label1\" content=\"Dur\u00e9e de lecture estim\u00e9e\" \/>\n\t<meta name=\"twitter:data1\" content=\"9 minutes\" \/>\n<script type=\"application\/ld+json\" class=\"yoast-schema-graph\">{\"@context\":\"https:\\\/\\\/schema.org\",\"@graph\":[{\"@type\":\"WebPage\",\"@id\":\"https:\\\/\\\/www.raffinessen.ch\\\/impressum-und-datenschutz\\\/\",\"url\":\"https:\\\/\\\/www.raffinessen.ch\\\/impressum-und-datenschutz\\\/\",\"name\":\"Impressum - Kampot Pfeffer\",\"isPartOf\":{\"@id\":\"https:\\\/\\\/www.raffinessen.ch\\\/#website\"},\"datePublished\":\"2016-03-19T13:34:13+00:00\",\"dateModified\":\"2020-10-19T13:22:40+00:00\",\"description\":\"Impressum - Raffinessen.ch GmbH, Bern\",\"breadcrumb\":{\"@id\":\"https:\\\/\\\/www.raffinessen.ch\\\/impressum-und-datenschutz\\\/#breadcrumb\"},\"inLanguage\":\"fr-FR\",\"potentialAction\":[{\"@type\":\"ReadAction\",\"target\":[\"https:\\\/\\\/www.raffinessen.ch\\\/impressum-und-datenschutz\\\/\"]}]},{\"@type\":\"BreadcrumbList\",\"@id\":\"https:\\\/\\\/www.raffinessen.ch\\\/impressum-und-datenschutz\\\/#breadcrumb\",\"itemListElement\":[{\"@type\":\"ListItem\",\"position\":1,\"name\":\"Home\",\"item\":\"https:\\\/\\\/www.raffinessen.ch\\\/\"},{\"@type\":\"ListItem\",\"position\":2,\"name\":\"Impressum und Datenschutz\"}]},{\"@type\":\"WebSite\",\"@id\":\"https:\\\/\\\/www.raffinessen.ch\\\/#website\",\"url\":\"https:\\\/\\\/www.raffinessen.ch\\\/\",\"name\":\"Raffinessen\",\"description\":\"roter und schwarzer Kampot Pfeffer - Gew\u00fcrze\",\"potentialAction\":[{\"@type\":\"SearchAction\",\"target\":{\"@type\":\"EntryPoint\",\"urlTemplate\":\"https:\\\/\\\/www.raffinessen.ch\\\/?s={search_term_string}\"},\"query-input\":{\"@type\":\"PropertyValueSpecification\",\"valueRequired\":true,\"valueName\":\"search_term_string\"}}],\"inLanguage\":\"fr-FR\"}]}<\/script>\n<!-- \/ Yoast SEO plugin. -->","yoast_head_json":{"title":"Impressum - Kampot Pfeffer","description":"Impressum - Raffinessen.ch GmbH, Bern","robots":{"index":"index","follow":"follow","max-snippet":"max-snippet:-1","max-image-preview":"max-image-preview:large","max-video-preview":"max-video-preview:-1"},"canonical":"https:\/\/www.raffinessen.ch\/fr\/impressum-und-datenschutz\/","og_locale":"fr_FR","og_type":"article","og_title":"Impressum - Kampot Pfeffer","og_description":"Impressum - Raffinessen.ch GmbH, Bern","og_url":"https:\/\/www.raffinessen.ch\/fr\/impressum-und-datenschutz\/","og_site_name":"Raffinessen","article_modified_time":"2020-10-19T13:22:40+00:00","twitter_card":"summary_large_image","twitter_misc":{"Dur\u00e9e de lecture estim\u00e9e":"9 minutes"},"schema":{"@context":"https:\/\/schema.org","@graph":[{"@type":"WebPage","@id":"https:\/\/www.raffinessen.ch\/impressum-und-datenschutz\/","url":"https:\/\/www.raffinessen.ch\/impressum-und-datenschutz\/","name":"Impressum - Kampot Pfeffer","isPartOf":{"@id":"https:\/\/www.raffinessen.ch\/#website"},"datePublished":"2016-03-19T13:34:13+00:00","dateModified":"2020-10-19T13:22:40+00:00","description":"Impressum - Raffinessen.ch GmbH, Bern","breadcrumb":{"@id":"https:\/\/www.raffinessen.ch\/impressum-und-datenschutz\/#breadcrumb"},"inLanguage":"fr-FR","potentialAction":[{"@type":"ReadAction","target":["https:\/\/www.raffinessen.ch\/impressum-und-datenschutz\/"]}]},{"@type":"BreadcrumbList","@id":"https:\/\/www.raffinessen.ch\/impressum-und-datenschutz\/#breadcrumb","itemListElement":[{"@type":"ListItem","position":1,"name":"Home","item":"https:\/\/www.raffinessen.ch\/"},{"@type":"ListItem","position":2,"name":"Impressum und Datenschutz"}]},{"@type":"WebSite","@id":"https:\/\/www.raffinessen.ch\/#website","url":"https:\/\/www.raffinessen.ch\/","name":"Raffinements","description":"poivre de Kampot rouge et noir - \u00e9pices","potentialAction":[{"@type":"SearchAction","target":{"@type":"EntryPoint","urlTemplate":"https:\/\/www.raffinessen.ch\/?s={search_term_string}"},"query-input":{"@type":"PropertyValueSpecification","valueRequired":true,"valueName":"search_term_string"}}],"inLanguage":"fr-FR"}]}},"_links":{"self":[{"href":"https:\/\/www.raffinessen.ch\/fr\/wp-json\/wp\/v2\/pages\/819","targetHints":{"allow":["GET"]}}],"collection":[{"href":"https:\/\/www.raffinessen.ch\/fr\/wp-json\/wp\/v2\/pages"}],"about":[{"href":"https:\/\/www.raffinessen.ch\/fr\/wp-json\/wp\/v2\/types\/page"}],"author":[{"embeddable":true,"href":"https:\/\/www.raffinessen.ch\/fr\/wp-json\/wp\/v2\/users\/1"}],"replies":[{"embeddable":true,"href":"https:\/\/www.raffinessen.ch\/fr\/wp-json\/wp\/v2\/comments?post=819"}],"version-history":[{"count":0,"href":"https:\/\/www.raffinessen.ch\/fr\/wp-json\/wp\/v2\/pages\/819\/revisions"}],"wp:attachment":[{"href":"https:\/\/www.raffinessen.ch\/fr\/wp-json\/wp\/v2\/media?parent=819"}],"curies":[{"name":"wp","href":"https:\/\/api.w.org\/{rel}","templated":true}]}}