{"id":728,"date":"2016-03-04T14:46:16","date_gmt":"2016-03-04T13:46:16","guid":{"rendered":"https:\/\/raffinessen.ch\/webseite\/?page_id=728"},"modified":"2017-04-11T13:18:52","modified_gmt":"2017-04-11T11:18:52","slug":"wer-ist-eigentuemer-der-plantage","status":"publish","type":"page","link":"https:\/\/www.raffinessen.ch\/fr\/die-farm\/wer-ist-eigentuemer-der-plantage\/","title":{"rendered":"Qui est le propri\u00e9taire de la plantation ?"},"content":{"rendered":"<style type=\"text\/css\" data-created_by=\"avia_inline_auto\" id=\"style-css-av-av_section-c3d7d323fe79e27377a8c955cd91f351\">\n.avia-section.av-av_section-c3d7d323fe79e27377a8c955cd91f351 .av-parallax .av-parallax-inner{\nbackground-repeat:no-repeat;\nbackground-image:url(https:\/\/www.raffinessen.ch\/webseite\/wp-content\/uploads\/2016\/02\/kampot-pfeffer-farm-2.jpg);\nbackground-position:0% 0%;\nbackground-attachment:scroll;\n}\n<\/style>\n<div id='av_section_1'  class='avia-section av-av_section-c3d7d323fe79e27377a8c955cd91f351 main_color avia-section-default avia-no-border-styling  avia-builder-el-0  el_before_av_one_full  avia-builder-el-first  avia-full-stretch av-parallax-section avia-bg-style-parallax av-minimum-height av-minimum-height-custom av-height-custom  container_wrap sidebar_right'  data-section-bg-repeat='stretch' data-av_minimum_height_px='250'><div class='av-parallax' data-avia-parallax-ratio='0.3' ><div class='av-parallax-inner main_color avia-full-stretch'><\/div><\/div><div class='container av-section-cont-open' style='height:250px'><main  role=\"main\" itemprop=\"mainContentOfPage\"  class='template-page content  av-content-small alpha units'><div class='post-entry post-entry-type-page post-entry-728'><div class='entry-content-wrapper clearfix'>\n<div class='flex_column_table av-av_one_fourth-afaead5c690b8c9943c2625169da7fe6 sc-av_one_fourth av-equal-height-column-flextable'>\n<style type=\"text\/css\" data-created_by=\"avia_inline_auto\" id=\"style-css-av-av_one_fourth-afaead5c690b8c9943c2625169da7fe6\">\n.flex_column.av-av_one_fourth-afaead5c690b8c9943c2625169da7fe6{\nborder-radius:0px 0px 0px 0px;\npadding:0px 0px 0px 0px;\n}\n<\/style>\n<div  class='flex_column av-av_one_fourth-afaead5c690b8c9943c2625169da7fe6 av_one_fourth  avia-builder-el-1  el_before_av_one_fourth  avia-builder-el-first  first flex_column_table_cell av-equal-height-column av-align-bottom av-zero-column-padding'     ><\/div><div class='av-flex-placeholder'><\/div>\n<style type=\"text\/css\" data-created_by=\"avia_inline_auto\" id=\"style-css-av-av_one_fourth-9c1d454dc06f7247226bc4e8f931daae\">\n.flex_column.av-av_one_fourth-9c1d454dc06f7247226bc4e8f931daae{\nborder-radius:0px 0px 0px 0px;\npadding:0px 0px 0px 0px;\n}\n<\/style>\n<div  class='flex_column av-av_one_fourth-9c1d454dc06f7247226bc4e8f931daae av_one_fourth  avia-builder-el-2  el_after_av_one_fourth  el_before_av_one_fourth  flex_column_table_cell av-equal-height-column av-align-bottom av-zero-column-padding'     ><\/div><div class='av-flex-placeholder'><\/div>\n<style type=\"text\/css\" data-created_by=\"avia_inline_auto\" id=\"style-css-av-av_one_fourth-9c1d454dc06f7247226bc4e8f931daae\">\n.flex_column.av-av_one_fourth-9c1d454dc06f7247226bc4e8f931daae{\nborder-radius:0px 0px 0px 0px;\npadding:0px 0px 0px 0px;\n}\n<\/style>\n<div  class='flex_column av-av_one_fourth-9c1d454dc06f7247226bc4e8f931daae av_one_fourth  avia-builder-el-3  el_after_av_one_fourth  el_before_av_one_fourth  flex_column_table_cell av-equal-height-column av-align-bottom av-zero-column-padding'     ><\/div><div class='av-flex-placeholder'><\/div>\n<style type=\"text\/css\" data-created_by=\"avia_inline_auto\" id=\"style-css-av-av_one_fourth-7b04668b4dc86f47e32fc0fa09784324\">\n.flex_column.av-av_one_fourth-7b04668b4dc86f47e32fc0fa09784324{\nborder-radius:0px 0px 0px 0px;\npadding:0px 0px 0px 0px;\n}\n<\/style>\n<div  class='flex_column av-av_one_fourth-7b04668b4dc86f47e32fc0fa09784324 av_one_fourth  avia-builder-el-4  el_after_av_one_fourth  avia-builder-el-last  flex_column_table_cell av-equal-height-column av-align-bottom av-animated-generic fade-in av-zero-column-padding'     ><style type=\"text\/css\" data-created_by=\"avia_inline_auto\" id=\"style-css-av-av_heading-2486ccd7e30aeeff5794094666924307\">\n#top .av-special-heading.av-av_heading-2486ccd7e30aeeff5794094666924307{\npadding-bottom:10px;\ncolor:#ffffff;\nfont-size:30px;\n}\nbody .av-special-heading.av-av_heading-2486ccd7e30aeeff5794094666924307 .av-special-heading-tag .heading-char{\nfont-size:25px;\n}\n#top #wrap_all .av-special-heading.av-av_heading-2486ccd7e30aeeff5794094666924307 .av-special-heading-tag{\nfont-size:30px;\n}\n.av-special-heading.av-av_heading-2486ccd7e30aeeff5794094666924307 .special-heading-inner-border{\nborder-color:#ffffff;\n}\n.av-special-heading.av-av_heading-2486ccd7e30aeeff5794094666924307 .av-subheading{\nfont-size:15px;\n}\n\n@media only screen and (min-width: 480px) and (max-width: 767px){ \n#top #wrap_all .av-special-heading.av-av_heading-2486ccd7e30aeeff5794094666924307 .av-special-heading-tag{\nfont-size:0.8em;\n}\n}\n\n@media only screen and (max-width: 479px){ \n#top #wrap_all .av-special-heading.av-av_heading-2486ccd7e30aeeff5794094666924307 .av-special-heading-tag{\nfont-size:0.8em;\n}\n}\n<\/style>\n<div  class='av-special-heading av-av_heading-2486ccd7e30aeeff5794094666924307 av-special-heading-h3 custom-color-heading blockquote modern-quote  avia-builder-el-5  avia-builder-el-no-sibling  av-inherit-size'><h3 class='av-special-heading-tag'  itemprop=\"headline\"  >La ferme<\/h3><div class=\"special-heading-border\"><div class=\"special-heading-inner-border\"><\/div><\/div><\/div><\/div><\/div><!--close column table wrapper. Autoclose: 1 -->\n<\/div><\/div><\/main><!-- close content main element --><\/div><\/div><div id='after_section_1'  class='main_color av_default_container_wrap container_wrap sidebar_right'  ><div class='container av-section-cont-open' ><div class='template-page content  av-content-small alpha units'><div class='post-entry post-entry-type-page post-entry-728'><div class='entry-content-wrapper clearfix'>\n\n<style type=\"text\/css\" data-created_by=\"avia_inline_auto\" id=\"style-css-av-av_one_full-9497bbf8bff73ea4c6992cc17fa9ec36\">\n.flex_column.av-av_one_full-9497bbf8bff73ea4c6992cc17fa9ec36{\nborder-radius:0px 0px 0px 0px;\npadding:0px 0px 0px 0px;\n}\n<\/style>\n<div  class='flex_column av-av_one_full-9497bbf8bff73ea4c6992cc17fa9ec36 av_one_full  avia-builder-el-6  el_after_av_section  el_before_av_one_full  avia-builder-el-first  first flex_column_div av-zero-column-padding'     ><style type=\"text\/css\" data-created_by=\"avia_inline_auto\" id=\"style-css-av-av_heading-e81d220e7f995d47df9bfeea7a544a8c\">\n#top .av-special-heading.av-av_heading-e81d220e7f995d47df9bfeea7a544a8c{\npadding-bottom:10px;\n}\nbody .av-special-heading.av-av_heading-e81d220e7f995d47df9bfeea7a544a8c .av-special-heading-tag .heading-char{\nfont-size:25px;\n}\n.av-special-heading.av-av_heading-e81d220e7f995d47df9bfeea7a544a8c .av-subheading{\nfont-size:15px;\n}\n<\/style>\n<div  class='av-special-heading av-av_heading-e81d220e7f995d47df9bfeea7a544a8c av-special-heading-h2 blockquote modern-quote  avia-builder-el-7  avia-builder-el-no-sibling'><h2 class='av-special-heading-tag'  itemprop=\"headline\"  >Qui est le propri\u00e9taire de la plantation ?<\/h2><div class=\"special-heading-border\"><div class=\"special-heading-inner-border\"><\/div><\/div><\/div><\/div>\n\n<style type=\"text\/css\" data-created_by=\"avia_inline_auto\" id=\"style-css-av-av_one_full-9497bbf8bff73ea4c6992cc17fa9ec36\">\n.flex_column.av-av_one_full-9497bbf8bff73ea4c6992cc17fa9ec36{\nborder-radius:0px 0px 0px 0px;\npadding:0px 0px 0px 0px;\n}\n<\/style>\n<div  class='flex_column av-av_one_full-9497bbf8bff73ea4c6992cc17fa9ec36 av_one_full  avia-builder-el-8  el_after_av_one_full  avia-builder-el-last  first flex_column_div av-zero-column-padding  column-top-margin'     ><section  class='av_textblock_section av-av_textblock-0366cc7376be6c9e82a3e9cc8987b64f'   itemscope=\"itemscope\" itemtype=\"https:\/\/schema.org\/CreativeWork\" ><div class='avia_textblock'  itemprop=\"text\" ><p><a href=\"https:\/\/www.raffinessen.ch\/fr\/webseite\/das-projekt\/wer-steht-hinter-dem-kampot-pfeffer-projekt\/\">Khom Phy<\/a> a acquis le terrain de Kampot (Kampong Trach) en 2010. A l'\u00e2ge de 12 ans, il a d\u00fb fuir le Cambodge pour se rendre en Tha\u00eflande afin de fuir les troubles de la guerre des Khmers rouges. Le 29 ao\u00fbt 1979, il a \u00e9t\u00e9 amen\u00e9 en Allemagne sous la garde de la Croix-Rouge allemande comme l'un des 107 enfants cambodgiens r\u00e9fugi\u00e9s. Auparavant, il avait pass\u00e9 environ trois mois dans un camp de r\u00e9fugi\u00e9s tha\u00eflandais surpeupl\u00e9 et deux autres mois en soins m\u00e9dicaux \u00e0 Bangkok.<\/p>\n<p>A Bad D\u00fcrrheim et Fribourg, les 107 enfants ont pu d\u00e9couvrir la vie en R\u00e9publique f\u00e9d\u00e9rale d'Allemagne pendant environ un an dans le cadre d'un encadrement p\u00e9dagogique en foyer. La conscience que les amis nouvellement acquis seraient un jour \u00e0 nouveau s\u00e9par\u00e9s et plac\u00e9s dans des familles diff\u00e9rentes le remplissait d'inqui\u00e9tude. Le traumatisme des ann\u00e9es de guerre l'a \u00e9galement accompagn\u00e9 pendant longtemps.<\/p>\n<p>Le 3 avril 1981, il a \u00e9t\u00e9 plac\u00e9 par le Jugendamt dans une famille allemande avec quatre enfants \u00e0 charge. Sa nouvelle famille l'a beaucoup aid\u00e9 \u00e0 se pr\u00e9parer \u00e0 la vie en Allemagne et en Europe et l'a fortement sensibilis\u00e9 \u00e0 la responsabilit\u00e9 sociale dans son pays d'origine.<\/p>\n<p>Aujourd'hui, Khom vit en Suisse avec sa femme Hom et ses deux fils.<\/p>\n<p>En achetant la plantation et en cultivant le poivre de Kampot, il a mis tout son c\u0153ur, sa sueur et son engagement financier dans un projet durable de soutien \u00e0 ses compatriotes. Les collaborateurs ont baptis\u00e9 la plantation \"<a href=\"https:\/\/www.raffinessen.ch\/fr\/webseite\/die-farm\/farm-und-infrastruktur\/\">Ferme suisse<\/a>\" baptis\u00e9.<\/p>\n<p>A la recherche de quelqu'un pour l'aider \u00e0 commercialiser son projet de poivre, Khom nous a contact\u00e9s par l'interm\u00e9diaire d'un ami commun et nous a expliqu\u00e9 son projet. Enthousiasm\u00e9s par sa mission, nous avons lanc\u00e9 notre projet \"Go\u00fbt du Terroir\" et choisi le poivre de Kampot pour notre premier projet (plus d'informations sous \"<a href=\"https:\/\/www.raffinessen.ch\/fr\/webseite\/das-projekt\/es-ist-soweit-die-erste-pfefferernte-kommt-die-schweiz\/\">Le projet<\/a>\").<\/p>\n<\/div><\/section><\/div>","protected":false},"excerpt":{"rendered":"","protected":false},"author":1,"featured_media":0,"parent":263,"menu_order":-10,"comment_status":"closed","ping_status":"closed","template":"","meta":{"footnotes":""},"class_list":["post-728","page","type-page","status-publish","hentry"],"yoast_head":"<!-- This site is optimized with the Yoast SEO plugin v27.3 - https:\/\/yoast.com\/product\/yoast-seo-wordpress\/ -->\n<title>Wer ist Besitzer der Plantage? - Kampot Pfeffer<\/title>\n<meta name=\"description\" content=\"Besitzer der Plantage ist Khom Phy. Er hat 2010 das Grundst\u00fcck in Kampot (Kampong Trach) erworben.\" \/>\n<meta name=\"robots\" content=\"index, follow, max-snippet:-1, max-image-preview:large, max-video-preview:-1\" \/>\n<link rel=\"canonical\" href=\"https:\/\/www.raffinessen.ch\/fr\/die-farm\/wer-ist-eigentuemer-der-plantage\/\" \/>\n<meta property=\"og:locale\" content=\"fr_FR\" \/>\n<meta property=\"og:type\" content=\"article\" \/>\n<meta property=\"og:title\" content=\"Wer ist Besitzer der Plantage? - Kampot Pfeffer\" \/>\n<meta property=\"og:description\" content=\"Besitzer der Plantage ist Khom Phy. Er hat 2010 das Grundst\u00fcck in Kampot (Kampong Trach) erworben.\" \/>\n<meta property=\"og:url\" content=\"https:\/\/www.raffinessen.ch\/fr\/die-farm\/wer-ist-eigentuemer-der-plantage\/\" \/>\n<meta property=\"og:site_name\" content=\"Raffinessen\" \/>\n<meta property=\"article:modified_time\" content=\"2017-04-11T11:18:52+00:00\" \/>\n<meta name=\"twitter:card\" content=\"summary_large_image\" \/>\n<meta name=\"twitter:label1\" content=\"Dur\u00e9e de lecture estim\u00e9e\" \/>\n\t<meta name=\"twitter:data1\" content=\"4 minutes\" \/>\n<script type=\"application\/ld+json\" class=\"yoast-schema-graph\">{\"@context\":\"https:\\\/\\\/schema.org\",\"@graph\":[{\"@type\":\"WebPage\",\"@id\":\"https:\\\/\\\/www.raffinessen.ch\\\/die-farm\\\/wer-ist-eigentuemer-der-plantage\\\/\",\"url\":\"https:\\\/\\\/www.raffinessen.ch\\\/die-farm\\\/wer-ist-eigentuemer-der-plantage\\\/\",\"name\":\"Wer ist Besitzer der Plantage? - Kampot Pfeffer\",\"isPartOf\":{\"@id\":\"https:\\\/\\\/www.raffinessen.ch\\\/#website\"},\"datePublished\":\"2016-03-04T13:46:16+00:00\",\"dateModified\":\"2017-04-11T11:18:52+00:00\",\"description\":\"Besitzer der Plantage ist Khom Phy. Er hat 2010 das Grundst\u00fcck in Kampot (Kampong Trach) erworben.\",\"breadcrumb\":{\"@id\":\"https:\\\/\\\/www.raffinessen.ch\\\/die-farm\\\/wer-ist-eigentuemer-der-plantage\\\/#breadcrumb\"},\"inLanguage\":\"fr-FR\",\"potentialAction\":[{\"@type\":\"ReadAction\",\"target\":[\"https:\\\/\\\/www.raffinessen.ch\\\/die-farm\\\/wer-ist-eigentuemer-der-plantage\\\/\"]}]},{\"@type\":\"BreadcrumbList\",\"@id\":\"https:\\\/\\\/www.raffinessen.ch\\\/die-farm\\\/wer-ist-eigentuemer-der-plantage\\\/#breadcrumb\",\"itemListElement\":[{\"@type\":\"ListItem\",\"position\":1,\"name\":\"Home\",\"item\":\"https:\\\/\\\/www.raffinessen.ch\\\/\"},{\"@type\":\"ListItem\",\"position\":2,\"name\":\"Die Farm\",\"item\":\"https:\\\/\\\/www.raffinessen.ch\\\/die-farm\\\/\"},{\"@type\":\"ListItem\",\"position\":3,\"name\":\"Wer ist Eigent\u00fcmer der Plantage?\"}]},{\"@type\":\"WebSite\",\"@id\":\"https:\\\/\\\/www.raffinessen.ch\\\/#website\",\"url\":\"https:\\\/\\\/www.raffinessen.ch\\\/\",\"name\":\"Raffinessen\",\"description\":\"roter und schwarzer Kampot Pfeffer - Gew\u00fcrze\",\"potentialAction\":[{\"@type\":\"SearchAction\",\"target\":{\"@type\":\"EntryPoint\",\"urlTemplate\":\"https:\\\/\\\/www.raffinessen.ch\\\/?s={search_term_string}\"},\"query-input\":{\"@type\":\"PropertyValueSpecification\",\"valueRequired\":true,\"valueName\":\"search_term_string\"}}],\"inLanguage\":\"fr-FR\"}]}<\/script>\n<!-- \/ Yoast SEO plugin. -->","yoast_head_json":{"title":"Wer ist Besitzer der Plantage? - Kampot Pfeffer","description":"Besitzer der Plantage ist Khom Phy. Er hat 2010 das Grundst\u00fcck in Kampot (Kampong Trach) erworben.","robots":{"index":"index","follow":"follow","max-snippet":"max-snippet:-1","max-image-preview":"max-image-preview:large","max-video-preview":"max-video-preview:-1"},"canonical":"https:\/\/www.raffinessen.ch\/fr\/die-farm\/wer-ist-eigentuemer-der-plantage\/","og_locale":"fr_FR","og_type":"article","og_title":"Wer ist Besitzer der Plantage? - Kampot Pfeffer","og_description":"Besitzer der Plantage ist Khom Phy. Er hat 2010 das Grundst\u00fcck in Kampot (Kampong Trach) erworben.","og_url":"https:\/\/www.raffinessen.ch\/fr\/die-farm\/wer-ist-eigentuemer-der-plantage\/","og_site_name":"Raffinessen","article_modified_time":"2017-04-11T11:18:52+00:00","twitter_card":"summary_large_image","twitter_misc":{"Dur\u00e9e de lecture estim\u00e9e":"4 minutes"},"schema":{"@context":"https:\/\/schema.org","@graph":[{"@type":"WebPage","@id":"https:\/\/www.raffinessen.ch\/die-farm\/wer-ist-eigentuemer-der-plantage\/","url":"https:\/\/www.raffinessen.ch\/die-farm\/wer-ist-eigentuemer-der-plantage\/","name":"Wer ist Besitzer der Plantage? - Kampot Pfeffer","isPartOf":{"@id":"https:\/\/www.raffinessen.ch\/#website"},"datePublished":"2016-03-04T13:46:16+00:00","dateModified":"2017-04-11T11:18:52+00:00","description":"Besitzer der Plantage ist Khom Phy. Er hat 2010 das Grundst\u00fcck in Kampot (Kampong Trach) erworben.","breadcrumb":{"@id":"https:\/\/www.raffinessen.ch\/die-farm\/wer-ist-eigentuemer-der-plantage\/#breadcrumb"},"inLanguage":"fr-FR","potentialAction":[{"@type":"ReadAction","target":["https:\/\/www.raffinessen.ch\/die-farm\/wer-ist-eigentuemer-der-plantage\/"]}]},{"@type":"BreadcrumbList","@id":"https:\/\/www.raffinessen.ch\/die-farm\/wer-ist-eigentuemer-der-plantage\/#breadcrumb","itemListElement":[{"@type":"ListItem","position":1,"name":"Home","item":"https:\/\/www.raffinessen.ch\/"},{"@type":"ListItem","position":2,"name":"Die Farm","item":"https:\/\/www.raffinessen.ch\/die-farm\/"},{"@type":"ListItem","position":3,"name":"Wer ist Eigent\u00fcmer der Plantage?"}]},{"@type":"WebSite","@id":"https:\/\/www.raffinessen.ch\/#website","url":"https:\/\/www.raffinessen.ch\/","name":"Raffinements","description":"poivre de Kampot rouge et noir - \u00e9pices","potentialAction":[{"@type":"SearchAction","target":{"@type":"EntryPoint","urlTemplate":"https:\/\/www.raffinessen.ch\/?s={search_term_string}"},"query-input":{"@type":"PropertyValueSpecification","valueRequired":true,"valueName":"search_term_string"}}],"inLanguage":"fr-FR"}]}},"_links":{"self":[{"href":"https:\/\/www.raffinessen.ch\/fr\/wp-json\/wp\/v2\/pages\/728","targetHints":{"allow":["GET"]}}],"collection":[{"href":"https:\/\/www.raffinessen.ch\/fr\/wp-json\/wp\/v2\/pages"}],"about":[{"href":"https:\/\/www.raffinessen.ch\/fr\/wp-json\/wp\/v2\/types\/page"}],"author":[{"embeddable":true,"href":"https:\/\/www.raffinessen.ch\/fr\/wp-json\/wp\/v2\/users\/1"}],"replies":[{"embeddable":true,"href":"https:\/\/www.raffinessen.ch\/fr\/wp-json\/wp\/v2\/comments?post=728"}],"version-history":[{"count":0,"href":"https:\/\/www.raffinessen.ch\/fr\/wp-json\/wp\/v2\/pages\/728\/revisions"}],"up":[{"embeddable":true,"href":"https:\/\/www.raffinessen.ch\/fr\/wp-json\/wp\/v2\/pages\/263"}],"wp:attachment":[{"href":"https:\/\/www.raffinessen.ch\/fr\/wp-json\/wp\/v2\/media?parent=728"}],"curies":[{"name":"wp","href":"https:\/\/api.w.org\/{rel}","templated":true}]}}