{"id":709,"date":"2016-03-04T14:25:43","date_gmt":"2016-03-04T13:25:43","guid":{"rendered":"https:\/\/raffinessen.ch\/webseite\/?page_id=709"},"modified":"2016-10-31T12:02:06","modified_gmt":"2016-10-31T11:02:06","slug":"weitere-informationen-zum-pfefferinvestment","status":"publish","type":"page","link":"https:\/\/www.raffinessen.ch\/fr\/das-investment\/weitere-informationen-zum-pfefferinvestment\/","title":{"rendered":"Plus d'informations sur l'investissement dans le poivre"},"content":{"rendered":"<style type=\"text\/css\" data-created_by=\"avia_inline_auto\" id=\"style-css-av-av_section-45091a1ab80b5c9f730b815432887395\">\n.avia-section.av-av_section-45091a1ab80b5c9f730b815432887395 .av-parallax .av-parallax-inner{\nbackground-repeat:no-repeat;\nbackground-image:url(https:\/\/www.raffinessen.ch\/webseite\/wp-content\/uploads\/2016\/02\/kambot-pfeffer-trocknung-3000.jpg);\nbackground-position:0% 50%;\nbackground-attachment:scroll;\n}\n<\/style>\n<div id='av_section_1'  class='avia-section av-av_section-45091a1ab80b5c9f730b815432887395 main_color avia-section-default avia-no-border-styling  avia-builder-el-0  el_before_av_one_full  avia-builder-el-first  avia-full-stretch av-parallax-section avia-bg-style-parallax av-minimum-height av-minimum-height-custom av-height-custom  container_wrap sidebar_right'  data-section-bg-repeat='stretch' data-av_minimum_height_px='250'><div class='av-parallax' data-avia-parallax-ratio='0.3' ><div class='av-parallax-inner main_color avia-full-stretch'><\/div><\/div><div class='container av-section-cont-open' style='height:250px'><main  role=\"main\" itemprop=\"mainContentOfPage\"  class='template-page content  av-content-small alpha units'><div class='post-entry post-entry-type-page post-entry-709'><div class='entry-content-wrapper clearfix'>\n\n<style type=\"text\/css\" data-created_by=\"avia_inline_auto\" id=\"style-css-av-av_one_fourth-9497bbf8bff73ea4c6992cc17fa9ec36\">\n.flex_column.av-av_one_fourth-9497bbf8bff73ea4c6992cc17fa9ec36{\nborder-radius:0px 0px 0px 0px;\npadding:0px 0px 0px 0px;\n}\n<\/style>\n<div  class='flex_column av-av_one_fourth-9497bbf8bff73ea4c6992cc17fa9ec36 av_one_fourth  avia-builder-el-1  el_before_av_one_fourth  avia-builder-el-first  first flex_column_div av-zero-column-padding'     ><\/div>\n<style type=\"text\/css\" data-created_by=\"avia_inline_auto\" id=\"style-css-av-av_one_fourth-7367f18380f6181177ef94a51e322b27\">\n.flex_column.av-av_one_fourth-7367f18380f6181177ef94a51e322b27{\nborder-radius:0px 0px 0px 0px;\npadding:0px 0px 0px 0px;\n}\n<\/style>\n<div  class='flex_column av-av_one_fourth-7367f18380f6181177ef94a51e322b27 av_one_fourth  avia-builder-el-2  el_after_av_one_fourth  el_before_av_one_fourth  flex_column_div av-zero-column-padding'     ><\/div>\n<style type=\"text\/css\" data-created_by=\"avia_inline_auto\" id=\"style-css-av-av_one_fourth-9c1d454dc06f7247226bc4e8f931daae\">\n.flex_column.av-av_one_fourth-9c1d454dc06f7247226bc4e8f931daae{\nborder-radius:0px 0px 0px 0px;\npadding:0px 0px 0px 0px;\n}\n<\/style>\n<div  class='flex_column av-av_one_fourth-9c1d454dc06f7247226bc4e8f931daae av_one_fourth  avia-builder-el-3  el_after_av_one_fourth  el_before_av_one_fourth  flex_column_div av-zero-column-padding'     ><\/div>\n<style type=\"text\/css\" data-created_by=\"avia_inline_auto\" id=\"style-css-av-av_one_fourth-7b04668b4dc86f47e32fc0fa09784324\">\n.flex_column.av-av_one_fourth-7b04668b4dc86f47e32fc0fa09784324{\nborder-radius:0px 0px 0px 0px;\npadding:0px 0px 0px 0px;\n}\n<\/style>\n<div  class='flex_column av-av_one_fourth-7b04668b4dc86f47e32fc0fa09784324 av_one_fourth  avia-builder-el-4  el_after_av_one_fourth  avia-builder-el-last  flex_column_div av-animated-generic fade-in av-zero-column-padding'     ><style type=\"text\/css\" data-created_by=\"avia_inline_auto\" id=\"style-css-av-av_heading-7a614380115ff8500618efb2f940541a\">\n#top .av-special-heading.av-av_heading-7a614380115ff8500618efb2f940541a{\npadding-bottom:10px;\ncolor:#ffffff;\nfont-size:30px;\n}\nbody .av-special-heading.av-av_heading-7a614380115ff8500618efb2f940541a .av-special-heading-tag .heading-char{\nfont-size:25px;\n}\n#top #wrap_all .av-special-heading.av-av_heading-7a614380115ff8500618efb2f940541a .av-special-heading-tag{\nfont-size:30px;\n}\n.av-special-heading.av-av_heading-7a614380115ff8500618efb2f940541a .special-heading-inner-border{\nborder-color:#ffffff;\n}\n.av-special-heading.av-av_heading-7a614380115ff8500618efb2f940541a .av-subheading{\nfont-size:15px;\n}\n\n@media only screen and (min-width: 480px) and (max-width: 767px){ \n#top #wrap_all .av-special-heading.av-av_heading-7a614380115ff8500618efb2f940541a .av-special-heading-tag{\nfont-size:0.8em;\n}\n}\n\n@media only screen and (max-width: 479px){ \n#top #wrap_all .av-special-heading.av-av_heading-7a614380115ff8500618efb2f940541a .av-special-heading-tag{\nfont-size:0.8em;\n}\n}\n<\/style>\n<div  class='av-special-heading av-av_heading-7a614380115ff8500618efb2f940541a av-special-heading-h3 custom-color-heading blockquote modern-quote  avia-builder-el-5  avia-builder-el-no-sibling  av-inherit-size'><h3 class='av-special-heading-tag'  itemprop=\"headline\"  >L'investissement<\/h3><div class=\"special-heading-border\"><div class=\"special-heading-inner-border\"><\/div><\/div><\/div><\/div>\n<\/div><\/div><\/main><!-- close content main element --><\/div><\/div><div id='after_section_1'  class='main_color av_default_container_wrap container_wrap sidebar_right'  ><div class='container av-section-cont-open' ><div class='template-page content  av-content-small alpha units'><div class='post-entry post-entry-type-page post-entry-709'><div class='entry-content-wrapper clearfix'>\n\n<style type=\"text\/css\" data-created_by=\"avia_inline_auto\" id=\"style-css-av-av_one_full-9497bbf8bff73ea4c6992cc17fa9ec36\">\n.flex_column.av-av_one_full-9497bbf8bff73ea4c6992cc17fa9ec36{\nborder-radius:0px 0px 0px 0px;\npadding:0px 0px 0px 0px;\n}\n<\/style>\n<div  class='flex_column av-av_one_full-9497bbf8bff73ea4c6992cc17fa9ec36 av_one_full  avia-builder-el-6  el_after_av_section  el_before_av_one_full  avia-builder-el-first  first flex_column_div av-zero-column-padding'     ><style type=\"text\/css\" data-created_by=\"avia_inline_auto\" id=\"style-css-av-av_heading-877106fe9e98e9f6514e72440cc6dd66\">\n#top .av-special-heading.av-av_heading-877106fe9e98e9f6514e72440cc6dd66{\npadding-bottom:10px;\n}\nbody .av-special-heading.av-av_heading-877106fe9e98e9f6514e72440cc6dd66 .av-special-heading-tag .heading-char{\nfont-size:25px;\n}\n.av-special-heading.av-av_heading-877106fe9e98e9f6514e72440cc6dd66 .av-subheading{\nfont-size:15px;\n}\n<\/style>\n<div  class='av-special-heading av-av_heading-877106fe9e98e9f6514e72440cc6dd66 av-special-heading-h2 blockquote modern-quote  avia-builder-el-7  avia-builder-el-no-sibling'><h2 class='av-special-heading-tag'  itemprop=\"headline\"  >Plus d'informations sur l'investissement dans le poivre<\/h2><div class=\"special-heading-border\"><div class=\"special-heading-inner-border\"><\/div><\/div><\/div><\/div>\n\n<style type=\"text\/css\" data-created_by=\"avia_inline_auto\" id=\"style-css-av-av_one_full-9497bbf8bff73ea4c6992cc17fa9ec36\">\n.flex_column.av-av_one_full-9497bbf8bff73ea4c6992cc17fa9ec36{\nborder-radius:0px 0px 0px 0px;\npadding:0px 0px 0px 0px;\n}\n<\/style>\n<div  class='flex_column av-av_one_full-9497bbf8bff73ea4c6992cc17fa9ec36 av_one_full  avia-builder-el-8  el_after_av_one_full  avia-builder-el-last  first flex_column_div av-zero-column-padding  column-top-margin'     ><section  class='av_textblock_section av-av_textblock-0366cc7376be6c9e82a3e9cc8987b64f'   itemscope=\"itemscope\" itemtype=\"https:\/\/schema.org\/CreativeWork\" ><div class='avia_textblock'  itemprop=\"text\" ><h3>Puis-je offrir un investissement dans le poivre ?<\/h3>\n<p>Nous serions tr\u00e8s heureux si vous faisiez cadeau d'un investissement au poivre. Quelques jours apr\u00e8s la conclusion d'un nouvel investissement, vous recevrez de notre part un certificat \u00e9labor\u00e9 que vous pourrez remettre au b\u00e9n\u00e9ficiaire du cadeau. Si vous nous communiquez l'adresse de livraison du destinataire du cadeau, nous lui enverrons directement le certificat. Celui-ci recevra ensuite le poivre par la poste pendant les trois ans.<\/p>\n<h3>Puis-je souscrire plusieurs investissements dans le poivre ?<\/h3>\n<p>Vous pouvez volontiers conclure plusieurs investissements au poivre. Si vous souhaitez effectuer plus de 10 investissements en m\u00eame temps, nous vous conseillons de le faire, <a href=\"https:\/\/www.raffinessen.ch\/fr\/webseite\/kontakt\/\">signaler<\/a> Nous vous invitons \u00e0 nous contacter pour obtenir une offre correspondante.<\/p>\n<h3>Conditions de paiement pour l'investissement dans le poivre ?<\/h3>\n<p>Apr\u00e8s la cl\u00f4ture de l'investissement, nous envoyons en g\u00e9n\u00e9ral dans les 5 jours ouvrables le <a href=\"https:\/\/www.raffinessen.ch\/fr\/webseite\/das-investment\/wann-beginnt-das-pfefferinvestment\/\">Certificat<\/a>. En m\u00eame temps que le certificat, nous envoyons une facture avec un d\u00e9lai de paiement net de 10 jours. L'envoi ult\u00e9rieur des unit\u00e9s de poivre se fait franco domicile \u00e0 l'adresse de livraison souhait\u00e9e en Suisse.<\/p>\n<h3>Qu'advient-il de l'argent investi si la r\u00e9colte est mauvaise ?<\/h3>\n<p>Si la r\u00e9colte d'une ann\u00e9e est totalement ou partiellement perdue, nous r\u00e9partirons la quantit\u00e9 disponible proportionnellement sur les investissements en cours. La quantit\u00e9 manquante sera livr\u00e9e les ann\u00e9es suivantes jusqu'\u00e0 ce que vous receviez la quantit\u00e9 qui vous est due.<\/p>\n<h3>Le poivre peut-il \u00eatre achet\u00e9 sans investissement et imm\u00e9diatement ?<\/h3>\n<p>En principe, nous ne voulons importer en Suisse que le poivre command\u00e9 \u00e0 l'avance par les investisseurs. Nous avons pr\u00e9vu de stocker chez nous une petite quantit\u00e9 de poivre de Kampot noir et rouge, principalement \u00e0 des fins publicitaires. Si nous souhaitons vendre une partie de cette quantit\u00e9 via notre <a href=\"https:\/\/www.raffinessen.ch\/fr\/webseite\/shop\/\">Boutique en ligne<\/a> nous informerons les clients enregistr\u00e9s \u00e0 l'avance par le biais d'une newsletter. Lors de la conclusion d'un investissement, vous b\u00e9n\u00e9ficiez d'un prix pr\u00e9f\u00e9rentiel par rapport \u00e0 l'achat individuel et vous faites partie de la plantation.<\/p>\n<h3>Dois-je r\u00e9silier mon investissement dans le poivre ?<\/h3>\n<p>Notre investissement au poivre expire automatiquement apr\u00e8s la dur\u00e9e choisie et ne n\u00e9cessite pas de r\u00e9siliation. Nous vous informerons suffisamment t\u00f4t de la fin de votre dur\u00e9e et serions heureux que vous souscriviez \u00e0 un nouvel investissement \u00e0 l'\u00e9ch\u00e9ance.<\/p>\n<h3>Comment changer d'adresse ?<\/h3>\n<p>Vous pouvez \u00e0 tout moment nous communiquer une nouvelle adresse via <a href=\"https:\/\/www.raffinessen.ch\/fr\/webseite\/kontakt\/\">Formulaire de contact<\/a> de votre part. C'est important, car sinon nous ne pouvons pas vous garantir une livraison irr\u00e9prochable.<\/p>\n<\/div><\/section><\/div>","protected":false},"excerpt":{"rendered":"","protected":false},"author":1,"featured_media":0,"parent":257,"menu_order":4,"comment_status":"closed","ping_status":"closed","template":"","meta":{"footnotes":""},"class_list":["post-709","page","type-page","status-publish","hentry"],"yoast_head":"<!-- This site is optimized with the Yoast SEO plugin v27.5 - https:\/\/yoast.com\/product\/yoast-seo-wordpress\/ -->\n<title>Weitere Informationen zum Pfefferinvestment - Kampot Pfeffer<\/title>\n<meta name=\"description\" content=\"Verschiedene Informationen zum Pfefferinvestment finden Sie hier.\" \/>\n<meta name=\"robots\" content=\"index, follow, max-snippet:-1, max-image-preview:large, max-video-preview:-1\" \/>\n<link rel=\"canonical\" href=\"https:\/\/www.raffinessen.ch\/fr\/das-investment\/weitere-informationen-zum-pfefferinvestment\/\" \/>\n<meta property=\"og:locale\" content=\"fr_FR\" \/>\n<meta property=\"og:type\" content=\"article\" \/>\n<meta property=\"og:title\" content=\"Weitere Informationen zum Pfefferinvestment - Kampot Pfeffer\" \/>\n<meta property=\"og:description\" content=\"Verschiedene Informationen zum Pfefferinvestment finden Sie hier.\" \/>\n<meta property=\"og:url\" content=\"https:\/\/www.raffinessen.ch\/fr\/das-investment\/weitere-informationen-zum-pfefferinvestment\/\" \/>\n<meta property=\"og:site_name\" content=\"Raffinessen\" \/>\n<meta property=\"article:modified_time\" content=\"2016-10-31T11:02:06+00:00\" \/>\n<meta name=\"twitter:card\" content=\"summary_large_image\" \/>\n<meta name=\"twitter:label1\" content=\"Dur\u00e9e de lecture estim\u00e9e\" \/>\n\t<meta name=\"twitter:data1\" content=\"4 minutes\" \/>\n<script type=\"application\/ld+json\" class=\"yoast-schema-graph\">{\"@context\":\"https:\\\/\\\/schema.org\",\"@graph\":[{\"@type\":\"WebPage\",\"@id\":\"https:\\\/\\\/www.raffinessen.ch\\\/das-investment\\\/weitere-informationen-zum-pfefferinvestment\\\/\",\"url\":\"https:\\\/\\\/www.raffinessen.ch\\\/das-investment\\\/weitere-informationen-zum-pfefferinvestment\\\/\",\"name\":\"Weitere Informationen zum Pfefferinvestment - Kampot Pfeffer\",\"isPartOf\":{\"@id\":\"https:\\\/\\\/www.raffinessen.ch\\\/#website\"},\"datePublished\":\"2016-03-04T13:25:43+00:00\",\"dateModified\":\"2016-10-31T11:02:06+00:00\",\"description\":\"Verschiedene Informationen zum Pfefferinvestment finden Sie hier.\",\"breadcrumb\":{\"@id\":\"https:\\\/\\\/www.raffinessen.ch\\\/das-investment\\\/weitere-informationen-zum-pfefferinvestment\\\/#breadcrumb\"},\"inLanguage\":\"fr-FR\",\"potentialAction\":[{\"@type\":\"ReadAction\",\"target\":[\"https:\\\/\\\/www.raffinessen.ch\\\/das-investment\\\/weitere-informationen-zum-pfefferinvestment\\\/\"]}]},{\"@type\":\"BreadcrumbList\",\"@id\":\"https:\\\/\\\/www.raffinessen.ch\\\/das-investment\\\/weitere-informationen-zum-pfefferinvestment\\\/#breadcrumb\",\"itemListElement\":[{\"@type\":\"ListItem\",\"position\":1,\"name\":\"Home\",\"item\":\"https:\\\/\\\/www.raffinessen.ch\\\/\"},{\"@type\":\"ListItem\",\"position\":2,\"name\":\"Das Investment\",\"item\":\"https:\\\/\\\/www.raffinessen.ch\\\/das-investment\\\/\"},{\"@type\":\"ListItem\",\"position\":3,\"name\":\"Weitere Informationen zum Pfefferinvestment\"}]},{\"@type\":\"WebSite\",\"@id\":\"https:\\\/\\\/www.raffinessen.ch\\\/#website\",\"url\":\"https:\\\/\\\/www.raffinessen.ch\\\/\",\"name\":\"Raffinessen\",\"description\":\"roter und schwarzer Kampot Pfeffer - Gew\u00fcrze\",\"potentialAction\":[{\"@type\":\"SearchAction\",\"target\":{\"@type\":\"EntryPoint\",\"urlTemplate\":\"https:\\\/\\\/www.raffinessen.ch\\\/?s={search_term_string}\"},\"query-input\":{\"@type\":\"PropertyValueSpecification\",\"valueRequired\":true,\"valueName\":\"search_term_string\"}}],\"inLanguage\":\"fr-FR\"}]}<\/script>\n<!-- \/ Yoast SEO plugin. -->","yoast_head_json":{"title":"Weitere Informationen zum Pfefferinvestment - Kampot Pfeffer","description":"Verschiedene Informationen zum Pfefferinvestment finden Sie hier.","robots":{"index":"index","follow":"follow","max-snippet":"max-snippet:-1","max-image-preview":"max-image-preview:large","max-video-preview":"max-video-preview:-1"},"canonical":"https:\/\/www.raffinessen.ch\/fr\/das-investment\/weitere-informationen-zum-pfefferinvestment\/","og_locale":"fr_FR","og_type":"article","og_title":"Weitere Informationen zum Pfefferinvestment - Kampot Pfeffer","og_description":"Verschiedene Informationen zum Pfefferinvestment finden Sie hier.","og_url":"https:\/\/www.raffinessen.ch\/fr\/das-investment\/weitere-informationen-zum-pfefferinvestment\/","og_site_name":"Raffinessen","article_modified_time":"2016-10-31T11:02:06+00:00","twitter_card":"summary_large_image","twitter_misc":{"Dur\u00e9e de lecture estim\u00e9e":"4 minutes"},"schema":{"@context":"https:\/\/schema.org","@graph":[{"@type":"WebPage","@id":"https:\/\/www.raffinessen.ch\/das-investment\/weitere-informationen-zum-pfefferinvestment\/","url":"https:\/\/www.raffinessen.ch\/das-investment\/weitere-informationen-zum-pfefferinvestment\/","name":"Weitere Informationen zum Pfefferinvestment - Kampot Pfeffer","isPartOf":{"@id":"https:\/\/www.raffinessen.ch\/#website"},"datePublished":"2016-03-04T13:25:43+00:00","dateModified":"2016-10-31T11:02:06+00:00","description":"Verschiedene Informationen zum Pfefferinvestment finden Sie hier.","breadcrumb":{"@id":"https:\/\/www.raffinessen.ch\/das-investment\/weitere-informationen-zum-pfefferinvestment\/#breadcrumb"},"inLanguage":"fr-FR","potentialAction":[{"@type":"ReadAction","target":["https:\/\/www.raffinessen.ch\/das-investment\/weitere-informationen-zum-pfefferinvestment\/"]}]},{"@type":"BreadcrumbList","@id":"https:\/\/www.raffinessen.ch\/das-investment\/weitere-informationen-zum-pfefferinvestment\/#breadcrumb","itemListElement":[{"@type":"ListItem","position":1,"name":"Home","item":"https:\/\/www.raffinessen.ch\/"},{"@type":"ListItem","position":2,"name":"Das Investment","item":"https:\/\/www.raffinessen.ch\/das-investment\/"},{"@type":"ListItem","position":3,"name":"Weitere Informationen zum Pfefferinvestment"}]},{"@type":"WebSite","@id":"https:\/\/www.raffinessen.ch\/#website","url":"https:\/\/www.raffinessen.ch\/","name":"Raffinements","description":"poivre de Kampot rouge et noir - \u00e9pices","potentialAction":[{"@type":"SearchAction","target":{"@type":"EntryPoint","urlTemplate":"https:\/\/www.raffinessen.ch\/?s={search_term_string}"},"query-input":{"@type":"PropertyValueSpecification","valueRequired":true,"valueName":"search_term_string"}}],"inLanguage":"fr-FR"}]}},"_links":{"self":[{"href":"https:\/\/www.raffinessen.ch\/fr\/wp-json\/wp\/v2\/pages\/709","targetHints":{"allow":["GET"]}}],"collection":[{"href":"https:\/\/www.raffinessen.ch\/fr\/wp-json\/wp\/v2\/pages"}],"about":[{"href":"https:\/\/www.raffinessen.ch\/fr\/wp-json\/wp\/v2\/types\/page"}],"author":[{"embeddable":true,"href":"https:\/\/www.raffinessen.ch\/fr\/wp-json\/wp\/v2\/users\/1"}],"replies":[{"embeddable":true,"href":"https:\/\/www.raffinessen.ch\/fr\/wp-json\/wp\/v2\/comments?post=709"}],"version-history":[{"count":0,"href":"https:\/\/www.raffinessen.ch\/fr\/wp-json\/wp\/v2\/pages\/709\/revisions"}],"up":[{"embeddable":true,"href":"https:\/\/www.raffinessen.ch\/fr\/wp-json\/wp\/v2\/pages\/257"}],"wp:attachment":[{"href":"https:\/\/www.raffinessen.ch\/fr\/wp-json\/wp\/v2\/media?parent=709"}],"curies":[{"name":"wp","href":"https:\/\/api.w.org\/{rel}","templated":true}]}}