{"id":705,"date":"2016-03-04T14:23:00","date_gmt":"2016-03-04T13:23:00","guid":{"rendered":"https:\/\/raffinessen.ch\/webseite\/?page_id=705"},"modified":"2016-10-31T11:57:10","modified_gmt":"2016-10-31T10:57:10","slug":"wozu-wird-ihre-geldanlage-verwendet","status":"publish","type":"page","link":"https:\/\/www.raffinessen.ch\/fr\/das-investment\/wozu-wird-ihre-geldanlage-verwendet\/","title":{"rendered":"\u00c0 quoi sert votre investissement ?"},"content":{"rendered":"<style type=\"text\/css\" data-created_by=\"avia_inline_auto\" id=\"style-css-av-av_section-ad72d486a18accda29e4130edd46b57e\">\n.avia-section.av-av_section-ad72d486a18accda29e4130edd46b57e .av-parallax .av-parallax-inner{\nbackground-repeat:no-repeat;\nbackground-image:url(https:\/\/www.raffinessen.ch\/webseite\/wp-content\/uploads\/2016\/02\/kambot-pfeffer-trocknung-3000.jpg);\nbackground-position:0% 100%;\nbackground-attachment:scroll;\n}\n<\/style>\n<div id='av_section_1'  class='avia-section av-av_section-ad72d486a18accda29e4130edd46b57e main_color avia-section-default avia-no-border-styling  avia-builder-el-0  el_before_av_one_full  avia-builder-el-first  avia-full-stretch av-parallax-section avia-bg-style-parallax av-minimum-height av-minimum-height-custom av-height-custom  container_wrap sidebar_right'  data-section-bg-repeat='stretch' data-av_minimum_height_px='250'><div class='av-parallax' data-avia-parallax-ratio='0.3' ><div class='av-parallax-inner main_color avia-full-stretch'><\/div><\/div><div class='container av-section-cont-open' style='height:250px'><main  role=\"main\" itemprop=\"mainContentOfPage\"  class='template-page content  av-content-small alpha units'><div class='post-entry post-entry-type-page post-entry-705'><div class='entry-content-wrapper clearfix'>\n<div class='flex_column_table av-av_one_fourth-afaead5c690b8c9943c2625169da7fe6 sc-av_one_fourth av-equal-height-column-flextable'>\n<style type=\"text\/css\" data-created_by=\"avia_inline_auto\" id=\"style-css-av-av_one_fourth-afaead5c690b8c9943c2625169da7fe6\">\n.flex_column.av-av_one_fourth-afaead5c690b8c9943c2625169da7fe6{\nborder-radius:0px 0px 0px 0px;\npadding:0px 0px 0px 0px;\n}\n<\/style>\n<div  class='flex_column av-av_one_fourth-afaead5c690b8c9943c2625169da7fe6 av_one_fourth  avia-builder-el-1  el_before_av_one_fourth  avia-builder-el-first  first flex_column_table_cell av-equal-height-column av-align-bottom av-zero-column-padding'     ><\/div><div class='av-flex-placeholder'><\/div>\n<style type=\"text\/css\" data-created_by=\"avia_inline_auto\" id=\"style-css-av-av_one_fourth-9c1d454dc06f7247226bc4e8f931daae\">\n.flex_column.av-av_one_fourth-9c1d454dc06f7247226bc4e8f931daae{\nborder-radius:0px 0px 0px 0px;\npadding:0px 0px 0px 0px;\n}\n<\/style>\n<div  class='flex_column av-av_one_fourth-9c1d454dc06f7247226bc4e8f931daae av_one_fourth  avia-builder-el-2  el_after_av_one_fourth  el_before_av_one_fourth  flex_column_table_cell av-equal-height-column av-align-bottom av-zero-column-padding'     ><\/div><div class='av-flex-placeholder'><\/div>\n<style type=\"text\/css\" data-created_by=\"avia_inline_auto\" id=\"style-css-av-av_one_fourth-9c1d454dc06f7247226bc4e8f931daae\">\n.flex_column.av-av_one_fourth-9c1d454dc06f7247226bc4e8f931daae{\nborder-radius:0px 0px 0px 0px;\npadding:0px 0px 0px 0px;\n}\n<\/style>\n<div  class='flex_column av-av_one_fourth-9c1d454dc06f7247226bc4e8f931daae av_one_fourth  avia-builder-el-3  el_after_av_one_fourth  el_before_av_one_fourth  flex_column_table_cell av-equal-height-column av-align-bottom av-zero-column-padding'     ><\/div><div class='av-flex-placeholder'><\/div>\n<style type=\"text\/css\" data-created_by=\"avia_inline_auto\" id=\"style-css-av-av_one_fourth-7b04668b4dc86f47e32fc0fa09784324\">\n.flex_column.av-av_one_fourth-7b04668b4dc86f47e32fc0fa09784324{\nborder-radius:0px 0px 0px 0px;\npadding:0px 0px 0px 0px;\n}\n<\/style>\n<div  class='flex_column av-av_one_fourth-7b04668b4dc86f47e32fc0fa09784324 av_one_fourth  avia-builder-el-4  el_after_av_one_fourth  avia-builder-el-last  flex_column_table_cell av-equal-height-column av-align-bottom av-animated-generic fade-in av-zero-column-padding'     ><style type=\"text\/css\" data-created_by=\"avia_inline_auto\" id=\"style-css-av-av_heading-7a614380115ff8500618efb2f940541a\">\n#top .av-special-heading.av-av_heading-7a614380115ff8500618efb2f940541a{\npadding-bottom:10px;\ncolor:#ffffff;\nfont-size:30px;\n}\nbody .av-special-heading.av-av_heading-7a614380115ff8500618efb2f940541a .av-special-heading-tag .heading-char{\nfont-size:25px;\n}\n#top #wrap_all .av-special-heading.av-av_heading-7a614380115ff8500618efb2f940541a .av-special-heading-tag{\nfont-size:30px;\n}\n.av-special-heading.av-av_heading-7a614380115ff8500618efb2f940541a .special-heading-inner-border{\nborder-color:#ffffff;\n}\n.av-special-heading.av-av_heading-7a614380115ff8500618efb2f940541a .av-subheading{\nfont-size:15px;\n}\n\n@media only screen and (min-width: 480px) and (max-width: 767px){ \n#top #wrap_all .av-special-heading.av-av_heading-7a614380115ff8500618efb2f940541a .av-special-heading-tag{\nfont-size:0.8em;\n}\n}\n\n@media only screen and (max-width: 479px){ \n#top #wrap_all .av-special-heading.av-av_heading-7a614380115ff8500618efb2f940541a .av-special-heading-tag{\nfont-size:0.8em;\n}\n}\n<\/style>\n<div  class='av-special-heading av-av_heading-7a614380115ff8500618efb2f940541a av-special-heading-h3 custom-color-heading blockquote modern-quote  avia-builder-el-5  avia-builder-el-no-sibling  av-inherit-size'><h3 class='av-special-heading-tag'  itemprop=\"headline\"  >L'investissement<\/h3><div class=\"special-heading-border\"><div class=\"special-heading-inner-border\"><\/div><\/div><\/div><\/div><\/div><!--close column table wrapper. Autoclose: 1 -->\n<\/div><\/div><\/main><!-- close content main element --><\/div><\/div><div id='after_section_1'  class='main_color av_default_container_wrap container_wrap sidebar_right'  ><div class='container av-section-cont-open' ><div class='template-page content  av-content-small alpha units'><div class='post-entry post-entry-type-page post-entry-705'><div class='entry-content-wrapper clearfix'>\n\n<style type=\"text\/css\" data-created_by=\"avia_inline_auto\" id=\"style-css-av-av_one_full-9497bbf8bff73ea4c6992cc17fa9ec36\">\n.flex_column.av-av_one_full-9497bbf8bff73ea4c6992cc17fa9ec36{\nborder-radius:0px 0px 0px 0px;\npadding:0px 0px 0px 0px;\n}\n<\/style>\n<div  class='flex_column av-av_one_full-9497bbf8bff73ea4c6992cc17fa9ec36 av_one_full  avia-builder-el-6  el_after_av_section  el_before_av_one_full  avia-builder-el-first  first flex_column_div av-zero-column-padding'     ><style type=\"text\/css\" data-created_by=\"avia_inline_auto\" id=\"style-css-av-av_heading-e6559500775bba4babad726180f003e0\">\n#top .av-special-heading.av-av_heading-e6559500775bba4babad726180f003e0{\npadding-bottom:10px;\n}\nbody .av-special-heading.av-av_heading-e6559500775bba4babad726180f003e0 .av-special-heading-tag .heading-char{\nfont-size:25px;\n}\n.av-special-heading.av-av_heading-e6559500775bba4babad726180f003e0 .av-subheading{\nfont-size:15px;\n}\n<\/style>\n<div  class='av-special-heading av-av_heading-e6559500775bba4babad726180f003e0 av-special-heading-h2 blockquote modern-quote  avia-builder-el-7  avia-builder-el-no-sibling'><h2 class='av-special-heading-tag'  itemprop=\"headline\"  >\u00c0 quoi sert votre investissement ?<\/h2><div class=\"special-heading-border\"><div class=\"special-heading-inner-border\"><\/div><\/div><\/div><\/div>\n\n<style type=\"text\/css\" data-created_by=\"avia_inline_auto\" id=\"style-css-av-av_one_full-9497bbf8bff73ea4c6992cc17fa9ec36\">\n.flex_column.av-av_one_full-9497bbf8bff73ea4c6992cc17fa9ec36{\nborder-radius:0px 0px 0px 0px;\npadding:0px 0px 0px 0px;\n}\n<\/style>\n<div  class='flex_column av-av_one_full-9497bbf8bff73ea4c6992cc17fa9ec36 av_one_full  avia-builder-el-8  el_after_av_one_full  avia-builder-el-last  first flex_column_div av-zero-column-padding  column-top-margin'     ><section  class='av_textblock_section av-av_textblock-0366cc7376be6c9e82a3e9cc8987b64f'   itemscope=\"itemscope\" itemtype=\"https:\/\/schema.org\/CreativeWork\" ><div class='avia_textblock'  itemprop=\"text\" ><ul>\n<li>Achat d'un nouveau plant de poivrier et gestion de celui-ci pendant 3 ans jusqu'\u00e0 la premi\u00e8re r\u00e9colte. Les terres en friche sont rendues fertiles gr\u00e2ce \u00e0 votre engagement. Les nouveaux plants sont toujours mis en place pendant la saison des pluies, en septembre. A cette \u00e9poque, les sols sont humides et les conditions climatiques sont les plus propices \u00e0 la culture de jeunes plants.<\/li>\n<li>\u00a0Paiement de salaires \u00e9quitables, y compris les pr\u00e9l\u00e8vements pour la caisse maladie et la pr\u00e9voyance vieillesse, ainsi que le financement d'un logement et de repas gratuits sur la plantation pour les collaborateurs.<\/li>\n<li>Am\u00e9lioration de la <a href=\"https:\/\/www.raffinessen.ch\/fr\/webseite\/die-farm\/farm-und-infrastruktur\/\">Infrastructure sur la plantation<\/a> (p. ex. un syst\u00e8me d'irrigation \u00e9conome en eau et optimis\u00e9 pour les plantes ou un nouveau bassin pour recueillir l'eau de pluie) Sur notre <a href=\"https:\/\/www.raffinessen.ch\/fr\/webseite\/der-blog\/\">Blog<\/a> vous serez inform\u00e9s des activit\u00e9s en cours.<\/li>\n<li>Organisation d'un transport \u00e9cologique par bateau vers la Suisse.<\/li>\n<li>Nettoyage ult\u00e9rieur dans une <a href=\"https:\/\/www.raffinessen.ch\/fr\/webseite\/der-pfeffer\/weitere-informationen-ueber-den-kampot-pfeffer\/\">Chambre de pression CO2<\/a> sans additifs chimiques.<\/li>\n<li>Remplissage et envoi directement chez vous par GEWA, une fondation pour l'int\u00e9gration professionnelle \u00e0 Zollikofen pr\u00e8s de Berne.<\/li>\n<\/ul>\n<p>Gr\u00e2ce \u00e0 votre placement financier raffin\u00e9, vous b\u00e9n\u00e9ficiez <a href=\"https:\/\/www.raffinessen.ch\/fr\/webseite\/shop\/\">de poivre de Kampot rouge ou noir<\/a> de la meilleure qualit\u00e9, livr\u00e9s gratuitement.<\/p>\n<\/div><\/section><\/div>","protected":false},"excerpt":{"rendered":"","protected":false},"author":1,"featured_media":0,"parent":257,"menu_order":3,"comment_status":"closed","ping_status":"closed","template":"","meta":{"footnotes":""},"class_list":["post-705","page","type-page","status-publish","hentry"],"yoast_head":"<!-- This site is optimized with the Yoast SEO plugin v27.5 - https:\/\/yoast.com\/product\/yoast-seo-wordpress\/ -->\n<title>Wozu wird Ihre Geldanlage verwendet? - Kampot Pfeffer<\/title>\n<meta name=\"description\" content=\"Dank Ihrer raffinierten Geldanlage profitieren Sie von 2 kg rotem oder schwarzem Kampot Pfeffer bester Qualit\u00e4t, frei Haus geliefert.\" \/>\n<meta name=\"robots\" content=\"index, follow, max-snippet:-1, max-image-preview:large, max-video-preview:-1\" \/>\n<link rel=\"canonical\" href=\"https:\/\/www.raffinessen.ch\/fr\/das-investment\/wozu-wird-ihre-geldanlage-verwendet\/\" \/>\n<meta property=\"og:locale\" content=\"fr_FR\" \/>\n<meta property=\"og:type\" content=\"article\" \/>\n<meta property=\"og:title\" content=\"Wozu wird Ihre Geldanlage verwendet? - Kampot Pfeffer\" \/>\n<meta property=\"og:description\" content=\"Dank Ihrer raffinierten Geldanlage profitieren Sie von 2 kg rotem oder schwarzem Kampot Pfeffer bester Qualit\u00e4t, frei Haus geliefert.\" \/>\n<meta property=\"og:url\" content=\"https:\/\/www.raffinessen.ch\/fr\/das-investment\/wozu-wird-ihre-geldanlage-verwendet\/\" \/>\n<meta property=\"og:site_name\" content=\"Raffinessen\" \/>\n<meta property=\"article:modified_time\" content=\"2016-10-31T10:57:10+00:00\" \/>\n<meta name=\"twitter:card\" content=\"summary_large_image\" \/>\n<meta name=\"twitter:label1\" content=\"Dur\u00e9e de lecture estim\u00e9e\" \/>\n\t<meta name=\"twitter:data1\" content=\"3 minutes\" \/>\n<script type=\"application\/ld+json\" class=\"yoast-schema-graph\">{\"@context\":\"https:\\\/\\\/schema.org\",\"@graph\":[{\"@type\":\"WebPage\",\"@id\":\"https:\\\/\\\/www.raffinessen.ch\\\/das-investment\\\/wozu-wird-ihre-geldanlage-verwendet\\\/\",\"url\":\"https:\\\/\\\/www.raffinessen.ch\\\/das-investment\\\/wozu-wird-ihre-geldanlage-verwendet\\\/\",\"name\":\"Wozu wird Ihre Geldanlage verwendet? - Kampot Pfeffer\",\"isPartOf\":{\"@id\":\"https:\\\/\\\/www.raffinessen.ch\\\/#website\"},\"datePublished\":\"2016-03-04T13:23:00+00:00\",\"dateModified\":\"2016-10-31T10:57:10+00:00\",\"description\":\"Dank Ihrer raffinierten Geldanlage profitieren Sie von 2 kg rotem oder schwarzem Kampot Pfeffer bester Qualit\u00e4t, frei Haus geliefert.\",\"breadcrumb\":{\"@id\":\"https:\\\/\\\/www.raffinessen.ch\\\/das-investment\\\/wozu-wird-ihre-geldanlage-verwendet\\\/#breadcrumb\"},\"inLanguage\":\"fr-FR\",\"potentialAction\":[{\"@type\":\"ReadAction\",\"target\":[\"https:\\\/\\\/www.raffinessen.ch\\\/das-investment\\\/wozu-wird-ihre-geldanlage-verwendet\\\/\"]}]},{\"@type\":\"BreadcrumbList\",\"@id\":\"https:\\\/\\\/www.raffinessen.ch\\\/das-investment\\\/wozu-wird-ihre-geldanlage-verwendet\\\/#breadcrumb\",\"itemListElement\":[{\"@type\":\"ListItem\",\"position\":1,\"name\":\"Home\",\"item\":\"https:\\\/\\\/www.raffinessen.ch\\\/\"},{\"@type\":\"ListItem\",\"position\":2,\"name\":\"Das Investment\",\"item\":\"https:\\\/\\\/www.raffinessen.ch\\\/das-investment\\\/\"},{\"@type\":\"ListItem\",\"position\":3,\"name\":\"Wozu wird Ihre Geldanlage verwendet?\"}]},{\"@type\":\"WebSite\",\"@id\":\"https:\\\/\\\/www.raffinessen.ch\\\/#website\",\"url\":\"https:\\\/\\\/www.raffinessen.ch\\\/\",\"name\":\"Raffinessen\",\"description\":\"roter und schwarzer Kampot Pfeffer - Gew\u00fcrze\",\"potentialAction\":[{\"@type\":\"SearchAction\",\"target\":{\"@type\":\"EntryPoint\",\"urlTemplate\":\"https:\\\/\\\/www.raffinessen.ch\\\/?s={search_term_string}\"},\"query-input\":{\"@type\":\"PropertyValueSpecification\",\"valueRequired\":true,\"valueName\":\"search_term_string\"}}],\"inLanguage\":\"fr-FR\"}]}<\/script>\n<!-- \/ Yoast SEO plugin. -->","yoast_head_json":{"title":"Wozu wird Ihre Geldanlage verwendet? - Kampot Pfeffer","description":"Dank Ihrer raffinierten Geldanlage profitieren Sie von 2 kg rotem oder schwarzem Kampot Pfeffer bester Qualit\u00e4t, frei Haus geliefert.","robots":{"index":"index","follow":"follow","max-snippet":"max-snippet:-1","max-image-preview":"max-image-preview:large","max-video-preview":"max-video-preview:-1"},"canonical":"https:\/\/www.raffinessen.ch\/fr\/das-investment\/wozu-wird-ihre-geldanlage-verwendet\/","og_locale":"fr_FR","og_type":"article","og_title":"Wozu wird Ihre Geldanlage verwendet? - Kampot Pfeffer","og_description":"Dank Ihrer raffinierten Geldanlage profitieren Sie von 2 kg rotem oder schwarzem Kampot Pfeffer bester Qualit\u00e4t, frei Haus geliefert.","og_url":"https:\/\/www.raffinessen.ch\/fr\/das-investment\/wozu-wird-ihre-geldanlage-verwendet\/","og_site_name":"Raffinessen","article_modified_time":"2016-10-31T10:57:10+00:00","twitter_card":"summary_large_image","twitter_misc":{"Dur\u00e9e de lecture estim\u00e9e":"3 minutes"},"schema":{"@context":"https:\/\/schema.org","@graph":[{"@type":"WebPage","@id":"https:\/\/www.raffinessen.ch\/das-investment\/wozu-wird-ihre-geldanlage-verwendet\/","url":"https:\/\/www.raffinessen.ch\/das-investment\/wozu-wird-ihre-geldanlage-verwendet\/","name":"Wozu wird Ihre Geldanlage verwendet? - Kampot Pfeffer","isPartOf":{"@id":"https:\/\/www.raffinessen.ch\/#website"},"datePublished":"2016-03-04T13:23:00+00:00","dateModified":"2016-10-31T10:57:10+00:00","description":"Dank Ihrer raffinierten Geldanlage profitieren Sie von 2 kg rotem oder schwarzem Kampot Pfeffer bester Qualit\u00e4t, frei Haus geliefert.","breadcrumb":{"@id":"https:\/\/www.raffinessen.ch\/das-investment\/wozu-wird-ihre-geldanlage-verwendet\/#breadcrumb"},"inLanguage":"fr-FR","potentialAction":[{"@type":"ReadAction","target":["https:\/\/www.raffinessen.ch\/das-investment\/wozu-wird-ihre-geldanlage-verwendet\/"]}]},{"@type":"BreadcrumbList","@id":"https:\/\/www.raffinessen.ch\/das-investment\/wozu-wird-ihre-geldanlage-verwendet\/#breadcrumb","itemListElement":[{"@type":"ListItem","position":1,"name":"Home","item":"https:\/\/www.raffinessen.ch\/"},{"@type":"ListItem","position":2,"name":"Das Investment","item":"https:\/\/www.raffinessen.ch\/das-investment\/"},{"@type":"ListItem","position":3,"name":"Wozu wird Ihre Geldanlage verwendet?"}]},{"@type":"WebSite","@id":"https:\/\/www.raffinessen.ch\/#website","url":"https:\/\/www.raffinessen.ch\/","name":"Raffinements","description":"poivre de Kampot rouge et noir - \u00e9pices","potentialAction":[{"@type":"SearchAction","target":{"@type":"EntryPoint","urlTemplate":"https:\/\/www.raffinessen.ch\/?s={search_term_string}"},"query-input":{"@type":"PropertyValueSpecification","valueRequired":true,"valueName":"search_term_string"}}],"inLanguage":"fr-FR"}]}},"_links":{"self":[{"href":"https:\/\/www.raffinessen.ch\/fr\/wp-json\/wp\/v2\/pages\/705","targetHints":{"allow":["GET"]}}],"collection":[{"href":"https:\/\/www.raffinessen.ch\/fr\/wp-json\/wp\/v2\/pages"}],"about":[{"href":"https:\/\/www.raffinessen.ch\/fr\/wp-json\/wp\/v2\/types\/page"}],"author":[{"embeddable":true,"href":"https:\/\/www.raffinessen.ch\/fr\/wp-json\/wp\/v2\/users\/1"}],"replies":[{"embeddable":true,"href":"https:\/\/www.raffinessen.ch\/fr\/wp-json\/wp\/v2\/comments?post=705"}],"version-history":[{"count":0,"href":"https:\/\/www.raffinessen.ch\/fr\/wp-json\/wp\/v2\/pages\/705\/revisions"}],"up":[{"embeddable":true,"href":"https:\/\/www.raffinessen.ch\/fr\/wp-json\/wp\/v2\/pages\/257"}],"wp:attachment":[{"href":"https:\/\/www.raffinessen.ch\/fr\/wp-json\/wp\/v2\/media?parent=705"}],"curies":[{"name":"wp","href":"https:\/\/api.w.org\/{rel}","templated":true}]}}