{"id":595,"date":"2016-03-02T13:51:16","date_gmt":"2016-03-02T12:51:16","guid":{"rendered":"https:\/\/raffinessen.ch\/webseite\/?page_id=595"},"modified":"2016-04-13T20:25:38","modified_gmt":"2016-04-13T18:25:38","slug":"qualitaetskontrolle","status":"publish","type":"page","link":"https:\/\/www.raffinessen.ch\/fr\/der-pfeffer\/qualitaetskontrolle\/","title":{"rendered":"Contr\u00f4le de qualit\u00e9"},"content":{"rendered":"<style type=\"text\/css\" data-created_by=\"avia_inline_auto\" id=\"style-css-av-av_section-66544867683641f0d5179509865d38de\">\n.avia-section.av-av_section-66544867683641f0d5179509865d38de .av-parallax .av-parallax-inner{\nbackground-repeat:no-repeat;\nbackground-image:url(https:\/\/www.raffinessen.ch\/webseite\/wp-content\/uploads\/2016\/02\/pfeffer-bluete-3000.jpg);\nbackground-position:100% 0%;\nbackground-attachment:scroll;\n}\n<\/style>\n<div id='av_section_1'  class='avia-section av-av_section-66544867683641f0d5179509865d38de main_color avia-section-default avia-no-shadow  avia-builder-el-0  el_before_av_one_full  avia-builder-el-first  avia-full-stretch av-parallax-section avia-bg-style-parallax av-minimum-height av-minimum-height-custom av-height-custom  container_wrap sidebar_right'  data-section-bg-repeat='stretch' data-av_minimum_height_px='250'><div class='av-parallax' data-avia-parallax-ratio='0.3' ><div class='av-parallax-inner main_color avia-full-stretch'><\/div><\/div><div class='container av-section-cont-open' style='height:250px'><main  role=\"main\" itemprop=\"mainContentOfPage\"  class='template-page content  av-content-small alpha units'><div class='post-entry post-entry-type-page post-entry-595'><div class='entry-content-wrapper clearfix'>\n<div class='flex_column_table av-av_one_fourth-afaead5c690b8c9943c2625169da7fe6 sc-av_one_fourth av-equal-height-column-flextable'>\n<style type=\"text\/css\" data-created_by=\"avia_inline_auto\" id=\"style-css-av-av_one_fourth-afaead5c690b8c9943c2625169da7fe6\">\n.flex_column.av-av_one_fourth-afaead5c690b8c9943c2625169da7fe6{\nborder-radius:0px 0px 0px 0px;\npadding:0px 0px 0px 0px;\n}\n<\/style>\n<div  class='flex_column av-av_one_fourth-afaead5c690b8c9943c2625169da7fe6 av_one_fourth  avia-builder-el-1  el_before_av_one_fourth  avia-builder-el-first  first flex_column_table_cell av-equal-height-column av-align-bottom av-zero-column-padding'     ><\/div><div class='av-flex-placeholder'><\/div>\n<style type=\"text\/css\" data-created_by=\"avia_inline_auto\" id=\"style-css-av-av_one_fourth-9c1d454dc06f7247226bc4e8f931daae\">\n.flex_column.av-av_one_fourth-9c1d454dc06f7247226bc4e8f931daae{\nborder-radius:0px 0px 0px 0px;\npadding:0px 0px 0px 0px;\n}\n<\/style>\n<div  class='flex_column av-av_one_fourth-9c1d454dc06f7247226bc4e8f931daae av_one_fourth  avia-builder-el-2  el_after_av_one_fourth  el_before_av_one_fourth  flex_column_table_cell av-equal-height-column av-align-bottom av-zero-column-padding'     ><\/div><div class='av-flex-placeholder'><\/div>\n<style type=\"text\/css\" data-created_by=\"avia_inline_auto\" id=\"style-css-av-av_one_fourth-9c1d454dc06f7247226bc4e8f931daae\">\n.flex_column.av-av_one_fourth-9c1d454dc06f7247226bc4e8f931daae{\nborder-radius:0px 0px 0px 0px;\npadding:0px 0px 0px 0px;\n}\n<\/style>\n<div  class='flex_column av-av_one_fourth-9c1d454dc06f7247226bc4e8f931daae av_one_fourth  avia-builder-el-3  el_after_av_one_fourth  el_before_av_one_fourth  flex_column_table_cell av-equal-height-column av-align-bottom av-zero-column-padding'     ><\/div><div class='av-flex-placeholder'><\/div>\n<style type=\"text\/css\" data-created_by=\"avia_inline_auto\" id=\"style-css-av-av_one_fourth-7b04668b4dc86f47e32fc0fa09784324\">\n.flex_column.av-av_one_fourth-7b04668b4dc86f47e32fc0fa09784324{\nborder-radius:0px 0px 0px 0px;\npadding:0px 0px 0px 0px;\n}\n<\/style>\n<div  class='flex_column av-av_one_fourth-7b04668b4dc86f47e32fc0fa09784324 av_one_fourth  avia-builder-el-4  el_after_av_one_fourth  avia-builder-el-last  flex_column_table_cell av-equal-height-column av-align-bottom av-animated-generic fade-in av-zero-column-padding'     ><style type=\"text\/css\" data-created_by=\"avia_inline_auto\" id=\"style-css-av-av_heading-dd3252f44f2a5e84a3d9bca8ce54c903\">\n#top .av-special-heading.av-av_heading-dd3252f44f2a5e84a3d9bca8ce54c903{\npadding-bottom:10px;\ncolor:#ffffff;\nfont-size:30px;\n}\nbody .av-special-heading.av-av_heading-dd3252f44f2a5e84a3d9bca8ce54c903 .av-special-heading-tag .heading-char{\nfont-size:25px;\n}\n#top #wrap_all .av-special-heading.av-av_heading-dd3252f44f2a5e84a3d9bca8ce54c903 .av-special-heading-tag{\nfont-size:30px;\n}\n.av-special-heading.av-av_heading-dd3252f44f2a5e84a3d9bca8ce54c903 .special-heading-inner-border{\nborder-color:#ffffff;\n}\n.av-special-heading.av-av_heading-dd3252f44f2a5e84a3d9bca8ce54c903 .av-subheading{\nfont-size:15px;\n}\n\n@media only screen and (min-width: 480px) and (max-width: 767px){ \n#top #wrap_all .av-special-heading.av-av_heading-dd3252f44f2a5e84a3d9bca8ce54c903 .av-special-heading-tag{\nfont-size:0.8em;\n}\n}\n\n@media only screen and (max-width: 479px){ \n#top #wrap_all .av-special-heading.av-av_heading-dd3252f44f2a5e84a3d9bca8ce54c903 .av-special-heading-tag{\nfont-size:0.8em;\n}\n}\n<\/style>\n<div  class='av-special-heading av-av_heading-dd3252f44f2a5e84a3d9bca8ce54c903 av-special-heading-h3 custom-color-heading blockquote modern-quote  avia-builder-el-5  avia-builder-el-no-sibling  av-inherit-size'><h3 class='av-special-heading-tag'  itemprop=\"headline\"  >Le poivre<\/h3><div class=\"special-heading-border\"><div class=\"special-heading-inner-border\"><\/div><\/div><\/div><\/div><\/div><!--close column table wrapper. Autoclose: 1 -->\n<\/div><\/div><\/main><!-- close content main element --><\/div><\/div><div id='after_section_1'  class='main_color av_default_container_wrap container_wrap sidebar_right'  ><div class='container av-section-cont-open' ><div class='template-page content  av-content-small alpha units'><div class='post-entry post-entry-type-page post-entry-595'><div class='entry-content-wrapper clearfix'>\n\n<style type=\"text\/css\" data-created_by=\"avia_inline_auto\" id=\"style-css-av-av_one_full-9497bbf8bff73ea4c6992cc17fa9ec36\">\n.flex_column.av-av_one_full-9497bbf8bff73ea4c6992cc17fa9ec36{\nborder-radius:0px 0px 0px 0px;\npadding:0px 0px 0px 0px;\n}\n<\/style>\n<div  class='flex_column av-av_one_full-9497bbf8bff73ea4c6992cc17fa9ec36 av_one_full  avia-builder-el-6  el_after_av_section  avia-builder-el-no-sibling  first flex_column_div av-zero-column-padding'     ><p>\n<style type=\"text\/css\" data-created_by=\"avia_inline_auto\" id=\"style-css-av-av_heading-5d2a0fda93f1b8b94a43ac815d012e4b\">\n#top .av-special-heading.av-av_heading-5d2a0fda93f1b8b94a43ac815d012e4b{\npadding-bottom:10px;\n}\nbody .av-special-heading.av-av_heading-5d2a0fda93f1b8b94a43ac815d012e4b .av-special-heading-tag .heading-char{\nfont-size:25px;\n}\n.av-special-heading.av-av_heading-5d2a0fda93f1b8b94a43ac815d012e4b .av-subheading{\nfont-size:15px;\n}\n<\/style>\n<div  class='av-special-heading av-av_heading-5d2a0fda93f1b8b94a43ac815d012e4b av-special-heading-h1 blockquote modern-quote  avia-builder-el-7  el_before_av_textblock  avia-builder-el-first'><h1 class='av-special-heading-tag'  itemprop=\"headline\"  >Contr\u00f4le de qualit\u00e9<\/h1><div class=\"special-heading-border\"><div class=\"special-heading-inner-border\"><\/div><\/div><\/div><br \/>\n<section  class='av_textblock_section av-av_textblock-0366cc7376be6c9e82a3e9cc8987b64f'   itemscope=\"itemscope\" itemtype=\"https:\/\/schema.org\/CreativeWork\" ><div class='avia_textblock'  itemprop=\"text\" ><p>Les qualit\u00e9s commerciales habituelles de poivre peuvent contenir un certain pourcentage de \"pinheads\". Chez nous, ces grains atrophi\u00e9s qui ne sont jamais arriv\u00e9s \u00e0 maturit\u00e9 sont soigneusement tri\u00e9s \u00e0 la main et vendus sur le march\u00e9 de masse en tant que qualit\u00e9 inf\u00e9rieure. Nous jetons les grains l\u00e9gers sans amande et les grains gris qui sont atteints de moisissure, de pourriture ou de parasites. Pour nos clients, nous ne traitons que les grains impeccables qui ont le meilleur et le plus intense ar\u00f4me.<\/p>\n<\/div><\/section><\/p><\/div>","protected":false},"excerpt":{"rendered":"","protected":false},"author":1,"featured_media":0,"parent":261,"menu_order":4,"comment_status":"closed","ping_status":"closed","template":"","meta":{"footnotes":""},"class_list":["post-595","page","type-page","status-publish","hentry"],"yoast_head":"<!-- This site is optimized with the Yoast SEO plugin v27.5 - https:\/\/yoast.com\/product\/yoast-seo-wordpress\/ -->\n<title>Qualit\u00e4tskontrolle - Kampot Pfeffer<\/title>\n<meta name=\"description\" content=\"Die verk\u00fcmmerten K\u00f6rner, die nie zur Reife gekommen sind, werden in sorgf\u00e4ltiger Handarbeit aussortiert und als minderwertige Qualit\u00e4t verkauft.\" \/>\n<meta name=\"robots\" content=\"index, follow, max-snippet:-1, max-image-preview:large, max-video-preview:-1\" \/>\n<link rel=\"canonical\" href=\"https:\/\/www.raffinessen.ch\/fr\/der-pfeffer\/qualitaetskontrolle\/\" \/>\n<meta property=\"og:locale\" content=\"fr_FR\" \/>\n<meta property=\"og:type\" content=\"article\" \/>\n<meta property=\"og:title\" content=\"Qualit\u00e4tskontrolle - Kampot Pfeffer\" \/>\n<meta property=\"og:description\" content=\"Die verk\u00fcmmerten K\u00f6rner, die nie zur Reife gekommen sind, werden in sorgf\u00e4ltiger Handarbeit aussortiert und als minderwertige Qualit\u00e4t verkauft.\" \/>\n<meta property=\"og:url\" content=\"https:\/\/www.raffinessen.ch\/fr\/der-pfeffer\/qualitaetskontrolle\/\" \/>\n<meta property=\"og:site_name\" content=\"Raffinessen\" \/>\n<meta property=\"article:modified_time\" content=\"2016-04-13T18:25:38+00:00\" \/>\n<meta name=\"twitter:card\" content=\"summary_large_image\" \/>\n<meta name=\"twitter:label1\" content=\"Dur\u00e9e de lecture estim\u00e9e\" \/>\n\t<meta name=\"twitter:data1\" content=\"2 minutes\" \/>\n<script type=\"application\/ld+json\" class=\"yoast-schema-graph\">{\"@context\":\"https:\\\/\\\/schema.org\",\"@graph\":[{\"@type\":\"WebPage\",\"@id\":\"https:\\\/\\\/www.raffinessen.ch\\\/der-pfeffer\\\/qualitaetskontrolle\\\/\",\"url\":\"https:\\\/\\\/www.raffinessen.ch\\\/der-pfeffer\\\/qualitaetskontrolle\\\/\",\"name\":\"Qualit\u00e4tskontrolle - Kampot Pfeffer\",\"isPartOf\":{\"@id\":\"https:\\\/\\\/www.raffinessen.ch\\\/#website\"},\"datePublished\":\"2016-03-02T12:51:16+00:00\",\"dateModified\":\"2016-04-13T18:25:38+00:00\",\"description\":\"Die verk\u00fcmmerten K\u00f6rner, die nie zur Reife gekommen sind, werden in sorgf\u00e4ltiger Handarbeit aussortiert und als minderwertige Qualit\u00e4t verkauft.\",\"breadcrumb\":{\"@id\":\"https:\\\/\\\/www.raffinessen.ch\\\/der-pfeffer\\\/qualitaetskontrolle\\\/#breadcrumb\"},\"inLanguage\":\"fr-FR\",\"potentialAction\":[{\"@type\":\"ReadAction\",\"target\":[\"https:\\\/\\\/www.raffinessen.ch\\\/der-pfeffer\\\/qualitaetskontrolle\\\/\"]}]},{\"@type\":\"BreadcrumbList\",\"@id\":\"https:\\\/\\\/www.raffinessen.ch\\\/der-pfeffer\\\/qualitaetskontrolle\\\/#breadcrumb\",\"itemListElement\":[{\"@type\":\"ListItem\",\"position\":1,\"name\":\"Home\",\"item\":\"https:\\\/\\\/www.raffinessen.ch\\\/\"},{\"@type\":\"ListItem\",\"position\":2,\"name\":\"Der Pfeffer\",\"item\":\"https:\\\/\\\/www.raffinessen.ch\\\/der-pfeffer\\\/\"},{\"@type\":\"ListItem\",\"position\":3,\"name\":\"Qualit\u00e4tskontrolle\"}]},{\"@type\":\"WebSite\",\"@id\":\"https:\\\/\\\/www.raffinessen.ch\\\/#website\",\"url\":\"https:\\\/\\\/www.raffinessen.ch\\\/\",\"name\":\"Raffinessen\",\"description\":\"roter und schwarzer Kampot Pfeffer - Gew\u00fcrze\",\"potentialAction\":[{\"@type\":\"SearchAction\",\"target\":{\"@type\":\"EntryPoint\",\"urlTemplate\":\"https:\\\/\\\/www.raffinessen.ch\\\/?s={search_term_string}\"},\"query-input\":{\"@type\":\"PropertyValueSpecification\",\"valueRequired\":true,\"valueName\":\"search_term_string\"}}],\"inLanguage\":\"fr-FR\"}]}<\/script>\n<!-- \/ Yoast SEO plugin. -->","yoast_head_json":{"title":"Qualit\u00e4tskontrolle - Kampot Pfeffer","description":"Die verk\u00fcmmerten K\u00f6rner, die nie zur Reife gekommen sind, werden in sorgf\u00e4ltiger Handarbeit aussortiert und als minderwertige Qualit\u00e4t verkauft.","robots":{"index":"index","follow":"follow","max-snippet":"max-snippet:-1","max-image-preview":"max-image-preview:large","max-video-preview":"max-video-preview:-1"},"canonical":"https:\/\/www.raffinessen.ch\/fr\/der-pfeffer\/qualitaetskontrolle\/","og_locale":"fr_FR","og_type":"article","og_title":"Qualit\u00e4tskontrolle - Kampot Pfeffer","og_description":"Die verk\u00fcmmerten K\u00f6rner, die nie zur Reife gekommen sind, werden in sorgf\u00e4ltiger Handarbeit aussortiert und als minderwertige Qualit\u00e4t verkauft.","og_url":"https:\/\/www.raffinessen.ch\/fr\/der-pfeffer\/qualitaetskontrolle\/","og_site_name":"Raffinessen","article_modified_time":"2016-04-13T18:25:38+00:00","twitter_card":"summary_large_image","twitter_misc":{"Dur\u00e9e de lecture estim\u00e9e":"2 minutes"},"schema":{"@context":"https:\/\/schema.org","@graph":[{"@type":"WebPage","@id":"https:\/\/www.raffinessen.ch\/der-pfeffer\/qualitaetskontrolle\/","url":"https:\/\/www.raffinessen.ch\/der-pfeffer\/qualitaetskontrolle\/","name":"Qualit\u00e4tskontrolle - Kampot Pfeffer","isPartOf":{"@id":"https:\/\/www.raffinessen.ch\/#website"},"datePublished":"2016-03-02T12:51:16+00:00","dateModified":"2016-04-13T18:25:38+00:00","description":"Die verk\u00fcmmerten K\u00f6rner, die nie zur Reife gekommen sind, werden in sorgf\u00e4ltiger Handarbeit aussortiert und als minderwertige Qualit\u00e4t verkauft.","breadcrumb":{"@id":"https:\/\/www.raffinessen.ch\/der-pfeffer\/qualitaetskontrolle\/#breadcrumb"},"inLanguage":"fr-FR","potentialAction":[{"@type":"ReadAction","target":["https:\/\/www.raffinessen.ch\/der-pfeffer\/qualitaetskontrolle\/"]}]},{"@type":"BreadcrumbList","@id":"https:\/\/www.raffinessen.ch\/der-pfeffer\/qualitaetskontrolle\/#breadcrumb","itemListElement":[{"@type":"ListItem","position":1,"name":"Home","item":"https:\/\/www.raffinessen.ch\/"},{"@type":"ListItem","position":2,"name":"Der Pfeffer","item":"https:\/\/www.raffinessen.ch\/der-pfeffer\/"},{"@type":"ListItem","position":3,"name":"Qualit\u00e4tskontrolle"}]},{"@type":"WebSite","@id":"https:\/\/www.raffinessen.ch\/#website","url":"https:\/\/www.raffinessen.ch\/","name":"Raffinements","description":"poivre de Kampot rouge et noir - \u00e9pices","potentialAction":[{"@type":"SearchAction","target":{"@type":"EntryPoint","urlTemplate":"https:\/\/www.raffinessen.ch\/?s={search_term_string}"},"query-input":{"@type":"PropertyValueSpecification","valueRequired":true,"valueName":"search_term_string"}}],"inLanguage":"fr-FR"}]}},"_links":{"self":[{"href":"https:\/\/www.raffinessen.ch\/fr\/wp-json\/wp\/v2\/pages\/595","targetHints":{"allow":["GET"]}}],"collection":[{"href":"https:\/\/www.raffinessen.ch\/fr\/wp-json\/wp\/v2\/pages"}],"about":[{"href":"https:\/\/www.raffinessen.ch\/fr\/wp-json\/wp\/v2\/types\/page"}],"author":[{"embeddable":true,"href":"https:\/\/www.raffinessen.ch\/fr\/wp-json\/wp\/v2\/users\/1"}],"replies":[{"embeddable":true,"href":"https:\/\/www.raffinessen.ch\/fr\/wp-json\/wp\/v2\/comments?post=595"}],"version-history":[{"count":0,"href":"https:\/\/www.raffinessen.ch\/fr\/wp-json\/wp\/v2\/pages\/595\/revisions"}],"up":[{"embeddable":true,"href":"https:\/\/www.raffinessen.ch\/fr\/wp-json\/wp\/v2\/pages\/261"}],"wp:attachment":[{"href":"https:\/\/www.raffinessen.ch\/fr\/wp-json\/wp\/v2\/media?parent=595"}],"curies":[{"name":"wp","href":"https:\/\/api.w.org\/{rel}","templated":true}]}}