{"id":589,"date":"2016-03-02T13:48:59","date_gmt":"2016-03-02T12:48:59","guid":{"rendered":"https:\/\/raffinessen.ch\/webseite\/?page_id=589"},"modified":"2016-04-13T20:19:42","modified_gmt":"2016-04-13T18:19:42","slug":"frisch-gemahlen-schmeckt-der-pfeffer-besten","status":"publish","type":"page","link":"https:\/\/www.raffinessen.ch\/fr\/der-pfeffer\/frisch-gemahlen-schmeckt-der-pfeffer-besten\/","title":{"rendered":"C'est fra\u00eechement moulu que le poivre est le plus savoureux"},"content":{"rendered":"<style type=\"text\/css\" data-created_by=\"avia_inline_auto\" id=\"style-css-av-av_section-55398d82ac304cefab4e46b3edeeacdd\">\n.avia-section.av-av_section-55398d82ac304cefab4e46b3edeeacdd .av-parallax .av-parallax-inner{\nbackground-repeat:no-repeat;\nbackground-image:url(https:\/\/www.raffinessen.ch\/webseite\/wp-content\/uploads\/2016\/02\/pfeffer-bluete-3000.jpg);\nbackground-position:0% 50%;\nbackground-attachment:scroll;\n}\n<\/style>\n<div id='av_section_1'  class='avia-section av-av_section-55398d82ac304cefab4e46b3edeeacdd main_color avia-section-default avia-no-shadow  avia-builder-el-0  el_before_av_one_full  avia-builder-el-first  avia-full-stretch av-parallax-section avia-bg-style-parallax av-minimum-height av-minimum-height-custom av-height-custom  container_wrap sidebar_right'  data-section-bg-repeat='stretch' data-av_minimum_height_px='250'><div class='av-parallax' data-avia-parallax-ratio='0.3' ><div class='av-parallax-inner main_color avia-full-stretch'><\/div><\/div><div class='container av-section-cont-open' style='height:250px'><main  role=\"main\" itemprop=\"mainContentOfPage\"  class='template-page content  av-content-small alpha units'><div class='post-entry post-entry-type-page post-entry-589'><div class='entry-content-wrapper clearfix'>\n\n<style type=\"text\/css\" data-created_by=\"avia_inline_auto\" id=\"style-css-av-av_one_fourth-9497bbf8bff73ea4c6992cc17fa9ec36\">\n.flex_column.av-av_one_fourth-9497bbf8bff73ea4c6992cc17fa9ec36{\nborder-radius:0px 0px 0px 0px;\npadding:0px 0px 0px 0px;\n}\n<\/style>\n<div  class='flex_column av-av_one_fourth-9497bbf8bff73ea4c6992cc17fa9ec36 av_one_fourth  avia-builder-el-1  el_before_av_one_fourth  avia-builder-el-first  first flex_column_div av-zero-column-padding'     ><\/div>\n<style type=\"text\/css\" data-created_by=\"avia_inline_auto\" id=\"style-css-av-av_one_fourth-9c1d454dc06f7247226bc4e8f931daae\">\n.flex_column.av-av_one_fourth-9c1d454dc06f7247226bc4e8f931daae{\nborder-radius:0px 0px 0px 0px;\npadding:0px 0px 0px 0px;\n}\n<\/style>\n<div  class='flex_column av-av_one_fourth-9c1d454dc06f7247226bc4e8f931daae av_one_fourth  avia-builder-el-2  el_after_av_one_fourth  el_before_av_one_fourth  flex_column_div av-zero-column-padding'     ><\/div>\n<style type=\"text\/css\" data-created_by=\"avia_inline_auto\" id=\"style-css-av-av_one_fourth-7367f18380f6181177ef94a51e322b27\">\n.flex_column.av-av_one_fourth-7367f18380f6181177ef94a51e322b27{\nborder-radius:0px 0px 0px 0px;\npadding:0px 0px 0px 0px;\n}\n<\/style>\n<div  class='flex_column av-av_one_fourth-7367f18380f6181177ef94a51e322b27 av_one_fourth  avia-builder-el-3  el_after_av_one_fourth  el_before_av_one_fourth  flex_column_div av-zero-column-padding'     ><\/div>\n<style type=\"text\/css\" data-created_by=\"avia_inline_auto\" id=\"style-css-av-av_one_fourth-7b04668b4dc86f47e32fc0fa09784324\">\n.flex_column.av-av_one_fourth-7b04668b4dc86f47e32fc0fa09784324{\nborder-radius:0px 0px 0px 0px;\npadding:0px 0px 0px 0px;\n}\n<\/style>\n<div  class='flex_column av-av_one_fourth-7b04668b4dc86f47e32fc0fa09784324 av_one_fourth  avia-builder-el-4  el_after_av_one_fourth  avia-builder-el-last  flex_column_div av-animated-generic fade-in av-zero-column-padding'     ><style type=\"text\/css\" data-created_by=\"avia_inline_auto\" id=\"style-css-av-av_heading-dd3252f44f2a5e84a3d9bca8ce54c903\">\n#top .av-special-heading.av-av_heading-dd3252f44f2a5e84a3d9bca8ce54c903{\npadding-bottom:10px;\ncolor:#ffffff;\nfont-size:30px;\n}\nbody .av-special-heading.av-av_heading-dd3252f44f2a5e84a3d9bca8ce54c903 .av-special-heading-tag .heading-char{\nfont-size:25px;\n}\n#top #wrap_all .av-special-heading.av-av_heading-dd3252f44f2a5e84a3d9bca8ce54c903 .av-special-heading-tag{\nfont-size:30px;\n}\n.av-special-heading.av-av_heading-dd3252f44f2a5e84a3d9bca8ce54c903 .special-heading-inner-border{\nborder-color:#ffffff;\n}\n.av-special-heading.av-av_heading-dd3252f44f2a5e84a3d9bca8ce54c903 .av-subheading{\nfont-size:15px;\n}\n\n@media only screen and (min-width: 480px) and (max-width: 767px){ \n#top #wrap_all .av-special-heading.av-av_heading-dd3252f44f2a5e84a3d9bca8ce54c903 .av-special-heading-tag{\nfont-size:0.8em;\n}\n}\n\n@media only screen and (max-width: 479px){ \n#top #wrap_all .av-special-heading.av-av_heading-dd3252f44f2a5e84a3d9bca8ce54c903 .av-special-heading-tag{\nfont-size:0.8em;\n}\n}\n<\/style>\n<div  class='av-special-heading av-av_heading-dd3252f44f2a5e84a3d9bca8ce54c903 av-special-heading-h3 custom-color-heading blockquote modern-quote  avia-builder-el-5  avia-builder-el-no-sibling  av-inherit-size'><h3 class='av-special-heading-tag'  itemprop=\"headline\"  >Le poivre<\/h3><div class=\"special-heading-border\"><div class=\"special-heading-inner-border\"><\/div><\/div><\/div><\/div>\n<\/div><\/div><\/main><!-- close content main element --><\/div><\/div><div id='after_section_1'  class='main_color av_default_container_wrap container_wrap sidebar_right'  ><div class='container av-section-cont-open' ><div class='template-page content  av-content-small alpha units'><div class='post-entry post-entry-type-page post-entry-589'><div class='entry-content-wrapper clearfix'>\n\n<style type=\"text\/css\" data-created_by=\"avia_inline_auto\" id=\"style-css-av-av_one_full-9497bbf8bff73ea4c6992cc17fa9ec36\">\n.flex_column.av-av_one_full-9497bbf8bff73ea4c6992cc17fa9ec36{\nborder-radius:0px 0px 0px 0px;\npadding:0px 0px 0px 0px;\n}\n<\/style>\n<div  class='flex_column av-av_one_full-9497bbf8bff73ea4c6992cc17fa9ec36 av_one_full  avia-builder-el-6  el_after_av_section  avia-builder-el-no-sibling  first flex_column_div av-zero-column-padding'     ><p>\n<style type=\"text\/css\" data-created_by=\"avia_inline_auto\" id=\"style-css-av-av_heading-799227555f4d8e0124f7164d4e59dba6\">\n#top .av-special-heading.av-av_heading-799227555f4d8e0124f7164d4e59dba6{\npadding-bottom:10px;\n}\nbody .av-special-heading.av-av_heading-799227555f4d8e0124f7164d4e59dba6 .av-special-heading-tag .heading-char{\nfont-size:25px;\n}\n.av-special-heading.av-av_heading-799227555f4d8e0124f7164d4e59dba6 .av-subheading{\nfont-size:15px;\n}\n<\/style>\n<div  class='av-special-heading av-av_heading-799227555f4d8e0124f7164d4e59dba6 av-special-heading-h1 blockquote modern-quote  avia-builder-el-7  el_before_av_textblock  avia-builder-el-first'><h1 class='av-special-heading-tag'  itemprop=\"headline\"  >C'est fra\u00eechement moulu que le poivre est le plus savoureux<\/h1><div class=\"special-heading-border\"><div class=\"special-heading-inner-border\"><\/div><\/div><\/div><br \/>\n<section  class='av_textblock_section av-av_textblock-0366cc7376be6c9e82a3e9cc8987b64f'   itemscope=\"itemscope\" itemtype=\"https:\/\/schema.org\/CreativeWork\" ><div class='avia_textblock'  itemprop=\"text\" ><p>Peu d'\u00e9pices pr\u00e9sentent une d\u00e9gradation des nuances de go\u00fbt aussi radicale que le poivre apr\u00e8s la mouture. Les huiles essentielles se volatilisent et la perte d'ar\u00f4me qui se produit rapidement repr\u00e9sente un s\u00e9rieux d\u00e9faut de qualit\u00e9 et doit \u00eatre \u00e9vit\u00e9e. C'est pourquoi nous recommandons vivement l'utilisation d'un moulin \u00e0 poivre de qualit\u00e9 sup\u00e9rieure avec un m\u00e9canisme de broyage en c\u00e9ramique. La c\u00e9ramique est plus dure que l'acier, ne rouille pas et n'a pas de go\u00fbt. Seul le poivre fra\u00eechement moulu peut envo\u00fbter vos papilles gustatives avec sa diversit\u00e9 d'ar\u00f4mes exotiques et son agr\u00e9able piquant.<\/p>\n<p>Pour cette raison, nous vous recommandons le moulin \u00e0 poivre avec l'original <a href=\"http:\/\/www.keramikmahlwerk.ch\/\">Moulin en c\u00e9ramique<\/a> CrushGrind\u00ae avec 25 ans de garantie de notre offre. Les moulins \u00e0 \u00e9pices sont fabriqu\u00e9s en Suisse \u00e0 partir de bois r\u00e9gionaux.<\/p>\n<\/div><\/section><br \/>\n\n<style type=\"text\/css\" data-created_by=\"avia_inline_auto\" id=\"style-css-av-av_image-2f64f5087e9405f061405a3b1e4813d9\">\n.avia-image-container.av-av_image-2f64f5087e9405f061405a3b1e4813d9 img.avia_image{\nbox-shadow:none;\n}\n.avia-image-container.av-av_image-2f64f5087e9405f061405a3b1e4813d9 .av-image-caption-overlay-center{\ncolor:#ffffff;\n}\n<\/style>\n<div  class='avia-image-container av-av_image-2f64f5087e9405f061405a3b1e4813d9 av-styling- avia-align-center  avia-builder-el-9  el_after_av_textblock  avia-builder-el-last'   itemprop=\"image\" itemscope=\"itemscope\" itemtype=\"https:\/\/schema.org\/ImageObject\" ><div class=\"avia-image-container-inner\"><div class=\"avia-image-overlay-wrap\"><img decoding=\"async\" fetchpriority=\"high\" class='wp-image-1056 avia-img-lazy-loading-not-1056 avia_image' src=\"https:\/\/www.raffinessen.ch\/webseite\/wp-content\/uploads\/2016\/03\/muehle-liegend-1-1030x728.jpg\" alt='' title='moulin-couch\u00e9'  height=\"728\" width=\"1030\"  itemprop=\"thumbnailUrl\" srcset=\"https:\/\/www.raffinessen.ch\/webseite\/wp-content\/uploads\/2016\/03\/muehle-liegend-1-1030x728.jpg 1030w, https:\/\/www.raffinessen.ch\/webseite\/wp-content\/uploads\/2016\/03\/muehle-liegend-1-1000x707.jpg 1000w, https:\/\/www.raffinessen.ch\/webseite\/wp-content\/uploads\/2016\/03\/muehle-liegend-1-300x212.jpg 300w, https:\/\/www.raffinessen.ch\/webseite\/wp-content\/uploads\/2016\/03\/muehle-liegend-1-768x543.jpg 768w, https:\/\/www.raffinessen.ch\/webseite\/wp-content\/uploads\/2016\/03\/muehle-liegend-1-1500x1060.jpg 1500w, https:\/\/www.raffinessen.ch\/webseite\/wp-content\/uploads\/2016\/03\/muehle-liegend-1-260x185.jpg 260w, https:\/\/www.raffinessen.ch\/webseite\/wp-content\/uploads\/2016\/03\/muehle-liegend-1-705x498.jpg 705w, https:\/\/www.raffinessen.ch\/webseite\/wp-content\/uploads\/2016\/03\/muehle-liegend-1.jpg 2000w\" sizes=\"(max-width: 1030px) 100vw, 1030px\" \/><\/div><\/div><\/div><\/p><\/div>","protected":false},"excerpt":{"rendered":"","protected":false},"author":1,"featured_media":0,"parent":261,"menu_order":2,"comment_status":"closed","ping_status":"closed","template":"","meta":{"footnotes":""},"class_list":["post-589","page","type-page","status-publish","hentry"],"yoast_head":"<!-- This site is optimized with the Yoast SEO plugin v27.5 - https:\/\/yoast.com\/product\/yoast-seo-wordpress\/ -->\n<title>Frisch gemahlen schmeckt der Pfeffer am besten - Kampot Pfeffer<\/title>\n<meta name=\"description\" content=\"Kaum ein anderes Gew\u00fcrz zeigt nach dem Mahlen einen so drastischen Verfall der Geschmacksnuancen wie Pfeffer. Die \u00e4therischen \u00d6le verfl\u00fcchtigen sich.\" \/>\n<meta name=\"robots\" content=\"index, follow, max-snippet:-1, max-image-preview:large, max-video-preview:-1\" \/>\n<link rel=\"canonical\" href=\"https:\/\/www.raffinessen.ch\/fr\/der-pfeffer\/frisch-gemahlen-schmeckt-der-pfeffer-besten\/\" \/>\n<meta property=\"og:locale\" content=\"fr_FR\" \/>\n<meta property=\"og:type\" content=\"article\" \/>\n<meta property=\"og:title\" content=\"Frisch gemahlen schmeckt der Pfeffer am besten - Kampot Pfeffer\" \/>\n<meta property=\"og:description\" content=\"Kaum ein anderes Gew\u00fcrz zeigt nach dem Mahlen einen so drastischen Verfall der Geschmacksnuancen wie Pfeffer. Die \u00e4therischen \u00d6le verfl\u00fcchtigen sich.\" \/>\n<meta property=\"og:url\" content=\"https:\/\/www.raffinessen.ch\/fr\/der-pfeffer\/frisch-gemahlen-schmeckt-der-pfeffer-besten\/\" \/>\n<meta property=\"og:site_name\" content=\"Raffinessen\" \/>\n<meta property=\"article:modified_time\" content=\"2016-04-13T18:19:42+00:00\" \/>\n<meta name=\"twitter:card\" content=\"summary_large_image\" \/>\n<meta name=\"twitter:label1\" content=\"Dur\u00e9e de lecture estim\u00e9e\" \/>\n\t<meta name=\"twitter:data1\" content=\"3 minutes\" \/>\n<script type=\"application\/ld+json\" class=\"yoast-schema-graph\">{\"@context\":\"https:\\\/\\\/schema.org\",\"@graph\":[{\"@type\":\"WebPage\",\"@id\":\"https:\\\/\\\/www.raffinessen.ch\\\/der-pfeffer\\\/frisch-gemahlen-schmeckt-der-pfeffer-besten\\\/\",\"url\":\"https:\\\/\\\/www.raffinessen.ch\\\/der-pfeffer\\\/frisch-gemahlen-schmeckt-der-pfeffer-besten\\\/\",\"name\":\"Frisch gemahlen schmeckt der Pfeffer am besten - Kampot Pfeffer\",\"isPartOf\":{\"@id\":\"https:\\\/\\\/www.raffinessen.ch\\\/#website\"},\"datePublished\":\"2016-03-02T12:48:59+00:00\",\"dateModified\":\"2016-04-13T18:19:42+00:00\",\"description\":\"Kaum ein anderes Gew\u00fcrz zeigt nach dem Mahlen einen so drastischen Verfall der Geschmacksnuancen wie Pfeffer. Die \u00e4therischen \u00d6le verfl\u00fcchtigen sich.\",\"breadcrumb\":{\"@id\":\"https:\\\/\\\/www.raffinessen.ch\\\/der-pfeffer\\\/frisch-gemahlen-schmeckt-der-pfeffer-besten\\\/#breadcrumb\"},\"inLanguage\":\"fr-FR\",\"potentialAction\":[{\"@type\":\"ReadAction\",\"target\":[\"https:\\\/\\\/www.raffinessen.ch\\\/der-pfeffer\\\/frisch-gemahlen-schmeckt-der-pfeffer-besten\\\/\"]}]},{\"@type\":\"BreadcrumbList\",\"@id\":\"https:\\\/\\\/www.raffinessen.ch\\\/der-pfeffer\\\/frisch-gemahlen-schmeckt-der-pfeffer-besten\\\/#breadcrumb\",\"itemListElement\":[{\"@type\":\"ListItem\",\"position\":1,\"name\":\"Home\",\"item\":\"https:\\\/\\\/www.raffinessen.ch\\\/\"},{\"@type\":\"ListItem\",\"position\":2,\"name\":\"Der Pfeffer\",\"item\":\"https:\\\/\\\/www.raffinessen.ch\\\/der-pfeffer\\\/\"},{\"@type\":\"ListItem\",\"position\":3,\"name\":\"Frisch gemahlen schmeckt der Pfeffer am besten\"}]},{\"@type\":\"WebSite\",\"@id\":\"https:\\\/\\\/www.raffinessen.ch\\\/#website\",\"url\":\"https:\\\/\\\/www.raffinessen.ch\\\/\",\"name\":\"Raffinessen\",\"description\":\"roter und schwarzer Kampot Pfeffer - Gew\u00fcrze\",\"potentialAction\":[{\"@type\":\"SearchAction\",\"target\":{\"@type\":\"EntryPoint\",\"urlTemplate\":\"https:\\\/\\\/www.raffinessen.ch\\\/?s={search_term_string}\"},\"query-input\":{\"@type\":\"PropertyValueSpecification\",\"valueRequired\":true,\"valueName\":\"search_term_string\"}}],\"inLanguage\":\"fr-FR\"}]}<\/script>\n<!-- \/ Yoast SEO plugin. -->","yoast_head_json":{"title":"Frisch gemahlen schmeckt der Pfeffer am besten - Kampot Pfeffer","description":"Kaum ein anderes Gew\u00fcrz zeigt nach dem Mahlen einen so drastischen Verfall der Geschmacksnuancen wie Pfeffer. Die \u00e4therischen \u00d6le verfl\u00fcchtigen sich.","robots":{"index":"index","follow":"follow","max-snippet":"max-snippet:-1","max-image-preview":"max-image-preview:large","max-video-preview":"max-video-preview:-1"},"canonical":"https:\/\/www.raffinessen.ch\/fr\/der-pfeffer\/frisch-gemahlen-schmeckt-der-pfeffer-besten\/","og_locale":"fr_FR","og_type":"article","og_title":"Frisch gemahlen schmeckt der Pfeffer am besten - Kampot Pfeffer","og_description":"Kaum ein anderes Gew\u00fcrz zeigt nach dem Mahlen einen so drastischen Verfall der Geschmacksnuancen wie Pfeffer. Die \u00e4therischen \u00d6le verfl\u00fcchtigen sich.","og_url":"https:\/\/www.raffinessen.ch\/fr\/der-pfeffer\/frisch-gemahlen-schmeckt-der-pfeffer-besten\/","og_site_name":"Raffinessen","article_modified_time":"2016-04-13T18:19:42+00:00","twitter_card":"summary_large_image","twitter_misc":{"Dur\u00e9e de lecture estim\u00e9e":"3 minutes"},"schema":{"@context":"https:\/\/schema.org","@graph":[{"@type":"WebPage","@id":"https:\/\/www.raffinessen.ch\/der-pfeffer\/frisch-gemahlen-schmeckt-der-pfeffer-besten\/","url":"https:\/\/www.raffinessen.ch\/der-pfeffer\/frisch-gemahlen-schmeckt-der-pfeffer-besten\/","name":"Frisch gemahlen schmeckt der Pfeffer am besten - Kampot Pfeffer","isPartOf":{"@id":"https:\/\/www.raffinessen.ch\/#website"},"datePublished":"2016-03-02T12:48:59+00:00","dateModified":"2016-04-13T18:19:42+00:00","description":"Kaum ein anderes Gew\u00fcrz zeigt nach dem Mahlen einen so drastischen Verfall der Geschmacksnuancen wie Pfeffer. Die \u00e4therischen \u00d6le verfl\u00fcchtigen sich.","breadcrumb":{"@id":"https:\/\/www.raffinessen.ch\/der-pfeffer\/frisch-gemahlen-schmeckt-der-pfeffer-besten\/#breadcrumb"},"inLanguage":"fr-FR","potentialAction":[{"@type":"ReadAction","target":["https:\/\/www.raffinessen.ch\/der-pfeffer\/frisch-gemahlen-schmeckt-der-pfeffer-besten\/"]}]},{"@type":"BreadcrumbList","@id":"https:\/\/www.raffinessen.ch\/der-pfeffer\/frisch-gemahlen-schmeckt-der-pfeffer-besten\/#breadcrumb","itemListElement":[{"@type":"ListItem","position":1,"name":"Home","item":"https:\/\/www.raffinessen.ch\/"},{"@type":"ListItem","position":2,"name":"Der Pfeffer","item":"https:\/\/www.raffinessen.ch\/der-pfeffer\/"},{"@type":"ListItem","position":3,"name":"Frisch gemahlen schmeckt der Pfeffer am besten"}]},{"@type":"WebSite","@id":"https:\/\/www.raffinessen.ch\/#website","url":"https:\/\/www.raffinessen.ch\/","name":"Raffinements","description":"poivre de Kampot rouge et noir - \u00e9pices","potentialAction":[{"@type":"SearchAction","target":{"@type":"EntryPoint","urlTemplate":"https:\/\/www.raffinessen.ch\/?s={search_term_string}"},"query-input":{"@type":"PropertyValueSpecification","valueRequired":true,"valueName":"search_term_string"}}],"inLanguage":"fr-FR"}]}},"_links":{"self":[{"href":"https:\/\/www.raffinessen.ch\/fr\/wp-json\/wp\/v2\/pages\/589","targetHints":{"allow":["GET"]}}],"collection":[{"href":"https:\/\/www.raffinessen.ch\/fr\/wp-json\/wp\/v2\/pages"}],"about":[{"href":"https:\/\/www.raffinessen.ch\/fr\/wp-json\/wp\/v2\/types\/page"}],"author":[{"embeddable":true,"href":"https:\/\/www.raffinessen.ch\/fr\/wp-json\/wp\/v2\/users\/1"}],"replies":[{"embeddable":true,"href":"https:\/\/www.raffinessen.ch\/fr\/wp-json\/wp\/v2\/comments?post=589"}],"version-history":[{"count":0,"href":"https:\/\/www.raffinessen.ch\/fr\/wp-json\/wp\/v2\/pages\/589\/revisions"}],"up":[{"embeddable":true,"href":"https:\/\/www.raffinessen.ch\/fr\/wp-json\/wp\/v2\/pages\/261"}],"wp:attachment":[{"href":"https:\/\/www.raffinessen.ch\/fr\/wp-json\/wp\/v2\/media?parent=589"}],"curies":[{"name":"wp","href":"https:\/\/api.w.org\/{rel}","templated":true}]}}